{"id":1230,"date":"2023-03-21T10:19:44","date_gmt":"2023-03-21T09:19:44","guid":{"rendered":"https:\/\/phumaszyny.pl\/?post_type=product&#038;p=1230"},"modified":"2023-04-11T14:33:19","modified_gmt":"2023-04-11T12:33:19","slug":"dlutownica-stankoimport-7d450","status":"publish","type":"product","link":"https:\/\/phumaszyny.pl\/pl\/produkt\/dlutownica-stankoimport-7d450\/","title":{"rendered":"D\u0142utownica STANKOIMPORT 7D450"},"content":{"rendered":"<h2 style=\"text-align: center;\">Nic nie szkodzi, \u017ce pa\u0144stwo nie znale\u017ali tutaj potrzebnej obrabiarki. Prosz\u0119 z\u0142o\u017cy\u0107\u00a0<a href=\"https:\/\/phumaszyny.pl\/pl\/kontakt\/\">zam\u00f3wienie,\u00a0<\/a>my zajmiemy si\u0119 reszt\u0105, pozyskamy dla pa\u0144stwa maszyn\u0119, kt\u00f3rej pa\u0144stwo szukaj\u0105.<\/h2>","protected":false},"excerpt":{"rendered":"<p>Nic nie szkodzi, \u017ce pa\u0144stwo nie znale\u017ali tutaj potrzebnej obrabiarki. Prosz\u0119 z\u0142o\u017cy\u0107\u00a0zam\u00f3wienie,\u00a0my zajmiemy si\u0119 reszt\u0105, pozyskamy dla pa\u0144stwa maszyn\u0119, kt\u00f3rej pa\u0144stwo szukaj\u0105.<\/p>","protected":false},"featured_media":1235,"comment_status":"open","ping_status":"closed","template":"","meta":{"_acf_changed":false},"product_brand":[],"product_cat":[34],"product_tag":[],"class_list":{"0":"post-1230","1":"product","2":"type-product","3":"status-publish","4":"has-post-thumbnail","6":"product_cat-dlutownice","8":"first","9":"instock","10":"taxable","11":"shipping-taxable","12":"product-type-simple"},"acf":[],"yoast_head":"<!-- This site is optimized with the Yoast SEO plugin v27.3 - https:\/\/yoast.com\/product\/yoast-seo-wordpress\/ -->\n<title>D\u0142utownica STANKOIMPORT 7D450 - PHU Maszyny<\/title>\n<meta name=\"robots\" content=\"index, follow\" \/>\n<link rel=\"canonical\" href=\"https:\/\/phumaszyny.pl\/pl\/produkt\/dlutownica-stankoimport-7d450\/\" \/>\n<meta property=\"og:locale\" content=\"pl_PL\" \/>\n<meta property=\"og:type\" content=\"article\" \/>\n<meta property=\"og:title\" content=\"D\u0142utownica STANKOIMPORT 7D450 - PHU Maszyny\" \/>\n<meta property=\"og:description\" content=\"Nic nie szkodzi, \u017ce pa\u0144stwo nie znale\u017ali tutaj potrzebnej obrabiarki. Prosz\u0119 z\u0142o\u017cy\u0107\u00a0zam\u00f3wienie,\u00a0my zajmiemy si\u0119 reszt\u0105, pozyskamy dla pa\u0144stwa maszyn\u0119, kt\u00f3rej pa\u0144stwo szukaj\u0105.\" \/>\n<meta property=\"og:url\" content=\"https:\/\/phumaszyny.pl\/pl\/produkt\/dlutownica-stankoimport-7d450\/\" \/>\n<meta property=\"og:site_name\" content=\"PHU Maszyny\" \/>\n<meta property=\"article:modified_time\" content=\"2023-04-11T12:33:19+00:00\" \/>\n<meta property=\"og:image\" content=\"https:\/\/phumaszyny.pl\/wp-content\/uploads\/2023\/03\/IMG_20230321_095208-scaled.jpg\" \/>\n\t<meta property=\"og:image:width\" content=\"1728\" \/>\n\t<meta property=\"og:image:height\" content=\"2560\" \/>\n\t<meta property=\"og:image:type\" content=\"image\/jpeg\" \/>\n<meta name=\"twitter:card\" content=\"summary_large_image\" \/>\n<script type=\"application\/ld+json\" class=\"yoast-schema-graph\">{\"@context\":\"https:\\\/\\\/schema.org\",\"@graph\":[{\"@type\":\"WebPage\",\"@id\":\"https:\\\/\\\/phumaszyny.pl\\\/produkt\\\/dlutownica-stankoimport-7d450\\\/\",\"url\":\"https:\\\/\\\/phumaszyny.pl\\\/produkt\\\/dlutownica-stankoimport-7d450\\\/\",\"name\":\"D\u0142utownica STANKOIMPORT 7D450 - PHU Maszyny\",\"isPartOf\":{\"@id\":\"https:\\\/\\\/phumaszyny.pl\\\/en\\\/#website\"},\"primaryImageOfPage\":{\"@id\":\"https:\\\/\\\/phumaszyny.pl\\\/produkt\\\/dlutownica-stankoimport-7d450\\\/#primaryimage\"},\"image\":{\"@id\":\"https:\\\/\\\/phumaszyny.pl\\\/produkt\\\/dlutownica-stankoimport-7d450\\\/#primaryimage\"},\"thumbnailUrl\":\"https:\\\/\\\/phumaszyny.pl\\\/wp-content\\\/uploads\\\/2023\\\/03\\\/IMG_20230321_095208-scaled.jpg\",\"datePublished\":\"2023-03-21T09:19:44+00:00\",\"dateModified\":\"2023-04-11T12:33:19+00:00\",\"breadcrumb\":{\"@id\":\"https:\\\/\\\/phumaszyny.pl\\\/produkt\\\/dlutownica-stankoimport-7d450\\\/#breadcrumb\"},\"inLanguage\":\"pl-PL\",\"potentialAction\":[{\"@type\":\"ReadAction\",\"target\":[\"https:\\\/\\\/phumaszyny.pl\\\/produkt\\\/dlutownica-stankoimport-7d450\\\/\"]}]},{\"@type\":\"ImageObject\",\"inLanguage\":\"pl-PL\",\"@id\":\"https:\\\/\\\/phumaszyny.pl\\\/produkt\\\/dlutownica-stankoimport-7d450\\\/#primaryimage\",\"url\":\"https:\\\/\\\/phumaszyny.pl\\\/wp-content\\\/uploads\\\/2023\\\/03\\\/IMG_20230321_095208-scaled.jpg\",\"contentUrl\":\"https:\\\/\\\/phumaszyny.pl\\\/wp-content\\\/uploads\\\/2023\\\/03\\\/IMG_20230321_095208-scaled.jpg\",\"width\":1728,\"height\":2560,\"caption\":\"N4227\"},{\"@type\":\"BreadcrumbList\",\"@id\":\"https:\\\/\\\/phumaszyny.pl\\\/produkt\\\/dlutownica-stankoimport-7d450\\\/#breadcrumb\",\"itemListElement\":[{\"@type\":\"ListItem\",\"position\":1,\"name\":\"Strona g\u0142\u00f3wna\",\"item\":\"https:\\\/\\\/phumaszyny.pl\\\/\"},{\"@type\":\"ListItem\",\"position\":2,\"name\":\"Sklep\",\"item\":\"https:\\\/\\\/phumaszyny.pl\\\/?page_id=120\"},{\"@type\":\"ListItem\",\"position\":3,\"name\":\"D\u0142utownica STANKOIMPORT 7D450\"}]},{\"@type\":\"WebSite\",\"@id\":\"https:\\\/\\\/phumaszyny.pl\\\/en\\\/#website\",\"url\":\"https:\\\/\\\/phumaszyny.pl\\\/en\\\/\",\"name\":\"PHU Maszyny\",\"description\":\"\",\"publisher\":{\"@id\":\"https:\\\/\\\/phumaszyny.pl\\\/en\\\/#\\\/schema\\\/person\\\/89b417042d67c2234d44e13e641d3dde\"},\"potentialAction\":[{\"@type\":\"SearchAction\",\"target\":{\"@type\":\"EntryPoint\",\"urlTemplate\":\"https:\\\/\\\/phumaszyny.pl\\\/en\\\/?s={search_term_string}\"},\"query-input\":{\"@type\":\"PropertyValueSpecification\",\"valueRequired\":true,\"valueName\":\"search_term_string\"}}],\"inLanguage\":\"pl-PL\"},{\"@type\":[\"Person\",\"Organization\"],\"@id\":\"https:\\\/\\\/phumaszyny.pl\\\/en\\\/#\\\/schema\\\/person\\\/89b417042d67c2234d44e13e641d3dde\",\"name\":\"phumaszyny\",\"image\":{\"@type\":\"ImageObject\",\"inLanguage\":\"pl-PL\",\"@id\":\"https:\\\/\\\/phumaszyny.pl\\\/wp-content\\\/uploads\\\/elementor\\\/screenshots\\\/Elementor-post-screenshot_313_2023-03-17-11-00-27_605626bb.png\",\"url\":\"https:\\\/\\\/phumaszyny.pl\\\/wp-content\\\/uploads\\\/elementor\\\/screenshots\\\/Elementor-post-screenshot_313_2023-03-17-11-00-27_605626bb.png\",\"contentUrl\":\"https:\\\/\\\/phumaszyny.pl\\\/wp-content\\\/uploads\\\/elementor\\\/screenshots\\\/Elementor-post-screenshot_313_2023-03-17-11-00-27_605626bb.png\",\"width\":1200,\"height\":323,\"caption\":\"phumaszyny\"},\"logo\":{\"@id\":\"https:\\\/\\\/phumaszyny.pl\\\/wp-content\\\/uploads\\\/elementor\\\/screenshots\\\/Elementor-post-screenshot_313_2023-03-17-11-00-27_605626bb.png\"},\"sameAs\":[\"http:\\\/\\\/www.phumaszyny.pl\"]}]}<\/script>\n<!-- \/ Yoast SEO plugin. -->","yoast_head_json":{"title":"D\u0142utownica STANKOIMPORT 7D450 - PHU Maszyny","robots":{"index":"index","follow":"follow"},"canonical":"https:\/\/phumaszyny.pl\/pl\/produkt\/dlutownica-stankoimport-7d450\/","og_locale":"pl_PL","og_type":"article","og_title":"D\u0142utownica STANKOIMPORT 7D450 - PHU Maszyny","og_description":"Nic nie szkodzi, \u017ce pa\u0144stwo nie znale\u017ali tutaj potrzebnej obrabiarki. Prosz\u0119 z\u0142o\u017cy\u0107\u00a0zam\u00f3wienie,\u00a0my zajmiemy si\u0119 reszt\u0105, pozyskamy dla pa\u0144stwa maszyn\u0119, kt\u00f3rej pa\u0144stwo szukaj\u0105.","og_url":"https:\/\/phumaszyny.pl\/pl\/produkt\/dlutownica-stankoimport-7d450\/","og_site_name":"PHU Maszyny","article_modified_time":"2023-04-11T12:33:19+00:00","og_image":[{"width":1728,"height":2560,"url":"https:\/\/phumaszyny.pl\/wp-content\/uploads\/2023\/03\/IMG_20230321_095208-scaled.jpg","type":"image\/jpeg"}],"twitter_card":"summary_large_image","schema":{"@context":"https:\/\/schema.org","@graph":[{"@type":"WebPage","@id":"https:\/\/phumaszyny.pl\/produkt\/dlutownica-stankoimport-7d450\/","url":"https:\/\/phumaszyny.pl\/produkt\/dlutownica-stankoimport-7d450\/","name":"D\u0142utownica STANKOIMPORT 7D450 - PHU Maszyny","isPartOf":{"@id":"https:\/\/phumaszyny.pl\/en\/#website"},"primaryImageOfPage":{"@id":"https:\/\/phumaszyny.pl\/produkt\/dlutownica-stankoimport-7d450\/#primaryimage"},"image":{"@id":"https:\/\/phumaszyny.pl\/produkt\/dlutownica-stankoimport-7d450\/#primaryimage"},"thumbnailUrl":"https:\/\/phumaszyny.pl\/wp-content\/uploads\/2023\/03\/IMG_20230321_095208-scaled.jpg","datePublished":"2023-03-21T09:19:44+00:00","dateModified":"2023-04-11T12:33:19+00:00","breadcrumb":{"@id":"https:\/\/phumaszyny.pl\/produkt\/dlutownica-stankoimport-7d450\/#breadcrumb"},"inLanguage":"pl-PL","potentialAction":[{"@type":"ReadAction","target":["https:\/\/phumaszyny.pl\/produkt\/dlutownica-stankoimport-7d450\/"]}]},{"@type":"ImageObject","inLanguage":"pl-PL","@id":"https:\/\/phumaszyny.pl\/produkt\/dlutownica-stankoimport-7d450\/#primaryimage","url":"https:\/\/phumaszyny.pl\/wp-content\/uploads\/2023\/03\/IMG_20230321_095208-scaled.jpg","contentUrl":"https:\/\/phumaszyny.pl\/wp-content\/uploads\/2023\/03\/IMG_20230321_095208-scaled.jpg","width":1728,"height":2560,"caption":"N4227"},{"@type":"BreadcrumbList","@id":"https:\/\/phumaszyny.pl\/produkt\/dlutownica-stankoimport-7d450\/#breadcrumb","itemListElement":[{"@type":"ListItem","position":1,"name":"Strona g\u0142\u00f3wna","item":"https:\/\/phumaszyny.pl\/"},{"@type":"ListItem","position":2,"name":"Sklep","item":"https:\/\/phumaszyny.pl\/?page_id=120"},{"@type":"ListItem","position":3,"name":"D\u0142utownica STANKOIMPORT 7D450"}]},{"@type":"WebSite","@id":"https:\/\/phumaszyny.pl\/en\/#website","url":"https:\/\/phumaszyny.pl\/en\/","name":"PHU Maszyny","description":"","publisher":{"@id":"https:\/\/phumaszyny.pl\/en\/#\/schema\/person\/89b417042d67c2234d44e13e641d3dde"},"potentialAction":[{"@type":"SearchAction","target":{"@type":"EntryPoint","urlTemplate":"https:\/\/phumaszyny.pl\/en\/?s={search_term_string}"},"query-input":{"@type":"PropertyValueSpecification","valueRequired":true,"valueName":"search_term_string"}}],"inLanguage":"pl-PL"},{"@type":["Person","Organization"],"@id":"https:\/\/phumaszyny.pl\/en\/#\/schema\/person\/89b417042d67c2234d44e13e641d3dde","name":"phumaszyny","image":{"@type":"ImageObject","inLanguage":"pl-PL","@id":"https:\/\/phumaszyny.pl\/wp-content\/uploads\/elementor\/screenshots\/Elementor-post-screenshot_313_2023-03-17-11-00-27_605626bb.png","url":"https:\/\/phumaszyny.pl\/wp-content\/uploads\/elementor\/screenshots\/Elementor-post-screenshot_313_2023-03-17-11-00-27_605626bb.png","contentUrl":"https:\/\/phumaszyny.pl\/wp-content\/uploads\/elementor\/screenshots\/Elementor-post-screenshot_313_2023-03-17-11-00-27_605626bb.png","width":1200,"height":323,"caption":"phumaszyny"},"logo":{"@id":"https:\/\/phumaszyny.pl\/wp-content\/uploads\/elementor\/screenshots\/Elementor-post-screenshot_313_2023-03-17-11-00-27_605626bb.png"},"sameAs":["http:\/\/www.phumaszyny.pl"]}]}},"_links":{"self":[{"href":"https:\/\/phumaszyny.pl\/pl\/wp-json\/wp\/v2\/product\/1230","targetHints":{"allow":["GET"]}}],"collection":[{"href":"https:\/\/phumaszyny.pl\/pl\/wp-json\/wp\/v2\/product"}],"about":[{"href":"https:\/\/phumaszyny.pl\/pl\/wp-json\/wp\/v2\/types\/product"}],"replies":[{"embeddable":true,"href":"https:\/\/phumaszyny.pl\/pl\/wp-json\/wp\/v2\/comments?post=1230"}],"version-history":[{"count":3,"href":"https:\/\/phumaszyny.pl\/pl\/wp-json\/wp\/v2\/product\/1230\/revisions"}],"predecessor-version":[{"id":1325,"href":"https:\/\/phumaszyny.pl\/pl\/wp-json\/wp\/v2\/product\/1230\/revisions\/1325"}],"wp:featuredmedia":[{"embeddable":true,"href":"https:\/\/phumaszyny.pl\/pl\/wp-json\/wp\/v2\/media\/1235"}],"wp:attachment":[{"href":"https:\/\/phumaszyny.pl\/pl\/wp-json\/wp\/v2\/media?parent=1230"}],"wp:term":[{"taxonomy":"product_brand","embeddable":true,"href":"https:\/\/phumaszyny.pl\/pl\/wp-json\/wp\/v2\/product_brand?post=1230"},{"taxonomy":"product_cat","embeddable":true,"href":"https:\/\/phumaszyny.pl\/pl\/wp-json\/wp\/v2\/product_cat?post=1230"},{"taxonomy":"product_tag","embeddable":true,"href":"https:\/\/phumaszyny.pl\/pl\/wp-json\/wp\/v2\/product_tag?post=1230"}],"curies":[{"name":"wp","href":"https:\/\/api.w.org\/{rel}","templated":true}]}}