{"id":1286,"date":"2023-04-11T14:15:17","date_gmt":"2023-04-11T12:15:17","guid":{"rendered":"https:\/\/phumaszyny.pl\/?post_type=product&#038;p=1286"},"modified":"2024-08-22T23:02:18","modified_gmt":"2024-08-22T21:02:18","slug":"zwijarka-do-blachy-xzm-2000-8-piesok","status":"publish","type":"product","link":"https:\/\/phumaszyny.pl\/pl\/produkt\/zwijarka-do-blachy-xzm-2000-8-piesok\/","title":{"rendered":"Zwijarka do blachy XZM 2000\/8 Piesok sprzedana!!!"},"content":{"rendered":"<p>Zwijarka, walce do blachy<\/p>\n<p>Producent: PIESOK<\/p>\n<p>TYP: XZM 2000&#215;8<\/p>\n<p>Dane techniczne:<\/p>\n<p>D\u0142ugo\u015b\u0107 robocza 2000mm<\/p>\n<p>Max grubo\u015b\u0107 zwijania 8mm<\/p>\n<p>Min \u015brednica zwijania 225mm<\/p>\n<p>\u015arednica walca dociskowego: 250mm<\/p>\n<p>\u015arednica walcy nap\u0119dowych: 200mm<\/p>\n<p>Wymiary maszyny:<\/p>\n<p>3560x940x1260mm<\/p>\n<p>Waga 3300kg<\/p>\n<p>Maszyna pod\u0142\u0105czona, mo\u017cna wykona\u0107 pr\u00f3b\u0119.<\/p>","protected":false},"excerpt":{"rendered":"<p>Zwijarka do blachy STROJ\u00c1RNE PIESOK trzy walcowa.<\/p>","protected":false},"featured_media":1299,"comment_status":"open","ping_status":"closed","template":"","meta":{"_acf_changed":false},"product_brand":[],"product_cat":[35],"product_tag":[112,111,108,110,109],"class_list":{"0":"post-1286","1":"product","2":"type-product","3":"status-publish","4":"has-post-thumbnail","6":"product_cat-zwijarki-do-blachy-i-do-profilu","7":"product_tag-2000-8","8":"product_tag-piesok","9":"product_tag-walcarka","10":"product_tag-xzm","11":"product_tag-zwijarka","13":"first","14":"instock","15":"taxable","16":"shipping-taxable","17":"purchasable","18":"product-type-simple"},"acf":[],"yoast_head":"<!-- This site is optimized with the Yoast SEO plugin v27.3 - https:\/\/yoast.com\/product\/yoast-seo-wordpress\/ -->\n<title>Zwijarka do blachy XZM 2000\/8 Piesok sprzedana!!! - PHU Maszyny<\/title>\n<meta name=\"robots\" content=\"index, follow\" \/>\n<link rel=\"canonical\" href=\"https:\/\/phumaszyny.pl\/pl\/produkt\/zwijarka-do-blachy-xzm-2000-8-piesok\/\" \/>\n<meta property=\"og:locale\" content=\"pl_PL\" \/>\n<meta property=\"og:type\" content=\"article\" \/>\n<meta property=\"og:title\" content=\"Zwijarka do blachy XZM 2000\/8 Piesok sprzedana!!! - PHU Maszyny\" \/>\n<meta property=\"og:description\" content=\"Zwijarka do blachy STROJ\u00c1RNE PIESOK trzy walcowa.\" \/>\n<meta property=\"og:url\" content=\"https:\/\/phumaszyny.pl\/pl\/produkt\/zwijarka-do-blachy-xzm-2000-8-piesok\/\" \/>\n<meta property=\"og:site_name\" content=\"PHU Maszyny\" \/>\n<meta property=\"article:modified_time\" content=\"2024-08-22T21:02:18+00:00\" \/>\n<meta property=\"og:image\" content=\"https:\/\/phumaszyny.pl\/wp-content\/uploads\/2023\/04\/IMG_20230404_172852-scaled.jpg\" \/>\n\t<meta property=\"og:image:width\" content=\"2560\" \/>\n\t<meta property=\"og:image:height\" content=\"1920\" \/>\n\t<meta property=\"og:image:type\" content=\"image\/jpeg\" \/>\n<meta name=\"twitter:card\" content=\"summary_large_image\" \/>\n<script type=\"application\/ld+json\" class=\"yoast-schema-graph\">{\"@context\":\"https:\\\/\\\/schema.org\",\"@graph\":[{\"@type\":\"WebPage\",\"@id\":\"https:\\\/\\\/phumaszyny.pl\\\/produkt\\\/zwijarka-do-blachy-xzm-2000-8-piesok\\\/\",\"url\":\"https:\\\/\\\/phumaszyny.pl\\\/produkt\\\/zwijarka-do-blachy-xzm-2000-8-piesok\\\/\",\"name\":\"Zwijarka do blachy XZM 2000\\\/8 Piesok sprzedana!!! - PHU Maszyny\",\"isPartOf\":{\"@id\":\"https:\\\/\\\/phumaszyny.pl\\\/en\\\/#website\"},\"primaryImageOfPage\":{\"@id\":\"https:\\\/\\\/phumaszyny.pl\\\/produkt\\\/zwijarka-do-blachy-xzm-2000-8-piesok\\\/#primaryimage\"},\"image\":{\"@id\":\"https:\\\/\\\/phumaszyny.pl\\\/produkt\\\/zwijarka-do-blachy-xzm-2000-8-piesok\\\/#primaryimage\"},\"thumbnailUrl\":\"https:\\\/\\\/phumaszyny.pl\\\/wp-content\\\/uploads\\\/2023\\\/04\\\/IMG_20230404_172852-scaled.jpg\",\"datePublished\":\"2023-04-11T12:15:17+00:00\",\"dateModified\":\"2024-08-22T21:02:18+00:00\",\"breadcrumb\":{\"@id\":\"https:\\\/\\\/phumaszyny.pl\\\/produkt\\\/zwijarka-do-blachy-xzm-2000-8-piesok\\\/#breadcrumb\"},\"inLanguage\":\"pl-PL\",\"potentialAction\":[{\"@type\":\"ReadAction\",\"target\":[\"https:\\\/\\\/phumaszyny.pl\\\/produkt\\\/zwijarka-do-blachy-xzm-2000-8-piesok\\\/\"]}]},{\"@type\":\"ImageObject\",\"inLanguage\":\"pl-PL\",\"@id\":\"https:\\\/\\\/phumaszyny.pl\\\/produkt\\\/zwijarka-do-blachy-xzm-2000-8-piesok\\\/#primaryimage\",\"url\":\"https:\\\/\\\/phumaszyny.pl\\\/wp-content\\\/uploads\\\/2023\\\/04\\\/IMG_20230404_172852-scaled.jpg\",\"contentUrl\":\"https:\\\/\\\/phumaszyny.pl\\\/wp-content\\\/uploads\\\/2023\\\/04\\\/IMG_20230404_172852-scaled.jpg\",\"width\":2560,\"height\":1920},{\"@type\":\"BreadcrumbList\",\"@id\":\"https:\\\/\\\/phumaszyny.pl\\\/produkt\\\/zwijarka-do-blachy-xzm-2000-8-piesok\\\/#breadcrumb\",\"itemListElement\":[{\"@type\":\"ListItem\",\"position\":1,\"name\":\"Strona g\u0142\u00f3wna\",\"item\":\"https:\\\/\\\/phumaszyny.pl\\\/\"},{\"@type\":\"ListItem\",\"position\":2,\"name\":\"Sklep\",\"item\":\"https:\\\/\\\/phumaszyny.pl\\\/?page_id=120\"},{\"@type\":\"ListItem\",\"position\":3,\"name\":\"Zwijarka do blachy XZM 2000\\\/8 Piesok sprzedana!!!\"}]},{\"@type\":\"WebSite\",\"@id\":\"https:\\\/\\\/phumaszyny.pl\\\/en\\\/#website\",\"url\":\"https:\\\/\\\/phumaszyny.pl\\\/en\\\/\",\"name\":\"PHU Maszyny\",\"description\":\"\",\"publisher\":{\"@id\":\"https:\\\/\\\/phumaszyny.pl\\\/en\\\/#\\\/schema\\\/person\\\/89b417042d67c2234d44e13e641d3dde\"},\"potentialAction\":[{\"@type\":\"SearchAction\",\"target\":{\"@type\":\"EntryPoint\",\"urlTemplate\":\"https:\\\/\\\/phumaszyny.pl\\\/en\\\/?s={search_term_string}\"},\"query-input\":{\"@type\":\"PropertyValueSpecification\",\"valueRequired\":true,\"valueName\":\"search_term_string\"}}],\"inLanguage\":\"pl-PL\"},{\"@type\":[\"Person\",\"Organization\"],\"@id\":\"https:\\\/\\\/phumaszyny.pl\\\/en\\\/#\\\/schema\\\/person\\\/89b417042d67c2234d44e13e641d3dde\",\"name\":\"phumaszyny\",\"image\":{\"@type\":\"ImageObject\",\"inLanguage\":\"pl-PL\",\"@id\":\"https:\\\/\\\/phumaszyny.pl\\\/wp-content\\\/uploads\\\/elementor\\\/screenshots\\\/Elementor-post-screenshot_313_2023-03-17-11-00-27_605626bb.png\",\"url\":\"https:\\\/\\\/phumaszyny.pl\\\/wp-content\\\/uploads\\\/elementor\\\/screenshots\\\/Elementor-post-screenshot_313_2023-03-17-11-00-27_605626bb.png\",\"contentUrl\":\"https:\\\/\\\/phumaszyny.pl\\\/wp-content\\\/uploads\\\/elementor\\\/screenshots\\\/Elementor-post-screenshot_313_2023-03-17-11-00-27_605626bb.png\",\"width\":1200,\"height\":323,\"caption\":\"phumaszyny\"},\"logo\":{\"@id\":\"https:\\\/\\\/phumaszyny.pl\\\/wp-content\\\/uploads\\\/elementor\\\/screenshots\\\/Elementor-post-screenshot_313_2023-03-17-11-00-27_605626bb.png\"},\"sameAs\":[\"http:\\\/\\\/www.phumaszyny.pl\"]}]}<\/script>\n<!-- \/ Yoast SEO plugin. -->","yoast_head_json":{"title":"Zwijarka do blachy XZM 2000\/8 Piesok sprzedana!!! - PHU Maszyny","robots":{"index":"index","follow":"follow"},"canonical":"https:\/\/phumaszyny.pl\/pl\/produkt\/zwijarka-do-blachy-xzm-2000-8-piesok\/","og_locale":"pl_PL","og_type":"article","og_title":"Zwijarka do blachy XZM 2000\/8 Piesok sprzedana!!! - PHU Maszyny","og_description":"Zwijarka do blachy STROJ\u00c1RNE PIESOK trzy walcowa.","og_url":"https:\/\/phumaszyny.pl\/pl\/produkt\/zwijarka-do-blachy-xzm-2000-8-piesok\/","og_site_name":"PHU Maszyny","article_modified_time":"2024-08-22T21:02:18+00:00","og_image":[{"width":2560,"height":1920,"url":"https:\/\/phumaszyny.pl\/wp-content\/uploads\/2023\/04\/IMG_20230404_172852-scaled.jpg","type":"image\/jpeg"}],"twitter_card":"summary_large_image","schema":{"@context":"https:\/\/schema.org","@graph":[{"@type":"WebPage","@id":"https:\/\/phumaszyny.pl\/produkt\/zwijarka-do-blachy-xzm-2000-8-piesok\/","url":"https:\/\/phumaszyny.pl\/produkt\/zwijarka-do-blachy-xzm-2000-8-piesok\/","name":"Zwijarka do blachy XZM 2000\/8 Piesok sprzedana!!! - PHU Maszyny","isPartOf":{"@id":"https:\/\/phumaszyny.pl\/en\/#website"},"primaryImageOfPage":{"@id":"https:\/\/phumaszyny.pl\/produkt\/zwijarka-do-blachy-xzm-2000-8-piesok\/#primaryimage"},"image":{"@id":"https:\/\/phumaszyny.pl\/produkt\/zwijarka-do-blachy-xzm-2000-8-piesok\/#primaryimage"},"thumbnailUrl":"https:\/\/phumaszyny.pl\/wp-content\/uploads\/2023\/04\/IMG_20230404_172852-scaled.jpg","datePublished":"2023-04-11T12:15:17+00:00","dateModified":"2024-08-22T21:02:18+00:00","breadcrumb":{"@id":"https:\/\/phumaszyny.pl\/produkt\/zwijarka-do-blachy-xzm-2000-8-piesok\/#breadcrumb"},"inLanguage":"pl-PL","potentialAction":[{"@type":"ReadAction","target":["https:\/\/phumaszyny.pl\/produkt\/zwijarka-do-blachy-xzm-2000-8-piesok\/"]}]},{"@type":"ImageObject","inLanguage":"pl-PL","@id":"https:\/\/phumaszyny.pl\/produkt\/zwijarka-do-blachy-xzm-2000-8-piesok\/#primaryimage","url":"https:\/\/phumaszyny.pl\/wp-content\/uploads\/2023\/04\/IMG_20230404_172852-scaled.jpg","contentUrl":"https:\/\/phumaszyny.pl\/wp-content\/uploads\/2023\/04\/IMG_20230404_172852-scaled.jpg","width":2560,"height":1920},{"@type":"BreadcrumbList","@id":"https:\/\/phumaszyny.pl\/produkt\/zwijarka-do-blachy-xzm-2000-8-piesok\/#breadcrumb","itemListElement":[{"@type":"ListItem","position":1,"name":"Strona g\u0142\u00f3wna","item":"https:\/\/phumaszyny.pl\/"},{"@type":"ListItem","position":2,"name":"Sklep","item":"https:\/\/phumaszyny.pl\/?page_id=120"},{"@type":"ListItem","position":3,"name":"Zwijarka do blachy XZM 2000\/8 Piesok sprzedana!!!"}]},{"@type":"WebSite","@id":"https:\/\/phumaszyny.pl\/en\/#website","url":"https:\/\/phumaszyny.pl\/en\/","name":"PHU Maszyny","description":"","publisher":{"@id":"https:\/\/phumaszyny.pl\/en\/#\/schema\/person\/89b417042d67c2234d44e13e641d3dde"},"potentialAction":[{"@type":"SearchAction","target":{"@type":"EntryPoint","urlTemplate":"https:\/\/phumaszyny.pl\/en\/?s={search_term_string}"},"query-input":{"@type":"PropertyValueSpecification","valueRequired":true,"valueName":"search_term_string"}}],"inLanguage":"pl-PL"},{"@type":["Person","Organization"],"@id":"https:\/\/phumaszyny.pl\/en\/#\/schema\/person\/89b417042d67c2234d44e13e641d3dde","name":"phumaszyny","image":{"@type":"ImageObject","inLanguage":"pl-PL","@id":"https:\/\/phumaszyny.pl\/wp-content\/uploads\/elementor\/screenshots\/Elementor-post-screenshot_313_2023-03-17-11-00-27_605626bb.png","url":"https:\/\/phumaszyny.pl\/wp-content\/uploads\/elementor\/screenshots\/Elementor-post-screenshot_313_2023-03-17-11-00-27_605626bb.png","contentUrl":"https:\/\/phumaszyny.pl\/wp-content\/uploads\/elementor\/screenshots\/Elementor-post-screenshot_313_2023-03-17-11-00-27_605626bb.png","width":1200,"height":323,"caption":"phumaszyny"},"logo":{"@id":"https:\/\/phumaszyny.pl\/wp-content\/uploads\/elementor\/screenshots\/Elementor-post-screenshot_313_2023-03-17-11-00-27_605626bb.png"},"sameAs":["http:\/\/www.phumaszyny.pl"]}]}},"_links":{"self":[{"href":"https:\/\/phumaszyny.pl\/pl\/wp-json\/wp\/v2\/product\/1286","targetHints":{"allow":["GET"]}}],"collection":[{"href":"https:\/\/phumaszyny.pl\/pl\/wp-json\/wp\/v2\/product"}],"about":[{"href":"https:\/\/phumaszyny.pl\/pl\/wp-json\/wp\/v2\/types\/product"}],"replies":[{"embeddable":true,"href":"https:\/\/phumaszyny.pl\/pl\/wp-json\/wp\/v2\/comments?post=1286"}],"version-history":[{"count":3,"href":"https:\/\/phumaszyny.pl\/pl\/wp-json\/wp\/v2\/product\/1286\/revisions"}],"predecessor-version":[{"id":2914,"href":"https:\/\/phumaszyny.pl\/pl\/wp-json\/wp\/v2\/product\/1286\/revisions\/2914"}],"wp:featuredmedia":[{"embeddable":true,"href":"https:\/\/phumaszyny.pl\/pl\/wp-json\/wp\/v2\/media\/1299"}],"wp:attachment":[{"href":"https:\/\/phumaszyny.pl\/pl\/wp-json\/wp\/v2\/media?parent=1286"}],"wp:term":[{"taxonomy":"product_brand","embeddable":true,"href":"https:\/\/phumaszyny.pl\/pl\/wp-json\/wp\/v2\/product_brand?post=1286"},{"taxonomy":"product_cat","embeddable":true,"href":"https:\/\/phumaszyny.pl\/pl\/wp-json\/wp\/v2\/product_cat?post=1286"},{"taxonomy":"product_tag","embeddable":true,"href":"https:\/\/phumaszyny.pl\/pl\/wp-json\/wp\/v2\/product_tag?post=1286"}],"curies":[{"name":"wp","href":"https:\/\/api.w.org\/{rel}","templated":true}]}}