{"id":1558,"date":"2023-06-15T09:14:08","date_gmt":"2023-06-15T07:14:08","guid":{"rendered":"https:\/\/phumaszyny.pl\/?post_type=product&#038;p=1558"},"modified":"2024-05-11T01:09:33","modified_gmt":"2024-05-10T23:09:33","slug":"dlutownica-pionowa-tos-hov-25","status":"publish","type":"product","link":"https:\/\/phumaszyny.pl\/pl\/produkt\/dlutownica-pionowa-tos-hov-25\/","title":{"rendered":"D\u0142utownica Pionowa TARNOBRZEG DDA 16 sprzedana!!!"},"content":{"rendered":"<p><b>D\u0142utownica do metalu DAA 16.<\/b><\/p>\n<p>Rok prod. 1969<\/p>\n<p>(POLSKA &#8211; Tarnobrzeska Fabryka Obrabiarek) Dane techniczne :<\/p>\n<p>&#8211; maksymalna wielko\u015b\u0107 skoku : 160 mm<\/p>\n<p>&#8211; ilo\u015b\u0107 podw\u00f3jnych skok\u00f3w suwaka : 60, 100, 160 skok\u00f3w\/min.<\/p>\n<p>&#8211; \u015brednica sto\u0142u : 450 mm<\/p>\n<p>&#8211; przesuw wzd\u0142u\u017cny sto\u0142u : 350 mm<\/p>\n<p>&#8211; przesuw pionowy sto\u0142u : 300 mm<\/p>\n<p>&#8211; odleg\u0142o\u015b\u0107 p\u0142aszczyzny mocowania no\u017ca do wybrania w korpusie : 360 mm<\/p>\n<p>&#8211; k\u0105t wychylenia suwaka : +\/- 10 stopni<\/p>\n<p>&#8211; posuw pod\u0142u\u017cny i poprzeczny sto\u0142u (bezstopniowo) : 0-0,6<\/p>\n<p>&#8211; posuw ko\u0142owy sto\u0142u na fi=200 mm : 0-0,95 mm<\/p>\n<p>&#8211; obroty silnika : 1500 obr\/min. &#8211; moc silnika : 2,2 kW<\/p>\n<p>&#8211; wymiary gabarytowe : 1400x1130x1990 mm &#8211; waga d\u0142utownicy : 1700 kg<\/p>\n<p>Stan techniczny maszyny dobry. Pod\u0142\u0105czona, mo\u017cna wykona\u0107 pr\u00f3by.<\/p>","protected":false},"excerpt":{"rendered":"<p>D\u0142utownica do metalu DAA 16. Rok prod. 1969 (POLSKA &#8211; Tarnobrzeska Fabryka Obrabiarek) Dane techniczne : &#8211; maksymalna wielko\u015b\u0107 skoku : 160 mm &#8211; ilo\u015b\u0107 podw\u00f3jnych skok\u00f3w suwaka : 60, 100, 160 skok\u00f3w\/min. &#8211; \u015brednica sto\u0142u : 450 mm &#8211; przesuw wzd\u0142u\u017cny sto\u0142u : 350 mm &#8211; przesuw pionowy sto\u0142u : 300 mm &#8211; odleg\u0142o\u015b\u0107 [&hellip;]<\/p>\n","protected":false},"featured_media":1746,"comment_status":"open","ping_status":"closed","template":"","meta":{"_acf_changed":false},"product_brand":[],"product_cat":[34],"product_tag":[236,235,237],"class_list":{"0":"post-1558","1":"product","2":"type-product","3":"status-publish","4":"has-post-thumbnail","6":"product_cat-dlutownice","7":"product_tag-daa-16","8":"product_tag-dlutownica-pionowa","9":"product_tag-tarnobrzeg","11":"first","12":"onbackorder","13":"taxable","14":"shipping-taxable","15":"product-type-simple"},"acf":[],"yoast_head":"<!-- This site is optimized with the Yoast SEO plugin v27.3 - https:\/\/yoast.com\/product\/yoast-seo-wordpress\/ -->\n<title>D\u0142utownica Pionowa TARNOBRZEG DDA 16 sprzedana!!! - PHU Maszyny<\/title>\n<meta name=\"robots\" content=\"index, follow\" \/>\n<link rel=\"canonical\" href=\"https:\/\/phumaszyny.pl\/pl\/produkt\/dlutownica-pionowa-tos-hov-25\/\" \/>\n<meta property=\"og:locale\" content=\"pl_PL\" \/>\n<meta property=\"og:type\" content=\"article\" \/>\n<meta property=\"og:title\" content=\"D\u0142utownica Pionowa TARNOBRZEG DDA 16 sprzedana!!! - PHU Maszyny\" \/>\n<meta property=\"og:description\" content=\"D\u0142utownica do metalu DAA 16. Rok prod. 1969 (POLSKA &#8211; Tarnobrzeska Fabryka Obrabiarek) Dane techniczne : &#8211; maksymalna wielko\u015b\u0107 skoku : 160 mm &#8211; ilo\u015b\u0107 podw\u00f3jnych skok\u00f3w suwaka : 60, 100, 160 skok\u00f3w\/min. &#8211; \u015brednica sto\u0142u : 450 mm &#8211; przesuw wzd\u0142u\u017cny sto\u0142u : 350 mm &#8211; przesuw pionowy sto\u0142u : 300 mm &#8211; odleg\u0142o\u015b\u0107 [&hellip;]\" \/>\n<meta property=\"og:url\" content=\"https:\/\/phumaszyny.pl\/pl\/produkt\/dlutownica-pionowa-tos-hov-25\/\" \/>\n<meta property=\"og:site_name\" content=\"PHU Maszyny\" \/>\n<meta property=\"article:modified_time\" content=\"2024-05-10T23:09:33+00:00\" \/>\n<meta property=\"og:image\" content=\"https:\/\/phumaszyny.pl\/wp-content\/uploads\/2023\/06\/IMG_20230704_095944-scaled.jpg\" \/>\n\t<meta property=\"og:image:width\" content=\"1920\" \/>\n\t<meta property=\"og:image:height\" content=\"2560\" \/>\n\t<meta property=\"og:image:type\" content=\"image\/jpeg\" \/>\n<meta name=\"twitter:card\" content=\"summary_large_image\" \/>\n<meta name=\"twitter:label1\" content=\"Szacowany czas czytania\" \/>\n\t<meta name=\"twitter:data1\" content=\"1 minuta\" \/>\n<script type=\"application\/ld+json\" class=\"yoast-schema-graph\">{\"@context\":\"https:\\\/\\\/schema.org\",\"@graph\":[{\"@type\":\"WebPage\",\"@id\":\"https:\\\/\\\/phumaszyny.pl\\\/produkt\\\/dlutownica-pionowa-tos-hov-25\\\/\",\"url\":\"https:\\\/\\\/phumaszyny.pl\\\/produkt\\\/dlutownica-pionowa-tos-hov-25\\\/\",\"name\":\"D\u0142utownica Pionowa TARNOBRZEG DDA 16 sprzedana!!! - PHU Maszyny\",\"isPartOf\":{\"@id\":\"https:\\\/\\\/phumaszyny.pl\\\/en\\\/#website\"},\"primaryImageOfPage\":{\"@id\":\"https:\\\/\\\/phumaszyny.pl\\\/produkt\\\/dlutownica-pionowa-tos-hov-25\\\/#primaryimage\"},\"image\":{\"@id\":\"https:\\\/\\\/phumaszyny.pl\\\/produkt\\\/dlutownica-pionowa-tos-hov-25\\\/#primaryimage\"},\"thumbnailUrl\":\"https:\\\/\\\/phumaszyny.pl\\\/wp-content\\\/uploads\\\/2023\\\/06\\\/IMG_20230704_095944-scaled.jpg\",\"datePublished\":\"2023-06-15T07:14:08+00:00\",\"dateModified\":\"2024-05-10T23:09:33+00:00\",\"breadcrumb\":{\"@id\":\"https:\\\/\\\/phumaszyny.pl\\\/produkt\\\/dlutownica-pionowa-tos-hov-25\\\/#breadcrumb\"},\"inLanguage\":\"pl-PL\",\"potentialAction\":[{\"@type\":\"ReadAction\",\"target\":[\"https:\\\/\\\/phumaszyny.pl\\\/produkt\\\/dlutownica-pionowa-tos-hov-25\\\/\"]}]},{\"@type\":\"ImageObject\",\"inLanguage\":\"pl-PL\",\"@id\":\"https:\\\/\\\/phumaszyny.pl\\\/produkt\\\/dlutownica-pionowa-tos-hov-25\\\/#primaryimage\",\"url\":\"https:\\\/\\\/phumaszyny.pl\\\/wp-content\\\/uploads\\\/2023\\\/06\\\/IMG_20230704_095944-scaled.jpg\",\"contentUrl\":\"https:\\\/\\\/phumaszyny.pl\\\/wp-content\\\/uploads\\\/2023\\\/06\\\/IMG_20230704_095944-scaled.jpg\",\"width\":1920,\"height\":2560},{\"@type\":\"BreadcrumbList\",\"@id\":\"https:\\\/\\\/phumaszyny.pl\\\/produkt\\\/dlutownica-pionowa-tos-hov-25\\\/#breadcrumb\",\"itemListElement\":[{\"@type\":\"ListItem\",\"position\":1,\"name\":\"Strona g\u0142\u00f3wna\",\"item\":\"https:\\\/\\\/phumaszyny.pl\\\/\"},{\"@type\":\"ListItem\",\"position\":2,\"name\":\"Sklep\",\"item\":\"https:\\\/\\\/phumaszyny.pl\\\/?page_id=120\"},{\"@type\":\"ListItem\",\"position\":3,\"name\":\"D\u0142utownica Pionowa TARNOBRZEG DDA 16 sprzedana!!!\"}]},{\"@type\":\"WebSite\",\"@id\":\"https:\\\/\\\/phumaszyny.pl\\\/en\\\/#website\",\"url\":\"https:\\\/\\\/phumaszyny.pl\\\/en\\\/\",\"name\":\"PHU Maszyny\",\"description\":\"\",\"publisher\":{\"@id\":\"https:\\\/\\\/phumaszyny.pl\\\/en\\\/#\\\/schema\\\/person\\\/89b417042d67c2234d44e13e641d3dde\"},\"potentialAction\":[{\"@type\":\"SearchAction\",\"target\":{\"@type\":\"EntryPoint\",\"urlTemplate\":\"https:\\\/\\\/phumaszyny.pl\\\/en\\\/?s={search_term_string}\"},\"query-input\":{\"@type\":\"PropertyValueSpecification\",\"valueRequired\":true,\"valueName\":\"search_term_string\"}}],\"inLanguage\":\"pl-PL\"},{\"@type\":[\"Person\",\"Organization\"],\"@id\":\"https:\\\/\\\/phumaszyny.pl\\\/en\\\/#\\\/schema\\\/person\\\/89b417042d67c2234d44e13e641d3dde\",\"name\":\"phumaszyny\",\"image\":{\"@type\":\"ImageObject\",\"inLanguage\":\"pl-PL\",\"@id\":\"https:\\\/\\\/phumaszyny.pl\\\/wp-content\\\/uploads\\\/elementor\\\/screenshots\\\/Elementor-post-screenshot_313_2023-03-17-11-00-27_605626bb.png\",\"url\":\"https:\\\/\\\/phumaszyny.pl\\\/wp-content\\\/uploads\\\/elementor\\\/screenshots\\\/Elementor-post-screenshot_313_2023-03-17-11-00-27_605626bb.png\",\"contentUrl\":\"https:\\\/\\\/phumaszyny.pl\\\/wp-content\\\/uploads\\\/elementor\\\/screenshots\\\/Elementor-post-screenshot_313_2023-03-17-11-00-27_605626bb.png\",\"width\":1200,\"height\":323,\"caption\":\"phumaszyny\"},\"logo\":{\"@id\":\"https:\\\/\\\/phumaszyny.pl\\\/wp-content\\\/uploads\\\/elementor\\\/screenshots\\\/Elementor-post-screenshot_313_2023-03-17-11-00-27_605626bb.png\"},\"sameAs\":[\"http:\\\/\\\/www.phumaszyny.pl\"]}]}<\/script>\n<!-- \/ Yoast SEO plugin. -->","yoast_head_json":{"title":"D\u0142utownica Pionowa TARNOBRZEG DDA 16 sprzedana!!! - PHU Maszyny","robots":{"index":"index","follow":"follow"},"canonical":"https:\/\/phumaszyny.pl\/pl\/produkt\/dlutownica-pionowa-tos-hov-25\/","og_locale":"pl_PL","og_type":"article","og_title":"D\u0142utownica Pionowa TARNOBRZEG DDA 16 sprzedana!!! - PHU Maszyny","og_description":"D\u0142utownica do metalu DAA 16. Rok prod. 1969 (POLSKA &#8211; Tarnobrzeska Fabryka Obrabiarek) Dane techniczne : &#8211; maksymalna wielko\u015b\u0107 skoku : 160 mm &#8211; ilo\u015b\u0107 podw\u00f3jnych skok\u00f3w suwaka : 60, 100, 160 skok\u00f3w\/min. &#8211; \u015brednica sto\u0142u : 450 mm &#8211; przesuw wzd\u0142u\u017cny sto\u0142u : 350 mm &#8211; przesuw pionowy sto\u0142u : 300 mm &#8211; odleg\u0142o\u015b\u0107 [&hellip;]","og_url":"https:\/\/phumaszyny.pl\/pl\/produkt\/dlutownica-pionowa-tos-hov-25\/","og_site_name":"PHU Maszyny","article_modified_time":"2024-05-10T23:09:33+00:00","og_image":[{"width":1920,"height":2560,"url":"https:\/\/phumaszyny.pl\/wp-content\/uploads\/2023\/06\/IMG_20230704_095944-scaled.jpg","type":"image\/jpeg"}],"twitter_card":"summary_large_image","twitter_misc":{"Szacowany czas czytania":"1 minuta"},"schema":{"@context":"https:\/\/schema.org","@graph":[{"@type":"WebPage","@id":"https:\/\/phumaszyny.pl\/produkt\/dlutownica-pionowa-tos-hov-25\/","url":"https:\/\/phumaszyny.pl\/produkt\/dlutownica-pionowa-tos-hov-25\/","name":"D\u0142utownica Pionowa TARNOBRZEG DDA 16 sprzedana!!! - PHU Maszyny","isPartOf":{"@id":"https:\/\/phumaszyny.pl\/en\/#website"},"primaryImageOfPage":{"@id":"https:\/\/phumaszyny.pl\/produkt\/dlutownica-pionowa-tos-hov-25\/#primaryimage"},"image":{"@id":"https:\/\/phumaszyny.pl\/produkt\/dlutownica-pionowa-tos-hov-25\/#primaryimage"},"thumbnailUrl":"https:\/\/phumaszyny.pl\/wp-content\/uploads\/2023\/06\/IMG_20230704_095944-scaled.jpg","datePublished":"2023-06-15T07:14:08+00:00","dateModified":"2024-05-10T23:09:33+00:00","breadcrumb":{"@id":"https:\/\/phumaszyny.pl\/produkt\/dlutownica-pionowa-tos-hov-25\/#breadcrumb"},"inLanguage":"pl-PL","potentialAction":[{"@type":"ReadAction","target":["https:\/\/phumaszyny.pl\/produkt\/dlutownica-pionowa-tos-hov-25\/"]}]},{"@type":"ImageObject","inLanguage":"pl-PL","@id":"https:\/\/phumaszyny.pl\/produkt\/dlutownica-pionowa-tos-hov-25\/#primaryimage","url":"https:\/\/phumaszyny.pl\/wp-content\/uploads\/2023\/06\/IMG_20230704_095944-scaled.jpg","contentUrl":"https:\/\/phumaszyny.pl\/wp-content\/uploads\/2023\/06\/IMG_20230704_095944-scaled.jpg","width":1920,"height":2560},{"@type":"BreadcrumbList","@id":"https:\/\/phumaszyny.pl\/produkt\/dlutownica-pionowa-tos-hov-25\/#breadcrumb","itemListElement":[{"@type":"ListItem","position":1,"name":"Strona g\u0142\u00f3wna","item":"https:\/\/phumaszyny.pl\/"},{"@type":"ListItem","position":2,"name":"Sklep","item":"https:\/\/phumaszyny.pl\/?page_id=120"},{"@type":"ListItem","position":3,"name":"D\u0142utownica Pionowa TARNOBRZEG DDA 16 sprzedana!!!"}]},{"@type":"WebSite","@id":"https:\/\/phumaszyny.pl\/en\/#website","url":"https:\/\/phumaszyny.pl\/en\/","name":"PHU Maszyny","description":"","publisher":{"@id":"https:\/\/phumaszyny.pl\/en\/#\/schema\/person\/89b417042d67c2234d44e13e641d3dde"},"potentialAction":[{"@type":"SearchAction","target":{"@type":"EntryPoint","urlTemplate":"https:\/\/phumaszyny.pl\/en\/?s={search_term_string}"},"query-input":{"@type":"PropertyValueSpecification","valueRequired":true,"valueName":"search_term_string"}}],"inLanguage":"pl-PL"},{"@type":["Person","Organization"],"@id":"https:\/\/phumaszyny.pl\/en\/#\/schema\/person\/89b417042d67c2234d44e13e641d3dde","name":"phumaszyny","image":{"@type":"ImageObject","inLanguage":"pl-PL","@id":"https:\/\/phumaszyny.pl\/wp-content\/uploads\/elementor\/screenshots\/Elementor-post-screenshot_313_2023-03-17-11-00-27_605626bb.png","url":"https:\/\/phumaszyny.pl\/wp-content\/uploads\/elementor\/screenshots\/Elementor-post-screenshot_313_2023-03-17-11-00-27_605626bb.png","contentUrl":"https:\/\/phumaszyny.pl\/wp-content\/uploads\/elementor\/screenshots\/Elementor-post-screenshot_313_2023-03-17-11-00-27_605626bb.png","width":1200,"height":323,"caption":"phumaszyny"},"logo":{"@id":"https:\/\/phumaszyny.pl\/wp-content\/uploads\/elementor\/screenshots\/Elementor-post-screenshot_313_2023-03-17-11-00-27_605626bb.png"},"sameAs":["http:\/\/www.phumaszyny.pl"]}]}},"_links":{"self":[{"href":"https:\/\/phumaszyny.pl\/pl\/wp-json\/wp\/v2\/product\/1558","targetHints":{"allow":["GET"]}}],"collection":[{"href":"https:\/\/phumaszyny.pl\/pl\/wp-json\/wp\/v2\/product"}],"about":[{"href":"https:\/\/phumaszyny.pl\/pl\/wp-json\/wp\/v2\/types\/product"}],"replies":[{"embeddable":true,"href":"https:\/\/phumaszyny.pl\/pl\/wp-json\/wp\/v2\/comments?post=1558"}],"version-history":[{"count":4,"href":"https:\/\/phumaszyny.pl\/pl\/wp-json\/wp\/v2\/product\/1558\/revisions"}],"predecessor-version":[{"id":2617,"href":"https:\/\/phumaszyny.pl\/pl\/wp-json\/wp\/v2\/product\/1558\/revisions\/2617"}],"wp:featuredmedia":[{"embeddable":true,"href":"https:\/\/phumaszyny.pl\/pl\/wp-json\/wp\/v2\/media\/1746"}],"wp:attachment":[{"href":"https:\/\/phumaszyny.pl\/pl\/wp-json\/wp\/v2\/media?parent=1558"}],"wp:term":[{"taxonomy":"product_brand","embeddable":true,"href":"https:\/\/phumaszyny.pl\/pl\/wp-json\/wp\/v2\/product_brand?post=1558"},{"taxonomy":"product_cat","embeddable":true,"href":"https:\/\/phumaszyny.pl\/pl\/wp-json\/wp\/v2\/product_cat?post=1558"},{"taxonomy":"product_tag","embeddable":true,"href":"https:\/\/phumaszyny.pl\/pl\/wp-json\/wp\/v2\/product_tag?post=1558"}],"curies":[{"name":"wp","href":"https:\/\/api.w.org\/{rel}","templated":true}]}}