{"id":1570,"date":"2023-06-15T09:22:00","date_gmt":"2023-06-15T07:22:00","guid":{"rendered":"https:\/\/phumaszyny.pl\/?post_type=product&#038;p=1570"},"modified":"2024-05-11T01:09:18","modified_gmt":"2024-05-10T23:09:18","slug":"wytaczarka-stolowa-tos-varnsdorf-h63a","status":"publish","type":"product","link":"https:\/\/phumaszyny.pl\/pl\/produkt\/wytaczarka-stolowa-tos-varnsdorf-h63a\/","title":{"rendered":"Wytaczarka sto\u0142owa TOS VARNSDORF H63 sprzedana!"},"content":{"rendered":"<p>Opis<\/p>\n<p>Wytaczarka TOS Varnsdorf<\/p>\n<p>&nbsp;<\/p>\n<p>Typ H63<\/p>\n<p>&nbsp;<\/p>\n<p>Dane techniczne:<\/p>\n<p>&nbsp;<\/p>\n<p>\u015arednica pinoli 63mm<\/p>\n<p>&nbsp;<\/p>\n<p>Sto\u017cek Morse 4<\/p>\n<p>&nbsp;<\/p>\n<p>Najwi\u0119ksza \u015brednica wytaczania roboczym wrzecionem 355mm<\/p>\n<p>&nbsp;<\/p>\n<p>Najwi\u0119ksza \u015brednica przy opracowaniu no\u017cow\u0105 prowadnic\u0105 560mm<\/p>\n<p>&nbsp;<\/p>\n<p>Najwi\u0119ksza g\u0142\u0119boko\u015b\u0107 wiercenia jednym posuwem 560\/280mm<\/p>\n<p>&nbsp;<\/p>\n<p>Najwi\u0119ksza a najmniejsza wysoko\u015b\u0107 osi wrzeciona nad sto\u0142em 0-710mm<\/p>\n<p>&nbsp;<\/p>\n<p>Najd\u0142u\u017csza odleg\u0142o\u015b\u0107 mi\u0119dzy czo\u0142owym suportem a s\u0142upem podtrzymki 1800mm<\/p>\n<p>&nbsp;<\/p>\n<p>Najwi\u0119ksza waga obr\u00f3bki 1900kg<\/p>\n<p>&nbsp;<\/p>\n<p>\u015arednica czo\u0142owego suportu 415mm<\/p>\n<p>&nbsp;<\/p>\n<p>Wymiary sto\u0142u 800x890mm<\/p>\n<p>&nbsp;<\/p>\n<p>\u015arodkowa \u015brednica sto\u0142u 140H6mm<\/p>\n<p>&nbsp;<\/p>\n<p>Poprzeczny ruch sto\u0142u 800mm<\/p>\n<p>&nbsp;<\/p>\n<p>Wzd\u0142u\u017cny ruch sto\u0142u 800mm<\/p>\n<p>&nbsp;<\/p>\n<p>Zakres obrot\u00f3w czo\u0142owego suportu 11,2-250 obr\/min<\/p>\n<p>&nbsp;<\/p>\n<p>Zakres obrot\u00f3w wrzeciona roboczego 11,2-1400 obr\/min<\/p>\n<p>&nbsp;<\/p>\n<p>Moc silnika g\u0142\u00f3wnego 5,5kW<\/p>\n<p>&nbsp;<\/p>\n<p>Wymiary maszyny 3970x2100x2200<\/p>\n<p>&nbsp;<\/p>\n<p>Waga maszyny 5000kg<\/p>\n<p>&nbsp;<\/p>\n<p style=\"padding-left: 40px;\">Maszyna w bardzo dobrym stanie technicznym, do maszyny dokumentacja, oraz oprzyrz\u0105dowanie. Maszyna pod\u0142\u0105czona.<\/p>","protected":false},"excerpt":{"rendered":"<p>Opis Wytaczarka TOS Varnsdorf &nbsp; Typ H63 &nbsp; Dane techniczne: &nbsp; \u015arednica pinoli 63mm &nbsp; Sto\u017cek Morse 4 &nbsp; Najwi\u0119ksza \u015brednica wytaczania roboczym wrzecionem 355mm &nbsp; Najwi\u0119ksza \u015brednica przy opracowaniu no\u017cow\u0105 prowadnic\u0105 560mm &nbsp; Najwi\u0119ksza g\u0142\u0119boko\u015b\u0107 wiercenia jednym posuwem 560\/280mm &nbsp; Najwi\u0119ksza a najmniejsza wysoko\u015b\u0107 osi wrzeciona nad sto\u0142em 0-710mm &nbsp; Najd\u0142u\u017csza odleg\u0142o\u015b\u0107 mi\u0119dzy czo\u0142owym [&hellip;]<\/p>\n","protected":false},"featured_media":1723,"comment_status":"open","ping_status":"closed","template":"","meta":{"_acf_changed":false},"product_brand":[],"product_cat":[28],"product_tag":[157,78,156,155],"class_list":{"0":"post-1570","1":"product","2":"type-product","3":"status-publish","4":"has-post-thumbnail","6":"product_cat-wytaczarki","7":"product_tag-h63a","8":"product_tag-tos","9":"product_tag-varnsdorf","10":"product_tag-wytaczarka","12":"first","13":"onbackorder","14":"taxable","15":"shipping-taxable","16":"product-type-simple"},"acf":[],"yoast_head":"<!-- This site is optimized with the Yoast SEO plugin v27.3 - https:\/\/yoast.com\/product\/yoast-seo-wordpress\/ -->\n<title>Wytaczarka sto\u0142owa TOS VARNSDORF H63 sprzedana! - PHU Maszyny<\/title>\n<meta name=\"robots\" content=\"index, follow\" \/>\n<link rel=\"canonical\" href=\"https:\/\/phumaszyny.pl\/pl\/produkt\/wytaczarka-stolowa-tos-varnsdorf-h63a\/\" \/>\n<meta property=\"og:locale\" content=\"pl_PL\" \/>\n<meta property=\"og:type\" content=\"article\" \/>\n<meta property=\"og:title\" content=\"Wytaczarka sto\u0142owa TOS VARNSDORF H63 sprzedana! - PHU Maszyny\" \/>\n<meta property=\"og:description\" content=\"Opis Wytaczarka TOS Varnsdorf &nbsp; Typ H63 &nbsp; Dane techniczne: &nbsp; \u015arednica pinoli 63mm &nbsp; Sto\u017cek Morse 4 &nbsp; Najwi\u0119ksza \u015brednica wytaczania roboczym wrzecionem 355mm &nbsp; Najwi\u0119ksza \u015brednica przy opracowaniu no\u017cow\u0105 prowadnic\u0105 560mm &nbsp; Najwi\u0119ksza g\u0142\u0119boko\u015b\u0107 wiercenia jednym posuwem 560\/280mm &nbsp; Najwi\u0119ksza a najmniejsza wysoko\u015b\u0107 osi wrzeciona nad sto\u0142em 0-710mm &nbsp; Najd\u0142u\u017csza odleg\u0142o\u015b\u0107 mi\u0119dzy czo\u0142owym [&hellip;]\" \/>\n<meta property=\"og:url\" content=\"https:\/\/phumaszyny.pl\/pl\/produkt\/wytaczarka-stolowa-tos-varnsdorf-h63a\/\" \/>\n<meta property=\"og:site_name\" content=\"PHU Maszyny\" \/>\n<meta property=\"article:modified_time\" content=\"2024-05-10T23:09:18+00:00\" \/>\n<meta property=\"og:image\" content=\"https:\/\/phumaszyny.pl\/wp-content\/uploads\/2023\/06\/IMG_20230616_090633-scaled.jpg\" \/>\n\t<meta property=\"og:image:width\" content=\"2560\" \/>\n\t<meta property=\"og:image:height\" content=\"1920\" \/>\n\t<meta property=\"og:image:type\" content=\"image\/jpeg\" \/>\n<meta name=\"twitter:card\" content=\"summary_large_image\" \/>\n<meta name=\"twitter:label1\" content=\"Szacowany czas czytania\" \/>\n\t<meta name=\"twitter:data1\" content=\"1 minuta\" \/>\n<script type=\"application\/ld+json\" class=\"yoast-schema-graph\">{\"@context\":\"https:\\\/\\\/schema.org\",\"@graph\":[{\"@type\":\"WebPage\",\"@id\":\"https:\\\/\\\/phumaszyny.pl\\\/produkt\\\/wytaczarka-stolowa-tos-varnsdorf-h63a\\\/\",\"url\":\"https:\\\/\\\/phumaszyny.pl\\\/produkt\\\/wytaczarka-stolowa-tos-varnsdorf-h63a\\\/\",\"name\":\"Wytaczarka sto\u0142owa TOS VARNSDORF H63 sprzedana! - PHU Maszyny\",\"isPartOf\":{\"@id\":\"https:\\\/\\\/phumaszyny.pl\\\/en\\\/#website\"},\"primaryImageOfPage\":{\"@id\":\"https:\\\/\\\/phumaszyny.pl\\\/produkt\\\/wytaczarka-stolowa-tos-varnsdorf-h63a\\\/#primaryimage\"},\"image\":{\"@id\":\"https:\\\/\\\/phumaszyny.pl\\\/produkt\\\/wytaczarka-stolowa-tos-varnsdorf-h63a\\\/#primaryimage\"},\"thumbnailUrl\":\"https:\\\/\\\/phumaszyny.pl\\\/wp-content\\\/uploads\\\/2023\\\/06\\\/IMG_20230616_090633-scaled.jpg\",\"datePublished\":\"2023-06-15T07:22:00+00:00\",\"dateModified\":\"2024-05-10T23:09:18+00:00\",\"breadcrumb\":{\"@id\":\"https:\\\/\\\/phumaszyny.pl\\\/produkt\\\/wytaczarka-stolowa-tos-varnsdorf-h63a\\\/#breadcrumb\"},\"inLanguage\":\"pl-PL\",\"potentialAction\":[{\"@type\":\"ReadAction\",\"target\":[\"https:\\\/\\\/phumaszyny.pl\\\/produkt\\\/wytaczarka-stolowa-tos-varnsdorf-h63a\\\/\"]}]},{\"@type\":\"ImageObject\",\"inLanguage\":\"pl-PL\",\"@id\":\"https:\\\/\\\/phumaszyny.pl\\\/produkt\\\/wytaczarka-stolowa-tos-varnsdorf-h63a\\\/#primaryimage\",\"url\":\"https:\\\/\\\/phumaszyny.pl\\\/wp-content\\\/uploads\\\/2023\\\/06\\\/IMG_20230616_090633-scaled.jpg\",\"contentUrl\":\"https:\\\/\\\/phumaszyny.pl\\\/wp-content\\\/uploads\\\/2023\\\/06\\\/IMG_20230616_090633-scaled.jpg\",\"width\":2560,\"height\":1920},{\"@type\":\"BreadcrumbList\",\"@id\":\"https:\\\/\\\/phumaszyny.pl\\\/produkt\\\/wytaczarka-stolowa-tos-varnsdorf-h63a\\\/#breadcrumb\",\"itemListElement\":[{\"@type\":\"ListItem\",\"position\":1,\"name\":\"Strona g\u0142\u00f3wna\",\"item\":\"https:\\\/\\\/phumaszyny.pl\\\/\"},{\"@type\":\"ListItem\",\"position\":2,\"name\":\"Sklep\",\"item\":\"https:\\\/\\\/phumaszyny.pl\\\/?page_id=120\"},{\"@type\":\"ListItem\",\"position\":3,\"name\":\"Wytaczarka sto\u0142owa TOS VARNSDORF H63 sprzedana!\"}]},{\"@type\":\"WebSite\",\"@id\":\"https:\\\/\\\/phumaszyny.pl\\\/en\\\/#website\",\"url\":\"https:\\\/\\\/phumaszyny.pl\\\/en\\\/\",\"name\":\"PHU Maszyny\",\"description\":\"\",\"publisher\":{\"@id\":\"https:\\\/\\\/phumaszyny.pl\\\/en\\\/#\\\/schema\\\/person\\\/89b417042d67c2234d44e13e641d3dde\"},\"potentialAction\":[{\"@type\":\"SearchAction\",\"target\":{\"@type\":\"EntryPoint\",\"urlTemplate\":\"https:\\\/\\\/phumaszyny.pl\\\/en\\\/?s={search_term_string}\"},\"query-input\":{\"@type\":\"PropertyValueSpecification\",\"valueRequired\":true,\"valueName\":\"search_term_string\"}}],\"inLanguage\":\"pl-PL\"},{\"@type\":[\"Person\",\"Organization\"],\"@id\":\"https:\\\/\\\/phumaszyny.pl\\\/en\\\/#\\\/schema\\\/person\\\/89b417042d67c2234d44e13e641d3dde\",\"name\":\"phumaszyny\",\"image\":{\"@type\":\"ImageObject\",\"inLanguage\":\"pl-PL\",\"@id\":\"https:\\\/\\\/phumaszyny.pl\\\/wp-content\\\/uploads\\\/elementor\\\/screenshots\\\/Elementor-post-screenshot_313_2023-03-17-11-00-27_605626bb.png\",\"url\":\"https:\\\/\\\/phumaszyny.pl\\\/wp-content\\\/uploads\\\/elementor\\\/screenshots\\\/Elementor-post-screenshot_313_2023-03-17-11-00-27_605626bb.png\",\"contentUrl\":\"https:\\\/\\\/phumaszyny.pl\\\/wp-content\\\/uploads\\\/elementor\\\/screenshots\\\/Elementor-post-screenshot_313_2023-03-17-11-00-27_605626bb.png\",\"width\":1200,\"height\":323,\"caption\":\"phumaszyny\"},\"logo\":{\"@id\":\"https:\\\/\\\/phumaszyny.pl\\\/wp-content\\\/uploads\\\/elementor\\\/screenshots\\\/Elementor-post-screenshot_313_2023-03-17-11-00-27_605626bb.png\"},\"sameAs\":[\"http:\\\/\\\/www.phumaszyny.pl\"]}]}<\/script>\n<!-- \/ Yoast SEO plugin. -->","yoast_head_json":{"title":"Wytaczarka sto\u0142owa TOS VARNSDORF H63 sprzedana! - PHU Maszyny","robots":{"index":"index","follow":"follow"},"canonical":"https:\/\/phumaszyny.pl\/pl\/produkt\/wytaczarka-stolowa-tos-varnsdorf-h63a\/","og_locale":"pl_PL","og_type":"article","og_title":"Wytaczarka sto\u0142owa TOS VARNSDORF H63 sprzedana! - PHU Maszyny","og_description":"Opis Wytaczarka TOS Varnsdorf &nbsp; Typ H63 &nbsp; Dane techniczne: &nbsp; \u015arednica pinoli 63mm &nbsp; Sto\u017cek Morse 4 &nbsp; Najwi\u0119ksza \u015brednica wytaczania roboczym wrzecionem 355mm &nbsp; Najwi\u0119ksza \u015brednica przy opracowaniu no\u017cow\u0105 prowadnic\u0105 560mm &nbsp; Najwi\u0119ksza g\u0142\u0119boko\u015b\u0107 wiercenia jednym posuwem 560\/280mm &nbsp; Najwi\u0119ksza a najmniejsza wysoko\u015b\u0107 osi wrzeciona nad sto\u0142em 0-710mm &nbsp; Najd\u0142u\u017csza odleg\u0142o\u015b\u0107 mi\u0119dzy czo\u0142owym [&hellip;]","og_url":"https:\/\/phumaszyny.pl\/pl\/produkt\/wytaczarka-stolowa-tos-varnsdorf-h63a\/","og_site_name":"PHU Maszyny","article_modified_time":"2024-05-10T23:09:18+00:00","og_image":[{"width":2560,"height":1920,"url":"https:\/\/phumaszyny.pl\/wp-content\/uploads\/2023\/06\/IMG_20230616_090633-scaled.jpg","type":"image\/jpeg"}],"twitter_card":"summary_large_image","twitter_misc":{"Szacowany czas czytania":"1 minuta"},"schema":{"@context":"https:\/\/schema.org","@graph":[{"@type":"WebPage","@id":"https:\/\/phumaszyny.pl\/produkt\/wytaczarka-stolowa-tos-varnsdorf-h63a\/","url":"https:\/\/phumaszyny.pl\/produkt\/wytaczarka-stolowa-tos-varnsdorf-h63a\/","name":"Wytaczarka sto\u0142owa TOS VARNSDORF H63 sprzedana! - PHU Maszyny","isPartOf":{"@id":"https:\/\/phumaszyny.pl\/en\/#website"},"primaryImageOfPage":{"@id":"https:\/\/phumaszyny.pl\/produkt\/wytaczarka-stolowa-tos-varnsdorf-h63a\/#primaryimage"},"image":{"@id":"https:\/\/phumaszyny.pl\/produkt\/wytaczarka-stolowa-tos-varnsdorf-h63a\/#primaryimage"},"thumbnailUrl":"https:\/\/phumaszyny.pl\/wp-content\/uploads\/2023\/06\/IMG_20230616_090633-scaled.jpg","datePublished":"2023-06-15T07:22:00+00:00","dateModified":"2024-05-10T23:09:18+00:00","breadcrumb":{"@id":"https:\/\/phumaszyny.pl\/produkt\/wytaczarka-stolowa-tos-varnsdorf-h63a\/#breadcrumb"},"inLanguage":"pl-PL","potentialAction":[{"@type":"ReadAction","target":["https:\/\/phumaszyny.pl\/produkt\/wytaczarka-stolowa-tos-varnsdorf-h63a\/"]}]},{"@type":"ImageObject","inLanguage":"pl-PL","@id":"https:\/\/phumaszyny.pl\/produkt\/wytaczarka-stolowa-tos-varnsdorf-h63a\/#primaryimage","url":"https:\/\/phumaszyny.pl\/wp-content\/uploads\/2023\/06\/IMG_20230616_090633-scaled.jpg","contentUrl":"https:\/\/phumaszyny.pl\/wp-content\/uploads\/2023\/06\/IMG_20230616_090633-scaled.jpg","width":2560,"height":1920},{"@type":"BreadcrumbList","@id":"https:\/\/phumaszyny.pl\/produkt\/wytaczarka-stolowa-tos-varnsdorf-h63a\/#breadcrumb","itemListElement":[{"@type":"ListItem","position":1,"name":"Strona g\u0142\u00f3wna","item":"https:\/\/phumaszyny.pl\/"},{"@type":"ListItem","position":2,"name":"Sklep","item":"https:\/\/phumaszyny.pl\/?page_id=120"},{"@type":"ListItem","position":3,"name":"Wytaczarka sto\u0142owa TOS VARNSDORF H63 sprzedana!"}]},{"@type":"WebSite","@id":"https:\/\/phumaszyny.pl\/en\/#website","url":"https:\/\/phumaszyny.pl\/en\/","name":"PHU Maszyny","description":"","publisher":{"@id":"https:\/\/phumaszyny.pl\/en\/#\/schema\/person\/89b417042d67c2234d44e13e641d3dde"},"potentialAction":[{"@type":"SearchAction","target":{"@type":"EntryPoint","urlTemplate":"https:\/\/phumaszyny.pl\/en\/?s={search_term_string}"},"query-input":{"@type":"PropertyValueSpecification","valueRequired":true,"valueName":"search_term_string"}}],"inLanguage":"pl-PL"},{"@type":["Person","Organization"],"@id":"https:\/\/phumaszyny.pl\/en\/#\/schema\/person\/89b417042d67c2234d44e13e641d3dde","name":"phumaszyny","image":{"@type":"ImageObject","inLanguage":"pl-PL","@id":"https:\/\/phumaszyny.pl\/wp-content\/uploads\/elementor\/screenshots\/Elementor-post-screenshot_313_2023-03-17-11-00-27_605626bb.png","url":"https:\/\/phumaszyny.pl\/wp-content\/uploads\/elementor\/screenshots\/Elementor-post-screenshot_313_2023-03-17-11-00-27_605626bb.png","contentUrl":"https:\/\/phumaszyny.pl\/wp-content\/uploads\/elementor\/screenshots\/Elementor-post-screenshot_313_2023-03-17-11-00-27_605626bb.png","width":1200,"height":323,"caption":"phumaszyny"},"logo":{"@id":"https:\/\/phumaszyny.pl\/wp-content\/uploads\/elementor\/screenshots\/Elementor-post-screenshot_313_2023-03-17-11-00-27_605626bb.png"},"sameAs":["http:\/\/www.phumaszyny.pl"]}]}},"_links":{"self":[{"href":"https:\/\/phumaszyny.pl\/pl\/wp-json\/wp\/v2\/product\/1570","targetHints":{"allow":["GET"]}}],"collection":[{"href":"https:\/\/phumaszyny.pl\/pl\/wp-json\/wp\/v2\/product"}],"about":[{"href":"https:\/\/phumaszyny.pl\/pl\/wp-json\/wp\/v2\/types\/product"}],"replies":[{"embeddable":true,"href":"https:\/\/phumaszyny.pl\/pl\/wp-json\/wp\/v2\/comments?post=1570"}],"version-history":[{"count":4,"href":"https:\/\/phumaszyny.pl\/pl\/wp-json\/wp\/v2\/product\/1570\/revisions"}],"predecessor-version":[{"id":1829,"href":"https:\/\/phumaszyny.pl\/pl\/wp-json\/wp\/v2\/product\/1570\/revisions\/1829"}],"wp:featuredmedia":[{"embeddable":true,"href":"https:\/\/phumaszyny.pl\/pl\/wp-json\/wp\/v2\/media\/1723"}],"wp:attachment":[{"href":"https:\/\/phumaszyny.pl\/pl\/wp-json\/wp\/v2\/media?parent=1570"}],"wp:term":[{"taxonomy":"product_brand","embeddable":true,"href":"https:\/\/phumaszyny.pl\/pl\/wp-json\/wp\/v2\/product_brand?post=1570"},{"taxonomy":"product_cat","embeddable":true,"href":"https:\/\/phumaszyny.pl\/pl\/wp-json\/wp\/v2\/product_cat?post=1570"},{"taxonomy":"product_tag","embeddable":true,"href":"https:\/\/phumaszyny.pl\/pl\/wp-json\/wp\/v2\/product_tag?post=1570"}],"curies":[{"name":"wp","href":"https:\/\/api.w.org\/{rel}","templated":true}]}}