{"id":1831,"date":"2024-01-11T19:58:09","date_gmt":"2024-01-11T18:58:09","guid":{"rendered":"https:\/\/phumaszyny.pl\/?post_type=product&#038;p=1831"},"modified":"2025-11-16T16:46:35","modified_gmt":"2025-11-16T15:46:35","slug":"tokarka-uniwersalana-harrison-m390-x-1250mm-2004r","status":"publish","type":"product","link":"https:\/\/phumaszyny.pl\/pl\/produkt\/tokarka-uniwersalana-harrison-m390-x-1250mm-2004r\/","title":{"rendered":"Tokarka Uniwersalana Harrison M390 x 1250mm 2004r sprzedana!!!"},"content":{"rendered":"<p>Tokarka Uniwersalna Harrison M390 x 1250 mm z wyci\u0105ganym mostkiem<\/p>\n<p>&nbsp;<\/p>\n<p>Rok produkcji 2004<\/p>\n<p>&nbsp;<\/p>\n<p>Producent Harrison<\/p>\n<p>&nbsp;<\/p>\n<p>Model M390<\/p>\n<p>&nbsp;<\/p>\n<p>Uchwyt 250mm<\/p>\n<p>&nbsp;<\/p>\n<p>Wysoko\u015b\u0107 k\u0142\u00f3w 195mm<\/p>\n<p>&nbsp;<\/p>\n<p>Odleg\u0142o\u015b\u0107 mi\u0119dzy k\u0142ami 1250 mm<\/p>\n<p>&nbsp;<\/p>\n<p>\u015arednica nad \u0142o\u017cem 400mm<\/p>\n<p>&nbsp;<\/p>\n<p>W wybraniu posta 585 mm<\/p>\n<p>&nbsp;<\/p>\n<p>Szeroko\u015b\u0107 wybrania mostka 165 mm<\/p>\n<p>&nbsp;<\/p>\n<p>\u015arednica nad suportem 246 mm<\/p>\n<p>&nbsp;<\/p>\n<p>Przelot wrzeciona 54 mm<\/p>\n<p>&nbsp;<\/p>\n<p>Ko\u0144c\u00f3wka wrzeciona camlock D1-6<\/p>\n<p>&nbsp;<\/p>\n<p>Sto\u017cek tulei wrzeciona morse 4<\/p>\n<p>&nbsp;<\/p>\n<p>Ilo\u015b\u0107 stopni obrot\u00f3w wrzeciona 16<\/p>\n<p>&nbsp;<\/p>\n<p>Zakres pr\u0119dko\u015bci od 25 do 2000 obr.\/min<\/p>\n<p>&nbsp;<\/p>\n<p>Silnik g\u0142\u00f3wny 5,5kW<\/p>\n<p>&nbsp;<\/p>\n<p>Wymiary maszyny 2500x1100x1300mm<\/p>\n<p>&nbsp;<\/p>\n<p>Waga 1500kg<\/p>\n<p>&nbsp;<\/p>\n<p>Maszyna w bardzo dobrym stanie technicznym, pracowa\u0142a hobbistycznie<\/p>\n<p>&nbsp;<\/p>\n<p>Tokarka na wyposa\u017ceniu posiada podtrzymki sta\u0142a, i ruchoma, imak isofix, uchwyty na no\u017ce szt4 , ko\u0142a zmianowe do gitary oraz dokumentacja.<\/p>\n<p>&nbsp;<\/p>\n<p>Maszyna pod\u0142\u0105czona mo\u017cliwo\u015b\u0107 wykonania pr\u00f3by.<\/p>","protected":false},"excerpt":{"rendered":"<p>Tokarka Uniwersalna Harrison M390 x 1250 mm z wyci\u0105ganym mostkiem &nbsp; Rok produkcji 2004 &nbsp; Producent Harrison &nbsp; Model M390 &nbsp; Uchwyt 250mm &nbsp; Wysoko\u015b\u0107 k\u0142\u00f3w 195mm &nbsp; Odleg\u0142o\u015b\u0107 mi\u0119dzy k\u0142ami 1250 mm &nbsp; \u015arednica nad \u0142o\u017cem 400mm &nbsp; W wybraniu posta 585 mm &nbsp; Szeroko\u015b\u0107 wybrania mostka 165 mm &nbsp; \u015arednica nad suportem 246 [&hellip;]<\/p>\n","protected":false},"featured_media":1862,"comment_status":"open","ping_status":"closed","template":"","meta":{"_acf_changed":false},"product_brand":[],"product_cat":[24],"product_tag":[],"class_list":{"0":"post-1831","1":"product","2":"type-product","3":"status-publish","4":"has-post-thumbnail","6":"product_cat-tokarki","8":"first","9":"onbackorder","10":"purchasable","11":"product-type-simple"},"acf":[],"yoast_head":"<!-- This site is optimized with the Yoast SEO plugin v27.3 - https:\/\/yoast.com\/product\/yoast-seo-wordpress\/ -->\n<title>Tokarka Uniwersalana Harrison M390 x 1250mm 2004r sprzedana!!! - PHU Maszyny<\/title>\n<meta name=\"robots\" content=\"index, follow\" \/>\n<link rel=\"canonical\" href=\"https:\/\/phumaszyny.pl\/pl\/produkt\/tokarka-uniwersalana-harrison-m390-x-1250mm-2004r\/\" \/>\n<meta property=\"og:locale\" content=\"pl_PL\" \/>\n<meta property=\"og:type\" content=\"article\" \/>\n<meta property=\"og:title\" content=\"Tokarka Uniwersalana Harrison M390 x 1250mm 2004r sprzedana!!! - PHU Maszyny\" \/>\n<meta property=\"og:description\" content=\"Tokarka Uniwersalna Harrison M390 x 1250 mm z wyci\u0105ganym mostkiem &nbsp; Rok produkcji 2004 &nbsp; Producent Harrison &nbsp; Model M390 &nbsp; Uchwyt 250mm &nbsp; Wysoko\u015b\u0107 k\u0142\u00f3w 195mm &nbsp; Odleg\u0142o\u015b\u0107 mi\u0119dzy k\u0142ami 1250 mm &nbsp; \u015arednica nad \u0142o\u017cem 400mm &nbsp; W wybraniu posta 585 mm &nbsp; Szeroko\u015b\u0107 wybrania mostka 165 mm &nbsp; \u015arednica nad suportem 246 [&hellip;]\" \/>\n<meta property=\"og:url\" content=\"https:\/\/phumaszyny.pl\/pl\/produkt\/tokarka-uniwersalana-harrison-m390-x-1250mm-2004r\/\" \/>\n<meta property=\"og:site_name\" content=\"PHU Maszyny\" \/>\n<meta property=\"article:modified_time\" content=\"2025-11-16T15:46:35+00:00\" \/>\n<meta property=\"og:image\" content=\"https:\/\/phumaszyny.pl\/wp-content\/uploads\/2024\/01\/IMG-20240103-WA0028_edit_1103801247702159.jpg\" \/>\n\t<meta property=\"og:image:width\" content=\"1600\" \/>\n\t<meta property=\"og:image:height\" content=\"1200\" \/>\n\t<meta property=\"og:image:type\" content=\"image\/jpeg\" \/>\n<meta name=\"twitter:card\" content=\"summary_large_image\" \/>\n<meta name=\"twitter:label1\" content=\"Szacowany czas czytania\" \/>\n\t<meta name=\"twitter:data1\" content=\"1 minuta\" \/>\n<script type=\"application\/ld+json\" class=\"yoast-schema-graph\">{\"@context\":\"https:\\\/\\\/schema.org\",\"@graph\":[{\"@type\":\"WebPage\",\"@id\":\"https:\\\/\\\/phumaszyny.pl\\\/produkt\\\/tokarka-uniwersalana-harrison-m390-x-1250mm-2004r\\\/\",\"url\":\"https:\\\/\\\/phumaszyny.pl\\\/produkt\\\/tokarka-uniwersalana-harrison-m390-x-1250mm-2004r\\\/\",\"name\":\"Tokarka Uniwersalana Harrison M390 x 1250mm 2004r sprzedana!!! - PHU Maszyny\",\"isPartOf\":{\"@id\":\"https:\\\/\\\/phumaszyny.pl\\\/en\\\/#website\"},\"primaryImageOfPage\":{\"@id\":\"https:\\\/\\\/phumaszyny.pl\\\/produkt\\\/tokarka-uniwersalana-harrison-m390-x-1250mm-2004r\\\/#primaryimage\"},\"image\":{\"@id\":\"https:\\\/\\\/phumaszyny.pl\\\/produkt\\\/tokarka-uniwersalana-harrison-m390-x-1250mm-2004r\\\/#primaryimage\"},\"thumbnailUrl\":\"https:\\\/\\\/phumaszyny.pl\\\/wp-content\\\/uploads\\\/2024\\\/01\\\/IMG-20240103-WA0028_edit_1103801247702159.jpg\",\"datePublished\":\"2024-01-11T18:58:09+00:00\",\"dateModified\":\"2025-11-16T15:46:35+00:00\",\"breadcrumb\":{\"@id\":\"https:\\\/\\\/phumaszyny.pl\\\/produkt\\\/tokarka-uniwersalana-harrison-m390-x-1250mm-2004r\\\/#breadcrumb\"},\"inLanguage\":\"pl-PL\",\"potentialAction\":[{\"@type\":\"ReadAction\",\"target\":[\"https:\\\/\\\/phumaszyny.pl\\\/produkt\\\/tokarka-uniwersalana-harrison-m390-x-1250mm-2004r\\\/\"]}]},{\"@type\":\"ImageObject\",\"inLanguage\":\"pl-PL\",\"@id\":\"https:\\\/\\\/phumaszyny.pl\\\/produkt\\\/tokarka-uniwersalana-harrison-m390-x-1250mm-2004r\\\/#primaryimage\",\"url\":\"https:\\\/\\\/phumaszyny.pl\\\/wp-content\\\/uploads\\\/2024\\\/01\\\/IMG-20240103-WA0028_edit_1103801247702159.jpg\",\"contentUrl\":\"https:\\\/\\\/phumaszyny.pl\\\/wp-content\\\/uploads\\\/2024\\\/01\\\/IMG-20240103-WA0028_edit_1103801247702159.jpg\",\"width\":1600,\"height\":1200},{\"@type\":\"BreadcrumbList\",\"@id\":\"https:\\\/\\\/phumaszyny.pl\\\/produkt\\\/tokarka-uniwersalana-harrison-m390-x-1250mm-2004r\\\/#breadcrumb\",\"itemListElement\":[{\"@type\":\"ListItem\",\"position\":1,\"name\":\"Strona g\u0142\u00f3wna\",\"item\":\"https:\\\/\\\/phumaszyny.pl\\\/\"},{\"@type\":\"ListItem\",\"position\":2,\"name\":\"Sklep\",\"item\":\"https:\\\/\\\/phumaszyny.pl\\\/?page_id=120\"},{\"@type\":\"ListItem\",\"position\":3,\"name\":\"Tokarka Uniwersalana Harrison M390 x 1250mm 2004r sprzedana!!!\"}]},{\"@type\":\"WebSite\",\"@id\":\"https:\\\/\\\/phumaszyny.pl\\\/en\\\/#website\",\"url\":\"https:\\\/\\\/phumaszyny.pl\\\/en\\\/\",\"name\":\"PHU Maszyny\",\"description\":\"\",\"publisher\":{\"@id\":\"https:\\\/\\\/phumaszyny.pl\\\/en\\\/#\\\/schema\\\/person\\\/89b417042d67c2234d44e13e641d3dde\"},\"potentialAction\":[{\"@type\":\"SearchAction\",\"target\":{\"@type\":\"EntryPoint\",\"urlTemplate\":\"https:\\\/\\\/phumaszyny.pl\\\/en\\\/?s={search_term_string}\"},\"query-input\":{\"@type\":\"PropertyValueSpecification\",\"valueRequired\":true,\"valueName\":\"search_term_string\"}}],\"inLanguage\":\"pl-PL\"},{\"@type\":[\"Person\",\"Organization\"],\"@id\":\"https:\\\/\\\/phumaszyny.pl\\\/en\\\/#\\\/schema\\\/person\\\/89b417042d67c2234d44e13e641d3dde\",\"name\":\"phumaszyny\",\"image\":{\"@type\":\"ImageObject\",\"inLanguage\":\"pl-PL\",\"@id\":\"https:\\\/\\\/phumaszyny.pl\\\/wp-content\\\/uploads\\\/elementor\\\/screenshots\\\/Elementor-post-screenshot_313_2023-03-17-11-00-27_605626bb.png\",\"url\":\"https:\\\/\\\/phumaszyny.pl\\\/wp-content\\\/uploads\\\/elementor\\\/screenshots\\\/Elementor-post-screenshot_313_2023-03-17-11-00-27_605626bb.png\",\"contentUrl\":\"https:\\\/\\\/phumaszyny.pl\\\/wp-content\\\/uploads\\\/elementor\\\/screenshots\\\/Elementor-post-screenshot_313_2023-03-17-11-00-27_605626bb.png\",\"width\":1200,\"height\":323,\"caption\":\"phumaszyny\"},\"logo\":{\"@id\":\"https:\\\/\\\/phumaszyny.pl\\\/wp-content\\\/uploads\\\/elementor\\\/screenshots\\\/Elementor-post-screenshot_313_2023-03-17-11-00-27_605626bb.png\"},\"sameAs\":[\"http:\\\/\\\/www.phumaszyny.pl\"]}]}<\/script>\n<!-- \/ Yoast SEO plugin. -->","yoast_head_json":{"title":"Tokarka Uniwersalana Harrison M390 x 1250mm 2004r sprzedana!!! - PHU Maszyny","robots":{"index":"index","follow":"follow"},"canonical":"https:\/\/phumaszyny.pl\/pl\/produkt\/tokarka-uniwersalana-harrison-m390-x-1250mm-2004r\/","og_locale":"pl_PL","og_type":"article","og_title":"Tokarka Uniwersalana Harrison M390 x 1250mm 2004r sprzedana!!! - PHU Maszyny","og_description":"Tokarka Uniwersalna Harrison M390 x 1250 mm z wyci\u0105ganym mostkiem &nbsp; Rok produkcji 2004 &nbsp; Producent Harrison &nbsp; Model M390 &nbsp; Uchwyt 250mm &nbsp; Wysoko\u015b\u0107 k\u0142\u00f3w 195mm &nbsp; Odleg\u0142o\u015b\u0107 mi\u0119dzy k\u0142ami 1250 mm &nbsp; \u015arednica nad \u0142o\u017cem 400mm &nbsp; W wybraniu posta 585 mm &nbsp; Szeroko\u015b\u0107 wybrania mostka 165 mm &nbsp; \u015arednica nad suportem 246 [&hellip;]","og_url":"https:\/\/phumaszyny.pl\/pl\/produkt\/tokarka-uniwersalana-harrison-m390-x-1250mm-2004r\/","og_site_name":"PHU Maszyny","article_modified_time":"2025-11-16T15:46:35+00:00","og_image":[{"width":1600,"height":1200,"url":"https:\/\/phumaszyny.pl\/wp-content\/uploads\/2024\/01\/IMG-20240103-WA0028_edit_1103801247702159.jpg","type":"image\/jpeg"}],"twitter_card":"summary_large_image","twitter_misc":{"Szacowany czas czytania":"1 minuta"},"schema":{"@context":"https:\/\/schema.org","@graph":[{"@type":"WebPage","@id":"https:\/\/phumaszyny.pl\/produkt\/tokarka-uniwersalana-harrison-m390-x-1250mm-2004r\/","url":"https:\/\/phumaszyny.pl\/produkt\/tokarka-uniwersalana-harrison-m390-x-1250mm-2004r\/","name":"Tokarka Uniwersalana Harrison M390 x 1250mm 2004r sprzedana!!! - PHU Maszyny","isPartOf":{"@id":"https:\/\/phumaszyny.pl\/en\/#website"},"primaryImageOfPage":{"@id":"https:\/\/phumaszyny.pl\/produkt\/tokarka-uniwersalana-harrison-m390-x-1250mm-2004r\/#primaryimage"},"image":{"@id":"https:\/\/phumaszyny.pl\/produkt\/tokarka-uniwersalana-harrison-m390-x-1250mm-2004r\/#primaryimage"},"thumbnailUrl":"https:\/\/phumaszyny.pl\/wp-content\/uploads\/2024\/01\/IMG-20240103-WA0028_edit_1103801247702159.jpg","datePublished":"2024-01-11T18:58:09+00:00","dateModified":"2025-11-16T15:46:35+00:00","breadcrumb":{"@id":"https:\/\/phumaszyny.pl\/produkt\/tokarka-uniwersalana-harrison-m390-x-1250mm-2004r\/#breadcrumb"},"inLanguage":"pl-PL","potentialAction":[{"@type":"ReadAction","target":["https:\/\/phumaszyny.pl\/produkt\/tokarka-uniwersalana-harrison-m390-x-1250mm-2004r\/"]}]},{"@type":"ImageObject","inLanguage":"pl-PL","@id":"https:\/\/phumaszyny.pl\/produkt\/tokarka-uniwersalana-harrison-m390-x-1250mm-2004r\/#primaryimage","url":"https:\/\/phumaszyny.pl\/wp-content\/uploads\/2024\/01\/IMG-20240103-WA0028_edit_1103801247702159.jpg","contentUrl":"https:\/\/phumaszyny.pl\/wp-content\/uploads\/2024\/01\/IMG-20240103-WA0028_edit_1103801247702159.jpg","width":1600,"height":1200},{"@type":"BreadcrumbList","@id":"https:\/\/phumaszyny.pl\/produkt\/tokarka-uniwersalana-harrison-m390-x-1250mm-2004r\/#breadcrumb","itemListElement":[{"@type":"ListItem","position":1,"name":"Strona g\u0142\u00f3wna","item":"https:\/\/phumaszyny.pl\/"},{"@type":"ListItem","position":2,"name":"Sklep","item":"https:\/\/phumaszyny.pl\/?page_id=120"},{"@type":"ListItem","position":3,"name":"Tokarka Uniwersalana Harrison M390 x 1250mm 2004r sprzedana!!!"}]},{"@type":"WebSite","@id":"https:\/\/phumaszyny.pl\/en\/#website","url":"https:\/\/phumaszyny.pl\/en\/","name":"PHU Maszyny","description":"","publisher":{"@id":"https:\/\/phumaszyny.pl\/en\/#\/schema\/person\/89b417042d67c2234d44e13e641d3dde"},"potentialAction":[{"@type":"SearchAction","target":{"@type":"EntryPoint","urlTemplate":"https:\/\/phumaszyny.pl\/en\/?s={search_term_string}"},"query-input":{"@type":"PropertyValueSpecification","valueRequired":true,"valueName":"search_term_string"}}],"inLanguage":"pl-PL"},{"@type":["Person","Organization"],"@id":"https:\/\/phumaszyny.pl\/en\/#\/schema\/person\/89b417042d67c2234d44e13e641d3dde","name":"phumaszyny","image":{"@type":"ImageObject","inLanguage":"pl-PL","@id":"https:\/\/phumaszyny.pl\/wp-content\/uploads\/elementor\/screenshots\/Elementor-post-screenshot_313_2023-03-17-11-00-27_605626bb.png","url":"https:\/\/phumaszyny.pl\/wp-content\/uploads\/elementor\/screenshots\/Elementor-post-screenshot_313_2023-03-17-11-00-27_605626bb.png","contentUrl":"https:\/\/phumaszyny.pl\/wp-content\/uploads\/elementor\/screenshots\/Elementor-post-screenshot_313_2023-03-17-11-00-27_605626bb.png","width":1200,"height":323,"caption":"phumaszyny"},"logo":{"@id":"https:\/\/phumaszyny.pl\/wp-content\/uploads\/elementor\/screenshots\/Elementor-post-screenshot_313_2023-03-17-11-00-27_605626bb.png"},"sameAs":["http:\/\/www.phumaszyny.pl"]}]}},"_links":{"self":[{"href":"https:\/\/phumaszyny.pl\/pl\/wp-json\/wp\/v2\/product\/1831","targetHints":{"allow":["GET"]}}],"collection":[{"href":"https:\/\/phumaszyny.pl\/pl\/wp-json\/wp\/v2\/product"}],"about":[{"href":"https:\/\/phumaszyny.pl\/pl\/wp-json\/wp\/v2\/types\/product"}],"replies":[{"embeddable":true,"href":"https:\/\/phumaszyny.pl\/pl\/wp-json\/wp\/v2\/comments?post=1831"}],"version-history":[{"count":3,"href":"https:\/\/phumaszyny.pl\/pl\/wp-json\/wp\/v2\/product\/1831\/revisions"}],"predecessor-version":[{"id":3954,"href":"https:\/\/phumaszyny.pl\/pl\/wp-json\/wp\/v2\/product\/1831\/revisions\/3954"}],"wp:featuredmedia":[{"embeddable":true,"href":"https:\/\/phumaszyny.pl\/pl\/wp-json\/wp\/v2\/media\/1862"}],"wp:attachment":[{"href":"https:\/\/phumaszyny.pl\/pl\/wp-json\/wp\/v2\/media?parent=1831"}],"wp:term":[{"taxonomy":"product_brand","embeddable":true,"href":"https:\/\/phumaszyny.pl\/pl\/wp-json\/wp\/v2\/product_brand?post=1831"},{"taxonomy":"product_cat","embeddable":true,"href":"https:\/\/phumaszyny.pl\/pl\/wp-json\/wp\/v2\/product_cat?post=1831"},{"taxonomy":"product_tag","embeddable":true,"href":"https:\/\/phumaszyny.pl\/pl\/wp-json\/wp\/v2\/product_tag?post=1831"}],"curies":[{"name":"wp","href":"https:\/\/api.w.org\/{rel}","templated":true}]}}