{"id":1867,"date":"2024-01-11T20:22:43","date_gmt":"2024-01-11T19:22:43","guid":{"rendered":"https:\/\/phumaszyny.pl\/?post_type=product&#038;p=1867"},"modified":"2026-04-08T14:19:23","modified_gmt":"2026-04-08T12:19:23","slug":"frezarka-uniwersalna-tos-fgs-50-odczytywyposazen","status":"publish","type":"product","link":"https:\/\/phumaszyny.pl\/pl\/produkt\/frezarka-uniwersalna-tos-fgs-50-odczytywyposazen\/","title":{"rendered":"Frezarka uniwersalna TOS FGS 50\/63 odczyty cyfrowe"},"content":{"rendered":"<p>Frezarka uniwersalna<\/p>\n<p>Rodzaj maszyny: FGS 50\/63<\/p>\n<p>Producent: Tos<\/p>\n<p>Rok produkcji 1989<\/p>\n<p><b>Parametry<\/b><\/p>\n<p>D\u0142ugo\u015b\u0107 powierzchni sto\u0142u roboczego 1800 mm<\/p>\n<p>Szeroko\u015b\u0107 roboczej powierzchni sto\u0142u 630 mm<\/p>\n<p>Wymiary sto\u0142u mocuj\u0105ce 630 x 1800 mm<\/p>\n<p>Pod\u0142u\u017cny przejazd (X) 1400 mm<\/p>\n<p>przejazd pionowy (Z) 500 mm<\/p>\n<p>przejazd poprzeczny (Y) 630 mm<\/p>\n<p>Mocuj\u0105cy sto\u017cek wrzeciona\u00a0 ISO 50.<\/p>\n<p>obroty wrzeciona 35,5-1800 obr\/min<\/p>\n<p>Moc g\u0142\u00f3wnego silnika 15 kW<\/p>\n<p>Wymiary maszyny: d\u0142ugo\u015b\u0107\/szeroko\u015b\u0107\/wysoko\u015b\u0107 : 2670\/3050\/2500 mm<\/p>\n<p>Masa: 6000 kg<\/p>\n<p>maszyna sprawna. Posiada odczyty osi, w dobrym stanie technicznym pracuje cicho.<\/p>\n<p>Maszyna pod\u0142\u0105czona mo\u017cliwo\u015b\u0107 wykonania pr\u00f3b.<\/p>","protected":false},"excerpt":{"rendered":"<p>Frezarka uniwersalna Rodzaj maszyny: FGS 50\/63 Producent: Tos Rok produkcji 1989 Parametry D\u0142ugo\u015b\u0107 powierzchni sto\u0142u roboczego 1800 mm Szeroko\u015b\u0107 roboczej powierzchni sto\u0142u 630 mm Wymiary sto\u0142u mocuj\u0105ce 630 x 1800 mm Pod\u0142u\u017cny przejazd (X) 1400 mm przejazd pionowy (Z) 500 mm przejazd poprzeczny (Y) 630 mm Mocuj\u0105cy sto\u017cek wrzeciona\u00a0 ISO 50. obroty wrzeciona 35,5-1800 obr\/min [&hellip;]<\/p>\n","protected":false},"featured_media":4220,"comment_status":"open","ping_status":"closed","template":"","meta":{"_acf_changed":false},"product_brand":[],"product_cat":[27],"product_tag":[231,165,83,78],"class_list":{"0":"post-1867","1":"product","2":"type-product","3":"status-publish","4":"has-post-thumbnail","6":"product_cat-frezarki","7":"product_tag-fgs-50-63","8":"product_tag-frezarka-uniwersalna","9":"product_tag-kurim","10":"product_tag-tos","12":"first","13":"instock","14":"purchasable","15":"product-type-simple"},"acf":[],"yoast_head":"<!-- This site is optimized with the Yoast SEO plugin v27.3 - https:\/\/yoast.com\/product\/yoast-seo-wordpress\/ -->\n<title>Frezarka uniwersalna TOS FGS 50\/63 odczyty cyfrowe - PHU Maszyny<\/title>\n<meta name=\"robots\" content=\"index, follow\" \/>\n<link rel=\"canonical\" href=\"https:\/\/phumaszyny.pl\/pl\/produkt\/frezarka-uniwersalna-tos-fgs-50-odczytywyposazen\/\" \/>\n<meta property=\"og:locale\" content=\"pl_PL\" \/>\n<meta property=\"og:type\" content=\"article\" \/>\n<meta property=\"og:title\" content=\"Frezarka uniwersalna TOS FGS 50\/63 odczyty cyfrowe - PHU Maszyny\" \/>\n<meta property=\"og:description\" content=\"Frezarka uniwersalna Rodzaj maszyny: FGS 50\/63 Producent: Tos Rok produkcji 1989 Parametry D\u0142ugo\u015b\u0107 powierzchni sto\u0142u roboczego 1800 mm Szeroko\u015b\u0107 roboczej powierzchni sto\u0142u 630 mm Wymiary sto\u0142u mocuj\u0105ce 630 x 1800 mm Pod\u0142u\u017cny przejazd (X) 1400 mm przejazd pionowy (Z) 500 mm przejazd poprzeczny (Y) 630 mm Mocuj\u0105cy sto\u017cek wrzeciona\u00a0 ISO 50. obroty wrzeciona 35,5-1800 obr\/min [&hellip;]\" \/>\n<meta property=\"og:url\" content=\"https:\/\/phumaszyny.pl\/pl\/produkt\/frezarka-uniwersalna-tos-fgs-50-odczytywyposazen\/\" \/>\n<meta property=\"og:site_name\" content=\"PHU Maszyny\" \/>\n<meta property=\"article:modified_time\" content=\"2026-04-08T12:19:23+00:00\" \/>\n<meta property=\"og:image\" content=\"https:\/\/phumaszyny.pl\/wp-content\/uploads\/2024\/01\/20260324_104429-scaled.jpg\" \/>\n\t<meta property=\"og:image:width\" content=\"1441\" \/>\n\t<meta property=\"og:image:height\" content=\"2560\" \/>\n\t<meta property=\"og:image:type\" content=\"image\/jpeg\" \/>\n<meta name=\"twitter:card\" content=\"summary_large_image\" \/>\n<meta name=\"twitter:label1\" content=\"Szacowany czas czytania\" \/>\n\t<meta name=\"twitter:data1\" content=\"1 minuta\" \/>\n<script type=\"application\/ld+json\" class=\"yoast-schema-graph\">{\"@context\":\"https:\\\/\\\/schema.org\",\"@graph\":[{\"@type\":\"WebPage\",\"@id\":\"https:\\\/\\\/phumaszyny.pl\\\/produkt\\\/frezarka-uniwersalna-tos-fgs-50-odczytywyposazen\\\/\",\"url\":\"https:\\\/\\\/phumaszyny.pl\\\/produkt\\\/frezarka-uniwersalna-tos-fgs-50-odczytywyposazen\\\/\",\"name\":\"Frezarka uniwersalna TOS FGS 50\\\/63 odczyty cyfrowe - PHU Maszyny\",\"isPartOf\":{\"@id\":\"https:\\\/\\\/phumaszyny.pl\\\/en\\\/#website\"},\"primaryImageOfPage\":{\"@id\":\"https:\\\/\\\/phumaszyny.pl\\\/produkt\\\/frezarka-uniwersalna-tos-fgs-50-odczytywyposazen\\\/#primaryimage\"},\"image\":{\"@id\":\"https:\\\/\\\/phumaszyny.pl\\\/produkt\\\/frezarka-uniwersalna-tos-fgs-50-odczytywyposazen\\\/#primaryimage\"},\"thumbnailUrl\":\"https:\\\/\\\/phumaszyny.pl\\\/wp-content\\\/uploads\\\/2024\\\/01\\\/20260324_104429-scaled.jpg\",\"datePublished\":\"2024-01-11T19:22:43+00:00\",\"dateModified\":\"2026-04-08T12:19:23+00:00\",\"breadcrumb\":{\"@id\":\"https:\\\/\\\/phumaszyny.pl\\\/produkt\\\/frezarka-uniwersalna-tos-fgs-50-odczytywyposazen\\\/#breadcrumb\"},\"inLanguage\":\"pl-PL\",\"potentialAction\":[{\"@type\":\"ReadAction\",\"target\":[\"https:\\\/\\\/phumaszyny.pl\\\/produkt\\\/frezarka-uniwersalna-tos-fgs-50-odczytywyposazen\\\/\"]}]},{\"@type\":\"ImageObject\",\"inLanguage\":\"pl-PL\",\"@id\":\"https:\\\/\\\/phumaszyny.pl\\\/produkt\\\/frezarka-uniwersalna-tos-fgs-50-odczytywyposazen\\\/#primaryimage\",\"url\":\"https:\\\/\\\/phumaszyny.pl\\\/wp-content\\\/uploads\\\/2024\\\/01\\\/20260324_104429-scaled.jpg\",\"contentUrl\":\"https:\\\/\\\/phumaszyny.pl\\\/wp-content\\\/uploads\\\/2024\\\/01\\\/20260324_104429-scaled.jpg\",\"width\":1441,\"height\":2560},{\"@type\":\"BreadcrumbList\",\"@id\":\"https:\\\/\\\/phumaszyny.pl\\\/produkt\\\/frezarka-uniwersalna-tos-fgs-50-odczytywyposazen\\\/#breadcrumb\",\"itemListElement\":[{\"@type\":\"ListItem\",\"position\":1,\"name\":\"Strona g\u0142\u00f3wna\",\"item\":\"https:\\\/\\\/phumaszyny.pl\\\/\"},{\"@type\":\"ListItem\",\"position\":2,\"name\":\"Sklep\",\"item\":\"https:\\\/\\\/phumaszyny.pl\\\/?page_id=120\"},{\"@type\":\"ListItem\",\"position\":3,\"name\":\"Frezarka uniwersalna TOS FGS 50\\\/63 odczyty cyfrowe\"}]},{\"@type\":\"WebSite\",\"@id\":\"https:\\\/\\\/phumaszyny.pl\\\/en\\\/#website\",\"url\":\"https:\\\/\\\/phumaszyny.pl\\\/en\\\/\",\"name\":\"PHU Maszyny\",\"description\":\"\",\"publisher\":{\"@id\":\"https:\\\/\\\/phumaszyny.pl\\\/en\\\/#\\\/schema\\\/person\\\/89b417042d67c2234d44e13e641d3dde\"},\"potentialAction\":[{\"@type\":\"SearchAction\",\"target\":{\"@type\":\"EntryPoint\",\"urlTemplate\":\"https:\\\/\\\/phumaszyny.pl\\\/en\\\/?s={search_term_string}\"},\"query-input\":{\"@type\":\"PropertyValueSpecification\",\"valueRequired\":true,\"valueName\":\"search_term_string\"}}],\"inLanguage\":\"pl-PL\"},{\"@type\":[\"Person\",\"Organization\"],\"@id\":\"https:\\\/\\\/phumaszyny.pl\\\/en\\\/#\\\/schema\\\/person\\\/89b417042d67c2234d44e13e641d3dde\",\"name\":\"phumaszyny\",\"image\":{\"@type\":\"ImageObject\",\"inLanguage\":\"pl-PL\",\"@id\":\"https:\\\/\\\/phumaszyny.pl\\\/wp-content\\\/uploads\\\/elementor\\\/screenshots\\\/Elementor-post-screenshot_313_2023-03-17-11-00-27_605626bb.png\",\"url\":\"https:\\\/\\\/phumaszyny.pl\\\/wp-content\\\/uploads\\\/elementor\\\/screenshots\\\/Elementor-post-screenshot_313_2023-03-17-11-00-27_605626bb.png\",\"contentUrl\":\"https:\\\/\\\/phumaszyny.pl\\\/wp-content\\\/uploads\\\/elementor\\\/screenshots\\\/Elementor-post-screenshot_313_2023-03-17-11-00-27_605626bb.png\",\"width\":1200,\"height\":323,\"caption\":\"phumaszyny\"},\"logo\":{\"@id\":\"https:\\\/\\\/phumaszyny.pl\\\/wp-content\\\/uploads\\\/elementor\\\/screenshots\\\/Elementor-post-screenshot_313_2023-03-17-11-00-27_605626bb.png\"},\"sameAs\":[\"http:\\\/\\\/www.phumaszyny.pl\"]}]}<\/script>\n<!-- \/ Yoast SEO plugin. -->","yoast_head_json":{"title":"Frezarka uniwersalna TOS FGS 50\/63 odczyty cyfrowe - PHU Maszyny","robots":{"index":"index","follow":"follow"},"canonical":"https:\/\/phumaszyny.pl\/pl\/produkt\/frezarka-uniwersalna-tos-fgs-50-odczytywyposazen\/","og_locale":"pl_PL","og_type":"article","og_title":"Frezarka uniwersalna TOS FGS 50\/63 odczyty cyfrowe - PHU Maszyny","og_description":"Frezarka uniwersalna Rodzaj maszyny: FGS 50\/63 Producent: Tos Rok produkcji 1989 Parametry D\u0142ugo\u015b\u0107 powierzchni sto\u0142u roboczego 1800 mm Szeroko\u015b\u0107 roboczej powierzchni sto\u0142u 630 mm Wymiary sto\u0142u mocuj\u0105ce 630 x 1800 mm Pod\u0142u\u017cny przejazd (X) 1400 mm przejazd pionowy (Z) 500 mm przejazd poprzeczny (Y) 630 mm Mocuj\u0105cy sto\u017cek wrzeciona\u00a0 ISO 50. obroty wrzeciona 35,5-1800 obr\/min [&hellip;]","og_url":"https:\/\/phumaszyny.pl\/pl\/produkt\/frezarka-uniwersalna-tos-fgs-50-odczytywyposazen\/","og_site_name":"PHU Maszyny","article_modified_time":"2026-04-08T12:19:23+00:00","og_image":[{"width":1441,"height":2560,"url":"https:\/\/phumaszyny.pl\/wp-content\/uploads\/2024\/01\/20260324_104429-scaled.jpg","type":"image\/jpeg"}],"twitter_card":"summary_large_image","twitter_misc":{"Szacowany czas czytania":"1 minuta"},"schema":{"@context":"https:\/\/schema.org","@graph":[{"@type":"WebPage","@id":"https:\/\/phumaszyny.pl\/produkt\/frezarka-uniwersalna-tos-fgs-50-odczytywyposazen\/","url":"https:\/\/phumaszyny.pl\/produkt\/frezarka-uniwersalna-tos-fgs-50-odczytywyposazen\/","name":"Frezarka uniwersalna TOS FGS 50\/63 odczyty cyfrowe - PHU Maszyny","isPartOf":{"@id":"https:\/\/phumaszyny.pl\/en\/#website"},"primaryImageOfPage":{"@id":"https:\/\/phumaszyny.pl\/produkt\/frezarka-uniwersalna-tos-fgs-50-odczytywyposazen\/#primaryimage"},"image":{"@id":"https:\/\/phumaszyny.pl\/produkt\/frezarka-uniwersalna-tos-fgs-50-odczytywyposazen\/#primaryimage"},"thumbnailUrl":"https:\/\/phumaszyny.pl\/wp-content\/uploads\/2024\/01\/20260324_104429-scaled.jpg","datePublished":"2024-01-11T19:22:43+00:00","dateModified":"2026-04-08T12:19:23+00:00","breadcrumb":{"@id":"https:\/\/phumaszyny.pl\/produkt\/frezarka-uniwersalna-tos-fgs-50-odczytywyposazen\/#breadcrumb"},"inLanguage":"pl-PL","potentialAction":[{"@type":"ReadAction","target":["https:\/\/phumaszyny.pl\/produkt\/frezarka-uniwersalna-tos-fgs-50-odczytywyposazen\/"]}]},{"@type":"ImageObject","inLanguage":"pl-PL","@id":"https:\/\/phumaszyny.pl\/produkt\/frezarka-uniwersalna-tos-fgs-50-odczytywyposazen\/#primaryimage","url":"https:\/\/phumaszyny.pl\/wp-content\/uploads\/2024\/01\/20260324_104429-scaled.jpg","contentUrl":"https:\/\/phumaszyny.pl\/wp-content\/uploads\/2024\/01\/20260324_104429-scaled.jpg","width":1441,"height":2560},{"@type":"BreadcrumbList","@id":"https:\/\/phumaszyny.pl\/produkt\/frezarka-uniwersalna-tos-fgs-50-odczytywyposazen\/#breadcrumb","itemListElement":[{"@type":"ListItem","position":1,"name":"Strona g\u0142\u00f3wna","item":"https:\/\/phumaszyny.pl\/"},{"@type":"ListItem","position":2,"name":"Sklep","item":"https:\/\/phumaszyny.pl\/?page_id=120"},{"@type":"ListItem","position":3,"name":"Frezarka uniwersalna TOS FGS 50\/63 odczyty cyfrowe"}]},{"@type":"WebSite","@id":"https:\/\/phumaszyny.pl\/en\/#website","url":"https:\/\/phumaszyny.pl\/en\/","name":"PHU Maszyny","description":"","publisher":{"@id":"https:\/\/phumaszyny.pl\/en\/#\/schema\/person\/89b417042d67c2234d44e13e641d3dde"},"potentialAction":[{"@type":"SearchAction","target":{"@type":"EntryPoint","urlTemplate":"https:\/\/phumaszyny.pl\/en\/?s={search_term_string}"},"query-input":{"@type":"PropertyValueSpecification","valueRequired":true,"valueName":"search_term_string"}}],"inLanguage":"pl-PL"},{"@type":["Person","Organization"],"@id":"https:\/\/phumaszyny.pl\/en\/#\/schema\/person\/89b417042d67c2234d44e13e641d3dde","name":"phumaszyny","image":{"@type":"ImageObject","inLanguage":"pl-PL","@id":"https:\/\/phumaszyny.pl\/wp-content\/uploads\/elementor\/screenshots\/Elementor-post-screenshot_313_2023-03-17-11-00-27_605626bb.png","url":"https:\/\/phumaszyny.pl\/wp-content\/uploads\/elementor\/screenshots\/Elementor-post-screenshot_313_2023-03-17-11-00-27_605626bb.png","contentUrl":"https:\/\/phumaszyny.pl\/wp-content\/uploads\/elementor\/screenshots\/Elementor-post-screenshot_313_2023-03-17-11-00-27_605626bb.png","width":1200,"height":323,"caption":"phumaszyny"},"logo":{"@id":"https:\/\/phumaszyny.pl\/wp-content\/uploads\/elementor\/screenshots\/Elementor-post-screenshot_313_2023-03-17-11-00-27_605626bb.png"},"sameAs":["http:\/\/www.phumaszyny.pl"]}]}},"_links":{"self":[{"href":"https:\/\/phumaszyny.pl\/pl\/wp-json\/wp\/v2\/product\/1867","targetHints":{"allow":["GET"]}}],"collection":[{"href":"https:\/\/phumaszyny.pl\/pl\/wp-json\/wp\/v2\/product"}],"about":[{"href":"https:\/\/phumaszyny.pl\/pl\/wp-json\/wp\/v2\/types\/product"}],"replies":[{"embeddable":true,"href":"https:\/\/phumaszyny.pl\/pl\/wp-json\/wp\/v2\/comments?post=1867"}],"version-history":[{"count":3,"href":"https:\/\/phumaszyny.pl\/pl\/wp-json\/wp\/v2\/product\/1867\/revisions"}],"predecessor-version":[{"id":2571,"href":"https:\/\/phumaszyny.pl\/pl\/wp-json\/wp\/v2\/product\/1867\/revisions\/2571"}],"wp:featuredmedia":[{"embeddable":true,"href":"https:\/\/phumaszyny.pl\/pl\/wp-json\/wp\/v2\/media\/4220"}],"wp:attachment":[{"href":"https:\/\/phumaszyny.pl\/pl\/wp-json\/wp\/v2\/media?parent=1867"}],"wp:term":[{"taxonomy":"product_brand","embeddable":true,"href":"https:\/\/phumaszyny.pl\/pl\/wp-json\/wp\/v2\/product_brand?post=1867"},{"taxonomy":"product_cat","embeddable":true,"href":"https:\/\/phumaszyny.pl\/pl\/wp-json\/wp\/v2\/product_cat?post=1867"},{"taxonomy":"product_tag","embeddable":true,"href":"https:\/\/phumaszyny.pl\/pl\/wp-json\/wp\/v2\/product_tag?post=1867"}],"curies":[{"name":"wp","href":"https:\/\/api.w.org\/{rel}","templated":true}]}}