{"id":1949,"date":"2024-02-23T11:04:12","date_gmt":"2024-02-23T10:04:12","guid":{"rendered":"https:\/\/phumaszyny.pl\/?post_type=product&#038;p=1949"},"modified":"2024-08-22T23:00:25","modified_gmt":"2024-08-22T21:00:25","slug":"szlifierka-do-plaszczyzn-jotes-spd-30c-1985r","status":"publish","type":"product","link":"https:\/\/phumaszyny.pl\/pl\/produkt\/szlifierka-do-plaszczyzn-jotes-spd-30c-1985r\/","title":{"rendered":"Szlifierka do p\u0142aszczyzn Jotes SPD 30C 1985r sprzedana!!!"},"content":{"rendered":"<blockquote><p><b>Szlifierka do p\u0142aszczyzn SPD 30C<\/b><\/p>\n<p><b>Producent Jotes<\/b><\/p>\n<p><b>Typ SPD 30C<\/b><\/p>\n<p><b>Rok produkcji 1985r<\/b><\/p>\n<p>Dane techniczne:<\/p>\n<p>&#8211; najwi\u0119ksza d\u0142ugo\u015b\u0107 szlifowania: 1000mm,<\/p>\n<p>&#8211; najwi\u0119ksza szeroko\u015b\u0107 szlifowania: 300mm,<\/p>\n<p>&#8211; najwi\u0119ksze wzniesienie osi wrzeciona ponad sto\u0142em: 575mm,<\/p>\n<p>&#8211; najmniejsze wzniesienie osi wrzeciona ponad sto\u0142em: 125mm,<\/p>\n<p>&#8211; najmniejszy skok sto\u0142u: 200mm,<\/p>\n<p>&#8211; zakres pr\u0119dko\u015bci sto\u0142u: regulacja ci\u0105g\u0142a 2-30m\/min,<\/p>\n<p>&#8211; powierzchnia robocza sto\u0142u: 300x1000mm,<\/p>\n<p>&#8211; najwi\u0119kszy poziomy przesuw \u015bciernicy: 370mm,<\/p>\n<p>&#8211; nastawialny ci\u0105g\u0142y posuw \u015bciernicy: 0,5-4,5m\/min,<\/p>\n<p>&#8211; nastawialny skokowy posuw \u015bciernicy (na ka\u017cdy skok sto\u0142u): 3 &#8211; 30mm,<\/p>\n<p>&#8211; r\u0119czny przesuw \u015bciernicy: 1 dzia\u0142ka skali odpowiada 0,05mm, 1 obr\u00f3t k\u00f3\u0142ka odpowiada 8mm,<\/p>\n<p>&#8211; najwi\u0119ksze przesuni\u0119cie pionowe \u015bciernicy: 450mm,<\/p>\n<p>&#8211; pr\u0119dko\u015b\u0107 pionowego przyspieszonego przesuwu \u015bciernicy:\u00a00,6m\/min,<\/p>\n<p>&#8211; \u015brednica nowej \u015bciernicy: 350mm,<\/p>\n<p>&#8211; szeroko\u015b\u0107 \u015bciernicy: 63mm,<\/p>\n<ul>\n<li>szybko\u015b\u0107 obwodowa \u015bciernicy: 26m\/s,ca\u0142kowite zapotrzebowanie na moc: 12kW,<\/li>\n<li>wymiary gabarytowe: 4000 x 2080 x 2260mm,<\/li>\n<li>ci\u0119\u017car: 5000kg<\/li>\n<\/ul>\n<\/blockquote>\n<p>Maszyna w bardzo dobrym stanie technicznym pod\u0142\u0105czona gotowa do przeprowadzenia pr\u00f3by. Zapewniamy profesionalny za\u0142adunek oraz pomoc w organizacji transportu.<\/p>\n<p><!--more--><\/p>","protected":false},"excerpt":{"rendered":"<p>Szlifierka do p\u0142aszczyzn SPD 30C Producent Jotes Typ SPD 30C Rok produkcji 1985r Dane techniczne: &#8211; najwi\u0119ksza d\u0142ugo\u015b\u0107 szlifowania: 1000mm, &#8211; najwi\u0119ksza szeroko\u015b\u0107 szlifowania: 300mm, &#8211; najwi\u0119ksze wzniesienie osi wrzeciona ponad sto\u0142em: 575mm, &#8211; najmniejsze wzniesienie osi wrzeciona ponad sto\u0142em: 125mm, &#8211; najmniejszy skok sto\u0142u: 200mm, &#8211; zakres pr\u0119dko\u015bci sto\u0142u: regulacja ci\u0105g\u0142a 2-30m\/min, &#8211; powierzchnia [&hellip;]<\/p>\n","protected":false},"featured_media":1950,"comment_status":"open","ping_status":"closed","template":"","meta":{"_acf_changed":false},"product_brand":[],"product_cat":[33],"product_tag":[177,176,172,173,174,95,175],"class_list":{"0":"post-1949","1":"product","2":"type-product","3":"status-publish","4":"has-post-thumbnail","6":"product_cat-szlifierki","7":"product_tag-1000mm","8":"product_tag-300mm","9":"product_tag-jotes","10":"product_tag-spc-30","11":"product_tag-szlifierka-duza","12":"product_tag-szlifierka-na-plasko","13":"product_tag-szlifierka-polska","15":"first","16":"instock","17":"sale","18":"taxable","19":"shipping-taxable","20":"purchasable","21":"product-type-simple"},"acf":[],"yoast_head":"<!-- This site is optimized with the Yoast SEO plugin v27.3 - https:\/\/yoast.com\/product\/yoast-seo-wordpress\/ -->\n<title>Szlifierka do p\u0142aszczyzn Jotes SPD 30C 1985r sprzedana!!! - PHU Maszyny<\/title>\n<meta name=\"robots\" content=\"index, follow\" \/>\n<link rel=\"canonical\" href=\"https:\/\/phumaszyny.pl\/pl\/produkt\/szlifierka-do-plaszczyzn-jotes-spd-30c-1985r\/\" \/>\n<meta property=\"og:locale\" content=\"pl_PL\" \/>\n<meta property=\"og:type\" content=\"article\" \/>\n<meta property=\"og:title\" content=\"Szlifierka do p\u0142aszczyzn Jotes SPD 30C 1985r sprzedana!!! - PHU Maszyny\" \/>\n<meta property=\"og:description\" content=\"Szlifierka do p\u0142aszczyzn SPD 30C Producent Jotes Typ SPD 30C Rok produkcji 1985r Dane techniczne: &#8211; najwi\u0119ksza d\u0142ugo\u015b\u0107 szlifowania: 1000mm, &#8211; najwi\u0119ksza szeroko\u015b\u0107 szlifowania: 300mm, &#8211; najwi\u0119ksze wzniesienie osi wrzeciona ponad sto\u0142em: 575mm, &#8211; najmniejsze wzniesienie osi wrzeciona ponad sto\u0142em: 125mm, &#8211; najmniejszy skok sto\u0142u: 200mm, &#8211; zakres pr\u0119dko\u015bci sto\u0142u: regulacja ci\u0105g\u0142a 2-30m\/min, &#8211; powierzchnia [&hellip;]\" \/>\n<meta property=\"og:url\" content=\"https:\/\/phumaszyny.pl\/pl\/produkt\/szlifierka-do-plaszczyzn-jotes-spd-30c-1985r\/\" \/>\n<meta property=\"og:site_name\" content=\"PHU Maszyny\" \/>\n<meta property=\"article:modified_time\" content=\"2024-08-22T21:00:25+00:00\" \/>\n<meta property=\"og:image\" content=\"https:\/\/phumaszyny.pl\/wp-content\/uploads\/2024\/02\/IMG_20240212_164026.jpg\" \/>\n\t<meta property=\"og:image:width\" content=\"1440\" \/>\n\t<meta property=\"og:image:height\" content=\"1920\" \/>\n\t<meta property=\"og:image:type\" content=\"image\/jpeg\" \/>\n<meta name=\"twitter:card\" content=\"summary_large_image\" \/>\n<meta name=\"twitter:label1\" content=\"Szacowany czas czytania\" \/>\n\t<meta name=\"twitter:data1\" content=\"1 minuta\" \/>\n<script type=\"application\/ld+json\" class=\"yoast-schema-graph\">{\"@context\":\"https:\\\/\\\/schema.org\",\"@graph\":[{\"@type\":\"WebPage\",\"@id\":\"https:\\\/\\\/phumaszyny.pl\\\/produkt\\\/szlifierka-do-plaszczyzn-jotes-spd-30c-1985r\\\/\",\"url\":\"https:\\\/\\\/phumaszyny.pl\\\/produkt\\\/szlifierka-do-plaszczyzn-jotes-spd-30c-1985r\\\/\",\"name\":\"Szlifierka do p\u0142aszczyzn Jotes SPD 30C 1985r sprzedana!!! - PHU Maszyny\",\"isPartOf\":{\"@id\":\"https:\\\/\\\/phumaszyny.pl\\\/en\\\/#website\"},\"primaryImageOfPage\":{\"@id\":\"https:\\\/\\\/phumaszyny.pl\\\/produkt\\\/szlifierka-do-plaszczyzn-jotes-spd-30c-1985r\\\/#primaryimage\"},\"image\":{\"@id\":\"https:\\\/\\\/phumaszyny.pl\\\/produkt\\\/szlifierka-do-plaszczyzn-jotes-spd-30c-1985r\\\/#primaryimage\"},\"thumbnailUrl\":\"https:\\\/\\\/phumaszyny.pl\\\/wp-content\\\/uploads\\\/2024\\\/02\\\/IMG_20240212_164026.jpg\",\"datePublished\":\"2024-02-23T10:04:12+00:00\",\"dateModified\":\"2024-08-22T21:00:25+00:00\",\"breadcrumb\":{\"@id\":\"https:\\\/\\\/phumaszyny.pl\\\/produkt\\\/szlifierka-do-plaszczyzn-jotes-spd-30c-1985r\\\/#breadcrumb\"},\"inLanguage\":\"pl-PL\",\"potentialAction\":[{\"@type\":\"ReadAction\",\"target\":[\"https:\\\/\\\/phumaszyny.pl\\\/produkt\\\/szlifierka-do-plaszczyzn-jotes-spd-30c-1985r\\\/\"]}]},{\"@type\":\"ImageObject\",\"inLanguage\":\"pl-PL\",\"@id\":\"https:\\\/\\\/phumaszyny.pl\\\/produkt\\\/szlifierka-do-plaszczyzn-jotes-spd-30c-1985r\\\/#primaryimage\",\"url\":\"https:\\\/\\\/phumaszyny.pl\\\/wp-content\\\/uploads\\\/2024\\\/02\\\/IMG_20240212_164026.jpg\",\"contentUrl\":\"https:\\\/\\\/phumaszyny.pl\\\/wp-content\\\/uploads\\\/2024\\\/02\\\/IMG_20240212_164026.jpg\",\"width\":1440,\"height\":1920,\"caption\":\"_cuva\"},{\"@type\":\"BreadcrumbList\",\"@id\":\"https:\\\/\\\/phumaszyny.pl\\\/produkt\\\/szlifierka-do-plaszczyzn-jotes-spd-30c-1985r\\\/#breadcrumb\",\"itemListElement\":[{\"@type\":\"ListItem\",\"position\":1,\"name\":\"Strona g\u0142\u00f3wna\",\"item\":\"https:\\\/\\\/phumaszyny.pl\\\/\"},{\"@type\":\"ListItem\",\"position\":2,\"name\":\"Sklep\",\"item\":\"https:\\\/\\\/phumaszyny.pl\\\/?page_id=120\"},{\"@type\":\"ListItem\",\"position\":3,\"name\":\"Szlifierka do p\u0142aszczyzn Jotes SPD 30C 1985r sprzedana!!!\"}]},{\"@type\":\"WebSite\",\"@id\":\"https:\\\/\\\/phumaszyny.pl\\\/en\\\/#website\",\"url\":\"https:\\\/\\\/phumaszyny.pl\\\/en\\\/\",\"name\":\"PHU Maszyny\",\"description\":\"\",\"publisher\":{\"@id\":\"https:\\\/\\\/phumaszyny.pl\\\/en\\\/#\\\/schema\\\/person\\\/89b417042d67c2234d44e13e641d3dde\"},\"potentialAction\":[{\"@type\":\"SearchAction\",\"target\":{\"@type\":\"EntryPoint\",\"urlTemplate\":\"https:\\\/\\\/phumaszyny.pl\\\/en\\\/?s={search_term_string}\"},\"query-input\":{\"@type\":\"PropertyValueSpecification\",\"valueRequired\":true,\"valueName\":\"search_term_string\"}}],\"inLanguage\":\"pl-PL\"},{\"@type\":[\"Person\",\"Organization\"],\"@id\":\"https:\\\/\\\/phumaszyny.pl\\\/en\\\/#\\\/schema\\\/person\\\/89b417042d67c2234d44e13e641d3dde\",\"name\":\"phumaszyny\",\"image\":{\"@type\":\"ImageObject\",\"inLanguage\":\"pl-PL\",\"@id\":\"https:\\\/\\\/phumaszyny.pl\\\/wp-content\\\/uploads\\\/elementor\\\/screenshots\\\/Elementor-post-screenshot_313_2023-03-17-11-00-27_605626bb.png\",\"url\":\"https:\\\/\\\/phumaszyny.pl\\\/wp-content\\\/uploads\\\/elementor\\\/screenshots\\\/Elementor-post-screenshot_313_2023-03-17-11-00-27_605626bb.png\",\"contentUrl\":\"https:\\\/\\\/phumaszyny.pl\\\/wp-content\\\/uploads\\\/elementor\\\/screenshots\\\/Elementor-post-screenshot_313_2023-03-17-11-00-27_605626bb.png\",\"width\":1200,\"height\":323,\"caption\":\"phumaszyny\"},\"logo\":{\"@id\":\"https:\\\/\\\/phumaszyny.pl\\\/wp-content\\\/uploads\\\/elementor\\\/screenshots\\\/Elementor-post-screenshot_313_2023-03-17-11-00-27_605626bb.png\"},\"sameAs\":[\"http:\\\/\\\/www.phumaszyny.pl\"]}]}<\/script>\n<!-- \/ Yoast SEO plugin. -->","yoast_head_json":{"title":"Szlifierka do p\u0142aszczyzn Jotes SPD 30C 1985r sprzedana!!! - PHU Maszyny","robots":{"index":"index","follow":"follow"},"canonical":"https:\/\/phumaszyny.pl\/pl\/produkt\/szlifierka-do-plaszczyzn-jotes-spd-30c-1985r\/","og_locale":"pl_PL","og_type":"article","og_title":"Szlifierka do p\u0142aszczyzn Jotes SPD 30C 1985r sprzedana!!! - PHU Maszyny","og_description":"Szlifierka do p\u0142aszczyzn SPD 30C Producent Jotes Typ SPD 30C Rok produkcji 1985r Dane techniczne: &#8211; najwi\u0119ksza d\u0142ugo\u015b\u0107 szlifowania: 1000mm, &#8211; najwi\u0119ksza szeroko\u015b\u0107 szlifowania: 300mm, &#8211; najwi\u0119ksze wzniesienie osi wrzeciona ponad sto\u0142em: 575mm, &#8211; najmniejsze wzniesienie osi wrzeciona ponad sto\u0142em: 125mm, &#8211; najmniejszy skok sto\u0142u: 200mm, &#8211; zakres pr\u0119dko\u015bci sto\u0142u: regulacja ci\u0105g\u0142a 2-30m\/min, &#8211; powierzchnia [&hellip;]","og_url":"https:\/\/phumaszyny.pl\/pl\/produkt\/szlifierka-do-plaszczyzn-jotes-spd-30c-1985r\/","og_site_name":"PHU Maszyny","article_modified_time":"2024-08-22T21:00:25+00:00","og_image":[{"width":1440,"height":1920,"url":"https:\/\/phumaszyny.pl\/wp-content\/uploads\/2024\/02\/IMG_20240212_164026.jpg","type":"image\/jpeg"}],"twitter_card":"summary_large_image","twitter_misc":{"Szacowany czas czytania":"1 minuta"},"schema":{"@context":"https:\/\/schema.org","@graph":[{"@type":"WebPage","@id":"https:\/\/phumaszyny.pl\/produkt\/szlifierka-do-plaszczyzn-jotes-spd-30c-1985r\/","url":"https:\/\/phumaszyny.pl\/produkt\/szlifierka-do-plaszczyzn-jotes-spd-30c-1985r\/","name":"Szlifierka do p\u0142aszczyzn Jotes SPD 30C 1985r sprzedana!!! - PHU Maszyny","isPartOf":{"@id":"https:\/\/phumaszyny.pl\/en\/#website"},"primaryImageOfPage":{"@id":"https:\/\/phumaszyny.pl\/produkt\/szlifierka-do-plaszczyzn-jotes-spd-30c-1985r\/#primaryimage"},"image":{"@id":"https:\/\/phumaszyny.pl\/produkt\/szlifierka-do-plaszczyzn-jotes-spd-30c-1985r\/#primaryimage"},"thumbnailUrl":"https:\/\/phumaszyny.pl\/wp-content\/uploads\/2024\/02\/IMG_20240212_164026.jpg","datePublished":"2024-02-23T10:04:12+00:00","dateModified":"2024-08-22T21:00:25+00:00","breadcrumb":{"@id":"https:\/\/phumaszyny.pl\/produkt\/szlifierka-do-plaszczyzn-jotes-spd-30c-1985r\/#breadcrumb"},"inLanguage":"pl-PL","potentialAction":[{"@type":"ReadAction","target":["https:\/\/phumaszyny.pl\/produkt\/szlifierka-do-plaszczyzn-jotes-spd-30c-1985r\/"]}]},{"@type":"ImageObject","inLanguage":"pl-PL","@id":"https:\/\/phumaszyny.pl\/produkt\/szlifierka-do-plaszczyzn-jotes-spd-30c-1985r\/#primaryimage","url":"https:\/\/phumaszyny.pl\/wp-content\/uploads\/2024\/02\/IMG_20240212_164026.jpg","contentUrl":"https:\/\/phumaszyny.pl\/wp-content\/uploads\/2024\/02\/IMG_20240212_164026.jpg","width":1440,"height":1920,"caption":"_cuva"},{"@type":"BreadcrumbList","@id":"https:\/\/phumaszyny.pl\/produkt\/szlifierka-do-plaszczyzn-jotes-spd-30c-1985r\/#breadcrumb","itemListElement":[{"@type":"ListItem","position":1,"name":"Strona g\u0142\u00f3wna","item":"https:\/\/phumaszyny.pl\/"},{"@type":"ListItem","position":2,"name":"Sklep","item":"https:\/\/phumaszyny.pl\/?page_id=120"},{"@type":"ListItem","position":3,"name":"Szlifierka do p\u0142aszczyzn Jotes SPD 30C 1985r sprzedana!!!"}]},{"@type":"WebSite","@id":"https:\/\/phumaszyny.pl\/en\/#website","url":"https:\/\/phumaszyny.pl\/en\/","name":"PHU Maszyny","description":"","publisher":{"@id":"https:\/\/phumaszyny.pl\/en\/#\/schema\/person\/89b417042d67c2234d44e13e641d3dde"},"potentialAction":[{"@type":"SearchAction","target":{"@type":"EntryPoint","urlTemplate":"https:\/\/phumaszyny.pl\/en\/?s={search_term_string}"},"query-input":{"@type":"PropertyValueSpecification","valueRequired":true,"valueName":"search_term_string"}}],"inLanguage":"pl-PL"},{"@type":["Person","Organization"],"@id":"https:\/\/phumaszyny.pl\/en\/#\/schema\/person\/89b417042d67c2234d44e13e641d3dde","name":"phumaszyny","image":{"@type":"ImageObject","inLanguage":"pl-PL","@id":"https:\/\/phumaszyny.pl\/wp-content\/uploads\/elementor\/screenshots\/Elementor-post-screenshot_313_2023-03-17-11-00-27_605626bb.png","url":"https:\/\/phumaszyny.pl\/wp-content\/uploads\/elementor\/screenshots\/Elementor-post-screenshot_313_2023-03-17-11-00-27_605626bb.png","contentUrl":"https:\/\/phumaszyny.pl\/wp-content\/uploads\/elementor\/screenshots\/Elementor-post-screenshot_313_2023-03-17-11-00-27_605626bb.png","width":1200,"height":323,"caption":"phumaszyny"},"logo":{"@id":"https:\/\/phumaszyny.pl\/wp-content\/uploads\/elementor\/screenshots\/Elementor-post-screenshot_313_2023-03-17-11-00-27_605626bb.png"},"sameAs":["http:\/\/www.phumaszyny.pl"]}]}},"_links":{"self":[{"href":"https:\/\/phumaszyny.pl\/pl\/wp-json\/wp\/v2\/product\/1949","targetHints":{"allow":["GET"]}}],"collection":[{"href":"https:\/\/phumaszyny.pl\/pl\/wp-json\/wp\/v2\/product"}],"about":[{"href":"https:\/\/phumaszyny.pl\/pl\/wp-json\/wp\/v2\/types\/product"}],"replies":[{"embeddable":true,"href":"https:\/\/phumaszyny.pl\/pl\/wp-json\/wp\/v2\/comments?post=1949"}],"version-history":[{"count":3,"href":"https:\/\/phumaszyny.pl\/pl\/wp-json\/wp\/v2\/product\/1949\/revisions"}],"predecessor-version":[{"id":2912,"href":"https:\/\/phumaszyny.pl\/pl\/wp-json\/wp\/v2\/product\/1949\/revisions\/2912"}],"wp:featuredmedia":[{"embeddable":true,"href":"https:\/\/phumaszyny.pl\/pl\/wp-json\/wp\/v2\/media\/1950"}],"wp:attachment":[{"href":"https:\/\/phumaszyny.pl\/pl\/wp-json\/wp\/v2\/media?parent=1949"}],"wp:term":[{"taxonomy":"product_brand","embeddable":true,"href":"https:\/\/phumaszyny.pl\/pl\/wp-json\/wp\/v2\/product_brand?post=1949"},{"taxonomy":"product_cat","embeddable":true,"href":"https:\/\/phumaszyny.pl\/pl\/wp-json\/wp\/v2\/product_cat?post=1949"},{"taxonomy":"product_tag","embeddable":true,"href":"https:\/\/phumaszyny.pl\/pl\/wp-json\/wp\/v2\/product_tag?post=1949"}],"curies":[{"name":"wp","href":"https:\/\/api.w.org\/{rel}","templated":true}]}}