{"id":1982,"date":"2024-02-23T11:32:42","date_gmt":"2024-02-23T10:32:42","guid":{"rendered":"https:\/\/phumaszyny.pl\/?post_type=product&#038;p=1982"},"modified":"2024-08-22T22:59:55","modified_gmt":"2024-08-22T20:59:55","slug":"szlifierka-do-walkow-i-otworow-rup28","status":"publish","type":"product","link":"https:\/\/phumaszyny.pl\/pl\/produkt\/szlifierka-do-walkow-i-otworow-rup28\/","title":{"rendered":"Szlifierka do wa\u0142k\u00f3w i otwor\u00f3w RUP28 sprzedana!!!"},"content":{"rendered":"<p>Szlifierka do wa\u0142k\u00f3w i otwor\u00f3w PONAR<\/p>\n<p>Typ: RUP28\/1000<\/p>\n<p>Producent: PONAR<\/p>\n<p>Rok produkcji 1975<\/p>\n<h2>Parametry techniczne:<\/h2>\n<p>&#8211; Zasilanie &#8211; 380V\/ 9 kW<\/p>\n<p>&#8211; Max d\u0142ugo\u015b\u0107 szlifowanego przedmiotu &#8211; 1000 mm<\/p>\n<p>&#8211; Max \u015brednica &#8211; 200 mm<\/p>\n<p>&#8211; Zakres posuwu sto\u0142u &#8211; 75-4000 mm\/min<\/p>\n<p>&#8211; Ci\u0119\u017car &#8211; 2 800 kg<\/p>\n<p>&#8211; Wymiary gabarytowe:<\/p>\n<p>&#8211; d\u0142ugo\u015b\u0107 &#8211; 2900 mm<\/p>\n<p>&#8211; szeroko\u015b\u0107 &#8211; 1300 mm<\/p>\n<p>&#8211; wysoko\u015b\u0107 &#8211; 1600 mm<\/p>\n<p>Szlifierka pod\u0142\u0105czona, mo\u017cliwo\u015b\u0107 wykonania pr\u00f3b, Dokumentacja DTR<\/p>","protected":false},"excerpt":{"rendered":"<p>Szlifierka do wa\u0142k\u00f3w i otwor\u00f3w PONAR Typ: RUP28\/1000 Producent: PONAR Rok produkcji 1975 Parametry techniczne: &#8211; Zasilanie &#8211; 380V\/ 9 kW &#8211; Max d\u0142ugo\u015b\u0107 szlifowanego przedmiotu &#8211; 1000 mm &#8211; Max \u015brednica &#8211; 200 mm &#8211; Zakres posuwu sto\u0142u &#8211; 75-4000 mm\/min &#8211; Ci\u0119\u017car &#8211; 2 800 kg &#8211; Wymiary gabarytowe: &#8211; d\u0142ugo\u015b\u0107 &#8211; 2900 [&hellip;]<\/p>\n","protected":false},"featured_media":2008,"comment_status":"open","ping_status":"closed","template":"","meta":{"_acf_changed":false},"product_brand":[],"product_cat":[33],"product_tag":[181,180,179,178],"class_list":{"0":"post-1982","1":"product","2":"type-product","3":"status-publish","4":"has-post-thumbnail","6":"product_cat-szlifierki","7":"product_tag-28x1000mm","8":"product_tag-ponar","9":"product_tag-rup-28","10":"product_tag-szlifierka-do-walkow-i-otworow","12":"first","13":"instock","14":"sale","15":"taxable","16":"shipping-taxable","17":"purchasable","18":"product-type-simple"},"acf":[],"yoast_head":"<!-- This site is optimized with the Yoast SEO plugin v27.3 - https:\/\/yoast.com\/product\/yoast-seo-wordpress\/ -->\n<title>Szlifierka do wa\u0142k\u00f3w i otwor\u00f3w RUP28 sprzedana!!! - PHU Maszyny<\/title>\n<meta name=\"robots\" content=\"index, follow\" \/>\n<link rel=\"canonical\" href=\"https:\/\/phumaszyny.pl\/pl\/produkt\/szlifierka-do-walkow-i-otworow-rup28\/\" \/>\n<meta property=\"og:locale\" content=\"pl_PL\" \/>\n<meta property=\"og:type\" content=\"article\" \/>\n<meta property=\"og:title\" content=\"Szlifierka do wa\u0142k\u00f3w i otwor\u00f3w RUP28 sprzedana!!! - PHU Maszyny\" \/>\n<meta property=\"og:description\" content=\"Szlifierka do wa\u0142k\u00f3w i otwor\u00f3w PONAR Typ: RUP28\/1000 Producent: PONAR Rok produkcji 1975 Parametry techniczne: &#8211; Zasilanie &#8211; 380V\/ 9 kW &#8211; Max d\u0142ugo\u015b\u0107 szlifowanego przedmiotu &#8211; 1000 mm &#8211; Max \u015brednica &#8211; 200 mm &#8211; Zakres posuwu sto\u0142u &#8211; 75-4000 mm\/min &#8211; Ci\u0119\u017car &#8211; 2 800 kg &#8211; Wymiary gabarytowe: &#8211; d\u0142ugo\u015b\u0107 &#8211; 2900 [&hellip;]\" \/>\n<meta property=\"og:url\" content=\"https:\/\/phumaszyny.pl\/pl\/produkt\/szlifierka-do-walkow-i-otworow-rup28\/\" \/>\n<meta property=\"og:site_name\" content=\"PHU Maszyny\" \/>\n<meta property=\"article:modified_time\" content=\"2024-08-22T20:59:55+00:00\" \/>\n<meta property=\"og:image\" content=\"https:\/\/phumaszyny.pl\/wp-content\/uploads\/2024\/02\/IMG_20240122_111223.jpg\" \/>\n\t<meta property=\"og:image:width\" content=\"1920\" \/>\n\t<meta property=\"og:image:height\" content=\"1440\" \/>\n\t<meta property=\"og:image:type\" content=\"image\/jpeg\" \/>\n<meta name=\"twitter:card\" content=\"summary_large_image\" \/>\n<meta name=\"twitter:label1\" content=\"Szacowany czas czytania\" \/>\n\t<meta name=\"twitter:data1\" content=\"1 minuta\" \/>\n<script type=\"application\/ld+json\" class=\"yoast-schema-graph\">{\"@context\":\"https:\\\/\\\/schema.org\",\"@graph\":[{\"@type\":\"WebPage\",\"@id\":\"https:\\\/\\\/phumaszyny.pl\\\/produkt\\\/szlifierka-do-walkow-i-otworow-rup28\\\/\",\"url\":\"https:\\\/\\\/phumaszyny.pl\\\/produkt\\\/szlifierka-do-walkow-i-otworow-rup28\\\/\",\"name\":\"Szlifierka do wa\u0142k\u00f3w i otwor\u00f3w RUP28 sprzedana!!! - PHU Maszyny\",\"isPartOf\":{\"@id\":\"https:\\\/\\\/phumaszyny.pl\\\/en\\\/#website\"},\"primaryImageOfPage\":{\"@id\":\"https:\\\/\\\/phumaszyny.pl\\\/produkt\\\/szlifierka-do-walkow-i-otworow-rup28\\\/#primaryimage\"},\"image\":{\"@id\":\"https:\\\/\\\/phumaszyny.pl\\\/produkt\\\/szlifierka-do-walkow-i-otworow-rup28\\\/#primaryimage\"},\"thumbnailUrl\":\"https:\\\/\\\/phumaszyny.pl\\\/wp-content\\\/uploads\\\/2024\\\/02\\\/IMG_20240122_111223.jpg\",\"datePublished\":\"2024-02-23T10:32:42+00:00\",\"dateModified\":\"2024-08-22T20:59:55+00:00\",\"breadcrumb\":{\"@id\":\"https:\\\/\\\/phumaszyny.pl\\\/produkt\\\/szlifierka-do-walkow-i-otworow-rup28\\\/#breadcrumb\"},\"inLanguage\":\"pl-PL\",\"potentialAction\":[{\"@type\":\"ReadAction\",\"target\":[\"https:\\\/\\\/phumaszyny.pl\\\/produkt\\\/szlifierka-do-walkow-i-otworow-rup28\\\/\"]}]},{\"@type\":\"ImageObject\",\"inLanguage\":\"pl-PL\",\"@id\":\"https:\\\/\\\/phumaszyny.pl\\\/produkt\\\/szlifierka-do-walkow-i-otworow-rup28\\\/#primaryimage\",\"url\":\"https:\\\/\\\/phumaszyny.pl\\\/wp-content\\\/uploads\\\/2024\\\/02\\\/IMG_20240122_111223.jpg\",\"contentUrl\":\"https:\\\/\\\/phumaszyny.pl\\\/wp-content\\\/uploads\\\/2024\\\/02\\\/IMG_20240122_111223.jpg\",\"width\":1920,\"height\":1440,\"caption\":\"_cuva\"},{\"@type\":\"BreadcrumbList\",\"@id\":\"https:\\\/\\\/phumaszyny.pl\\\/produkt\\\/szlifierka-do-walkow-i-otworow-rup28\\\/#breadcrumb\",\"itemListElement\":[{\"@type\":\"ListItem\",\"position\":1,\"name\":\"Strona g\u0142\u00f3wna\",\"item\":\"https:\\\/\\\/phumaszyny.pl\\\/\"},{\"@type\":\"ListItem\",\"position\":2,\"name\":\"Sklep\",\"item\":\"https:\\\/\\\/phumaszyny.pl\\\/?page_id=120\"},{\"@type\":\"ListItem\",\"position\":3,\"name\":\"Szlifierka do wa\u0142k\u00f3w i otwor\u00f3w RUP28 sprzedana!!!\"}]},{\"@type\":\"WebSite\",\"@id\":\"https:\\\/\\\/phumaszyny.pl\\\/en\\\/#website\",\"url\":\"https:\\\/\\\/phumaszyny.pl\\\/en\\\/\",\"name\":\"PHU Maszyny\",\"description\":\"\",\"publisher\":{\"@id\":\"https:\\\/\\\/phumaszyny.pl\\\/en\\\/#\\\/schema\\\/person\\\/89b417042d67c2234d44e13e641d3dde\"},\"potentialAction\":[{\"@type\":\"SearchAction\",\"target\":{\"@type\":\"EntryPoint\",\"urlTemplate\":\"https:\\\/\\\/phumaszyny.pl\\\/en\\\/?s={search_term_string}\"},\"query-input\":{\"@type\":\"PropertyValueSpecification\",\"valueRequired\":true,\"valueName\":\"search_term_string\"}}],\"inLanguage\":\"pl-PL\"},{\"@type\":[\"Person\",\"Organization\"],\"@id\":\"https:\\\/\\\/phumaszyny.pl\\\/en\\\/#\\\/schema\\\/person\\\/89b417042d67c2234d44e13e641d3dde\",\"name\":\"phumaszyny\",\"image\":{\"@type\":\"ImageObject\",\"inLanguage\":\"pl-PL\",\"@id\":\"https:\\\/\\\/phumaszyny.pl\\\/wp-content\\\/uploads\\\/elementor\\\/screenshots\\\/Elementor-post-screenshot_313_2023-03-17-11-00-27_605626bb.png\",\"url\":\"https:\\\/\\\/phumaszyny.pl\\\/wp-content\\\/uploads\\\/elementor\\\/screenshots\\\/Elementor-post-screenshot_313_2023-03-17-11-00-27_605626bb.png\",\"contentUrl\":\"https:\\\/\\\/phumaszyny.pl\\\/wp-content\\\/uploads\\\/elementor\\\/screenshots\\\/Elementor-post-screenshot_313_2023-03-17-11-00-27_605626bb.png\",\"width\":1200,\"height\":323,\"caption\":\"phumaszyny\"},\"logo\":{\"@id\":\"https:\\\/\\\/phumaszyny.pl\\\/wp-content\\\/uploads\\\/elementor\\\/screenshots\\\/Elementor-post-screenshot_313_2023-03-17-11-00-27_605626bb.png\"},\"sameAs\":[\"http:\\\/\\\/www.phumaszyny.pl\"]}]}<\/script>\n<!-- \/ Yoast SEO plugin. -->","yoast_head_json":{"title":"Szlifierka do wa\u0142k\u00f3w i otwor\u00f3w RUP28 sprzedana!!! - PHU Maszyny","robots":{"index":"index","follow":"follow"},"canonical":"https:\/\/phumaszyny.pl\/pl\/produkt\/szlifierka-do-walkow-i-otworow-rup28\/","og_locale":"pl_PL","og_type":"article","og_title":"Szlifierka do wa\u0142k\u00f3w i otwor\u00f3w RUP28 sprzedana!!! - PHU Maszyny","og_description":"Szlifierka do wa\u0142k\u00f3w i otwor\u00f3w PONAR Typ: RUP28\/1000 Producent: PONAR Rok produkcji 1975 Parametry techniczne: &#8211; Zasilanie &#8211; 380V\/ 9 kW &#8211; Max d\u0142ugo\u015b\u0107 szlifowanego przedmiotu &#8211; 1000 mm &#8211; Max \u015brednica &#8211; 200 mm &#8211; Zakres posuwu sto\u0142u &#8211; 75-4000 mm\/min &#8211; Ci\u0119\u017car &#8211; 2 800 kg &#8211; Wymiary gabarytowe: &#8211; d\u0142ugo\u015b\u0107 &#8211; 2900 [&hellip;]","og_url":"https:\/\/phumaszyny.pl\/pl\/produkt\/szlifierka-do-walkow-i-otworow-rup28\/","og_site_name":"PHU Maszyny","article_modified_time":"2024-08-22T20:59:55+00:00","og_image":[{"width":1920,"height":1440,"url":"https:\/\/phumaszyny.pl\/wp-content\/uploads\/2024\/02\/IMG_20240122_111223.jpg","type":"image\/jpeg"}],"twitter_card":"summary_large_image","twitter_misc":{"Szacowany czas czytania":"1 minuta"},"schema":{"@context":"https:\/\/schema.org","@graph":[{"@type":"WebPage","@id":"https:\/\/phumaszyny.pl\/produkt\/szlifierka-do-walkow-i-otworow-rup28\/","url":"https:\/\/phumaszyny.pl\/produkt\/szlifierka-do-walkow-i-otworow-rup28\/","name":"Szlifierka do wa\u0142k\u00f3w i otwor\u00f3w RUP28 sprzedana!!! - PHU Maszyny","isPartOf":{"@id":"https:\/\/phumaszyny.pl\/en\/#website"},"primaryImageOfPage":{"@id":"https:\/\/phumaszyny.pl\/produkt\/szlifierka-do-walkow-i-otworow-rup28\/#primaryimage"},"image":{"@id":"https:\/\/phumaszyny.pl\/produkt\/szlifierka-do-walkow-i-otworow-rup28\/#primaryimage"},"thumbnailUrl":"https:\/\/phumaszyny.pl\/wp-content\/uploads\/2024\/02\/IMG_20240122_111223.jpg","datePublished":"2024-02-23T10:32:42+00:00","dateModified":"2024-08-22T20:59:55+00:00","breadcrumb":{"@id":"https:\/\/phumaszyny.pl\/produkt\/szlifierka-do-walkow-i-otworow-rup28\/#breadcrumb"},"inLanguage":"pl-PL","potentialAction":[{"@type":"ReadAction","target":["https:\/\/phumaszyny.pl\/produkt\/szlifierka-do-walkow-i-otworow-rup28\/"]}]},{"@type":"ImageObject","inLanguage":"pl-PL","@id":"https:\/\/phumaszyny.pl\/produkt\/szlifierka-do-walkow-i-otworow-rup28\/#primaryimage","url":"https:\/\/phumaszyny.pl\/wp-content\/uploads\/2024\/02\/IMG_20240122_111223.jpg","contentUrl":"https:\/\/phumaszyny.pl\/wp-content\/uploads\/2024\/02\/IMG_20240122_111223.jpg","width":1920,"height":1440,"caption":"_cuva"},{"@type":"BreadcrumbList","@id":"https:\/\/phumaszyny.pl\/produkt\/szlifierka-do-walkow-i-otworow-rup28\/#breadcrumb","itemListElement":[{"@type":"ListItem","position":1,"name":"Strona g\u0142\u00f3wna","item":"https:\/\/phumaszyny.pl\/"},{"@type":"ListItem","position":2,"name":"Sklep","item":"https:\/\/phumaszyny.pl\/?page_id=120"},{"@type":"ListItem","position":3,"name":"Szlifierka do wa\u0142k\u00f3w i otwor\u00f3w RUP28 sprzedana!!!"}]},{"@type":"WebSite","@id":"https:\/\/phumaszyny.pl\/en\/#website","url":"https:\/\/phumaszyny.pl\/en\/","name":"PHU Maszyny","description":"","publisher":{"@id":"https:\/\/phumaszyny.pl\/en\/#\/schema\/person\/89b417042d67c2234d44e13e641d3dde"},"potentialAction":[{"@type":"SearchAction","target":{"@type":"EntryPoint","urlTemplate":"https:\/\/phumaszyny.pl\/en\/?s={search_term_string}"},"query-input":{"@type":"PropertyValueSpecification","valueRequired":true,"valueName":"search_term_string"}}],"inLanguage":"pl-PL"},{"@type":["Person","Organization"],"@id":"https:\/\/phumaszyny.pl\/en\/#\/schema\/person\/89b417042d67c2234d44e13e641d3dde","name":"phumaszyny","image":{"@type":"ImageObject","inLanguage":"pl-PL","@id":"https:\/\/phumaszyny.pl\/wp-content\/uploads\/elementor\/screenshots\/Elementor-post-screenshot_313_2023-03-17-11-00-27_605626bb.png","url":"https:\/\/phumaszyny.pl\/wp-content\/uploads\/elementor\/screenshots\/Elementor-post-screenshot_313_2023-03-17-11-00-27_605626bb.png","contentUrl":"https:\/\/phumaszyny.pl\/wp-content\/uploads\/elementor\/screenshots\/Elementor-post-screenshot_313_2023-03-17-11-00-27_605626bb.png","width":1200,"height":323,"caption":"phumaszyny"},"logo":{"@id":"https:\/\/phumaszyny.pl\/wp-content\/uploads\/elementor\/screenshots\/Elementor-post-screenshot_313_2023-03-17-11-00-27_605626bb.png"},"sameAs":["http:\/\/www.phumaszyny.pl"]}]}},"_links":{"self":[{"href":"https:\/\/phumaszyny.pl\/pl\/wp-json\/wp\/v2\/product\/1982","targetHints":{"allow":["GET"]}}],"collection":[{"href":"https:\/\/phumaszyny.pl\/pl\/wp-json\/wp\/v2\/product"}],"about":[{"href":"https:\/\/phumaszyny.pl\/pl\/wp-json\/wp\/v2\/types\/product"}],"replies":[{"embeddable":true,"href":"https:\/\/phumaszyny.pl\/pl\/wp-json\/wp\/v2\/comments?post=1982"}],"version-history":[{"count":3,"href":"https:\/\/phumaszyny.pl\/pl\/wp-json\/wp\/v2\/product\/1982\/revisions"}],"predecessor-version":[{"id":2911,"href":"https:\/\/phumaszyny.pl\/pl\/wp-json\/wp\/v2\/product\/1982\/revisions\/2911"}],"wp:featuredmedia":[{"embeddable":true,"href":"https:\/\/phumaszyny.pl\/pl\/wp-json\/wp\/v2\/media\/2008"}],"wp:attachment":[{"href":"https:\/\/phumaszyny.pl\/pl\/wp-json\/wp\/v2\/media?parent=1982"}],"wp:term":[{"taxonomy":"product_brand","embeddable":true,"href":"https:\/\/phumaszyny.pl\/pl\/wp-json\/wp\/v2\/product_brand?post=1982"},{"taxonomy":"product_cat","embeddable":true,"href":"https:\/\/phumaszyny.pl\/pl\/wp-json\/wp\/v2\/product_cat?post=1982"},{"taxonomy":"product_tag","embeddable":true,"href":"https:\/\/phumaszyny.pl\/pl\/wp-json\/wp\/v2\/product_tag?post=1982"}],"curies":[{"name":"wp","href":"https:\/\/api.w.org\/{rel}","templated":true}]}}