{"id":2993,"date":"2024-11-24T18:52:12","date_gmt":"2024-11-24T17:52:12","guid":{"rendered":"https:\/\/phumaszyny.pl\/?post_type=product&#038;p=2993"},"modified":"2025-11-16T16:42:58","modified_gmt":"2025-11-16T15:42:58","slug":"tokarka-uniwersalana-tos-sv-18ra","status":"publish","type":"product","link":"https:\/\/phumaszyny.pl\/pl\/produkt\/tokarka-uniwersalana-tos-sv-18ra\/","title":{"rendered":"Tokarka Uniwersalana TOS SV 18RA sprzedana!!!"},"content":{"rendered":"<h2>Tokarka Uniwersalana TOS SV 18RA<\/h2>\n<p>Producent TOS<\/p>\n<p>Typ SV18RA<\/p>\n<p>Parametry techniczne:<\/p>\n<p>Parametry charakterystyczne tokarki TOS SV 18 RA:<\/p>\n<p>-maksymalna d\u0142ugo\u015b\u0107 elementu toczenego w k\u0142ach: 1000mm,<\/p>\n<p>-maksymalna d\u0142ugo\u015b\u0107 toczenia przy zastosowaniu linia\u0142u do toczenia sto\u017ck\u00f3w: 350mm,<\/p>\n<p>-maksymalna \u015brednica obrabianego elementu nad \u0142o\u017cem: 380mm,<\/p>\n<p>-maksymalna \u015brednica obrabianego elementu nad suportem: 215mm,<\/p>\n<p>-przelot wrzeciona: 41mm,<\/p>\n<p>-sto\u017cek w pinoli konika: Morse 4,<\/p>\n<p>-szeroko\u015b\u0107 \u0142o\u017ca: 340mm,<\/p>\n<p>-skok pinoli konika: 120mm,<\/p>\n<p>-maksymalny ci\u0119\u017car przedmiotu obrabianego: 300kg,<\/p>\n<p>-pr\u0119dko\u015bci obrotowe wrzeciona: 21 stopni w zakresie 14-2800obr\/min,<\/p>\n<p>-moc silnika g\u0142\u00f3wnego: 6kW,<\/p>\n<p>-ci\u0119\u017car maszyny: 1800kg.<\/p>","protected":false},"excerpt":{"rendered":"<p>Tokarka Uniwersalana TOS SV 18RA Producent TOS Typ SV18RA Parametry techniczne: Parametry charakterystyczne tokarki TOS SV 18 RA: -maksymalna d\u0142ugo\u015b\u0107 elementu toczenego w k\u0142ach: 1000mm, -maksymalna d\u0142ugo\u015b\u0107 toczenia przy zastosowaniu linia\u0142u do toczenia sto\u017ck\u00f3w: 350mm, -maksymalna \u015brednica obrabianego elementu nad \u0142o\u017cem: 380mm, -maksymalna \u015brednica obrabianego elementu nad suportem: 215mm, -przelot wrzeciona: 41mm, -sto\u017cek w pinoli [&hellip;]<\/p>\n","protected":false},"featured_media":3568,"comment_status":"open","ping_status":"closed","template":"","meta":{"_acf_changed":false},"product_brand":[],"product_cat":[24],"product_tag":[121,118,78],"class_list":{"0":"post-2993","1":"product","2":"type-product","3":"status-publish","4":"has-post-thumbnail","6":"product_cat-tokarki","7":"product_tag-sv18","8":"product_tag-tokarka-uniwersalana","9":"product_tag-tos","11":"first","12":"onbackorder","13":"taxable","14":"shipping-taxable","15":"purchasable","16":"product-type-simple"},"acf":[],"yoast_head":"<!-- This site is optimized with the Yoast SEO plugin v27.3 - https:\/\/yoast.com\/product\/yoast-seo-wordpress\/ -->\n<title>Tokarka Uniwersalana TOS SV 18RA sprzedana!!! - PHU Maszyny<\/title>\n<meta name=\"robots\" content=\"index, follow\" \/>\n<link rel=\"canonical\" href=\"https:\/\/phumaszyny.pl\/pl\/produkt\/tokarka-uniwersalana-tos-sv-18ra\/\" \/>\n<meta property=\"og:locale\" content=\"pl_PL\" \/>\n<meta property=\"og:type\" content=\"article\" \/>\n<meta property=\"og:title\" content=\"Tokarka Uniwersalana TOS SV 18RA sprzedana!!! - PHU Maszyny\" \/>\n<meta property=\"og:description\" content=\"Tokarka Uniwersalana TOS SV 18RA Producent TOS Typ SV18RA Parametry techniczne: Parametry charakterystyczne tokarki TOS SV 18 RA: -maksymalna d\u0142ugo\u015b\u0107 elementu toczenego w k\u0142ach: 1000mm, -maksymalna d\u0142ugo\u015b\u0107 toczenia przy zastosowaniu linia\u0142u do toczenia sto\u017ck\u00f3w: 350mm, -maksymalna \u015brednica obrabianego elementu nad \u0142o\u017cem: 380mm, -maksymalna \u015brednica obrabianego elementu nad suportem: 215mm, -przelot wrzeciona: 41mm, -sto\u017cek w pinoli [&hellip;]\" \/>\n<meta property=\"og:url\" content=\"https:\/\/phumaszyny.pl\/pl\/produkt\/tokarka-uniwersalana-tos-sv-18ra\/\" \/>\n<meta property=\"og:site_name\" content=\"PHU Maszyny\" \/>\n<meta property=\"article:modified_time\" content=\"2025-11-16T15:42:58+00:00\" \/>\n<meta property=\"og:image\" content=\"https:\/\/phumaszyny.pl\/wp-content\/uploads\/2024\/11\/IMG_20250321_133044.jpg\" \/>\n\t<meta property=\"og:image:width\" content=\"1920\" \/>\n\t<meta property=\"og:image:height\" content=\"1440\" \/>\n\t<meta property=\"og:image:type\" content=\"image\/jpeg\" \/>\n<meta name=\"twitter:card\" content=\"summary_large_image\" \/>\n<meta name=\"twitter:label1\" content=\"Szacowany czas czytania\" \/>\n\t<meta name=\"twitter:data1\" content=\"1 minuta\" \/>\n<script type=\"application\/ld+json\" class=\"yoast-schema-graph\">{\"@context\":\"https:\\\/\\\/schema.org\",\"@graph\":[{\"@type\":\"WebPage\",\"@id\":\"https:\\\/\\\/phumaszyny.pl\\\/produkt\\\/tokarka-uniwersalana-tos-sv-18ra\\\/\",\"url\":\"https:\\\/\\\/phumaszyny.pl\\\/produkt\\\/tokarka-uniwersalana-tos-sv-18ra\\\/\",\"name\":\"Tokarka Uniwersalana TOS SV 18RA sprzedana!!! - PHU Maszyny\",\"isPartOf\":{\"@id\":\"https:\\\/\\\/phumaszyny.pl\\\/en\\\/#website\"},\"primaryImageOfPage\":{\"@id\":\"https:\\\/\\\/phumaszyny.pl\\\/produkt\\\/tokarka-uniwersalana-tos-sv-18ra\\\/#primaryimage\"},\"image\":{\"@id\":\"https:\\\/\\\/phumaszyny.pl\\\/produkt\\\/tokarka-uniwersalana-tos-sv-18ra\\\/#primaryimage\"},\"thumbnailUrl\":\"https:\\\/\\\/phumaszyny.pl\\\/wp-content\\\/uploads\\\/2024\\\/11\\\/IMG_20250321_133044.jpg\",\"datePublished\":\"2024-11-24T17:52:12+00:00\",\"dateModified\":\"2025-11-16T15:42:58+00:00\",\"breadcrumb\":{\"@id\":\"https:\\\/\\\/phumaszyny.pl\\\/produkt\\\/tokarka-uniwersalana-tos-sv-18ra\\\/#breadcrumb\"},\"inLanguage\":\"pl-PL\",\"potentialAction\":[{\"@type\":\"ReadAction\",\"target\":[\"https:\\\/\\\/phumaszyny.pl\\\/produkt\\\/tokarka-uniwersalana-tos-sv-18ra\\\/\"]}]},{\"@type\":\"ImageObject\",\"inLanguage\":\"pl-PL\",\"@id\":\"https:\\\/\\\/phumaszyny.pl\\\/produkt\\\/tokarka-uniwersalana-tos-sv-18ra\\\/#primaryimage\",\"url\":\"https:\\\/\\\/phumaszyny.pl\\\/wp-content\\\/uploads\\\/2024\\\/11\\\/IMG_20250321_133044.jpg\",\"contentUrl\":\"https:\\\/\\\/phumaszyny.pl\\\/wp-content\\\/uploads\\\/2024\\\/11\\\/IMG_20250321_133044.jpg\",\"width\":1920,\"height\":1440,\"caption\":\"_cuva\"},{\"@type\":\"BreadcrumbList\",\"@id\":\"https:\\\/\\\/phumaszyny.pl\\\/produkt\\\/tokarka-uniwersalana-tos-sv-18ra\\\/#breadcrumb\",\"itemListElement\":[{\"@type\":\"ListItem\",\"position\":1,\"name\":\"Strona g\u0142\u00f3wna\",\"item\":\"https:\\\/\\\/phumaszyny.pl\\\/\"},{\"@type\":\"ListItem\",\"position\":2,\"name\":\"Sklep\",\"item\":\"https:\\\/\\\/phumaszyny.pl\\\/?page_id=120\"},{\"@type\":\"ListItem\",\"position\":3,\"name\":\"Tokarka Uniwersalana TOS SV 18RA sprzedana!!!\"}]},{\"@type\":\"WebSite\",\"@id\":\"https:\\\/\\\/phumaszyny.pl\\\/en\\\/#website\",\"url\":\"https:\\\/\\\/phumaszyny.pl\\\/en\\\/\",\"name\":\"PHU Maszyny\",\"description\":\"\",\"publisher\":{\"@id\":\"https:\\\/\\\/phumaszyny.pl\\\/en\\\/#\\\/schema\\\/person\\\/89b417042d67c2234d44e13e641d3dde\"},\"potentialAction\":[{\"@type\":\"SearchAction\",\"target\":{\"@type\":\"EntryPoint\",\"urlTemplate\":\"https:\\\/\\\/phumaszyny.pl\\\/en\\\/?s={search_term_string}\"},\"query-input\":{\"@type\":\"PropertyValueSpecification\",\"valueRequired\":true,\"valueName\":\"search_term_string\"}}],\"inLanguage\":\"pl-PL\"},{\"@type\":[\"Person\",\"Organization\"],\"@id\":\"https:\\\/\\\/phumaszyny.pl\\\/en\\\/#\\\/schema\\\/person\\\/89b417042d67c2234d44e13e641d3dde\",\"name\":\"phumaszyny\",\"image\":{\"@type\":\"ImageObject\",\"inLanguage\":\"pl-PL\",\"@id\":\"https:\\\/\\\/phumaszyny.pl\\\/wp-content\\\/uploads\\\/elementor\\\/screenshots\\\/Elementor-post-screenshot_313_2023-03-17-11-00-27_605626bb.png\",\"url\":\"https:\\\/\\\/phumaszyny.pl\\\/wp-content\\\/uploads\\\/elementor\\\/screenshots\\\/Elementor-post-screenshot_313_2023-03-17-11-00-27_605626bb.png\",\"contentUrl\":\"https:\\\/\\\/phumaszyny.pl\\\/wp-content\\\/uploads\\\/elementor\\\/screenshots\\\/Elementor-post-screenshot_313_2023-03-17-11-00-27_605626bb.png\",\"width\":1200,\"height\":323,\"caption\":\"phumaszyny\"},\"logo\":{\"@id\":\"https:\\\/\\\/phumaszyny.pl\\\/wp-content\\\/uploads\\\/elementor\\\/screenshots\\\/Elementor-post-screenshot_313_2023-03-17-11-00-27_605626bb.png\"},\"sameAs\":[\"http:\\\/\\\/www.phumaszyny.pl\"]}]}<\/script>\n<!-- \/ Yoast SEO plugin. -->","yoast_head_json":{"title":"Tokarka Uniwersalana TOS SV 18RA sprzedana!!! - PHU Maszyny","robots":{"index":"index","follow":"follow"},"canonical":"https:\/\/phumaszyny.pl\/pl\/produkt\/tokarka-uniwersalana-tos-sv-18ra\/","og_locale":"pl_PL","og_type":"article","og_title":"Tokarka Uniwersalana TOS SV 18RA sprzedana!!! - PHU Maszyny","og_description":"Tokarka Uniwersalana TOS SV 18RA Producent TOS Typ SV18RA Parametry techniczne: Parametry charakterystyczne tokarki TOS SV 18 RA: -maksymalna d\u0142ugo\u015b\u0107 elementu toczenego w k\u0142ach: 1000mm, -maksymalna d\u0142ugo\u015b\u0107 toczenia przy zastosowaniu linia\u0142u do toczenia sto\u017ck\u00f3w: 350mm, -maksymalna \u015brednica obrabianego elementu nad \u0142o\u017cem: 380mm, -maksymalna \u015brednica obrabianego elementu nad suportem: 215mm, -przelot wrzeciona: 41mm, -sto\u017cek w pinoli [&hellip;]","og_url":"https:\/\/phumaszyny.pl\/pl\/produkt\/tokarka-uniwersalana-tos-sv-18ra\/","og_site_name":"PHU Maszyny","article_modified_time":"2025-11-16T15:42:58+00:00","og_image":[{"width":1920,"height":1440,"url":"https:\/\/phumaszyny.pl\/wp-content\/uploads\/2024\/11\/IMG_20250321_133044.jpg","type":"image\/jpeg"}],"twitter_card":"summary_large_image","twitter_misc":{"Szacowany czas czytania":"1 minuta"},"schema":{"@context":"https:\/\/schema.org","@graph":[{"@type":"WebPage","@id":"https:\/\/phumaszyny.pl\/produkt\/tokarka-uniwersalana-tos-sv-18ra\/","url":"https:\/\/phumaszyny.pl\/produkt\/tokarka-uniwersalana-tos-sv-18ra\/","name":"Tokarka Uniwersalana TOS SV 18RA sprzedana!!! - PHU Maszyny","isPartOf":{"@id":"https:\/\/phumaszyny.pl\/en\/#website"},"primaryImageOfPage":{"@id":"https:\/\/phumaszyny.pl\/produkt\/tokarka-uniwersalana-tos-sv-18ra\/#primaryimage"},"image":{"@id":"https:\/\/phumaszyny.pl\/produkt\/tokarka-uniwersalana-tos-sv-18ra\/#primaryimage"},"thumbnailUrl":"https:\/\/phumaszyny.pl\/wp-content\/uploads\/2024\/11\/IMG_20250321_133044.jpg","datePublished":"2024-11-24T17:52:12+00:00","dateModified":"2025-11-16T15:42:58+00:00","breadcrumb":{"@id":"https:\/\/phumaszyny.pl\/produkt\/tokarka-uniwersalana-tos-sv-18ra\/#breadcrumb"},"inLanguage":"pl-PL","potentialAction":[{"@type":"ReadAction","target":["https:\/\/phumaszyny.pl\/produkt\/tokarka-uniwersalana-tos-sv-18ra\/"]}]},{"@type":"ImageObject","inLanguage":"pl-PL","@id":"https:\/\/phumaszyny.pl\/produkt\/tokarka-uniwersalana-tos-sv-18ra\/#primaryimage","url":"https:\/\/phumaszyny.pl\/wp-content\/uploads\/2024\/11\/IMG_20250321_133044.jpg","contentUrl":"https:\/\/phumaszyny.pl\/wp-content\/uploads\/2024\/11\/IMG_20250321_133044.jpg","width":1920,"height":1440,"caption":"_cuva"},{"@type":"BreadcrumbList","@id":"https:\/\/phumaszyny.pl\/produkt\/tokarka-uniwersalana-tos-sv-18ra\/#breadcrumb","itemListElement":[{"@type":"ListItem","position":1,"name":"Strona g\u0142\u00f3wna","item":"https:\/\/phumaszyny.pl\/"},{"@type":"ListItem","position":2,"name":"Sklep","item":"https:\/\/phumaszyny.pl\/?page_id=120"},{"@type":"ListItem","position":3,"name":"Tokarka Uniwersalana TOS SV 18RA sprzedana!!!"}]},{"@type":"WebSite","@id":"https:\/\/phumaszyny.pl\/en\/#website","url":"https:\/\/phumaszyny.pl\/en\/","name":"PHU Maszyny","description":"","publisher":{"@id":"https:\/\/phumaszyny.pl\/en\/#\/schema\/person\/89b417042d67c2234d44e13e641d3dde"},"potentialAction":[{"@type":"SearchAction","target":{"@type":"EntryPoint","urlTemplate":"https:\/\/phumaszyny.pl\/en\/?s={search_term_string}"},"query-input":{"@type":"PropertyValueSpecification","valueRequired":true,"valueName":"search_term_string"}}],"inLanguage":"pl-PL"},{"@type":["Person","Organization"],"@id":"https:\/\/phumaszyny.pl\/en\/#\/schema\/person\/89b417042d67c2234d44e13e641d3dde","name":"phumaszyny","image":{"@type":"ImageObject","inLanguage":"pl-PL","@id":"https:\/\/phumaszyny.pl\/wp-content\/uploads\/elementor\/screenshots\/Elementor-post-screenshot_313_2023-03-17-11-00-27_605626bb.png","url":"https:\/\/phumaszyny.pl\/wp-content\/uploads\/elementor\/screenshots\/Elementor-post-screenshot_313_2023-03-17-11-00-27_605626bb.png","contentUrl":"https:\/\/phumaszyny.pl\/wp-content\/uploads\/elementor\/screenshots\/Elementor-post-screenshot_313_2023-03-17-11-00-27_605626bb.png","width":1200,"height":323,"caption":"phumaszyny"},"logo":{"@id":"https:\/\/phumaszyny.pl\/wp-content\/uploads\/elementor\/screenshots\/Elementor-post-screenshot_313_2023-03-17-11-00-27_605626bb.png"},"sameAs":["http:\/\/www.phumaszyny.pl"]}]}},"_links":{"self":[{"href":"https:\/\/phumaszyny.pl\/pl\/wp-json\/wp\/v2\/product\/2993","targetHints":{"allow":["GET"]}}],"collection":[{"href":"https:\/\/phumaszyny.pl\/pl\/wp-json\/wp\/v2\/product"}],"about":[{"href":"https:\/\/phumaszyny.pl\/pl\/wp-json\/wp\/v2\/types\/product"}],"replies":[{"embeddable":true,"href":"https:\/\/phumaszyny.pl\/pl\/wp-json\/wp\/v2\/comments?post=2993"}],"version-history":[{"count":5,"href":"https:\/\/phumaszyny.pl\/pl\/wp-json\/wp\/v2\/product\/2993\/revisions"}],"predecessor-version":[{"id":3951,"href":"https:\/\/phumaszyny.pl\/pl\/wp-json\/wp\/v2\/product\/2993\/revisions\/3951"}],"wp:featuredmedia":[{"embeddable":true,"href":"https:\/\/phumaszyny.pl\/pl\/wp-json\/wp\/v2\/media\/3568"}],"wp:attachment":[{"href":"https:\/\/phumaszyny.pl\/pl\/wp-json\/wp\/v2\/media?parent=2993"}],"wp:term":[{"taxonomy":"product_brand","embeddable":true,"href":"https:\/\/phumaszyny.pl\/pl\/wp-json\/wp\/v2\/product_brand?post=2993"},{"taxonomy":"product_cat","embeddable":true,"href":"https:\/\/phumaszyny.pl\/pl\/wp-json\/wp\/v2\/product_cat?post=2993"},{"taxonomy":"product_tag","embeddable":true,"href":"https:\/\/phumaszyny.pl\/pl\/wp-json\/wp\/v2\/product_tag?post=2993"}],"curies":[{"name":"wp","href":"https:\/\/api.w.org\/{rel}","templated":true}]}}