{"id":3025,"date":"2024-11-24T18:56:39","date_gmt":"2024-11-24T17:56:39","guid":{"rendered":"https:\/\/phumaszyny.pl\/?post_type=product&#038;p=3025"},"modified":"2024-12-03T19:30:25","modified_gmt":"2024-12-03T18:30:25","slug":"frezarka-pionowa-z-mozliwoscia-dlutowania-carl-hurth-lfv3","status":"publish","type":"product","link":"https:\/\/phumaszyny.pl\/pl\/produkt\/frezarka-pionowa-z-mozliwoscia-dlutowania-carl-hurth-lfv3\/","title":{"rendered":"Frezarka pionowa z mo\u017cliwo\u015bci\u0105 d\u0142utowania Carl Hurth LFV3 sprzedane!"},"content":{"rendered":"<p>Frezarka pionowa<\/p>\n<p>&nbsp;<\/p>\n<p>Producent: Carl Hurth<\/p>\n<p>&nbsp;<\/p>\n<p>Model LFV3<\/p>\n<p>&nbsp;<\/p>\n<p>Dane techniczne:<\/p>\n<p>&nbsp;<\/p>\n<p>Przesuw x\/y\/z: 550\/300\/400 mm,<\/p>\n<p>wielko\u015b\u0107 sto\u0142u: 350 x 1200 mm,<\/p>\n<p>przesuw suwaka frezuj\u0105cego: 240 mm, 8<\/p>\n<p>zakres pr\u0119dko\u015bci wrzeciona: od 90 do 1000 U\/min., 9<\/p>\n<p>posuw\u00f3w korbowych : od 1,4 do 22,4 s. min., g\u0142\u0119boko\u015b\u0107 posuwu\/skok wrzeciona: 0 &#8211; 110 mm, 9<\/p>\n<p>posuw\u00f3w wzd\u0142u\u017cnych sto\u0142u: od 10,9 do 163 str. min.,<\/p>\n<p>nap\u0119d sto\u0142u: 0,37 kW,<\/p>\n<p>silnik wrzeciona: ok. 2,5 kW,<\/p>\n<p>gardziel wrzeciona: 410 mm,<\/p>\n<p>waga ok.: 2,2 t,<\/p>\n<p>wymiary ok.: 1,5 x 1,45 x 1,95 m.<\/p>\n<p>&nbsp;<\/p>\n<p>Maszyna w pe\u0142ni sprawna, w dobrym stanie technicznym bez luz\u00f3w.<\/p>","protected":false},"excerpt":{"rendered":"<p>Frezarka pionowa &nbsp; Producent: Carl Hurth &nbsp; Model LFV3 &nbsp; Dane techniczne: &nbsp; Przesuw x\/y\/z: 550\/300\/400 mm, wielko\u015b\u0107 sto\u0142u: 350 x 1200 mm, przesuw suwaka frezuj\u0105cego: 240 mm, 8 zakres pr\u0119dko\u015bci wrzeciona: od 90 do 1000 U\/min., 9 posuw\u00f3w korbowych : od 1,4 do 22,4 s. min., g\u0142\u0119boko\u015b\u0107 posuwu\/skok wrzeciona: 0 &#8211; 110 mm, 9 [&hellip;]<\/p>\n","protected":false},"featured_media":3030,"comment_status":"open","ping_status":"closed","template":"","meta":{"_acf_changed":false},"product_brand":[],"product_cat":[27],"product_tag":[255,226],"class_list":{"0":"post-3025","1":"product","2":"type-product","3":"status-publish","4":"has-post-thumbnail","6":"product_cat-frezarki","7":"product_tag-carl-hurth","8":"product_tag-frezarka-pionowa","10":"first","11":"instock","12":"sale","13":"taxable","14":"shipping-taxable","15":"purchasable","16":"product-type-simple"},"acf":[],"yoast_head":"<!-- This site is optimized with the Yoast SEO plugin v27.3 - https:\/\/yoast.com\/product\/yoast-seo-wordpress\/ -->\n<title>Frezarka pionowa z mo\u017cliwo\u015bci\u0105 d\u0142utowania Carl Hurth LFV3 sprzedane! - PHU Maszyny<\/title>\n<meta name=\"robots\" content=\"index, follow\" \/>\n<link rel=\"canonical\" href=\"https:\/\/phumaszyny.pl\/pl\/produkt\/frezarka-pionowa-z-mozliwoscia-dlutowania-carl-hurth-lfv3\/\" \/>\n<meta property=\"og:locale\" content=\"pl_PL\" \/>\n<meta property=\"og:type\" content=\"article\" \/>\n<meta property=\"og:title\" content=\"Frezarka pionowa z mo\u017cliwo\u015bci\u0105 d\u0142utowania Carl Hurth LFV3 sprzedane! - PHU Maszyny\" \/>\n<meta property=\"og:description\" content=\"Frezarka pionowa &nbsp; Producent: Carl Hurth &nbsp; Model LFV3 &nbsp; Dane techniczne: &nbsp; Przesuw x\/y\/z: 550\/300\/400 mm, wielko\u015b\u0107 sto\u0142u: 350 x 1200 mm, przesuw suwaka frezuj\u0105cego: 240 mm, 8 zakres pr\u0119dko\u015bci wrzeciona: od 90 do 1000 U\/min., 9 posuw\u00f3w korbowych : od 1,4 do 22,4 s. min., g\u0142\u0119boko\u015b\u0107 posuwu\/skok wrzeciona: 0 &#8211; 110 mm, 9 [&hellip;]\" \/>\n<meta property=\"og:url\" content=\"https:\/\/phumaszyny.pl\/pl\/produkt\/frezarka-pionowa-z-mozliwoscia-dlutowania-carl-hurth-lfv3\/\" \/>\n<meta property=\"og:site_name\" content=\"PHU Maszyny\" \/>\n<meta property=\"article:modified_time\" content=\"2024-12-03T18:30:25+00:00\" \/>\n<meta property=\"og:image\" content=\"https:\/\/phumaszyny.pl\/wp-content\/uploads\/2024\/11\/IMG_20241115_143038.jpg\" \/>\n\t<meta property=\"og:image:width\" content=\"1440\" \/>\n\t<meta property=\"og:image:height\" content=\"1920\" \/>\n\t<meta property=\"og:image:type\" content=\"image\/jpeg\" \/>\n<meta name=\"twitter:card\" content=\"summary_large_image\" \/>\n<meta name=\"twitter:label1\" content=\"Szacowany czas czytania\" \/>\n\t<meta name=\"twitter:data1\" content=\"1 minuta\" \/>\n<script type=\"application\/ld+json\" class=\"yoast-schema-graph\">{\"@context\":\"https:\\\/\\\/schema.org\",\"@graph\":[{\"@type\":\"WebPage\",\"@id\":\"https:\\\/\\\/phumaszyny.pl\\\/produkt\\\/frezarka-pionowa-z-mozliwoscia-dlutowania-carl-hurth-lfv3\\\/\",\"url\":\"https:\\\/\\\/phumaszyny.pl\\\/produkt\\\/frezarka-pionowa-z-mozliwoscia-dlutowania-carl-hurth-lfv3\\\/\",\"name\":\"Frezarka pionowa z mo\u017cliwo\u015bci\u0105 d\u0142utowania Carl Hurth LFV3 sprzedane! - PHU Maszyny\",\"isPartOf\":{\"@id\":\"https:\\\/\\\/phumaszyny.pl\\\/en\\\/#website\"},\"primaryImageOfPage\":{\"@id\":\"https:\\\/\\\/phumaszyny.pl\\\/produkt\\\/frezarka-pionowa-z-mozliwoscia-dlutowania-carl-hurth-lfv3\\\/#primaryimage\"},\"image\":{\"@id\":\"https:\\\/\\\/phumaszyny.pl\\\/produkt\\\/frezarka-pionowa-z-mozliwoscia-dlutowania-carl-hurth-lfv3\\\/#primaryimage\"},\"thumbnailUrl\":\"https:\\\/\\\/phumaszyny.pl\\\/wp-content\\\/uploads\\\/2024\\\/11\\\/IMG_20241115_143038.jpg\",\"datePublished\":\"2024-11-24T17:56:39+00:00\",\"dateModified\":\"2024-12-03T18:30:25+00:00\",\"breadcrumb\":{\"@id\":\"https:\\\/\\\/phumaszyny.pl\\\/produkt\\\/frezarka-pionowa-z-mozliwoscia-dlutowania-carl-hurth-lfv3\\\/#breadcrumb\"},\"inLanguage\":\"pl-PL\",\"potentialAction\":[{\"@type\":\"ReadAction\",\"target\":[\"https:\\\/\\\/phumaszyny.pl\\\/produkt\\\/frezarka-pionowa-z-mozliwoscia-dlutowania-carl-hurth-lfv3\\\/\"]}]},{\"@type\":\"ImageObject\",\"inLanguage\":\"pl-PL\",\"@id\":\"https:\\\/\\\/phumaszyny.pl\\\/produkt\\\/frezarka-pionowa-z-mozliwoscia-dlutowania-carl-hurth-lfv3\\\/#primaryimage\",\"url\":\"https:\\\/\\\/phumaszyny.pl\\\/wp-content\\\/uploads\\\/2024\\\/11\\\/IMG_20241115_143038.jpg\",\"contentUrl\":\"https:\\\/\\\/phumaszyny.pl\\\/wp-content\\\/uploads\\\/2024\\\/11\\\/IMG_20241115_143038.jpg\",\"width\":1440,\"height\":1920,\"caption\":\"_cuva\"},{\"@type\":\"BreadcrumbList\",\"@id\":\"https:\\\/\\\/phumaszyny.pl\\\/produkt\\\/frezarka-pionowa-z-mozliwoscia-dlutowania-carl-hurth-lfv3\\\/#breadcrumb\",\"itemListElement\":[{\"@type\":\"ListItem\",\"position\":1,\"name\":\"Strona g\u0142\u00f3wna\",\"item\":\"https:\\\/\\\/phumaszyny.pl\\\/\"},{\"@type\":\"ListItem\",\"position\":2,\"name\":\"Sklep\",\"item\":\"https:\\\/\\\/phumaszyny.pl\\\/?page_id=120\"},{\"@type\":\"ListItem\",\"position\":3,\"name\":\"Frezarka pionowa z mo\u017cliwo\u015bci\u0105 d\u0142utowania Carl Hurth LFV3 sprzedane!\"}]},{\"@type\":\"WebSite\",\"@id\":\"https:\\\/\\\/phumaszyny.pl\\\/en\\\/#website\",\"url\":\"https:\\\/\\\/phumaszyny.pl\\\/en\\\/\",\"name\":\"PHU Maszyny\",\"description\":\"\",\"publisher\":{\"@id\":\"https:\\\/\\\/phumaszyny.pl\\\/en\\\/#\\\/schema\\\/person\\\/89b417042d67c2234d44e13e641d3dde\"},\"potentialAction\":[{\"@type\":\"SearchAction\",\"target\":{\"@type\":\"EntryPoint\",\"urlTemplate\":\"https:\\\/\\\/phumaszyny.pl\\\/en\\\/?s={search_term_string}\"},\"query-input\":{\"@type\":\"PropertyValueSpecification\",\"valueRequired\":true,\"valueName\":\"search_term_string\"}}],\"inLanguage\":\"pl-PL\"},{\"@type\":[\"Person\",\"Organization\"],\"@id\":\"https:\\\/\\\/phumaszyny.pl\\\/en\\\/#\\\/schema\\\/person\\\/89b417042d67c2234d44e13e641d3dde\",\"name\":\"phumaszyny\",\"image\":{\"@type\":\"ImageObject\",\"inLanguage\":\"pl-PL\",\"@id\":\"https:\\\/\\\/phumaszyny.pl\\\/wp-content\\\/uploads\\\/elementor\\\/screenshots\\\/Elementor-post-screenshot_313_2023-03-17-11-00-27_605626bb.png\",\"url\":\"https:\\\/\\\/phumaszyny.pl\\\/wp-content\\\/uploads\\\/elementor\\\/screenshots\\\/Elementor-post-screenshot_313_2023-03-17-11-00-27_605626bb.png\",\"contentUrl\":\"https:\\\/\\\/phumaszyny.pl\\\/wp-content\\\/uploads\\\/elementor\\\/screenshots\\\/Elementor-post-screenshot_313_2023-03-17-11-00-27_605626bb.png\",\"width\":1200,\"height\":323,\"caption\":\"phumaszyny\"},\"logo\":{\"@id\":\"https:\\\/\\\/phumaszyny.pl\\\/wp-content\\\/uploads\\\/elementor\\\/screenshots\\\/Elementor-post-screenshot_313_2023-03-17-11-00-27_605626bb.png\"},\"sameAs\":[\"http:\\\/\\\/www.phumaszyny.pl\"]}]}<\/script>\n<!-- \/ Yoast SEO plugin. -->","yoast_head_json":{"title":"Frezarka pionowa z mo\u017cliwo\u015bci\u0105 d\u0142utowania Carl Hurth LFV3 sprzedane! - PHU Maszyny","robots":{"index":"index","follow":"follow"},"canonical":"https:\/\/phumaszyny.pl\/pl\/produkt\/frezarka-pionowa-z-mozliwoscia-dlutowania-carl-hurth-lfv3\/","og_locale":"pl_PL","og_type":"article","og_title":"Frezarka pionowa z mo\u017cliwo\u015bci\u0105 d\u0142utowania Carl Hurth LFV3 sprzedane! - PHU Maszyny","og_description":"Frezarka pionowa &nbsp; Producent: Carl Hurth &nbsp; Model LFV3 &nbsp; Dane techniczne: &nbsp; Przesuw x\/y\/z: 550\/300\/400 mm, wielko\u015b\u0107 sto\u0142u: 350 x 1200 mm, przesuw suwaka frezuj\u0105cego: 240 mm, 8 zakres pr\u0119dko\u015bci wrzeciona: od 90 do 1000 U\/min., 9 posuw\u00f3w korbowych : od 1,4 do 22,4 s. min., g\u0142\u0119boko\u015b\u0107 posuwu\/skok wrzeciona: 0 &#8211; 110 mm, 9 [&hellip;]","og_url":"https:\/\/phumaszyny.pl\/pl\/produkt\/frezarka-pionowa-z-mozliwoscia-dlutowania-carl-hurth-lfv3\/","og_site_name":"PHU Maszyny","article_modified_time":"2024-12-03T18:30:25+00:00","og_image":[{"width":1440,"height":1920,"url":"https:\/\/phumaszyny.pl\/wp-content\/uploads\/2024\/11\/IMG_20241115_143038.jpg","type":"image\/jpeg"}],"twitter_card":"summary_large_image","twitter_misc":{"Szacowany czas czytania":"1 minuta"},"schema":{"@context":"https:\/\/schema.org","@graph":[{"@type":"WebPage","@id":"https:\/\/phumaszyny.pl\/produkt\/frezarka-pionowa-z-mozliwoscia-dlutowania-carl-hurth-lfv3\/","url":"https:\/\/phumaszyny.pl\/produkt\/frezarka-pionowa-z-mozliwoscia-dlutowania-carl-hurth-lfv3\/","name":"Frezarka pionowa z mo\u017cliwo\u015bci\u0105 d\u0142utowania Carl Hurth LFV3 sprzedane! - PHU Maszyny","isPartOf":{"@id":"https:\/\/phumaszyny.pl\/en\/#website"},"primaryImageOfPage":{"@id":"https:\/\/phumaszyny.pl\/produkt\/frezarka-pionowa-z-mozliwoscia-dlutowania-carl-hurth-lfv3\/#primaryimage"},"image":{"@id":"https:\/\/phumaszyny.pl\/produkt\/frezarka-pionowa-z-mozliwoscia-dlutowania-carl-hurth-lfv3\/#primaryimage"},"thumbnailUrl":"https:\/\/phumaszyny.pl\/wp-content\/uploads\/2024\/11\/IMG_20241115_143038.jpg","datePublished":"2024-11-24T17:56:39+00:00","dateModified":"2024-12-03T18:30:25+00:00","breadcrumb":{"@id":"https:\/\/phumaszyny.pl\/produkt\/frezarka-pionowa-z-mozliwoscia-dlutowania-carl-hurth-lfv3\/#breadcrumb"},"inLanguage":"pl-PL","potentialAction":[{"@type":"ReadAction","target":["https:\/\/phumaszyny.pl\/produkt\/frezarka-pionowa-z-mozliwoscia-dlutowania-carl-hurth-lfv3\/"]}]},{"@type":"ImageObject","inLanguage":"pl-PL","@id":"https:\/\/phumaszyny.pl\/produkt\/frezarka-pionowa-z-mozliwoscia-dlutowania-carl-hurth-lfv3\/#primaryimage","url":"https:\/\/phumaszyny.pl\/wp-content\/uploads\/2024\/11\/IMG_20241115_143038.jpg","contentUrl":"https:\/\/phumaszyny.pl\/wp-content\/uploads\/2024\/11\/IMG_20241115_143038.jpg","width":1440,"height":1920,"caption":"_cuva"},{"@type":"BreadcrumbList","@id":"https:\/\/phumaszyny.pl\/produkt\/frezarka-pionowa-z-mozliwoscia-dlutowania-carl-hurth-lfv3\/#breadcrumb","itemListElement":[{"@type":"ListItem","position":1,"name":"Strona g\u0142\u00f3wna","item":"https:\/\/phumaszyny.pl\/"},{"@type":"ListItem","position":2,"name":"Sklep","item":"https:\/\/phumaszyny.pl\/?page_id=120"},{"@type":"ListItem","position":3,"name":"Frezarka pionowa z mo\u017cliwo\u015bci\u0105 d\u0142utowania Carl Hurth LFV3 sprzedane!"}]},{"@type":"WebSite","@id":"https:\/\/phumaszyny.pl\/en\/#website","url":"https:\/\/phumaszyny.pl\/en\/","name":"PHU Maszyny","description":"","publisher":{"@id":"https:\/\/phumaszyny.pl\/en\/#\/schema\/person\/89b417042d67c2234d44e13e641d3dde"},"potentialAction":[{"@type":"SearchAction","target":{"@type":"EntryPoint","urlTemplate":"https:\/\/phumaszyny.pl\/en\/?s={search_term_string}"},"query-input":{"@type":"PropertyValueSpecification","valueRequired":true,"valueName":"search_term_string"}}],"inLanguage":"pl-PL"},{"@type":["Person","Organization"],"@id":"https:\/\/phumaszyny.pl\/en\/#\/schema\/person\/89b417042d67c2234d44e13e641d3dde","name":"phumaszyny","image":{"@type":"ImageObject","inLanguage":"pl-PL","@id":"https:\/\/phumaszyny.pl\/wp-content\/uploads\/elementor\/screenshots\/Elementor-post-screenshot_313_2023-03-17-11-00-27_605626bb.png","url":"https:\/\/phumaszyny.pl\/wp-content\/uploads\/elementor\/screenshots\/Elementor-post-screenshot_313_2023-03-17-11-00-27_605626bb.png","contentUrl":"https:\/\/phumaszyny.pl\/wp-content\/uploads\/elementor\/screenshots\/Elementor-post-screenshot_313_2023-03-17-11-00-27_605626bb.png","width":1200,"height":323,"caption":"phumaszyny"},"logo":{"@id":"https:\/\/phumaszyny.pl\/wp-content\/uploads\/elementor\/screenshots\/Elementor-post-screenshot_313_2023-03-17-11-00-27_605626bb.png"},"sameAs":["http:\/\/www.phumaszyny.pl"]}]}},"_links":{"self":[{"href":"https:\/\/phumaszyny.pl\/pl\/wp-json\/wp\/v2\/product\/3025","targetHints":{"allow":["GET"]}}],"collection":[{"href":"https:\/\/phumaszyny.pl\/pl\/wp-json\/wp\/v2\/product"}],"about":[{"href":"https:\/\/phumaszyny.pl\/pl\/wp-json\/wp\/v2\/types\/product"}],"replies":[{"embeddable":true,"href":"https:\/\/phumaszyny.pl\/pl\/wp-json\/wp\/v2\/comments?post=3025"}],"version-history":[{"count":2,"href":"https:\/\/phumaszyny.pl\/pl\/wp-json\/wp\/v2\/product\/3025\/revisions"}],"predecessor-version":[{"id":3213,"href":"https:\/\/phumaszyny.pl\/pl\/wp-json\/wp\/v2\/product\/3025\/revisions\/3213"}],"wp:featuredmedia":[{"embeddable":true,"href":"https:\/\/phumaszyny.pl\/pl\/wp-json\/wp\/v2\/media\/3030"}],"wp:attachment":[{"href":"https:\/\/phumaszyny.pl\/pl\/wp-json\/wp\/v2\/media?parent=3025"}],"wp:term":[{"taxonomy":"product_brand","embeddable":true,"href":"https:\/\/phumaszyny.pl\/pl\/wp-json\/wp\/v2\/product_brand?post=3025"},{"taxonomy":"product_cat","embeddable":true,"href":"https:\/\/phumaszyny.pl\/pl\/wp-json\/wp\/v2\/product_cat?post=3025"},{"taxonomy":"product_tag","embeddable":true,"href":"https:\/\/phumaszyny.pl\/pl\/wp-json\/wp\/v2\/product_tag?post=3025"}],"curies":[{"name":"wp","href":"https:\/\/api.w.org\/{rel}","templated":true}]}}