{"id":3044,"date":"2024-11-24T19:03:17","date_gmt":"2024-11-24T18:03:17","guid":{"rendered":"https:\/\/phumaszyny.pl\/?post_type=product&#038;p=3044"},"modified":"2025-05-06T20:53:45","modified_gmt":"2025-05-06T18:53:45","slug":"wytaczarka-stolowa-tos-varnsdorf-whn-9b-na-odczytach-cyfrowych-osi","status":"publish","type":"product","link":"https:\/\/phumaszyny.pl\/pl\/produkt\/wytaczarka-stolowa-tos-varnsdorf-whn-9b-na-odczytach-cyfrowych-osi\/","title":{"rendered":"Wytaczarka sto\u0142owa TOS VARNSDORF WHN 9B na odczytach cyfrowych osi"},"content":{"rendered":"<p>Wytaczarka TOS VARNSDORF<\/p>\n<p>Typ WHN 9B<\/p>\n<p>Rok produkcji 1983<\/p>\n<p>Parametry maszyny:<\/p>\n<p>\u015arednica robocza wrzeciona: 90 mm<\/p>\n<p>Regulacja poprzeczna sto\u0142u: 1370 mm<\/p>\n<p>Regulacja wzd\u0142u\u017cna sto\u0142u: 1130 mm<\/p>\n<p>Powierzchnia mocowania sto\u0142u: 1120 x 990 mm<\/p>\n<p>Sto\u017cek we wrzecionie roboczym: ISO 40<\/p>\n<p>Pr\u0119dko\u015b\u0107 wrzeciona roboczego: 9 &#8211; 1,120 \/min.<\/p>\n<p>Ca\u0142kowita moc maszyny: 15 kW<\/p>\n<p>Waga: 11,000 kg<\/p>\n<p>Maszyna w bardzo dobrym stanie technicznym, do maszyny dokumentacja, odczyty cyfrowe osi. Maszyna pod\u0142\u0105czona.<\/p>","protected":false},"excerpt":{"rendered":"<p>Wytaczarka TOS VARNSDORF Typ WHN 9B Rok produkcji 1983 Parametry maszyny: \u015arednica robocza wrzeciona: 90 mm Regulacja poprzeczna sto\u0142u: 1370 mm Regulacja wzd\u0142u\u017cna sto\u0142u: 1130 mm Powierzchnia mocowania sto\u0142u: 1120 x 990 mm Sto\u017cek we wrzecionie roboczym: ISO 40 Pr\u0119dko\u015b\u0107 wrzeciona roboczego: 9 &#8211; 1,120 \/min. Ca\u0142kowita moc maszyny: 15 kW Waga: 11,000 kg Maszyna [&hellip;]<\/p>\n","protected":false},"featured_media":3045,"comment_status":"open","ping_status":"closed","template":"","meta":{"_acf_changed":false},"product_brand":[],"product_cat":[28],"product_tag":[208,256,257],"class_list":{"0":"post-3044","1":"product","2":"type-product","3":"status-publish","4":"has-post-thumbnail","6":"product_cat-wytaczarki","7":"product_tag-tos-varnsdorf","8":"product_tag-whn9b","9":"product_tag-wytaczarka-stolowa","11":"first","12":"instock","13":"sale","14":"taxable","15":"shipping-taxable","16":"purchasable","17":"product-type-simple"},"acf":[],"yoast_head":"<!-- This site is optimized with the Yoast SEO plugin v27.3 - https:\/\/yoast.com\/product\/yoast-seo-wordpress\/ -->\n<title>Wytaczarka sto\u0142owa TOS VARNSDORF WHN 9B na odczytach cyfrowych osi - PHU Maszyny<\/title>\n<meta name=\"robots\" content=\"index, follow\" \/>\n<link rel=\"canonical\" href=\"https:\/\/phumaszyny.pl\/pl\/produkt\/wytaczarka-stolowa-tos-varnsdorf-whn-9b-na-odczytach-cyfrowych-osi\/\" \/>\n<meta property=\"og:locale\" content=\"pl_PL\" \/>\n<meta property=\"og:type\" content=\"article\" \/>\n<meta property=\"og:title\" content=\"Wytaczarka sto\u0142owa TOS VARNSDORF WHN 9B na odczytach cyfrowych osi - PHU Maszyny\" \/>\n<meta property=\"og:description\" content=\"Wytaczarka TOS VARNSDORF Typ WHN 9B Rok produkcji 1983 Parametry maszyny: \u015arednica robocza wrzeciona: 90 mm Regulacja poprzeczna sto\u0142u: 1370 mm Regulacja wzd\u0142u\u017cna sto\u0142u: 1130 mm Powierzchnia mocowania sto\u0142u: 1120 x 990 mm Sto\u017cek we wrzecionie roboczym: ISO 40 Pr\u0119dko\u015b\u0107 wrzeciona roboczego: 9 &#8211; 1,120 \/min. Ca\u0142kowita moc maszyny: 15 kW Waga: 11,000 kg Maszyna [&hellip;]\" \/>\n<meta property=\"og:url\" content=\"https:\/\/phumaszyny.pl\/pl\/produkt\/wytaczarka-stolowa-tos-varnsdorf-whn-9b-na-odczytach-cyfrowych-osi\/\" \/>\n<meta property=\"og:site_name\" content=\"PHU Maszyny\" \/>\n<meta property=\"article:modified_time\" content=\"2025-05-06T18:53:45+00:00\" \/>\n<meta property=\"og:image\" content=\"https:\/\/phumaszyny.pl\/wp-content\/uploads\/2024\/11\/IMG_20241108_140238.jpg\" \/>\n\t<meta property=\"og:image:width\" content=\"1440\" \/>\n\t<meta property=\"og:image:height\" content=\"1920\" \/>\n\t<meta property=\"og:image:type\" content=\"image\/jpeg\" \/>\n<meta name=\"twitter:card\" content=\"summary_large_image\" \/>\n<meta name=\"twitter:label1\" content=\"Szacowany czas czytania\" \/>\n\t<meta name=\"twitter:data1\" content=\"1 minuta\" \/>\n<script type=\"application\/ld+json\" class=\"yoast-schema-graph\">{\"@context\":\"https:\\\/\\\/schema.org\",\"@graph\":[{\"@type\":\"WebPage\",\"@id\":\"https:\\\/\\\/phumaszyny.pl\\\/produkt\\\/wytaczarka-stolowa-tos-varnsdorf-whn-9b-na-odczytach-cyfrowych-osi\\\/\",\"url\":\"https:\\\/\\\/phumaszyny.pl\\\/produkt\\\/wytaczarka-stolowa-tos-varnsdorf-whn-9b-na-odczytach-cyfrowych-osi\\\/\",\"name\":\"Wytaczarka sto\u0142owa TOS VARNSDORF WHN 9B na odczytach cyfrowych osi - PHU Maszyny\",\"isPartOf\":{\"@id\":\"https:\\\/\\\/phumaszyny.pl\\\/en\\\/#website\"},\"primaryImageOfPage\":{\"@id\":\"https:\\\/\\\/phumaszyny.pl\\\/produkt\\\/wytaczarka-stolowa-tos-varnsdorf-whn-9b-na-odczytach-cyfrowych-osi\\\/#primaryimage\"},\"image\":{\"@id\":\"https:\\\/\\\/phumaszyny.pl\\\/produkt\\\/wytaczarka-stolowa-tos-varnsdorf-whn-9b-na-odczytach-cyfrowych-osi\\\/#primaryimage\"},\"thumbnailUrl\":\"https:\\\/\\\/phumaszyny.pl\\\/wp-content\\\/uploads\\\/2024\\\/11\\\/IMG_20241108_140238.jpg\",\"datePublished\":\"2024-11-24T18:03:17+00:00\",\"dateModified\":\"2025-05-06T18:53:45+00:00\",\"breadcrumb\":{\"@id\":\"https:\\\/\\\/phumaszyny.pl\\\/produkt\\\/wytaczarka-stolowa-tos-varnsdorf-whn-9b-na-odczytach-cyfrowych-osi\\\/#breadcrumb\"},\"inLanguage\":\"pl-PL\",\"potentialAction\":[{\"@type\":\"ReadAction\",\"target\":[\"https:\\\/\\\/phumaszyny.pl\\\/produkt\\\/wytaczarka-stolowa-tos-varnsdorf-whn-9b-na-odczytach-cyfrowych-osi\\\/\"]}]},{\"@type\":\"ImageObject\",\"inLanguage\":\"pl-PL\",\"@id\":\"https:\\\/\\\/phumaszyny.pl\\\/produkt\\\/wytaczarka-stolowa-tos-varnsdorf-whn-9b-na-odczytach-cyfrowych-osi\\\/#primaryimage\",\"url\":\"https:\\\/\\\/phumaszyny.pl\\\/wp-content\\\/uploads\\\/2024\\\/11\\\/IMG_20241108_140238.jpg\",\"contentUrl\":\"https:\\\/\\\/phumaszyny.pl\\\/wp-content\\\/uploads\\\/2024\\\/11\\\/IMG_20241108_140238.jpg\",\"width\":1440,\"height\":1920,\"caption\":\"_cuva\"},{\"@type\":\"BreadcrumbList\",\"@id\":\"https:\\\/\\\/phumaszyny.pl\\\/produkt\\\/wytaczarka-stolowa-tos-varnsdorf-whn-9b-na-odczytach-cyfrowych-osi\\\/#breadcrumb\",\"itemListElement\":[{\"@type\":\"ListItem\",\"position\":1,\"name\":\"Strona g\u0142\u00f3wna\",\"item\":\"https:\\\/\\\/phumaszyny.pl\\\/\"},{\"@type\":\"ListItem\",\"position\":2,\"name\":\"Sklep\",\"item\":\"https:\\\/\\\/phumaszyny.pl\\\/?page_id=120\"},{\"@type\":\"ListItem\",\"position\":3,\"name\":\"Wytaczarka sto\u0142owa TOS VARNSDORF WHN 9B na odczytach cyfrowych osi\"}]},{\"@type\":\"WebSite\",\"@id\":\"https:\\\/\\\/phumaszyny.pl\\\/en\\\/#website\",\"url\":\"https:\\\/\\\/phumaszyny.pl\\\/en\\\/\",\"name\":\"PHU Maszyny\",\"description\":\"\",\"publisher\":{\"@id\":\"https:\\\/\\\/phumaszyny.pl\\\/en\\\/#\\\/schema\\\/person\\\/89b417042d67c2234d44e13e641d3dde\"},\"potentialAction\":[{\"@type\":\"SearchAction\",\"target\":{\"@type\":\"EntryPoint\",\"urlTemplate\":\"https:\\\/\\\/phumaszyny.pl\\\/en\\\/?s={search_term_string}\"},\"query-input\":{\"@type\":\"PropertyValueSpecification\",\"valueRequired\":true,\"valueName\":\"search_term_string\"}}],\"inLanguage\":\"pl-PL\"},{\"@type\":[\"Person\",\"Organization\"],\"@id\":\"https:\\\/\\\/phumaszyny.pl\\\/en\\\/#\\\/schema\\\/person\\\/89b417042d67c2234d44e13e641d3dde\",\"name\":\"phumaszyny\",\"image\":{\"@type\":\"ImageObject\",\"inLanguage\":\"pl-PL\",\"@id\":\"https:\\\/\\\/phumaszyny.pl\\\/wp-content\\\/uploads\\\/elementor\\\/screenshots\\\/Elementor-post-screenshot_313_2023-03-17-11-00-27_605626bb.png\",\"url\":\"https:\\\/\\\/phumaszyny.pl\\\/wp-content\\\/uploads\\\/elementor\\\/screenshots\\\/Elementor-post-screenshot_313_2023-03-17-11-00-27_605626bb.png\",\"contentUrl\":\"https:\\\/\\\/phumaszyny.pl\\\/wp-content\\\/uploads\\\/elementor\\\/screenshots\\\/Elementor-post-screenshot_313_2023-03-17-11-00-27_605626bb.png\",\"width\":1200,\"height\":323,\"caption\":\"phumaszyny\"},\"logo\":{\"@id\":\"https:\\\/\\\/phumaszyny.pl\\\/wp-content\\\/uploads\\\/elementor\\\/screenshots\\\/Elementor-post-screenshot_313_2023-03-17-11-00-27_605626bb.png\"},\"sameAs\":[\"http:\\\/\\\/www.phumaszyny.pl\"]}]}<\/script>\n<!-- \/ Yoast SEO plugin. -->","yoast_head_json":{"title":"Wytaczarka sto\u0142owa TOS VARNSDORF WHN 9B na odczytach cyfrowych osi - PHU Maszyny","robots":{"index":"index","follow":"follow"},"canonical":"https:\/\/phumaszyny.pl\/pl\/produkt\/wytaczarka-stolowa-tos-varnsdorf-whn-9b-na-odczytach-cyfrowych-osi\/","og_locale":"pl_PL","og_type":"article","og_title":"Wytaczarka sto\u0142owa TOS VARNSDORF WHN 9B na odczytach cyfrowych osi - PHU Maszyny","og_description":"Wytaczarka TOS VARNSDORF Typ WHN 9B Rok produkcji 1983 Parametry maszyny: \u015arednica robocza wrzeciona: 90 mm Regulacja poprzeczna sto\u0142u: 1370 mm Regulacja wzd\u0142u\u017cna sto\u0142u: 1130 mm Powierzchnia mocowania sto\u0142u: 1120 x 990 mm Sto\u017cek we wrzecionie roboczym: ISO 40 Pr\u0119dko\u015b\u0107 wrzeciona roboczego: 9 &#8211; 1,120 \/min. Ca\u0142kowita moc maszyny: 15 kW Waga: 11,000 kg Maszyna [&hellip;]","og_url":"https:\/\/phumaszyny.pl\/pl\/produkt\/wytaczarka-stolowa-tos-varnsdorf-whn-9b-na-odczytach-cyfrowych-osi\/","og_site_name":"PHU Maszyny","article_modified_time":"2025-05-06T18:53:45+00:00","og_image":[{"width":1440,"height":1920,"url":"https:\/\/phumaszyny.pl\/wp-content\/uploads\/2024\/11\/IMG_20241108_140238.jpg","type":"image\/jpeg"}],"twitter_card":"summary_large_image","twitter_misc":{"Szacowany czas czytania":"1 minuta"},"schema":{"@context":"https:\/\/schema.org","@graph":[{"@type":"WebPage","@id":"https:\/\/phumaszyny.pl\/produkt\/wytaczarka-stolowa-tos-varnsdorf-whn-9b-na-odczytach-cyfrowych-osi\/","url":"https:\/\/phumaszyny.pl\/produkt\/wytaczarka-stolowa-tos-varnsdorf-whn-9b-na-odczytach-cyfrowych-osi\/","name":"Wytaczarka sto\u0142owa TOS VARNSDORF WHN 9B na odczytach cyfrowych osi - PHU Maszyny","isPartOf":{"@id":"https:\/\/phumaszyny.pl\/en\/#website"},"primaryImageOfPage":{"@id":"https:\/\/phumaszyny.pl\/produkt\/wytaczarka-stolowa-tos-varnsdorf-whn-9b-na-odczytach-cyfrowych-osi\/#primaryimage"},"image":{"@id":"https:\/\/phumaszyny.pl\/produkt\/wytaczarka-stolowa-tos-varnsdorf-whn-9b-na-odczytach-cyfrowych-osi\/#primaryimage"},"thumbnailUrl":"https:\/\/phumaszyny.pl\/wp-content\/uploads\/2024\/11\/IMG_20241108_140238.jpg","datePublished":"2024-11-24T18:03:17+00:00","dateModified":"2025-05-06T18:53:45+00:00","breadcrumb":{"@id":"https:\/\/phumaszyny.pl\/produkt\/wytaczarka-stolowa-tos-varnsdorf-whn-9b-na-odczytach-cyfrowych-osi\/#breadcrumb"},"inLanguage":"pl-PL","potentialAction":[{"@type":"ReadAction","target":["https:\/\/phumaszyny.pl\/produkt\/wytaczarka-stolowa-tos-varnsdorf-whn-9b-na-odczytach-cyfrowych-osi\/"]}]},{"@type":"ImageObject","inLanguage":"pl-PL","@id":"https:\/\/phumaszyny.pl\/produkt\/wytaczarka-stolowa-tos-varnsdorf-whn-9b-na-odczytach-cyfrowych-osi\/#primaryimage","url":"https:\/\/phumaszyny.pl\/wp-content\/uploads\/2024\/11\/IMG_20241108_140238.jpg","contentUrl":"https:\/\/phumaszyny.pl\/wp-content\/uploads\/2024\/11\/IMG_20241108_140238.jpg","width":1440,"height":1920,"caption":"_cuva"},{"@type":"BreadcrumbList","@id":"https:\/\/phumaszyny.pl\/produkt\/wytaczarka-stolowa-tos-varnsdorf-whn-9b-na-odczytach-cyfrowych-osi\/#breadcrumb","itemListElement":[{"@type":"ListItem","position":1,"name":"Strona g\u0142\u00f3wna","item":"https:\/\/phumaszyny.pl\/"},{"@type":"ListItem","position":2,"name":"Sklep","item":"https:\/\/phumaszyny.pl\/?page_id=120"},{"@type":"ListItem","position":3,"name":"Wytaczarka sto\u0142owa TOS VARNSDORF WHN 9B na odczytach cyfrowych osi"}]},{"@type":"WebSite","@id":"https:\/\/phumaszyny.pl\/en\/#website","url":"https:\/\/phumaszyny.pl\/en\/","name":"PHU Maszyny","description":"","publisher":{"@id":"https:\/\/phumaszyny.pl\/en\/#\/schema\/person\/89b417042d67c2234d44e13e641d3dde"},"potentialAction":[{"@type":"SearchAction","target":{"@type":"EntryPoint","urlTemplate":"https:\/\/phumaszyny.pl\/en\/?s={search_term_string}"},"query-input":{"@type":"PropertyValueSpecification","valueRequired":true,"valueName":"search_term_string"}}],"inLanguage":"pl-PL"},{"@type":["Person","Organization"],"@id":"https:\/\/phumaszyny.pl\/en\/#\/schema\/person\/89b417042d67c2234d44e13e641d3dde","name":"phumaszyny","image":{"@type":"ImageObject","inLanguage":"pl-PL","@id":"https:\/\/phumaszyny.pl\/wp-content\/uploads\/elementor\/screenshots\/Elementor-post-screenshot_313_2023-03-17-11-00-27_605626bb.png","url":"https:\/\/phumaszyny.pl\/wp-content\/uploads\/elementor\/screenshots\/Elementor-post-screenshot_313_2023-03-17-11-00-27_605626bb.png","contentUrl":"https:\/\/phumaszyny.pl\/wp-content\/uploads\/elementor\/screenshots\/Elementor-post-screenshot_313_2023-03-17-11-00-27_605626bb.png","width":1200,"height":323,"caption":"phumaszyny"},"logo":{"@id":"https:\/\/phumaszyny.pl\/wp-content\/uploads\/elementor\/screenshots\/Elementor-post-screenshot_313_2023-03-17-11-00-27_605626bb.png"},"sameAs":["http:\/\/www.phumaszyny.pl"]}]}},"_links":{"self":[{"href":"https:\/\/phumaszyny.pl\/pl\/wp-json\/wp\/v2\/product\/3044","targetHints":{"allow":["GET"]}}],"collection":[{"href":"https:\/\/phumaszyny.pl\/pl\/wp-json\/wp\/v2\/product"}],"about":[{"href":"https:\/\/phumaszyny.pl\/pl\/wp-json\/wp\/v2\/types\/product"}],"replies":[{"embeddable":true,"href":"https:\/\/phumaszyny.pl\/pl\/wp-json\/wp\/v2\/comments?post=3044"}],"version-history":[{"count":1,"href":"https:\/\/phumaszyny.pl\/pl\/wp-json\/wp\/v2\/product\/3044\/revisions"}],"predecessor-version":[{"id":3053,"href":"https:\/\/phumaszyny.pl\/pl\/wp-json\/wp\/v2\/product\/3044\/revisions\/3053"}],"wp:featuredmedia":[{"embeddable":true,"href":"https:\/\/phumaszyny.pl\/pl\/wp-json\/wp\/v2\/media\/3045"}],"wp:attachment":[{"href":"https:\/\/phumaszyny.pl\/pl\/wp-json\/wp\/v2\/media?parent=3044"}],"wp:term":[{"taxonomy":"product_brand","embeddable":true,"href":"https:\/\/phumaszyny.pl\/pl\/wp-json\/wp\/v2\/product_brand?post=3044"},{"taxonomy":"product_cat","embeddable":true,"href":"https:\/\/phumaszyny.pl\/pl\/wp-json\/wp\/v2\/product_cat?post=3044"},{"taxonomy":"product_tag","embeddable":true,"href":"https:\/\/phumaszyny.pl\/pl\/wp-json\/wp\/v2\/product_tag?post=3044"}],"curies":[{"name":"wp","href":"https:\/\/api.w.org\/{rel}","templated":true}]}}