{"id":3054,"date":"2024-11-24T19:08:21","date_gmt":"2024-11-24T18:08:21","guid":{"rendered":"https:\/\/phumaszyny.pl\/?post_type=product&#038;p=3054"},"modified":"2025-04-18T12:46:14","modified_gmt":"2025-04-18T10:46:14","slug":"szlifierka-do-plaszczyzn-elb-swb-va-ll-1981r-pole-magnesu-400x1000mm","status":"publish","type":"product","link":"https:\/\/phumaszyny.pl\/pl\/produkt\/szlifierka-do-plaszczyzn-elb-swb-va-ll-1981r-pole-magnesu-400x1000mm\/","title":{"rendered":"Szlifierka do p\u0142aszczyzn ELB SWB VA ll 1981r pole magnesu 400x1000mm Sprzedane!!!"},"content":{"rendered":"<p>Dane techniczne szlifierka do p\u0142aszczyzn ELB SWB VA ll<\/p>\n<p>&nbsp;<\/p>\n<p>Rok produkcji 1981<\/p>\n<p>&nbsp;<\/p>\n<p>Dane techniczne:<\/p>\n<p>&nbsp;<\/p>\n<p>D\u0142ugo\u015b\u0107 szlifowania:1100 mm<\/p>\n<p>&nbsp;<\/p>\n<p>Szeroko\u015b\u0107 szlifowania:400 mm<\/p>\n<p>&nbsp;<\/p>\n<p>Wysoko\u015b\u0107 detalu :400 mm<\/p>\n<p>&nbsp;<\/p>\n<p>Powierzchnia sto\u0142u:1300&#215;400 mm<\/p>\n<p>&nbsp;<\/p>\n<p>Powierzchnia magnesu:1000 x 400 mm<\/p>\n<p>&nbsp;<\/p>\n<p>Waga maszyny ok.:4500kg<\/p>\n<p>&nbsp;<\/p>\n<p>Wymiary maszyny ok. d\u0142. x szer. x wys.:2300 x 1400 x 2200mm<\/p>\n<p>&nbsp;<\/p>\n<p>maszyna w stanie bardzo dobrym. Pod\u0142\u0105czona.<\/p>","protected":false},"excerpt":{"rendered":"<p>Dane techniczne szlifierka do p\u0142aszczyzn ELB SWB VA ll &nbsp; Rok produkcji 1981 &nbsp; Dane techniczne: &nbsp; D\u0142ugo\u015b\u0107 szlifowania:1100 mm &nbsp; Szeroko\u015b\u0107 szlifowania:400 mm &nbsp; Wysoko\u015b\u0107 detalu :400 mm &nbsp; Powierzchnia sto\u0142u:1300&#215;400 mm &nbsp; Powierzchnia magnesu:1000 x 400 mm &nbsp; Waga maszyny ok.:4500kg &nbsp; Wymiary maszyny ok. d\u0142. x szer. x wys.:2300 x 1400 x [&hellip;]<\/p>\n","protected":false},"featured_media":3055,"comment_status":"open","ping_status":"closed","template":"","meta":{"_acf_changed":false},"product_brand":[],"product_cat":[33],"product_tag":[225,258,259,224,95],"class_list":{"0":"post-3054","1":"product","2":"type-product","3":"status-publish","4":"has-post-thumbnail","6":"product_cat-szlifierki","7":"product_tag-1000x400","8":"product_tag-elb","9":"product_tag-swb-va-ll","10":"product_tag-szlifierka-do-plaszczyzn","11":"product_tag-szlifierka-na-plasko","13":"first","14":"onbackorder","15":"taxable","16":"shipping-taxable","17":"product-type-simple"},"acf":[],"yoast_head":"<!-- This site is optimized with the Yoast SEO plugin v27.3 - https:\/\/yoast.com\/product\/yoast-seo-wordpress\/ -->\n<title>Szlifierka do p\u0142aszczyzn ELB SWB VA ll 1981r pole magnesu 400x1000mm Sprzedane!!! - PHU Maszyny<\/title>\n<meta name=\"robots\" content=\"index, follow\" \/>\n<link rel=\"canonical\" href=\"https:\/\/phumaszyny.pl\/pl\/produkt\/szlifierka-do-plaszczyzn-elb-swb-va-ll-1981r-pole-magnesu-400x1000mm\/\" \/>\n<meta property=\"og:locale\" content=\"pl_PL\" \/>\n<meta property=\"og:type\" content=\"article\" \/>\n<meta property=\"og:title\" content=\"Szlifierka do p\u0142aszczyzn ELB SWB VA ll 1981r pole magnesu 400x1000mm Sprzedane!!! - PHU Maszyny\" \/>\n<meta property=\"og:description\" content=\"Dane techniczne szlifierka do p\u0142aszczyzn ELB SWB VA ll &nbsp; Rok produkcji 1981 &nbsp; Dane techniczne: &nbsp; D\u0142ugo\u015b\u0107 szlifowania:1100 mm &nbsp; Szeroko\u015b\u0107 szlifowania:400 mm &nbsp; Wysoko\u015b\u0107 detalu :400 mm &nbsp; Powierzchnia sto\u0142u:1300&#215;400 mm &nbsp; Powierzchnia magnesu:1000 x 400 mm &nbsp; Waga maszyny ok.:4500kg &nbsp; Wymiary maszyny ok. d\u0142. x szer. x wys.:2300 x 1400 x [&hellip;]\" \/>\n<meta property=\"og:url\" content=\"https:\/\/phumaszyny.pl\/pl\/produkt\/szlifierka-do-plaszczyzn-elb-swb-va-ll-1981r-pole-magnesu-400x1000mm\/\" \/>\n<meta property=\"og:site_name\" content=\"PHU Maszyny\" \/>\n<meta property=\"article:modified_time\" content=\"2025-04-18T10:46:14+00:00\" \/>\n<meta property=\"og:image\" content=\"https:\/\/phumaszyny.pl\/wp-content\/uploads\/2024\/11\/IMG_20241105_100731.jpg\" \/>\n\t<meta property=\"og:image:width\" content=\"1920\" \/>\n\t<meta property=\"og:image:height\" content=\"1440\" \/>\n\t<meta property=\"og:image:type\" content=\"image\/jpeg\" \/>\n<meta name=\"twitter:card\" content=\"summary_large_image\" \/>\n<meta name=\"twitter:label1\" content=\"Szacowany czas czytania\" \/>\n\t<meta name=\"twitter:data1\" content=\"1 minuta\" \/>\n<script type=\"application\/ld+json\" class=\"yoast-schema-graph\">{\"@context\":\"https:\\\/\\\/schema.org\",\"@graph\":[{\"@type\":\"WebPage\",\"@id\":\"https:\\\/\\\/phumaszyny.pl\\\/produkt\\\/szlifierka-do-plaszczyzn-elb-swb-va-ll-1981r-pole-magnesu-400x1000mm\\\/\",\"url\":\"https:\\\/\\\/phumaszyny.pl\\\/produkt\\\/szlifierka-do-plaszczyzn-elb-swb-va-ll-1981r-pole-magnesu-400x1000mm\\\/\",\"name\":\"Szlifierka do p\u0142aszczyzn ELB SWB VA ll 1981r pole magnesu 400x1000mm Sprzedane!!! - PHU Maszyny\",\"isPartOf\":{\"@id\":\"https:\\\/\\\/phumaszyny.pl\\\/en\\\/#website\"},\"primaryImageOfPage\":{\"@id\":\"https:\\\/\\\/phumaszyny.pl\\\/produkt\\\/szlifierka-do-plaszczyzn-elb-swb-va-ll-1981r-pole-magnesu-400x1000mm\\\/#primaryimage\"},\"image\":{\"@id\":\"https:\\\/\\\/phumaszyny.pl\\\/produkt\\\/szlifierka-do-plaszczyzn-elb-swb-va-ll-1981r-pole-magnesu-400x1000mm\\\/#primaryimage\"},\"thumbnailUrl\":\"https:\\\/\\\/phumaszyny.pl\\\/wp-content\\\/uploads\\\/2024\\\/11\\\/IMG_20241105_100731.jpg\",\"datePublished\":\"2024-11-24T18:08:21+00:00\",\"dateModified\":\"2025-04-18T10:46:14+00:00\",\"breadcrumb\":{\"@id\":\"https:\\\/\\\/phumaszyny.pl\\\/produkt\\\/szlifierka-do-plaszczyzn-elb-swb-va-ll-1981r-pole-magnesu-400x1000mm\\\/#breadcrumb\"},\"inLanguage\":\"pl-PL\",\"potentialAction\":[{\"@type\":\"ReadAction\",\"target\":[\"https:\\\/\\\/phumaszyny.pl\\\/produkt\\\/szlifierka-do-plaszczyzn-elb-swb-va-ll-1981r-pole-magnesu-400x1000mm\\\/\"]}]},{\"@type\":\"ImageObject\",\"inLanguage\":\"pl-PL\",\"@id\":\"https:\\\/\\\/phumaszyny.pl\\\/produkt\\\/szlifierka-do-plaszczyzn-elb-swb-va-ll-1981r-pole-magnesu-400x1000mm\\\/#primaryimage\",\"url\":\"https:\\\/\\\/phumaszyny.pl\\\/wp-content\\\/uploads\\\/2024\\\/11\\\/IMG_20241105_100731.jpg\",\"contentUrl\":\"https:\\\/\\\/phumaszyny.pl\\\/wp-content\\\/uploads\\\/2024\\\/11\\\/IMG_20241105_100731.jpg\",\"width\":1920,\"height\":1440,\"caption\":\"_cuva\"},{\"@type\":\"BreadcrumbList\",\"@id\":\"https:\\\/\\\/phumaszyny.pl\\\/produkt\\\/szlifierka-do-plaszczyzn-elb-swb-va-ll-1981r-pole-magnesu-400x1000mm\\\/#breadcrumb\",\"itemListElement\":[{\"@type\":\"ListItem\",\"position\":1,\"name\":\"Strona g\u0142\u00f3wna\",\"item\":\"https:\\\/\\\/phumaszyny.pl\\\/\"},{\"@type\":\"ListItem\",\"position\":2,\"name\":\"Sklep\",\"item\":\"https:\\\/\\\/phumaszyny.pl\\\/?page_id=120\"},{\"@type\":\"ListItem\",\"position\":3,\"name\":\"Szlifierka do p\u0142aszczyzn ELB SWB VA ll 1981r pole magnesu 400x1000mm Sprzedane!!!\"}]},{\"@type\":\"WebSite\",\"@id\":\"https:\\\/\\\/phumaszyny.pl\\\/en\\\/#website\",\"url\":\"https:\\\/\\\/phumaszyny.pl\\\/en\\\/\",\"name\":\"PHU Maszyny\",\"description\":\"\",\"publisher\":{\"@id\":\"https:\\\/\\\/phumaszyny.pl\\\/en\\\/#\\\/schema\\\/person\\\/89b417042d67c2234d44e13e641d3dde\"},\"potentialAction\":[{\"@type\":\"SearchAction\",\"target\":{\"@type\":\"EntryPoint\",\"urlTemplate\":\"https:\\\/\\\/phumaszyny.pl\\\/en\\\/?s={search_term_string}\"},\"query-input\":{\"@type\":\"PropertyValueSpecification\",\"valueRequired\":true,\"valueName\":\"search_term_string\"}}],\"inLanguage\":\"pl-PL\"},{\"@type\":[\"Person\",\"Organization\"],\"@id\":\"https:\\\/\\\/phumaszyny.pl\\\/en\\\/#\\\/schema\\\/person\\\/89b417042d67c2234d44e13e641d3dde\",\"name\":\"phumaszyny\",\"image\":{\"@type\":\"ImageObject\",\"inLanguage\":\"pl-PL\",\"@id\":\"https:\\\/\\\/phumaszyny.pl\\\/wp-content\\\/uploads\\\/elementor\\\/screenshots\\\/Elementor-post-screenshot_313_2023-03-17-11-00-27_605626bb.png\",\"url\":\"https:\\\/\\\/phumaszyny.pl\\\/wp-content\\\/uploads\\\/elementor\\\/screenshots\\\/Elementor-post-screenshot_313_2023-03-17-11-00-27_605626bb.png\",\"contentUrl\":\"https:\\\/\\\/phumaszyny.pl\\\/wp-content\\\/uploads\\\/elementor\\\/screenshots\\\/Elementor-post-screenshot_313_2023-03-17-11-00-27_605626bb.png\",\"width\":1200,\"height\":323,\"caption\":\"phumaszyny\"},\"logo\":{\"@id\":\"https:\\\/\\\/phumaszyny.pl\\\/wp-content\\\/uploads\\\/elementor\\\/screenshots\\\/Elementor-post-screenshot_313_2023-03-17-11-00-27_605626bb.png\"},\"sameAs\":[\"http:\\\/\\\/www.phumaszyny.pl\"]}]}<\/script>\n<!-- \/ Yoast SEO plugin. -->","yoast_head_json":{"title":"Szlifierka do p\u0142aszczyzn ELB SWB VA ll 1981r pole magnesu 400x1000mm Sprzedane!!! - PHU Maszyny","robots":{"index":"index","follow":"follow"},"canonical":"https:\/\/phumaszyny.pl\/pl\/produkt\/szlifierka-do-plaszczyzn-elb-swb-va-ll-1981r-pole-magnesu-400x1000mm\/","og_locale":"pl_PL","og_type":"article","og_title":"Szlifierka do p\u0142aszczyzn ELB SWB VA ll 1981r pole magnesu 400x1000mm Sprzedane!!! - PHU Maszyny","og_description":"Dane techniczne szlifierka do p\u0142aszczyzn ELB SWB VA ll &nbsp; Rok produkcji 1981 &nbsp; Dane techniczne: &nbsp; D\u0142ugo\u015b\u0107 szlifowania:1100 mm &nbsp; Szeroko\u015b\u0107 szlifowania:400 mm &nbsp; Wysoko\u015b\u0107 detalu :400 mm &nbsp; Powierzchnia sto\u0142u:1300&#215;400 mm &nbsp; Powierzchnia magnesu:1000 x 400 mm &nbsp; Waga maszyny ok.:4500kg &nbsp; Wymiary maszyny ok. d\u0142. x szer. x wys.:2300 x 1400 x [&hellip;]","og_url":"https:\/\/phumaszyny.pl\/pl\/produkt\/szlifierka-do-plaszczyzn-elb-swb-va-ll-1981r-pole-magnesu-400x1000mm\/","og_site_name":"PHU Maszyny","article_modified_time":"2025-04-18T10:46:14+00:00","og_image":[{"width":1920,"height":1440,"url":"https:\/\/phumaszyny.pl\/wp-content\/uploads\/2024\/11\/IMG_20241105_100731.jpg","type":"image\/jpeg"}],"twitter_card":"summary_large_image","twitter_misc":{"Szacowany czas czytania":"1 minuta"},"schema":{"@context":"https:\/\/schema.org","@graph":[{"@type":"WebPage","@id":"https:\/\/phumaszyny.pl\/produkt\/szlifierka-do-plaszczyzn-elb-swb-va-ll-1981r-pole-magnesu-400x1000mm\/","url":"https:\/\/phumaszyny.pl\/produkt\/szlifierka-do-plaszczyzn-elb-swb-va-ll-1981r-pole-magnesu-400x1000mm\/","name":"Szlifierka do p\u0142aszczyzn ELB SWB VA ll 1981r pole magnesu 400x1000mm Sprzedane!!! - PHU Maszyny","isPartOf":{"@id":"https:\/\/phumaszyny.pl\/en\/#website"},"primaryImageOfPage":{"@id":"https:\/\/phumaszyny.pl\/produkt\/szlifierka-do-plaszczyzn-elb-swb-va-ll-1981r-pole-magnesu-400x1000mm\/#primaryimage"},"image":{"@id":"https:\/\/phumaszyny.pl\/produkt\/szlifierka-do-plaszczyzn-elb-swb-va-ll-1981r-pole-magnesu-400x1000mm\/#primaryimage"},"thumbnailUrl":"https:\/\/phumaszyny.pl\/wp-content\/uploads\/2024\/11\/IMG_20241105_100731.jpg","datePublished":"2024-11-24T18:08:21+00:00","dateModified":"2025-04-18T10:46:14+00:00","breadcrumb":{"@id":"https:\/\/phumaszyny.pl\/produkt\/szlifierka-do-plaszczyzn-elb-swb-va-ll-1981r-pole-magnesu-400x1000mm\/#breadcrumb"},"inLanguage":"pl-PL","potentialAction":[{"@type":"ReadAction","target":["https:\/\/phumaszyny.pl\/produkt\/szlifierka-do-plaszczyzn-elb-swb-va-ll-1981r-pole-magnesu-400x1000mm\/"]}]},{"@type":"ImageObject","inLanguage":"pl-PL","@id":"https:\/\/phumaszyny.pl\/produkt\/szlifierka-do-plaszczyzn-elb-swb-va-ll-1981r-pole-magnesu-400x1000mm\/#primaryimage","url":"https:\/\/phumaszyny.pl\/wp-content\/uploads\/2024\/11\/IMG_20241105_100731.jpg","contentUrl":"https:\/\/phumaszyny.pl\/wp-content\/uploads\/2024\/11\/IMG_20241105_100731.jpg","width":1920,"height":1440,"caption":"_cuva"},{"@type":"BreadcrumbList","@id":"https:\/\/phumaszyny.pl\/produkt\/szlifierka-do-plaszczyzn-elb-swb-va-ll-1981r-pole-magnesu-400x1000mm\/#breadcrumb","itemListElement":[{"@type":"ListItem","position":1,"name":"Strona g\u0142\u00f3wna","item":"https:\/\/phumaszyny.pl\/"},{"@type":"ListItem","position":2,"name":"Sklep","item":"https:\/\/phumaszyny.pl\/?page_id=120"},{"@type":"ListItem","position":3,"name":"Szlifierka do p\u0142aszczyzn ELB SWB VA ll 1981r pole magnesu 400x1000mm Sprzedane!!!"}]},{"@type":"WebSite","@id":"https:\/\/phumaszyny.pl\/en\/#website","url":"https:\/\/phumaszyny.pl\/en\/","name":"PHU Maszyny","description":"","publisher":{"@id":"https:\/\/phumaszyny.pl\/en\/#\/schema\/person\/89b417042d67c2234d44e13e641d3dde"},"potentialAction":[{"@type":"SearchAction","target":{"@type":"EntryPoint","urlTemplate":"https:\/\/phumaszyny.pl\/en\/?s={search_term_string}"},"query-input":{"@type":"PropertyValueSpecification","valueRequired":true,"valueName":"search_term_string"}}],"inLanguage":"pl-PL"},{"@type":["Person","Organization"],"@id":"https:\/\/phumaszyny.pl\/en\/#\/schema\/person\/89b417042d67c2234d44e13e641d3dde","name":"phumaszyny","image":{"@type":"ImageObject","inLanguage":"pl-PL","@id":"https:\/\/phumaszyny.pl\/wp-content\/uploads\/elementor\/screenshots\/Elementor-post-screenshot_313_2023-03-17-11-00-27_605626bb.png","url":"https:\/\/phumaszyny.pl\/wp-content\/uploads\/elementor\/screenshots\/Elementor-post-screenshot_313_2023-03-17-11-00-27_605626bb.png","contentUrl":"https:\/\/phumaszyny.pl\/wp-content\/uploads\/elementor\/screenshots\/Elementor-post-screenshot_313_2023-03-17-11-00-27_605626bb.png","width":1200,"height":323,"caption":"phumaszyny"},"logo":{"@id":"https:\/\/phumaszyny.pl\/wp-content\/uploads\/elementor\/screenshots\/Elementor-post-screenshot_313_2023-03-17-11-00-27_605626bb.png"},"sameAs":["http:\/\/www.phumaszyny.pl"]}]}},"_links":{"self":[{"href":"https:\/\/phumaszyny.pl\/pl\/wp-json\/wp\/v2\/product\/3054","targetHints":{"allow":["GET"]}}],"collection":[{"href":"https:\/\/phumaszyny.pl\/pl\/wp-json\/wp\/v2\/product"}],"about":[{"href":"https:\/\/phumaszyny.pl\/pl\/wp-json\/wp\/v2\/types\/product"}],"replies":[{"embeddable":true,"href":"https:\/\/phumaszyny.pl\/pl\/wp-json\/wp\/v2\/comments?post=3054"}],"version-history":[{"count":2,"href":"https:\/\/phumaszyny.pl\/pl\/wp-json\/wp\/v2\/product\/3054\/revisions"}],"predecessor-version":[{"id":3417,"href":"https:\/\/phumaszyny.pl\/pl\/wp-json\/wp\/v2\/product\/3054\/revisions\/3417"}],"wp:featuredmedia":[{"embeddable":true,"href":"https:\/\/phumaszyny.pl\/pl\/wp-json\/wp\/v2\/media\/3055"}],"wp:attachment":[{"href":"https:\/\/phumaszyny.pl\/pl\/wp-json\/wp\/v2\/media?parent=3054"}],"wp:term":[{"taxonomy":"product_brand","embeddable":true,"href":"https:\/\/phumaszyny.pl\/pl\/wp-json\/wp\/v2\/product_brand?post=3054"},{"taxonomy":"product_cat","embeddable":true,"href":"https:\/\/phumaszyny.pl\/pl\/wp-json\/wp\/v2\/product_cat?post=3054"},{"taxonomy":"product_tag","embeddable":true,"href":"https:\/\/phumaszyny.pl\/pl\/wp-json\/wp\/v2\/product_tag?post=3054"}],"curies":[{"name":"wp","href":"https:\/\/api.w.org\/{rel}","templated":true}]}}