{"id":3169,"date":"2024-11-24T20:23:59","date_gmt":"2024-11-24T19:23:59","guid":{"rendered":"https:\/\/phumaszyny.pl\/?post_type=product&#038;p=3169"},"modified":"2025-07-09T13:05:27","modified_gmt":"2025-07-09T11:05:27","slug":"tokarka-uniwersalana-tos-sn-40-1000","status":"publish","type":"product","link":"https:\/\/phumaszyny.pl\/pl\/produkt\/tokarka-uniwersalana-tos-sn-40-1000\/","title":{"rendered":"Tokarka Uniwersalana TOS SN 40\/1000"},"content":{"rendered":"<h2>Tokarka Uniwersalana TOS TRENCIN SN 40<\/h2>\n<p>Producent TOS TRENCIN<\/p>\n<p>Typ SN40<\/p>\n<p>Parametry techniczne:<\/p>\n<p>-maksymalna d\u0142ugo\u015b\u0107 elementu toczenego w k\u0142ach: 1000mm,<\/p>\n<p>-maksymalna \u015brednica obrabianego elementu nad \u0142o\u017cem: 400mm,<\/p>\n<p>-maksymalna \u015brednica obrabianego elementu nad suportem: 220mm,<\/p>\n<p>-przelot wrzeciona: 52mm,<\/p>\n<p>-sto\u017cek w pinoli konika: Morse 4,<\/p>\n<p>-szeroko\u015b\u0107 \u0142o\u017ca: 340mm,<\/p>\n<p>-skok pinoli konika: 180mm,<\/p>\n<p>-maksymalny ci\u0119\u017car przedmiotu obrabianego: 300kg,<\/p>\n<p>-pr\u0119dko\u015bci obrotowe wrzeciona: 21 stopni w zakresie 14-2800obr\/min,<\/p>\n<p>-moc silnika g\u0142\u00f3wnego: 5,5kW,<\/p>\n<p>-ci\u0119\u017car maszyny: 1580kg.<\/p>\n<p>Tokarka w bardzo dobrym stanie technicznym, bez luz\u00f3w pracuje bardzo cicho \u0142o\u017ce w bardzo dobrym stanie.<\/p>\n<p>Maszyna pod\u0142\u0105czona, zapraszam na pr\u00f3by.<\/p>","protected":false},"excerpt":{"rendered":"<p>Tokarka Uniwersalana TOS TRENCIN SN 40 Producent TOS TRENCIN Typ SN40 Parametry techniczne: -maksymalna d\u0142ugo\u015b\u0107 elementu toczenego w k\u0142ach: 1000mm, -maksymalna \u015brednica obrabianego elementu nad \u0142o\u017cem: 400mm, -maksymalna \u015brednica obrabianego elementu nad suportem: 220mm, -przelot wrzeciona: 52mm, -sto\u017cek w pinoli konika: Morse 4, -szeroko\u015b\u0107 \u0142o\u017ca: 340mm, -skok pinoli konika: 180mm, -maksymalny ci\u0119\u017car przedmiotu obrabianego: 300kg, [&hellip;]<\/p>\n","protected":false},"featured_media":3534,"comment_status":"open","ping_status":"closed","template":"","meta":{"_acf_changed":false},"product_brand":[],"product_cat":[24],"product_tag":[267,118,78],"class_list":{"0":"post-3169","1":"product","2":"type-product","3":"status-publish","4":"has-post-thumbnail","6":"product_cat-tokarki","7":"product_tag-sn-40","8":"product_tag-tokarka-uniwersalana","9":"product_tag-tos","11":"first","12":"instock","13":"sale","14":"taxable","15":"shipping-taxable","16":"purchasable","17":"product-type-simple"},"acf":[],"yoast_head":"<!-- This site is optimized with the Yoast SEO plugin v27.3 - https:\/\/yoast.com\/product\/yoast-seo-wordpress\/ -->\n<title>Tokarka Uniwersalana TOS SN 40\/1000 - PHU Maszyny<\/title>\n<meta name=\"robots\" content=\"index, follow\" \/>\n<link rel=\"canonical\" href=\"https:\/\/phumaszyny.pl\/pl\/produkt\/tokarka-uniwersalana-tos-sn-40-1000\/\" \/>\n<meta property=\"og:locale\" content=\"pl_PL\" \/>\n<meta property=\"og:type\" content=\"article\" \/>\n<meta property=\"og:title\" content=\"Tokarka Uniwersalana TOS SN 40\/1000 - PHU Maszyny\" \/>\n<meta property=\"og:description\" content=\"Tokarka Uniwersalana TOS TRENCIN SN 40 Producent TOS TRENCIN Typ SN40 Parametry techniczne: -maksymalna d\u0142ugo\u015b\u0107 elementu toczenego w k\u0142ach: 1000mm, -maksymalna \u015brednica obrabianego elementu nad \u0142o\u017cem: 400mm, -maksymalna \u015brednica obrabianego elementu nad suportem: 220mm, -przelot wrzeciona: 52mm, -sto\u017cek w pinoli konika: Morse 4, -szeroko\u015b\u0107 \u0142o\u017ca: 340mm, -skok pinoli konika: 180mm, -maksymalny ci\u0119\u017car przedmiotu obrabianego: 300kg, [&hellip;]\" \/>\n<meta property=\"og:url\" content=\"https:\/\/phumaszyny.pl\/pl\/produkt\/tokarka-uniwersalana-tos-sn-40-1000\/\" \/>\n<meta property=\"og:site_name\" content=\"PHU Maszyny\" \/>\n<meta property=\"article:modified_time\" content=\"2025-07-09T11:05:27+00:00\" \/>\n<meta property=\"og:image\" content=\"https:\/\/phumaszyny.pl\/wp-content\/uploads\/2024\/11\/IMG_20250521_133736.jpg\" \/>\n\t<meta property=\"og:image:width\" content=\"1920\" \/>\n\t<meta property=\"og:image:height\" content=\"1440\" \/>\n\t<meta property=\"og:image:type\" content=\"image\/jpeg\" \/>\n<meta name=\"twitter:card\" content=\"summary_large_image\" \/>\n<meta name=\"twitter:label1\" content=\"Szacowany czas czytania\" \/>\n\t<meta name=\"twitter:data1\" content=\"1 minuta\" \/>\n<script type=\"application\/ld+json\" class=\"yoast-schema-graph\">{\"@context\":\"https:\\\/\\\/schema.org\",\"@graph\":[{\"@type\":\"WebPage\",\"@id\":\"https:\\\/\\\/phumaszyny.pl\\\/produkt\\\/tokarka-uniwersalana-tos-sn-40-1000\\\/\",\"url\":\"https:\\\/\\\/phumaszyny.pl\\\/produkt\\\/tokarka-uniwersalana-tos-sn-40-1000\\\/\",\"name\":\"Tokarka Uniwersalana TOS SN 40\\\/1000 - PHU Maszyny\",\"isPartOf\":{\"@id\":\"https:\\\/\\\/phumaszyny.pl\\\/en\\\/#website\"},\"primaryImageOfPage\":{\"@id\":\"https:\\\/\\\/phumaszyny.pl\\\/produkt\\\/tokarka-uniwersalana-tos-sn-40-1000\\\/#primaryimage\"},\"image\":{\"@id\":\"https:\\\/\\\/phumaszyny.pl\\\/produkt\\\/tokarka-uniwersalana-tos-sn-40-1000\\\/#primaryimage\"},\"thumbnailUrl\":\"https:\\\/\\\/phumaszyny.pl\\\/wp-content\\\/uploads\\\/2024\\\/11\\\/IMG_20250521_133736.jpg\",\"datePublished\":\"2024-11-24T19:23:59+00:00\",\"dateModified\":\"2025-07-09T11:05:27+00:00\",\"breadcrumb\":{\"@id\":\"https:\\\/\\\/phumaszyny.pl\\\/produkt\\\/tokarka-uniwersalana-tos-sn-40-1000\\\/#breadcrumb\"},\"inLanguage\":\"pl-PL\",\"potentialAction\":[{\"@type\":\"ReadAction\",\"target\":[\"https:\\\/\\\/phumaszyny.pl\\\/produkt\\\/tokarka-uniwersalana-tos-sn-40-1000\\\/\"]}]},{\"@type\":\"ImageObject\",\"inLanguage\":\"pl-PL\",\"@id\":\"https:\\\/\\\/phumaszyny.pl\\\/produkt\\\/tokarka-uniwersalana-tos-sn-40-1000\\\/#primaryimage\",\"url\":\"https:\\\/\\\/phumaszyny.pl\\\/wp-content\\\/uploads\\\/2024\\\/11\\\/IMG_20250521_133736.jpg\",\"contentUrl\":\"https:\\\/\\\/phumaszyny.pl\\\/wp-content\\\/uploads\\\/2024\\\/11\\\/IMG_20250521_133736.jpg\",\"width\":1920,\"height\":1440,\"caption\":\"_cuva\"},{\"@type\":\"BreadcrumbList\",\"@id\":\"https:\\\/\\\/phumaszyny.pl\\\/produkt\\\/tokarka-uniwersalana-tos-sn-40-1000\\\/#breadcrumb\",\"itemListElement\":[{\"@type\":\"ListItem\",\"position\":1,\"name\":\"Strona g\u0142\u00f3wna\",\"item\":\"https:\\\/\\\/phumaszyny.pl\\\/\"},{\"@type\":\"ListItem\",\"position\":2,\"name\":\"Sklep\",\"item\":\"https:\\\/\\\/phumaszyny.pl\\\/?page_id=120\"},{\"@type\":\"ListItem\",\"position\":3,\"name\":\"Tokarka Uniwersalana TOS SN 40\\\/1000\"}]},{\"@type\":\"WebSite\",\"@id\":\"https:\\\/\\\/phumaszyny.pl\\\/en\\\/#website\",\"url\":\"https:\\\/\\\/phumaszyny.pl\\\/en\\\/\",\"name\":\"PHU Maszyny\",\"description\":\"\",\"publisher\":{\"@id\":\"https:\\\/\\\/phumaszyny.pl\\\/en\\\/#\\\/schema\\\/person\\\/89b417042d67c2234d44e13e641d3dde\"},\"potentialAction\":[{\"@type\":\"SearchAction\",\"target\":{\"@type\":\"EntryPoint\",\"urlTemplate\":\"https:\\\/\\\/phumaszyny.pl\\\/en\\\/?s={search_term_string}\"},\"query-input\":{\"@type\":\"PropertyValueSpecification\",\"valueRequired\":true,\"valueName\":\"search_term_string\"}}],\"inLanguage\":\"pl-PL\"},{\"@type\":[\"Person\",\"Organization\"],\"@id\":\"https:\\\/\\\/phumaszyny.pl\\\/en\\\/#\\\/schema\\\/person\\\/89b417042d67c2234d44e13e641d3dde\",\"name\":\"phumaszyny\",\"image\":{\"@type\":\"ImageObject\",\"inLanguage\":\"pl-PL\",\"@id\":\"https:\\\/\\\/phumaszyny.pl\\\/wp-content\\\/uploads\\\/elementor\\\/screenshots\\\/Elementor-post-screenshot_313_2023-03-17-11-00-27_605626bb.png\",\"url\":\"https:\\\/\\\/phumaszyny.pl\\\/wp-content\\\/uploads\\\/elementor\\\/screenshots\\\/Elementor-post-screenshot_313_2023-03-17-11-00-27_605626bb.png\",\"contentUrl\":\"https:\\\/\\\/phumaszyny.pl\\\/wp-content\\\/uploads\\\/elementor\\\/screenshots\\\/Elementor-post-screenshot_313_2023-03-17-11-00-27_605626bb.png\",\"width\":1200,\"height\":323,\"caption\":\"phumaszyny\"},\"logo\":{\"@id\":\"https:\\\/\\\/phumaszyny.pl\\\/wp-content\\\/uploads\\\/elementor\\\/screenshots\\\/Elementor-post-screenshot_313_2023-03-17-11-00-27_605626bb.png\"},\"sameAs\":[\"http:\\\/\\\/www.phumaszyny.pl\"]}]}<\/script>\n<!-- \/ Yoast SEO plugin. -->","yoast_head_json":{"title":"Tokarka Uniwersalana TOS SN 40\/1000 - PHU Maszyny","robots":{"index":"index","follow":"follow"},"canonical":"https:\/\/phumaszyny.pl\/pl\/produkt\/tokarka-uniwersalana-tos-sn-40-1000\/","og_locale":"pl_PL","og_type":"article","og_title":"Tokarka Uniwersalana TOS SN 40\/1000 - PHU Maszyny","og_description":"Tokarka Uniwersalana TOS TRENCIN SN 40 Producent TOS TRENCIN Typ SN40 Parametry techniczne: -maksymalna d\u0142ugo\u015b\u0107 elementu toczenego w k\u0142ach: 1000mm, -maksymalna \u015brednica obrabianego elementu nad \u0142o\u017cem: 400mm, -maksymalna \u015brednica obrabianego elementu nad suportem: 220mm, -przelot wrzeciona: 52mm, -sto\u017cek w pinoli konika: Morse 4, -szeroko\u015b\u0107 \u0142o\u017ca: 340mm, -skok pinoli konika: 180mm, -maksymalny ci\u0119\u017car przedmiotu obrabianego: 300kg, [&hellip;]","og_url":"https:\/\/phumaszyny.pl\/pl\/produkt\/tokarka-uniwersalana-tos-sn-40-1000\/","og_site_name":"PHU Maszyny","article_modified_time":"2025-07-09T11:05:27+00:00","og_image":[{"width":1920,"height":1440,"url":"https:\/\/phumaszyny.pl\/wp-content\/uploads\/2024\/11\/IMG_20250521_133736.jpg","type":"image\/jpeg"}],"twitter_card":"summary_large_image","twitter_misc":{"Szacowany czas czytania":"1 minuta"},"schema":{"@context":"https:\/\/schema.org","@graph":[{"@type":"WebPage","@id":"https:\/\/phumaszyny.pl\/produkt\/tokarka-uniwersalana-tos-sn-40-1000\/","url":"https:\/\/phumaszyny.pl\/produkt\/tokarka-uniwersalana-tos-sn-40-1000\/","name":"Tokarka Uniwersalana TOS SN 40\/1000 - PHU Maszyny","isPartOf":{"@id":"https:\/\/phumaszyny.pl\/en\/#website"},"primaryImageOfPage":{"@id":"https:\/\/phumaszyny.pl\/produkt\/tokarka-uniwersalana-tos-sn-40-1000\/#primaryimage"},"image":{"@id":"https:\/\/phumaszyny.pl\/produkt\/tokarka-uniwersalana-tos-sn-40-1000\/#primaryimage"},"thumbnailUrl":"https:\/\/phumaszyny.pl\/wp-content\/uploads\/2024\/11\/IMG_20250521_133736.jpg","datePublished":"2024-11-24T19:23:59+00:00","dateModified":"2025-07-09T11:05:27+00:00","breadcrumb":{"@id":"https:\/\/phumaszyny.pl\/produkt\/tokarka-uniwersalana-tos-sn-40-1000\/#breadcrumb"},"inLanguage":"pl-PL","potentialAction":[{"@type":"ReadAction","target":["https:\/\/phumaszyny.pl\/produkt\/tokarka-uniwersalana-tos-sn-40-1000\/"]}]},{"@type":"ImageObject","inLanguage":"pl-PL","@id":"https:\/\/phumaszyny.pl\/produkt\/tokarka-uniwersalana-tos-sn-40-1000\/#primaryimage","url":"https:\/\/phumaszyny.pl\/wp-content\/uploads\/2024\/11\/IMG_20250521_133736.jpg","contentUrl":"https:\/\/phumaszyny.pl\/wp-content\/uploads\/2024\/11\/IMG_20250521_133736.jpg","width":1920,"height":1440,"caption":"_cuva"},{"@type":"BreadcrumbList","@id":"https:\/\/phumaszyny.pl\/produkt\/tokarka-uniwersalana-tos-sn-40-1000\/#breadcrumb","itemListElement":[{"@type":"ListItem","position":1,"name":"Strona g\u0142\u00f3wna","item":"https:\/\/phumaszyny.pl\/"},{"@type":"ListItem","position":2,"name":"Sklep","item":"https:\/\/phumaszyny.pl\/?page_id=120"},{"@type":"ListItem","position":3,"name":"Tokarka Uniwersalana TOS SN 40\/1000"}]},{"@type":"WebSite","@id":"https:\/\/phumaszyny.pl\/en\/#website","url":"https:\/\/phumaszyny.pl\/en\/","name":"PHU Maszyny","description":"","publisher":{"@id":"https:\/\/phumaszyny.pl\/en\/#\/schema\/person\/89b417042d67c2234d44e13e641d3dde"},"potentialAction":[{"@type":"SearchAction","target":{"@type":"EntryPoint","urlTemplate":"https:\/\/phumaszyny.pl\/en\/?s={search_term_string}"},"query-input":{"@type":"PropertyValueSpecification","valueRequired":true,"valueName":"search_term_string"}}],"inLanguage":"pl-PL"},{"@type":["Person","Organization"],"@id":"https:\/\/phumaszyny.pl\/en\/#\/schema\/person\/89b417042d67c2234d44e13e641d3dde","name":"phumaszyny","image":{"@type":"ImageObject","inLanguage":"pl-PL","@id":"https:\/\/phumaszyny.pl\/wp-content\/uploads\/elementor\/screenshots\/Elementor-post-screenshot_313_2023-03-17-11-00-27_605626bb.png","url":"https:\/\/phumaszyny.pl\/wp-content\/uploads\/elementor\/screenshots\/Elementor-post-screenshot_313_2023-03-17-11-00-27_605626bb.png","contentUrl":"https:\/\/phumaszyny.pl\/wp-content\/uploads\/elementor\/screenshots\/Elementor-post-screenshot_313_2023-03-17-11-00-27_605626bb.png","width":1200,"height":323,"caption":"phumaszyny"},"logo":{"@id":"https:\/\/phumaszyny.pl\/wp-content\/uploads\/elementor\/screenshots\/Elementor-post-screenshot_313_2023-03-17-11-00-27_605626bb.png"},"sameAs":["http:\/\/www.phumaszyny.pl"]}]}},"_links":{"self":[{"href":"https:\/\/phumaszyny.pl\/pl\/wp-json\/wp\/v2\/product\/3169","targetHints":{"allow":["GET"]}}],"collection":[{"href":"https:\/\/phumaszyny.pl\/pl\/wp-json\/wp\/v2\/product"}],"about":[{"href":"https:\/\/phumaszyny.pl\/pl\/wp-json\/wp\/v2\/types\/product"}],"replies":[{"embeddable":true,"href":"https:\/\/phumaszyny.pl\/pl\/wp-json\/wp\/v2\/comments?post=3169"}],"version-history":[{"count":4,"href":"https:\/\/phumaszyny.pl\/pl\/wp-json\/wp\/v2\/product\/3169\/revisions"}],"predecessor-version":[{"id":3567,"href":"https:\/\/phumaszyny.pl\/pl\/wp-json\/wp\/v2\/product\/3169\/revisions\/3567"}],"wp:featuredmedia":[{"embeddable":true,"href":"https:\/\/phumaszyny.pl\/pl\/wp-json\/wp\/v2\/media\/3534"}],"wp:attachment":[{"href":"https:\/\/phumaszyny.pl\/pl\/wp-json\/wp\/v2\/media?parent=3169"}],"wp:term":[{"taxonomy":"product_brand","embeddable":true,"href":"https:\/\/phumaszyny.pl\/pl\/wp-json\/wp\/v2\/product_brand?post=3169"},{"taxonomy":"product_cat","embeddable":true,"href":"https:\/\/phumaszyny.pl\/pl\/wp-json\/wp\/v2\/product_cat?post=3169"},{"taxonomy":"product_tag","embeddable":true,"href":"https:\/\/phumaszyny.pl\/pl\/wp-json\/wp\/v2\/product_tag?post=3169"}],"curies":[{"name":"wp","href":"https:\/\/api.w.org\/{rel}","templated":true}]}}