{"id":3235,"date":"2024-12-08T20:36:10","date_gmt":"2024-12-08T19:36:10","guid":{"rendered":"https:\/\/phumaszyny.pl\/?post_type=product&#038;p=3235"},"modified":"2025-05-06T20:51:02","modified_gmt":"2025-05-06T18:51:02","slug":"frezarka-uniwersalna-wmw-heckert-fss-400-e","status":"publish","type":"product","link":"https:\/\/phumaszyny.pl\/pl\/produkt\/frezarka-uniwersalna-wmw-heckert-fss-400-e\/","title":{"rendered":"Frezarka pionowa WMW HECKERT FSS 400 E"},"content":{"rendered":"<p>Frezarka pionowa<\/p>\n<p>Producent: WMW HECKERT<\/p>\n<p>Typ: FSS 400 E<\/p>\n<p>Odczyty cyfrowe osi, nowa elektryka, frezarka po remoncie w 2020r, mechaniczne zaci\u0105ganie narz\u0119dzia.<\/p>\n<p>&nbsp;<\/p>\n<table class=\"dataCol techParams\">\n<tbody>\n<tr>\n<th colspan=\"2\">\n<h2>Parametry techniczne<\/h2>\n<\/th>\n<\/tr>\n<tr>\n<td>D\u0142ugo\u015b\u0107 sto\u0142u roboczego<\/td>\n<td>1600\u00a0mm<\/td>\n<\/tr>\n<tr>\n<td>Szeroko\u015b\u0107 sto\u0142u roboczego<\/td>\n<td>400\u00a0mm<\/td>\n<\/tr>\n<tr>\n<td>D\u0142ugo\u015b\u0107 przesuwu w osi X (posuw mechaniczny)<\/td>\n<td>1200\u00a0mm<\/td>\n<\/tr>\n<tr>\n<td>D\u0142ugo\u015b\u0107 przesuwu w osi Y (posuw mechaniczny)<\/td>\n<td>400\u00a0mm<\/td>\n<\/tr>\n<tr>\n<td>D\u0142ugo\u015b\u0107 przesuwu w osi Z (posuw mechaniczny)<\/td>\n<\/tr>\n<\/tbody>\n<\/table>","protected":false},"excerpt":{"rendered":"<p>Frezarka pionowa Producent: WMW HECKERT Typ: FSS 400 E Odczyty cyfrowe osi, nowa elektryka, frezarka po remoncie w 2020r, mechaniczne zaci\u0105ganie narz\u0119dzia. &nbsp; Parametry techniczne D\u0142ugo\u015b\u0107 sto\u0142u roboczego 1600\u00a0mm Szeroko\u015b\u0107 sto\u0142u roboczego 400\u00a0mm D\u0142ugo\u015b\u0107 przesuwu w osi X (posuw mechaniczny) 1200\u00a0mm D\u0142ugo\u015b\u0107 przesuwu w osi Y (posuw mechaniczny) 400\u00a0mm D\u0142ugo\u015b\u0107 przesuwu w osi Z (posuw [&hellip;]<\/p>\n","protected":false},"featured_media":3254,"comment_status":"open","ping_status":"closed","template":"","meta":{"_acf_changed":false},"product_brand":[],"product_cat":[27],"product_tag":[226,275,274,94],"class_list":{"0":"post-3235","1":"product","2":"type-product","3":"status-publish","4":"has-post-thumbnail","6":"product_cat-frezarki","7":"product_tag-frezarka-pionowa","8":"product_tag-fss400-e","9":"product_tag-heckert","10":"product_tag-wmw","12":"first","13":"instock","14":"sale","15":"taxable","16":"shipping-taxable","17":"purchasable","18":"product-type-simple"},"acf":[],"yoast_head":"<!-- This site is optimized with the Yoast SEO plugin v27.3 - https:\/\/yoast.com\/product\/yoast-seo-wordpress\/ -->\n<title>Frezarka pionowa WMW HECKERT FSS 400 E - PHU Maszyny<\/title>\n<meta name=\"robots\" content=\"index, follow\" \/>\n<link rel=\"canonical\" href=\"https:\/\/phumaszyny.pl\/pl\/produkt\/frezarka-uniwersalna-wmw-heckert-fss-400-e\/\" \/>\n<meta property=\"og:locale\" content=\"pl_PL\" \/>\n<meta property=\"og:type\" content=\"article\" \/>\n<meta property=\"og:title\" content=\"Frezarka pionowa WMW HECKERT FSS 400 E - PHU Maszyny\" \/>\n<meta property=\"og:description\" content=\"Frezarka pionowa Producent: WMW HECKERT Typ: FSS 400 E Odczyty cyfrowe osi, nowa elektryka, frezarka po remoncie w 2020r, mechaniczne zaci\u0105ganie narz\u0119dzia. &nbsp; Parametry techniczne D\u0142ugo\u015b\u0107 sto\u0142u roboczego 1600\u00a0mm Szeroko\u015b\u0107 sto\u0142u roboczego 400\u00a0mm D\u0142ugo\u015b\u0107 przesuwu w osi X (posuw mechaniczny) 1200\u00a0mm D\u0142ugo\u015b\u0107 przesuwu w osi Y (posuw mechaniczny) 400\u00a0mm D\u0142ugo\u015b\u0107 przesuwu w osi Z (posuw [&hellip;]\" \/>\n<meta property=\"og:url\" content=\"https:\/\/phumaszyny.pl\/pl\/produkt\/frezarka-uniwersalna-wmw-heckert-fss-400-e\/\" \/>\n<meta property=\"og:site_name\" content=\"PHU Maszyny\" \/>\n<meta property=\"article:modified_time\" content=\"2025-05-06T18:51:02+00:00\" \/>\n<meta property=\"og:image\" content=\"https:\/\/phumaszyny.pl\/wp-content\/uploads\/2024\/12\/IMG_20241209_131643.jpg\" \/>\n\t<meta property=\"og:image:width\" content=\"1440\" \/>\n\t<meta property=\"og:image:height\" content=\"1920\" \/>\n\t<meta property=\"og:image:type\" content=\"image\/jpeg\" \/>\n<meta name=\"twitter:card\" content=\"summary_large_image\" \/>\n<meta name=\"twitter:label1\" content=\"Szacowany czas czytania\" \/>\n\t<meta name=\"twitter:data1\" content=\"1 minuta\" \/>\n<script type=\"application\/ld+json\" class=\"yoast-schema-graph\">{\"@context\":\"https:\\\/\\\/schema.org\",\"@graph\":[{\"@type\":\"WebPage\",\"@id\":\"https:\\\/\\\/phumaszyny.pl\\\/produkt\\\/frezarka-uniwersalna-wmw-heckert-fss-400-e\\\/\",\"url\":\"https:\\\/\\\/phumaszyny.pl\\\/produkt\\\/frezarka-uniwersalna-wmw-heckert-fss-400-e\\\/\",\"name\":\"Frezarka pionowa WMW HECKERT FSS 400 E - PHU Maszyny\",\"isPartOf\":{\"@id\":\"https:\\\/\\\/phumaszyny.pl\\\/en\\\/#website\"},\"primaryImageOfPage\":{\"@id\":\"https:\\\/\\\/phumaszyny.pl\\\/produkt\\\/frezarka-uniwersalna-wmw-heckert-fss-400-e\\\/#primaryimage\"},\"image\":{\"@id\":\"https:\\\/\\\/phumaszyny.pl\\\/produkt\\\/frezarka-uniwersalna-wmw-heckert-fss-400-e\\\/#primaryimage\"},\"thumbnailUrl\":\"https:\\\/\\\/phumaszyny.pl\\\/wp-content\\\/uploads\\\/2024\\\/12\\\/IMG_20241209_131643.jpg\",\"datePublished\":\"2024-12-08T19:36:10+00:00\",\"dateModified\":\"2025-05-06T18:51:02+00:00\",\"breadcrumb\":{\"@id\":\"https:\\\/\\\/phumaszyny.pl\\\/produkt\\\/frezarka-uniwersalna-wmw-heckert-fss-400-e\\\/#breadcrumb\"},\"inLanguage\":\"pl-PL\",\"potentialAction\":[{\"@type\":\"ReadAction\",\"target\":[\"https:\\\/\\\/phumaszyny.pl\\\/produkt\\\/frezarka-uniwersalna-wmw-heckert-fss-400-e\\\/\"]}]},{\"@type\":\"ImageObject\",\"inLanguage\":\"pl-PL\",\"@id\":\"https:\\\/\\\/phumaszyny.pl\\\/produkt\\\/frezarka-uniwersalna-wmw-heckert-fss-400-e\\\/#primaryimage\",\"url\":\"https:\\\/\\\/phumaszyny.pl\\\/wp-content\\\/uploads\\\/2024\\\/12\\\/IMG_20241209_131643.jpg\",\"contentUrl\":\"https:\\\/\\\/phumaszyny.pl\\\/wp-content\\\/uploads\\\/2024\\\/12\\\/IMG_20241209_131643.jpg\",\"width\":1440,\"height\":1920,\"caption\":\"_cuva\"},{\"@type\":\"BreadcrumbList\",\"@id\":\"https:\\\/\\\/phumaszyny.pl\\\/produkt\\\/frezarka-uniwersalna-wmw-heckert-fss-400-e\\\/#breadcrumb\",\"itemListElement\":[{\"@type\":\"ListItem\",\"position\":1,\"name\":\"Strona g\u0142\u00f3wna\",\"item\":\"https:\\\/\\\/phumaszyny.pl\\\/\"},{\"@type\":\"ListItem\",\"position\":2,\"name\":\"Sklep\",\"item\":\"https:\\\/\\\/phumaszyny.pl\\\/?page_id=120\"},{\"@type\":\"ListItem\",\"position\":3,\"name\":\"Frezarka pionowa WMW HECKERT FSS 400 E\"}]},{\"@type\":\"WebSite\",\"@id\":\"https:\\\/\\\/phumaszyny.pl\\\/en\\\/#website\",\"url\":\"https:\\\/\\\/phumaszyny.pl\\\/en\\\/\",\"name\":\"PHU Maszyny\",\"description\":\"\",\"publisher\":{\"@id\":\"https:\\\/\\\/phumaszyny.pl\\\/en\\\/#\\\/schema\\\/person\\\/89b417042d67c2234d44e13e641d3dde\"},\"potentialAction\":[{\"@type\":\"SearchAction\",\"target\":{\"@type\":\"EntryPoint\",\"urlTemplate\":\"https:\\\/\\\/phumaszyny.pl\\\/en\\\/?s={search_term_string}\"},\"query-input\":{\"@type\":\"PropertyValueSpecification\",\"valueRequired\":true,\"valueName\":\"search_term_string\"}}],\"inLanguage\":\"pl-PL\"},{\"@type\":[\"Person\",\"Organization\"],\"@id\":\"https:\\\/\\\/phumaszyny.pl\\\/en\\\/#\\\/schema\\\/person\\\/89b417042d67c2234d44e13e641d3dde\",\"name\":\"phumaszyny\",\"image\":{\"@type\":\"ImageObject\",\"inLanguage\":\"pl-PL\",\"@id\":\"https:\\\/\\\/phumaszyny.pl\\\/wp-content\\\/uploads\\\/elementor\\\/screenshots\\\/Elementor-post-screenshot_313_2023-03-17-11-00-27_605626bb.png\",\"url\":\"https:\\\/\\\/phumaszyny.pl\\\/wp-content\\\/uploads\\\/elementor\\\/screenshots\\\/Elementor-post-screenshot_313_2023-03-17-11-00-27_605626bb.png\",\"contentUrl\":\"https:\\\/\\\/phumaszyny.pl\\\/wp-content\\\/uploads\\\/elementor\\\/screenshots\\\/Elementor-post-screenshot_313_2023-03-17-11-00-27_605626bb.png\",\"width\":1200,\"height\":323,\"caption\":\"phumaszyny\"},\"logo\":{\"@id\":\"https:\\\/\\\/phumaszyny.pl\\\/wp-content\\\/uploads\\\/elementor\\\/screenshots\\\/Elementor-post-screenshot_313_2023-03-17-11-00-27_605626bb.png\"},\"sameAs\":[\"http:\\\/\\\/www.phumaszyny.pl\"]}]}<\/script>\n<!-- \/ Yoast SEO plugin. -->","yoast_head_json":{"title":"Frezarka pionowa WMW HECKERT FSS 400 E - PHU Maszyny","robots":{"index":"index","follow":"follow"},"canonical":"https:\/\/phumaszyny.pl\/pl\/produkt\/frezarka-uniwersalna-wmw-heckert-fss-400-e\/","og_locale":"pl_PL","og_type":"article","og_title":"Frezarka pionowa WMW HECKERT FSS 400 E - PHU Maszyny","og_description":"Frezarka pionowa Producent: WMW HECKERT Typ: FSS 400 E Odczyty cyfrowe osi, nowa elektryka, frezarka po remoncie w 2020r, mechaniczne zaci\u0105ganie narz\u0119dzia. &nbsp; Parametry techniczne D\u0142ugo\u015b\u0107 sto\u0142u roboczego 1600\u00a0mm Szeroko\u015b\u0107 sto\u0142u roboczego 400\u00a0mm D\u0142ugo\u015b\u0107 przesuwu w osi X (posuw mechaniczny) 1200\u00a0mm D\u0142ugo\u015b\u0107 przesuwu w osi Y (posuw mechaniczny) 400\u00a0mm D\u0142ugo\u015b\u0107 przesuwu w osi Z (posuw [&hellip;]","og_url":"https:\/\/phumaszyny.pl\/pl\/produkt\/frezarka-uniwersalna-wmw-heckert-fss-400-e\/","og_site_name":"PHU Maszyny","article_modified_time":"2025-05-06T18:51:02+00:00","og_image":[{"width":1440,"height":1920,"url":"https:\/\/phumaszyny.pl\/wp-content\/uploads\/2024\/12\/IMG_20241209_131643.jpg","type":"image\/jpeg"}],"twitter_card":"summary_large_image","twitter_misc":{"Szacowany czas czytania":"1 minuta"},"schema":{"@context":"https:\/\/schema.org","@graph":[{"@type":"WebPage","@id":"https:\/\/phumaszyny.pl\/produkt\/frezarka-uniwersalna-wmw-heckert-fss-400-e\/","url":"https:\/\/phumaszyny.pl\/produkt\/frezarka-uniwersalna-wmw-heckert-fss-400-e\/","name":"Frezarka pionowa WMW HECKERT FSS 400 E - PHU Maszyny","isPartOf":{"@id":"https:\/\/phumaszyny.pl\/en\/#website"},"primaryImageOfPage":{"@id":"https:\/\/phumaszyny.pl\/produkt\/frezarka-uniwersalna-wmw-heckert-fss-400-e\/#primaryimage"},"image":{"@id":"https:\/\/phumaszyny.pl\/produkt\/frezarka-uniwersalna-wmw-heckert-fss-400-e\/#primaryimage"},"thumbnailUrl":"https:\/\/phumaszyny.pl\/wp-content\/uploads\/2024\/12\/IMG_20241209_131643.jpg","datePublished":"2024-12-08T19:36:10+00:00","dateModified":"2025-05-06T18:51:02+00:00","breadcrumb":{"@id":"https:\/\/phumaszyny.pl\/produkt\/frezarka-uniwersalna-wmw-heckert-fss-400-e\/#breadcrumb"},"inLanguage":"pl-PL","potentialAction":[{"@type":"ReadAction","target":["https:\/\/phumaszyny.pl\/produkt\/frezarka-uniwersalna-wmw-heckert-fss-400-e\/"]}]},{"@type":"ImageObject","inLanguage":"pl-PL","@id":"https:\/\/phumaszyny.pl\/produkt\/frezarka-uniwersalna-wmw-heckert-fss-400-e\/#primaryimage","url":"https:\/\/phumaszyny.pl\/wp-content\/uploads\/2024\/12\/IMG_20241209_131643.jpg","contentUrl":"https:\/\/phumaszyny.pl\/wp-content\/uploads\/2024\/12\/IMG_20241209_131643.jpg","width":1440,"height":1920,"caption":"_cuva"},{"@type":"BreadcrumbList","@id":"https:\/\/phumaszyny.pl\/produkt\/frezarka-uniwersalna-wmw-heckert-fss-400-e\/#breadcrumb","itemListElement":[{"@type":"ListItem","position":1,"name":"Strona g\u0142\u00f3wna","item":"https:\/\/phumaszyny.pl\/"},{"@type":"ListItem","position":2,"name":"Sklep","item":"https:\/\/phumaszyny.pl\/?page_id=120"},{"@type":"ListItem","position":3,"name":"Frezarka pionowa WMW HECKERT FSS 400 E"}]},{"@type":"WebSite","@id":"https:\/\/phumaszyny.pl\/en\/#website","url":"https:\/\/phumaszyny.pl\/en\/","name":"PHU Maszyny","description":"","publisher":{"@id":"https:\/\/phumaszyny.pl\/en\/#\/schema\/person\/89b417042d67c2234d44e13e641d3dde"},"potentialAction":[{"@type":"SearchAction","target":{"@type":"EntryPoint","urlTemplate":"https:\/\/phumaszyny.pl\/en\/?s={search_term_string}"},"query-input":{"@type":"PropertyValueSpecification","valueRequired":true,"valueName":"search_term_string"}}],"inLanguage":"pl-PL"},{"@type":["Person","Organization"],"@id":"https:\/\/phumaszyny.pl\/en\/#\/schema\/person\/89b417042d67c2234d44e13e641d3dde","name":"phumaszyny","image":{"@type":"ImageObject","inLanguage":"pl-PL","@id":"https:\/\/phumaszyny.pl\/wp-content\/uploads\/elementor\/screenshots\/Elementor-post-screenshot_313_2023-03-17-11-00-27_605626bb.png","url":"https:\/\/phumaszyny.pl\/wp-content\/uploads\/elementor\/screenshots\/Elementor-post-screenshot_313_2023-03-17-11-00-27_605626bb.png","contentUrl":"https:\/\/phumaszyny.pl\/wp-content\/uploads\/elementor\/screenshots\/Elementor-post-screenshot_313_2023-03-17-11-00-27_605626bb.png","width":1200,"height":323,"caption":"phumaszyny"},"logo":{"@id":"https:\/\/phumaszyny.pl\/wp-content\/uploads\/elementor\/screenshots\/Elementor-post-screenshot_313_2023-03-17-11-00-27_605626bb.png"},"sameAs":["http:\/\/www.phumaszyny.pl"]}]}},"_links":{"self":[{"href":"https:\/\/phumaszyny.pl\/pl\/wp-json\/wp\/v2\/product\/3235","targetHints":{"allow":["GET"]}}],"collection":[{"href":"https:\/\/phumaszyny.pl\/pl\/wp-json\/wp\/v2\/product"}],"about":[{"href":"https:\/\/phumaszyny.pl\/pl\/wp-json\/wp\/v2\/types\/product"}],"replies":[{"embeddable":true,"href":"https:\/\/phumaszyny.pl\/pl\/wp-json\/wp\/v2\/comments?post=3235"}],"version-history":[{"count":3,"href":"https:\/\/phumaszyny.pl\/pl\/wp-json\/wp\/v2\/product\/3235\/revisions"}],"predecessor-version":[{"id":3899,"href":"https:\/\/phumaszyny.pl\/pl\/wp-json\/wp\/v2\/product\/3235\/revisions\/3899"}],"wp:featuredmedia":[{"embeddable":true,"href":"https:\/\/phumaszyny.pl\/pl\/wp-json\/wp\/v2\/media\/3254"}],"wp:attachment":[{"href":"https:\/\/phumaszyny.pl\/pl\/wp-json\/wp\/v2\/media?parent=3235"}],"wp:term":[{"taxonomy":"product_brand","embeddable":true,"href":"https:\/\/phumaszyny.pl\/pl\/wp-json\/wp\/v2\/product_brand?post=3235"},{"taxonomy":"product_cat","embeddable":true,"href":"https:\/\/phumaszyny.pl\/pl\/wp-json\/wp\/v2\/product_cat?post=3235"},{"taxonomy":"product_tag","embeddable":true,"href":"https:\/\/phumaszyny.pl\/pl\/wp-json\/wp\/v2\/product_tag?post=3235"}],"curies":[{"name":"wp","href":"https:\/\/api.w.org\/{rel}","templated":true}]}}