{"id":3923,"date":"2025-08-08T08:11:08","date_gmt":"2025-08-08T06:11:08","guid":{"rendered":"https:\/\/phumaszyny.pl\/?post_type=product&#038;p=3923"},"modified":"2025-08-08T08:14:04","modified_gmt":"2025-08-08T06:14:04","slug":"tokarka-uniwersalana-szim-ee-800-01-przelot-80mm-srednica-1000mm","status":"publish","type":"product","link":"https:\/\/phumaszyny.pl\/pl\/produkt\/tokarka-uniwersalana-szim-ee-800-01-przelot-80mm-srednica-1000mm\/","title":{"rendered":"Tokarka Uniwersalana SZIM EE-800-01 przelot 80mm \u015arednica 1000mm"},"content":{"rendered":"<h1>Tokarka Uniwersalana SZIM EE-800-01<\/h1>\n<p>Typ EE-800-01<\/p>\n<p>Parametry:<\/p>\n<p>d\u0142ugo\u015b\u0107 toczenia w k\u0142ach 1500 mm<\/p>\n<p>\u015brednica toczenia nad \u0142o\u017cem 800 mm<\/p>\n<p>\u015brednica toczenia w mostku 1000mm<\/p>\n<p>Szeroko\u015b\u0107 mostka 300mm<\/p>\n<p>\u015brednica toczenia nad suportem 480 mm<\/p>\n<p>przelot wrzeciona 80 mm<\/p>\n<p>zakres pr\u0119dko\u015bci obrotowej wrzeciona od 9 do 1250<\/p>\n<p>ci\u0119\u017car maszyny\u00a0 4500 kg<\/p>\n<p>Maszyna pod\u0142\u0105czona, zapraszamy na pr\u00f3by.<\/p>\n<p>Do maszyny Podtrzymka sta\u0142a i ruchoma, uchwyt niezale\u017cny 800mm oraz szcz\u0119ki lewe i prawe.<\/p>","protected":false},"excerpt":{"rendered":"<p>SZIM EE-800-01<\/p>","protected":false},"featured_media":3908,"comment_status":"open","ping_status":"closed","template":"","meta":{"_acf_changed":false},"product_brand":[],"product_cat":[24],"product_tag":[308,310,309,307,118],"class_list":{"0":"post-3923","1":"product","2":"type-product","3":"status-publish","4":"has-post-thumbnail","6":"product_cat-tokarki","7":"product_tag-ee-800-01","8":"product_tag-przelot-80","9":"product_tag-srednica-1000","10":"product_tag-szim","11":"product_tag-tokarka-uniwersalana","13":"first","14":"instock","15":"taxable","16":"shipping-taxable","17":"product-type-simple"},"acf":[],"yoast_head":"<!-- This site is optimized with the Yoast SEO plugin v27.3 - https:\/\/yoast.com\/product\/yoast-seo-wordpress\/ -->\n<title>Tokarka Uniwersalana SZIM EE-800-01 przelot 80mm \u015arednica 1000mm - PHU Maszyny<\/title>\n<meta name=\"robots\" content=\"index, follow\" \/>\n<link rel=\"canonical\" href=\"https:\/\/phumaszyny.pl\/pl\/produkt\/tokarka-uniwersalana-szim-ee-800-01-przelot-80mm-srednica-1000mm\/\" \/>\n<meta property=\"og:locale\" content=\"pl_PL\" \/>\n<meta property=\"og:type\" content=\"article\" \/>\n<meta property=\"og:title\" content=\"Tokarka Uniwersalana SZIM EE-800-01 przelot 80mm \u015arednica 1000mm - PHU Maszyny\" \/>\n<meta property=\"og:description\" content=\"SZIM EE-800-01\" \/>\n<meta property=\"og:url\" content=\"https:\/\/phumaszyny.pl\/pl\/produkt\/tokarka-uniwersalana-szim-ee-800-01-przelot-80mm-srednica-1000mm\/\" \/>\n<meta property=\"og:site_name\" content=\"PHU Maszyny\" \/>\n<meta property=\"article:modified_time\" content=\"2025-08-08T06:14:04+00:00\" \/>\n<meta property=\"og:image\" content=\"https:\/\/phumaszyny.pl\/wp-content\/uploads\/2025\/08\/IMG_20250805_145854.jpg\" \/>\n\t<meta property=\"og:image:width\" content=\"1920\" \/>\n\t<meta property=\"og:image:height\" content=\"1440\" \/>\n\t<meta property=\"og:image:type\" content=\"image\/jpeg\" \/>\n<meta name=\"twitter:card\" content=\"summary_large_image\" \/>\n<meta name=\"twitter:label1\" content=\"Szacowany czas czytania\" \/>\n\t<meta name=\"twitter:data1\" content=\"1 minuta\" \/>\n<script type=\"application\/ld+json\" class=\"yoast-schema-graph\">{\"@context\":\"https:\\\/\\\/schema.org\",\"@graph\":[{\"@type\":\"WebPage\",\"@id\":\"https:\\\/\\\/phumaszyny.pl\\\/produkt\\\/tokarka-uniwersalana-szim-ee-800-01-przelot-80mm-srednica-1000mm\\\/\",\"url\":\"https:\\\/\\\/phumaszyny.pl\\\/produkt\\\/tokarka-uniwersalana-szim-ee-800-01-przelot-80mm-srednica-1000mm\\\/\",\"name\":\"Tokarka Uniwersalana SZIM EE-800-01 przelot 80mm \u015arednica 1000mm - PHU Maszyny\",\"isPartOf\":{\"@id\":\"https:\\\/\\\/phumaszyny.pl\\\/en\\\/#website\"},\"primaryImageOfPage\":{\"@id\":\"https:\\\/\\\/phumaszyny.pl\\\/produkt\\\/tokarka-uniwersalana-szim-ee-800-01-przelot-80mm-srednica-1000mm\\\/#primaryimage\"},\"image\":{\"@id\":\"https:\\\/\\\/phumaszyny.pl\\\/produkt\\\/tokarka-uniwersalana-szim-ee-800-01-przelot-80mm-srednica-1000mm\\\/#primaryimage\"},\"thumbnailUrl\":\"https:\\\/\\\/phumaszyny.pl\\\/wp-content\\\/uploads\\\/2025\\\/08\\\/IMG_20250805_145854.jpg\",\"datePublished\":\"2025-08-08T06:11:08+00:00\",\"dateModified\":\"2025-08-08T06:14:04+00:00\",\"breadcrumb\":{\"@id\":\"https:\\\/\\\/phumaszyny.pl\\\/produkt\\\/tokarka-uniwersalana-szim-ee-800-01-przelot-80mm-srednica-1000mm\\\/#breadcrumb\"},\"inLanguage\":\"pl-PL\",\"potentialAction\":[{\"@type\":\"ReadAction\",\"target\":[\"https:\\\/\\\/phumaszyny.pl\\\/produkt\\\/tokarka-uniwersalana-szim-ee-800-01-przelot-80mm-srednica-1000mm\\\/\"]}]},{\"@type\":\"ImageObject\",\"inLanguage\":\"pl-PL\",\"@id\":\"https:\\\/\\\/phumaszyny.pl\\\/produkt\\\/tokarka-uniwersalana-szim-ee-800-01-przelot-80mm-srednica-1000mm\\\/#primaryimage\",\"url\":\"https:\\\/\\\/phumaszyny.pl\\\/wp-content\\\/uploads\\\/2025\\\/08\\\/IMG_20250805_145854.jpg\",\"contentUrl\":\"https:\\\/\\\/phumaszyny.pl\\\/wp-content\\\/uploads\\\/2025\\\/08\\\/IMG_20250805_145854.jpg\",\"width\":1920,\"height\":1440,\"caption\":\"_cuva\"},{\"@type\":\"BreadcrumbList\",\"@id\":\"https:\\\/\\\/phumaszyny.pl\\\/produkt\\\/tokarka-uniwersalana-szim-ee-800-01-przelot-80mm-srednica-1000mm\\\/#breadcrumb\",\"itemListElement\":[{\"@type\":\"ListItem\",\"position\":1,\"name\":\"Strona g\u0142\u00f3wna\",\"item\":\"https:\\\/\\\/phumaszyny.pl\\\/\"},{\"@type\":\"ListItem\",\"position\":2,\"name\":\"Sklep\",\"item\":\"https:\\\/\\\/phumaszyny.pl\\\/?page_id=120\"},{\"@type\":\"ListItem\",\"position\":3,\"name\":\"Tokarka Uniwersalana SZIM EE-800-01 przelot 80mm \u015arednica 1000mm\"}]},{\"@type\":\"WebSite\",\"@id\":\"https:\\\/\\\/phumaszyny.pl\\\/en\\\/#website\",\"url\":\"https:\\\/\\\/phumaszyny.pl\\\/en\\\/\",\"name\":\"PHU Maszyny\",\"description\":\"\",\"publisher\":{\"@id\":\"https:\\\/\\\/phumaszyny.pl\\\/en\\\/#\\\/schema\\\/person\\\/89b417042d67c2234d44e13e641d3dde\"},\"potentialAction\":[{\"@type\":\"SearchAction\",\"target\":{\"@type\":\"EntryPoint\",\"urlTemplate\":\"https:\\\/\\\/phumaszyny.pl\\\/en\\\/?s={search_term_string}\"},\"query-input\":{\"@type\":\"PropertyValueSpecification\",\"valueRequired\":true,\"valueName\":\"search_term_string\"}}],\"inLanguage\":\"pl-PL\"},{\"@type\":[\"Person\",\"Organization\"],\"@id\":\"https:\\\/\\\/phumaszyny.pl\\\/en\\\/#\\\/schema\\\/person\\\/89b417042d67c2234d44e13e641d3dde\",\"name\":\"phumaszyny\",\"image\":{\"@type\":\"ImageObject\",\"inLanguage\":\"pl-PL\",\"@id\":\"https:\\\/\\\/phumaszyny.pl\\\/wp-content\\\/uploads\\\/elementor\\\/screenshots\\\/Elementor-post-screenshot_313_2023-03-17-11-00-27_605626bb.png\",\"url\":\"https:\\\/\\\/phumaszyny.pl\\\/wp-content\\\/uploads\\\/elementor\\\/screenshots\\\/Elementor-post-screenshot_313_2023-03-17-11-00-27_605626bb.png\",\"contentUrl\":\"https:\\\/\\\/phumaszyny.pl\\\/wp-content\\\/uploads\\\/elementor\\\/screenshots\\\/Elementor-post-screenshot_313_2023-03-17-11-00-27_605626bb.png\",\"width\":1200,\"height\":323,\"caption\":\"phumaszyny\"},\"logo\":{\"@id\":\"https:\\\/\\\/phumaszyny.pl\\\/wp-content\\\/uploads\\\/elementor\\\/screenshots\\\/Elementor-post-screenshot_313_2023-03-17-11-00-27_605626bb.png\"},\"sameAs\":[\"http:\\\/\\\/www.phumaszyny.pl\"]}]}<\/script>\n<!-- \/ Yoast SEO plugin. -->","yoast_head_json":{"title":"Tokarka Uniwersalana SZIM EE-800-01 przelot 80mm \u015arednica 1000mm - PHU Maszyny","robots":{"index":"index","follow":"follow"},"canonical":"https:\/\/phumaszyny.pl\/pl\/produkt\/tokarka-uniwersalana-szim-ee-800-01-przelot-80mm-srednica-1000mm\/","og_locale":"pl_PL","og_type":"article","og_title":"Tokarka Uniwersalana SZIM EE-800-01 przelot 80mm \u015arednica 1000mm - PHU Maszyny","og_description":"SZIM EE-800-01","og_url":"https:\/\/phumaszyny.pl\/pl\/produkt\/tokarka-uniwersalana-szim-ee-800-01-przelot-80mm-srednica-1000mm\/","og_site_name":"PHU Maszyny","article_modified_time":"2025-08-08T06:14:04+00:00","og_image":[{"width":1920,"height":1440,"url":"https:\/\/phumaszyny.pl\/wp-content\/uploads\/2025\/08\/IMG_20250805_145854.jpg","type":"image\/jpeg"}],"twitter_card":"summary_large_image","twitter_misc":{"Szacowany czas czytania":"1 minuta"},"schema":{"@context":"https:\/\/schema.org","@graph":[{"@type":"WebPage","@id":"https:\/\/phumaszyny.pl\/produkt\/tokarka-uniwersalana-szim-ee-800-01-przelot-80mm-srednica-1000mm\/","url":"https:\/\/phumaszyny.pl\/produkt\/tokarka-uniwersalana-szim-ee-800-01-przelot-80mm-srednica-1000mm\/","name":"Tokarka Uniwersalana SZIM EE-800-01 przelot 80mm \u015arednica 1000mm - PHU Maszyny","isPartOf":{"@id":"https:\/\/phumaszyny.pl\/en\/#website"},"primaryImageOfPage":{"@id":"https:\/\/phumaszyny.pl\/produkt\/tokarka-uniwersalana-szim-ee-800-01-przelot-80mm-srednica-1000mm\/#primaryimage"},"image":{"@id":"https:\/\/phumaszyny.pl\/produkt\/tokarka-uniwersalana-szim-ee-800-01-przelot-80mm-srednica-1000mm\/#primaryimage"},"thumbnailUrl":"https:\/\/phumaszyny.pl\/wp-content\/uploads\/2025\/08\/IMG_20250805_145854.jpg","datePublished":"2025-08-08T06:11:08+00:00","dateModified":"2025-08-08T06:14:04+00:00","breadcrumb":{"@id":"https:\/\/phumaszyny.pl\/produkt\/tokarka-uniwersalana-szim-ee-800-01-przelot-80mm-srednica-1000mm\/#breadcrumb"},"inLanguage":"pl-PL","potentialAction":[{"@type":"ReadAction","target":["https:\/\/phumaszyny.pl\/produkt\/tokarka-uniwersalana-szim-ee-800-01-przelot-80mm-srednica-1000mm\/"]}]},{"@type":"ImageObject","inLanguage":"pl-PL","@id":"https:\/\/phumaszyny.pl\/produkt\/tokarka-uniwersalana-szim-ee-800-01-przelot-80mm-srednica-1000mm\/#primaryimage","url":"https:\/\/phumaszyny.pl\/wp-content\/uploads\/2025\/08\/IMG_20250805_145854.jpg","contentUrl":"https:\/\/phumaszyny.pl\/wp-content\/uploads\/2025\/08\/IMG_20250805_145854.jpg","width":1920,"height":1440,"caption":"_cuva"},{"@type":"BreadcrumbList","@id":"https:\/\/phumaszyny.pl\/produkt\/tokarka-uniwersalana-szim-ee-800-01-przelot-80mm-srednica-1000mm\/#breadcrumb","itemListElement":[{"@type":"ListItem","position":1,"name":"Strona g\u0142\u00f3wna","item":"https:\/\/phumaszyny.pl\/"},{"@type":"ListItem","position":2,"name":"Sklep","item":"https:\/\/phumaszyny.pl\/?page_id=120"},{"@type":"ListItem","position":3,"name":"Tokarka Uniwersalana SZIM EE-800-01 przelot 80mm \u015arednica 1000mm"}]},{"@type":"WebSite","@id":"https:\/\/phumaszyny.pl\/en\/#website","url":"https:\/\/phumaszyny.pl\/en\/","name":"PHU Maszyny","description":"","publisher":{"@id":"https:\/\/phumaszyny.pl\/en\/#\/schema\/person\/89b417042d67c2234d44e13e641d3dde"},"potentialAction":[{"@type":"SearchAction","target":{"@type":"EntryPoint","urlTemplate":"https:\/\/phumaszyny.pl\/en\/?s={search_term_string}"},"query-input":{"@type":"PropertyValueSpecification","valueRequired":true,"valueName":"search_term_string"}}],"inLanguage":"pl-PL"},{"@type":["Person","Organization"],"@id":"https:\/\/phumaszyny.pl\/en\/#\/schema\/person\/89b417042d67c2234d44e13e641d3dde","name":"phumaszyny","image":{"@type":"ImageObject","inLanguage":"pl-PL","@id":"https:\/\/phumaszyny.pl\/wp-content\/uploads\/elementor\/screenshots\/Elementor-post-screenshot_313_2023-03-17-11-00-27_605626bb.png","url":"https:\/\/phumaszyny.pl\/wp-content\/uploads\/elementor\/screenshots\/Elementor-post-screenshot_313_2023-03-17-11-00-27_605626bb.png","contentUrl":"https:\/\/phumaszyny.pl\/wp-content\/uploads\/elementor\/screenshots\/Elementor-post-screenshot_313_2023-03-17-11-00-27_605626bb.png","width":1200,"height":323,"caption":"phumaszyny"},"logo":{"@id":"https:\/\/phumaszyny.pl\/wp-content\/uploads\/elementor\/screenshots\/Elementor-post-screenshot_313_2023-03-17-11-00-27_605626bb.png"},"sameAs":["http:\/\/www.phumaszyny.pl"]}]}},"_links":{"self":[{"href":"https:\/\/phumaszyny.pl\/pl\/wp-json\/wp\/v2\/product\/3923","targetHints":{"allow":["GET"]}}],"collection":[{"href":"https:\/\/phumaszyny.pl\/pl\/wp-json\/wp\/v2\/product"}],"about":[{"href":"https:\/\/phumaszyny.pl\/pl\/wp-json\/wp\/v2\/types\/product"}],"replies":[{"embeddable":true,"href":"https:\/\/phumaszyny.pl\/pl\/wp-json\/wp\/v2\/comments?post=3923"}],"version-history":[{"count":2,"href":"https:\/\/phumaszyny.pl\/pl\/wp-json\/wp\/v2\/product\/3923\/revisions"}],"predecessor-version":[{"id":3925,"href":"https:\/\/phumaszyny.pl\/pl\/wp-json\/wp\/v2\/product\/3923\/revisions\/3925"}],"wp:featuredmedia":[{"embeddable":true,"href":"https:\/\/phumaszyny.pl\/pl\/wp-json\/wp\/v2\/media\/3908"}],"wp:attachment":[{"href":"https:\/\/phumaszyny.pl\/pl\/wp-json\/wp\/v2\/media?parent=3923"}],"wp:term":[{"taxonomy":"product_brand","embeddable":true,"href":"https:\/\/phumaszyny.pl\/pl\/wp-json\/wp\/v2\/product_brand?post=3923"},{"taxonomy":"product_cat","embeddable":true,"href":"https:\/\/phumaszyny.pl\/pl\/wp-json\/wp\/v2\/product_cat?post=3923"},{"taxonomy":"product_tag","embeddable":true,"href":"https:\/\/phumaszyny.pl\/pl\/wp-json\/wp\/v2\/product_tag?post=3923"}],"curies":[{"name":"wp","href":"https:\/\/api.w.org\/{rel}","templated":true}]}}