{"id":4086,"date":"2026-01-12T20:30:28","date_gmt":"2026-01-12T19:30:28","guid":{"rendered":"https:\/\/phumaszyny.pl\/?post_type=product&#038;p=4086"},"modified":"2026-03-31T21:55:42","modified_gmt":"2026-03-31T19:55:42","slug":"tokarka-uniwersalna-huichon-5-dlugosc-toczenia-1500mm-przelot-wrzeciona-71mm","status":"publish","type":"product","link":"https:\/\/phumaszyny.pl\/pl\/produkt\/tokarka-uniwersalna-huichon-5-dlugosc-toczenia-1500mm-przelot-wrzeciona-71mm\/","title":{"rendered":"Tokarka uniwersalna Huichon-5 d\u0142ugo\u015b\u0107 toczenia 1500mm przelot wrzeciona 71mm Sprzedana!!!"},"content":{"rendered":"<p>Tokarka uniwersalna prod Korea typ Huichon-5<\/p>\n<p>&nbsp;<\/p>\n<p>&#8211; d\u0142ugo\u015b\u0107 toczenia w k\u0142ach 1500 mm,<\/p>\n<p>&nbsp;<\/p>\n<p>&#8211; \u015brednica toczenia nad \u0142o\u017cem 580 mm,<\/p>\n<p>&nbsp;<\/p>\n<p>&#8211; \u015brednica toczenia nad suportem 280 mm,<\/p>\n<p>&nbsp;<\/p>\n<p>&#8211; przyspieszone posuwy suportu,<\/p>\n<p>&nbsp;<\/p>\n<p>&#8211; przelot wrzeciona 71 mm,<\/p>\n<p>&nbsp;<\/p>\n<p>&#8211; ci\u0119\u017car maszyny oko\u0142o 3200 kg,<\/p>\n<p>&nbsp;<\/p>\n<p>&#8211; sprawny uk\u0142ad ch\u0142odzenia,<\/p>\n<p>&nbsp;<\/p>\n<p>&#8211; o\u015bwietlenie (lampka 24V),<\/p>\n<p>&nbsp;<\/p>\n<p>\u0141o\u017ce e dobrym stanie, bez luz\u00f3w w pe\u0142ni sprawna<\/p>\n<p>&nbsp;<\/p>\n<p>&#8211; DTR<\/p>\n<p>&#8211; podtrzymki sta\u0142a i ruchoma<\/p>\n<p>&#8211; szcz\u0119ki lewe prawe<\/p>\n<p>&#8211; uchwyt cztero szcz\u0119kowy za\u0142o\u017cony<\/p>\n<p>Maszyna w pe\u0142ni sprawna pod\u0142\u0105czona mo\u017cliwo\u015b\u0107 wykonania pr\u00f3by<\/p>","protected":false},"excerpt":{"rendered":"<p>Tokarka uniwersalna prod Korea typ Huichon-5 &nbsp; &#8211; d\u0142ugo\u015b\u0107 toczenia w k\u0142ach 1500 mm, &nbsp; &#8211; \u015brednica toczenia nad \u0142o\u017cem 580 mm, &nbsp; &#8211; \u015brednica toczenia nad suportem 280 mm, &nbsp; &#8211; przyspieszone posuwy suportu, &nbsp; &#8211; przelot wrzeciona 71 mm, &nbsp; &#8211; ci\u0119\u017car maszyny oko\u0142o 3200 kg, &nbsp; &#8211; sprawny uk\u0142ad ch\u0142odzenia, &nbsp; &#8211; [&hellip;]<\/p>\n","protected":false},"featured_media":4133,"comment_status":"open","ping_status":"closed","template":"","meta":{"_acf_changed":false},"product_brand":[311],"product_cat":[62,24],"product_tag":[145,312,313],"class_list":{"0":"post-4086","1":"product","2":"type-product","3":"status-publish","4":"has-post-thumbnail","6":"product_brand-huichon","7":"product_cat-lathes","8":"product_cat-tokarki","9":"product_tag-145","10":"product_tag-huichon-5","11":"product_tag-przelot-71mm","13":"first","14":"onbackorder","15":"sale","16":"taxable","17":"shipping-taxable","18":"purchasable","19":"product-type-simple"},"acf":[],"yoast_head":"<!-- This site is optimized with the Yoast SEO plugin v27.3 - https:\/\/yoast.com\/product\/yoast-seo-wordpress\/ -->\n<title>Tokarka uniwersalna Huichon-5 d\u0142ugo\u015b\u0107 toczenia 1500mm przelot wrzeciona 71mm Sprzedana!!! - PHU Maszyny<\/title>\n<meta name=\"robots\" content=\"index, follow\" \/>\n<link rel=\"canonical\" href=\"https:\/\/phumaszyny.pl\/pl\/produkt\/tokarka-uniwersalna-huichon-5-dlugosc-toczenia-1500mm-przelot-wrzeciona-71mm\/\" \/>\n<meta property=\"og:locale\" content=\"pl_PL\" \/>\n<meta property=\"og:type\" content=\"article\" \/>\n<meta property=\"og:title\" content=\"Tokarka uniwersalna Huichon-5 d\u0142ugo\u015b\u0107 toczenia 1500mm przelot wrzeciona 71mm Sprzedana!!! - PHU Maszyny\" \/>\n<meta property=\"og:description\" content=\"Tokarka uniwersalna prod Korea typ Huichon-5 &nbsp; &#8211; d\u0142ugo\u015b\u0107 toczenia w k\u0142ach 1500 mm, &nbsp; &#8211; \u015brednica toczenia nad \u0142o\u017cem 580 mm, &nbsp; &#8211; \u015brednica toczenia nad suportem 280 mm, &nbsp; &#8211; przyspieszone posuwy suportu, &nbsp; &#8211; przelot wrzeciona 71 mm, &nbsp; &#8211; ci\u0119\u017car maszyny oko\u0142o 3200 kg, &nbsp; &#8211; sprawny uk\u0142ad ch\u0142odzenia, &nbsp; &#8211; [&hellip;]\" \/>\n<meta property=\"og:url\" content=\"https:\/\/phumaszyny.pl\/pl\/produkt\/tokarka-uniwersalna-huichon-5-dlugosc-toczenia-1500mm-przelot-wrzeciona-71mm\/\" \/>\n<meta property=\"og:site_name\" content=\"PHU Maszyny\" \/>\n<meta property=\"article:modified_time\" content=\"2026-03-31T19:55:42+00:00\" \/>\n<meta property=\"og:image\" content=\"https:\/\/phumaszyny.pl\/wp-content\/uploads\/2026\/01\/20260114_141721-scaled.jpg\" \/>\n\t<meta property=\"og:image:width\" content=\"2560\" \/>\n\t<meta property=\"og:image:height\" content=\"1920\" \/>\n\t<meta property=\"og:image:type\" content=\"image\/jpeg\" \/>\n<meta name=\"twitter:card\" content=\"summary_large_image\" \/>\n<meta name=\"twitter:label1\" content=\"Szacowany czas czytania\" \/>\n\t<meta name=\"twitter:data1\" content=\"1 minuta\" \/>\n<script type=\"application\/ld+json\" class=\"yoast-schema-graph\">{\"@context\":\"https:\\\/\\\/schema.org\",\"@graph\":[{\"@type\":\"WebPage\",\"@id\":\"https:\\\/\\\/phumaszyny.pl\\\/produkt\\\/tokarka-uniwersalna-huichon-5-dlugosc-toczenia-1500mm-przelot-wrzeciona-71mm\\\/\",\"url\":\"https:\\\/\\\/phumaszyny.pl\\\/produkt\\\/tokarka-uniwersalna-huichon-5-dlugosc-toczenia-1500mm-przelot-wrzeciona-71mm\\\/\",\"name\":\"Tokarka uniwersalna Huichon-5 d\u0142ugo\u015b\u0107 toczenia 1500mm przelot wrzeciona 71mm Sprzedana!!! - PHU Maszyny\",\"isPartOf\":{\"@id\":\"https:\\\/\\\/phumaszyny.pl\\\/en\\\/#website\"},\"primaryImageOfPage\":{\"@id\":\"https:\\\/\\\/phumaszyny.pl\\\/produkt\\\/tokarka-uniwersalna-huichon-5-dlugosc-toczenia-1500mm-przelot-wrzeciona-71mm\\\/#primaryimage\"},\"image\":{\"@id\":\"https:\\\/\\\/phumaszyny.pl\\\/produkt\\\/tokarka-uniwersalna-huichon-5-dlugosc-toczenia-1500mm-przelot-wrzeciona-71mm\\\/#primaryimage\"},\"thumbnailUrl\":\"https:\\\/\\\/phumaszyny.pl\\\/wp-content\\\/uploads\\\/2026\\\/01\\\/20260114_141721-scaled.jpg\",\"datePublished\":\"2026-01-12T19:30:28+00:00\",\"dateModified\":\"2026-03-31T19:55:42+00:00\",\"breadcrumb\":{\"@id\":\"https:\\\/\\\/phumaszyny.pl\\\/produkt\\\/tokarka-uniwersalna-huichon-5-dlugosc-toczenia-1500mm-przelot-wrzeciona-71mm\\\/#breadcrumb\"},\"inLanguage\":\"pl-PL\",\"potentialAction\":[{\"@type\":\"ReadAction\",\"target\":[\"https:\\\/\\\/phumaszyny.pl\\\/produkt\\\/tokarka-uniwersalna-huichon-5-dlugosc-toczenia-1500mm-przelot-wrzeciona-71mm\\\/\"]}]},{\"@type\":\"ImageObject\",\"inLanguage\":\"pl-PL\",\"@id\":\"https:\\\/\\\/phumaszyny.pl\\\/produkt\\\/tokarka-uniwersalna-huichon-5-dlugosc-toczenia-1500mm-przelot-wrzeciona-71mm\\\/#primaryimage\",\"url\":\"https:\\\/\\\/phumaszyny.pl\\\/wp-content\\\/uploads\\\/2026\\\/01\\\/20260114_141721-scaled.jpg\",\"contentUrl\":\"https:\\\/\\\/phumaszyny.pl\\\/wp-content\\\/uploads\\\/2026\\\/01\\\/20260114_141721-scaled.jpg\",\"width\":2560,\"height\":1920},{\"@type\":\"BreadcrumbList\",\"@id\":\"https:\\\/\\\/phumaszyny.pl\\\/produkt\\\/tokarka-uniwersalna-huichon-5-dlugosc-toczenia-1500mm-przelot-wrzeciona-71mm\\\/#breadcrumb\",\"itemListElement\":[{\"@type\":\"ListItem\",\"position\":1,\"name\":\"Strona g\u0142\u00f3wna\",\"item\":\"https:\\\/\\\/phumaszyny.pl\\\/\"},{\"@type\":\"ListItem\",\"position\":2,\"name\":\"Sklep\",\"item\":\"https:\\\/\\\/phumaszyny.pl\\\/?page_id=120\"},{\"@type\":\"ListItem\",\"position\":3,\"name\":\"Tokarka uniwersalna Huichon-5 d\u0142ugo\u015b\u0107 toczenia 1500mm przelot wrzeciona 71mm Sprzedana!!!\"}]},{\"@type\":\"WebSite\",\"@id\":\"https:\\\/\\\/phumaszyny.pl\\\/en\\\/#website\",\"url\":\"https:\\\/\\\/phumaszyny.pl\\\/en\\\/\",\"name\":\"PHU Maszyny\",\"description\":\"\",\"publisher\":{\"@id\":\"https:\\\/\\\/phumaszyny.pl\\\/en\\\/#\\\/schema\\\/person\\\/89b417042d67c2234d44e13e641d3dde\"},\"potentialAction\":[{\"@type\":\"SearchAction\",\"target\":{\"@type\":\"EntryPoint\",\"urlTemplate\":\"https:\\\/\\\/phumaszyny.pl\\\/en\\\/?s={search_term_string}\"},\"query-input\":{\"@type\":\"PropertyValueSpecification\",\"valueRequired\":true,\"valueName\":\"search_term_string\"}}],\"inLanguage\":\"pl-PL\"},{\"@type\":[\"Person\",\"Organization\"],\"@id\":\"https:\\\/\\\/phumaszyny.pl\\\/en\\\/#\\\/schema\\\/person\\\/89b417042d67c2234d44e13e641d3dde\",\"name\":\"phumaszyny\",\"image\":{\"@type\":\"ImageObject\",\"inLanguage\":\"pl-PL\",\"@id\":\"https:\\\/\\\/phumaszyny.pl\\\/wp-content\\\/uploads\\\/elementor\\\/screenshots\\\/Elementor-post-screenshot_313_2023-03-17-11-00-27_605626bb.png\",\"url\":\"https:\\\/\\\/phumaszyny.pl\\\/wp-content\\\/uploads\\\/elementor\\\/screenshots\\\/Elementor-post-screenshot_313_2023-03-17-11-00-27_605626bb.png\",\"contentUrl\":\"https:\\\/\\\/phumaszyny.pl\\\/wp-content\\\/uploads\\\/elementor\\\/screenshots\\\/Elementor-post-screenshot_313_2023-03-17-11-00-27_605626bb.png\",\"width\":1200,\"height\":323,\"caption\":\"phumaszyny\"},\"logo\":{\"@id\":\"https:\\\/\\\/phumaszyny.pl\\\/wp-content\\\/uploads\\\/elementor\\\/screenshots\\\/Elementor-post-screenshot_313_2023-03-17-11-00-27_605626bb.png\"},\"sameAs\":[\"http:\\\/\\\/www.phumaszyny.pl\"]}]}<\/script>\n<!-- \/ Yoast SEO plugin. -->","yoast_head_json":{"title":"Tokarka uniwersalna Huichon-5 d\u0142ugo\u015b\u0107 toczenia 1500mm przelot wrzeciona 71mm Sprzedana!!! - PHU Maszyny","robots":{"index":"index","follow":"follow"},"canonical":"https:\/\/phumaszyny.pl\/pl\/produkt\/tokarka-uniwersalna-huichon-5-dlugosc-toczenia-1500mm-przelot-wrzeciona-71mm\/","og_locale":"pl_PL","og_type":"article","og_title":"Tokarka uniwersalna Huichon-5 d\u0142ugo\u015b\u0107 toczenia 1500mm przelot wrzeciona 71mm Sprzedana!!! - PHU Maszyny","og_description":"Tokarka uniwersalna prod Korea typ Huichon-5 &nbsp; &#8211; d\u0142ugo\u015b\u0107 toczenia w k\u0142ach 1500 mm, &nbsp; &#8211; \u015brednica toczenia nad \u0142o\u017cem 580 mm, &nbsp; &#8211; \u015brednica toczenia nad suportem 280 mm, &nbsp; &#8211; przyspieszone posuwy suportu, &nbsp; &#8211; przelot wrzeciona 71 mm, &nbsp; &#8211; ci\u0119\u017car maszyny oko\u0142o 3200 kg, &nbsp; &#8211; sprawny uk\u0142ad ch\u0142odzenia, &nbsp; &#8211; [&hellip;]","og_url":"https:\/\/phumaszyny.pl\/pl\/produkt\/tokarka-uniwersalna-huichon-5-dlugosc-toczenia-1500mm-przelot-wrzeciona-71mm\/","og_site_name":"PHU Maszyny","article_modified_time":"2026-03-31T19:55:42+00:00","og_image":[{"width":2560,"height":1920,"url":"https:\/\/phumaszyny.pl\/wp-content\/uploads\/2026\/01\/20260114_141721-scaled.jpg","type":"image\/jpeg"}],"twitter_card":"summary_large_image","twitter_misc":{"Szacowany czas czytania":"1 minuta"},"schema":{"@context":"https:\/\/schema.org","@graph":[{"@type":"WebPage","@id":"https:\/\/phumaszyny.pl\/produkt\/tokarka-uniwersalna-huichon-5-dlugosc-toczenia-1500mm-przelot-wrzeciona-71mm\/","url":"https:\/\/phumaszyny.pl\/produkt\/tokarka-uniwersalna-huichon-5-dlugosc-toczenia-1500mm-przelot-wrzeciona-71mm\/","name":"Tokarka uniwersalna Huichon-5 d\u0142ugo\u015b\u0107 toczenia 1500mm przelot wrzeciona 71mm Sprzedana!!! - PHU Maszyny","isPartOf":{"@id":"https:\/\/phumaszyny.pl\/en\/#website"},"primaryImageOfPage":{"@id":"https:\/\/phumaszyny.pl\/produkt\/tokarka-uniwersalna-huichon-5-dlugosc-toczenia-1500mm-przelot-wrzeciona-71mm\/#primaryimage"},"image":{"@id":"https:\/\/phumaszyny.pl\/produkt\/tokarka-uniwersalna-huichon-5-dlugosc-toczenia-1500mm-przelot-wrzeciona-71mm\/#primaryimage"},"thumbnailUrl":"https:\/\/phumaszyny.pl\/wp-content\/uploads\/2026\/01\/20260114_141721-scaled.jpg","datePublished":"2026-01-12T19:30:28+00:00","dateModified":"2026-03-31T19:55:42+00:00","breadcrumb":{"@id":"https:\/\/phumaszyny.pl\/produkt\/tokarka-uniwersalna-huichon-5-dlugosc-toczenia-1500mm-przelot-wrzeciona-71mm\/#breadcrumb"},"inLanguage":"pl-PL","potentialAction":[{"@type":"ReadAction","target":["https:\/\/phumaszyny.pl\/produkt\/tokarka-uniwersalna-huichon-5-dlugosc-toczenia-1500mm-przelot-wrzeciona-71mm\/"]}]},{"@type":"ImageObject","inLanguage":"pl-PL","@id":"https:\/\/phumaszyny.pl\/produkt\/tokarka-uniwersalna-huichon-5-dlugosc-toczenia-1500mm-przelot-wrzeciona-71mm\/#primaryimage","url":"https:\/\/phumaszyny.pl\/wp-content\/uploads\/2026\/01\/20260114_141721-scaled.jpg","contentUrl":"https:\/\/phumaszyny.pl\/wp-content\/uploads\/2026\/01\/20260114_141721-scaled.jpg","width":2560,"height":1920},{"@type":"BreadcrumbList","@id":"https:\/\/phumaszyny.pl\/produkt\/tokarka-uniwersalna-huichon-5-dlugosc-toczenia-1500mm-przelot-wrzeciona-71mm\/#breadcrumb","itemListElement":[{"@type":"ListItem","position":1,"name":"Strona g\u0142\u00f3wna","item":"https:\/\/phumaszyny.pl\/"},{"@type":"ListItem","position":2,"name":"Sklep","item":"https:\/\/phumaszyny.pl\/?page_id=120"},{"@type":"ListItem","position":3,"name":"Tokarka uniwersalna Huichon-5 d\u0142ugo\u015b\u0107 toczenia 1500mm przelot wrzeciona 71mm Sprzedana!!!"}]},{"@type":"WebSite","@id":"https:\/\/phumaszyny.pl\/en\/#website","url":"https:\/\/phumaszyny.pl\/en\/","name":"PHU Maszyny","description":"","publisher":{"@id":"https:\/\/phumaszyny.pl\/en\/#\/schema\/person\/89b417042d67c2234d44e13e641d3dde"},"potentialAction":[{"@type":"SearchAction","target":{"@type":"EntryPoint","urlTemplate":"https:\/\/phumaszyny.pl\/en\/?s={search_term_string}"},"query-input":{"@type":"PropertyValueSpecification","valueRequired":true,"valueName":"search_term_string"}}],"inLanguage":"pl-PL"},{"@type":["Person","Organization"],"@id":"https:\/\/phumaszyny.pl\/en\/#\/schema\/person\/89b417042d67c2234d44e13e641d3dde","name":"phumaszyny","image":{"@type":"ImageObject","inLanguage":"pl-PL","@id":"https:\/\/phumaszyny.pl\/wp-content\/uploads\/elementor\/screenshots\/Elementor-post-screenshot_313_2023-03-17-11-00-27_605626bb.png","url":"https:\/\/phumaszyny.pl\/wp-content\/uploads\/elementor\/screenshots\/Elementor-post-screenshot_313_2023-03-17-11-00-27_605626bb.png","contentUrl":"https:\/\/phumaszyny.pl\/wp-content\/uploads\/elementor\/screenshots\/Elementor-post-screenshot_313_2023-03-17-11-00-27_605626bb.png","width":1200,"height":323,"caption":"phumaszyny"},"logo":{"@id":"https:\/\/phumaszyny.pl\/wp-content\/uploads\/elementor\/screenshots\/Elementor-post-screenshot_313_2023-03-17-11-00-27_605626bb.png"},"sameAs":["http:\/\/www.phumaszyny.pl"]}]}},"_links":{"self":[{"href":"https:\/\/phumaszyny.pl\/pl\/wp-json\/wp\/v2\/product\/4086","targetHints":{"allow":["GET"]}}],"collection":[{"href":"https:\/\/phumaszyny.pl\/pl\/wp-json\/wp\/v2\/product"}],"about":[{"href":"https:\/\/phumaszyny.pl\/pl\/wp-json\/wp\/v2\/types\/product"}],"replies":[{"embeddable":true,"href":"https:\/\/phumaszyny.pl\/pl\/wp-json\/wp\/v2\/comments?post=4086"}],"version-history":[{"count":3,"href":"https:\/\/phumaszyny.pl\/pl\/wp-json\/wp\/v2\/product\/4086\/revisions"}],"predecessor-version":[{"id":4151,"href":"https:\/\/phumaszyny.pl\/pl\/wp-json\/wp\/v2\/product\/4086\/revisions\/4151"}],"wp:featuredmedia":[{"embeddable":true,"href":"https:\/\/phumaszyny.pl\/pl\/wp-json\/wp\/v2\/media\/4133"}],"wp:attachment":[{"href":"https:\/\/phumaszyny.pl\/pl\/wp-json\/wp\/v2\/media?parent=4086"}],"wp:term":[{"taxonomy":"product_brand","embeddable":true,"href":"https:\/\/phumaszyny.pl\/pl\/wp-json\/wp\/v2\/product_brand?post=4086"},{"taxonomy":"product_cat","embeddable":true,"href":"https:\/\/phumaszyny.pl\/pl\/wp-json\/wp\/v2\/product_cat?post=4086"},{"taxonomy":"product_tag","embeddable":true,"href":"https:\/\/phumaszyny.pl\/pl\/wp-json\/wp\/v2\/product_tag?post=4086"}],"curies":[{"name":"wp","href":"https:\/\/api.w.org\/{rel}","templated":true}]}}