{"id":4109,"date":"2026-01-16T23:12:02","date_gmt":"2026-01-16T22:12:02","guid":{"rendered":"https:\/\/phumaszyny.pl\/?post_type=product&#038;p=4109"},"modified":"2026-01-29T11:05:46","modified_gmt":"2026-01-29T10:05:46","slug":"tokarka-uniwersalna-ca6250c-2005r-1500mm-przelot-wrzeciona-80mm-podtrzymki","status":"publish","type":"product","link":"https:\/\/phumaszyny.pl\/pl\/produkt\/tokarka-uniwersalna-ca6250c-2005r-1500mm-przelot-wrzeciona-80mm-podtrzymki\/","title":{"rendered":"Tokarka uniwersalna CA6250C 2005r 1500mm przelot wrzeciona 80mm podtrzymki Sprzedana!"},"content":{"rendered":"<p>dane techniczne \u2013 CA6250C rok produkcji 2005r<\/p>\n<p>Zakres obr\u00f3bki<\/p>\n<p>\u015arednica toczenia nad \u0142o\u017cem: 500 mm<\/p>\n<p>\u015arednica toczenia nad suportem: ok. 300 mm<\/p>\n<p>Maks. d\u0142ugo\u015b\u0107 toczenia: 1500 mm<\/p>\n<p>Szeroko\u015b\u0107 \u0142o\u017ca: ok. 400 mm<\/p>\n<p>Wrzeciono<\/p>\n<p>\u015arednica otworu wrzeciona: 80 mm<\/p>\n<p>Ko\u0144c\u00f3wka wrzeciona: D8 \/ ISO 702-III (lub r\u00f3wnowa\u017cna)<\/p>\n<p>Zakres pr\u0119dko\u015bci wrzeciona:<\/p>\n<p>ok. 9 \u2013 1600 obr.\/min (16\u201324 stopnie)<\/p>\n<p>Posuwy<\/p>\n<p>Posuw wzd\u0142u\u017cny: ~0,06 \u2013 3,0 mm\/obr<\/p>\n<p>Posuw poprzeczny: ~0,03 \u2013 1,5 mm\/obr<\/p>\n<p>Gwinty<\/p>\n<p>Gwinty metryczne: ok. 0,5 \u2013 224 mm<\/p>\n<p>Gwinty calowe: ok. 56 \u2013 1\/4 TPI<\/p>\n<p>Gwinty modu\u0142owe: 0,5 \u2013 112 MOD<\/p>\n<p>Gwinty DP: 56 \u2013 1\/2 DP<\/p>\n<p>Konik<\/p>\n<p>\u015arednica pinoli: ok. 75 mm<\/p>\n<p>Skok pinoli: ok. 150 mm<\/p>\n<p>Sto\u017cek w pinoli: Morse 5 (MT5)<\/p>\n<p>Nap\u0119d i zasilanie<\/p>\n<p>Moc silnika g\u0142\u00f3wnego: 7,5 kW<\/p>\n<p>Zasilanie: 380 V \/ 50 Hz<\/p>\n<p>Tokarka pod\u0142\u0105czona podtrzymka sta\u0142a I ruchoma odczyty cyfrowe osi wszystko dzia\u0142aj\u0105ce.<\/p>","protected":false},"excerpt":{"rendered":"<p>dane techniczne \u2013 CA6250C rok produkcji 2005r Zakres obr\u00f3bki \u015arednica toczenia nad \u0142o\u017cem: 500 mm \u015arednica toczenia nad suportem: ok. 300 mm Maks. d\u0142ugo\u015b\u0107 toczenia: 1500 mm Szeroko\u015b\u0107 \u0142o\u017ca: ok. 400 mm Wrzeciono \u015arednica otworu wrzeciona: 80 mm Ko\u0144c\u00f3wka wrzeciona: D8 \/ ISO 702-III (lub r\u00f3wnowa\u017cna) Zakres pr\u0119dko\u015bci wrzeciona: ok. 9 \u2013 1600 obr.\/min (16\u201324 [&hellip;]<\/p>\n","protected":false},"featured_media":4110,"comment_status":"open","ping_status":"closed","template":"","meta":{"_acf_changed":false},"product_brand":[],"product_cat":[62,24],"product_tag":[],"class_list":{"0":"post-4109","1":"product","2":"type-product","3":"status-publish","4":"has-post-thumbnail","6":"product_cat-lathes","7":"product_cat-tokarki","9":"first","10":"onbackorder","11":"sale","12":"taxable","13":"shipping-taxable","14":"purchasable","15":"product-type-simple"},"acf":[],"yoast_head":"<!-- This site is optimized with the Yoast SEO plugin v27.3 - https:\/\/yoast.com\/product\/yoast-seo-wordpress\/ -->\n<title>Tokarka uniwersalna CA6250C 2005r 1500mm przelot wrzeciona 80mm podtrzymki Sprzedana! - PHU Maszyny<\/title>\n<meta name=\"robots\" content=\"index, follow\" \/>\n<link rel=\"canonical\" href=\"https:\/\/phumaszyny.pl\/pl\/produkt\/tokarka-uniwersalna-ca6250c-2005r-1500mm-przelot-wrzeciona-80mm-podtrzymki\/\" \/>\n<meta property=\"og:locale\" content=\"pl_PL\" \/>\n<meta property=\"og:type\" content=\"article\" \/>\n<meta property=\"og:title\" content=\"Tokarka uniwersalna CA6250C 2005r 1500mm przelot wrzeciona 80mm podtrzymki Sprzedana! - PHU Maszyny\" \/>\n<meta property=\"og:description\" content=\"dane techniczne \u2013 CA6250C rok produkcji 2005r Zakres obr\u00f3bki \u015arednica toczenia nad \u0142o\u017cem: 500 mm \u015arednica toczenia nad suportem: ok. 300 mm Maks. d\u0142ugo\u015b\u0107 toczenia: 1500 mm Szeroko\u015b\u0107 \u0142o\u017ca: ok. 400 mm Wrzeciono \u015arednica otworu wrzeciona: 80 mm Ko\u0144c\u00f3wka wrzeciona: D8 \/ ISO 702-III (lub r\u00f3wnowa\u017cna) Zakres pr\u0119dko\u015bci wrzeciona: ok. 9 \u2013 1600 obr.\/min (16\u201324 [&hellip;]\" \/>\n<meta property=\"og:url\" content=\"https:\/\/phumaszyny.pl\/pl\/produkt\/tokarka-uniwersalna-ca6250c-2005r-1500mm-przelot-wrzeciona-80mm-podtrzymki\/\" \/>\n<meta property=\"og:site_name\" content=\"PHU Maszyny\" \/>\n<meta property=\"article:modified_time\" content=\"2026-01-29T10:05:46+00:00\" \/>\n<meta property=\"og:image\" content=\"https:\/\/phumaszyny.pl\/wp-content\/uploads\/2026\/01\/20260116_123538-scaled.jpg\" \/>\n\t<meta property=\"og:image:width\" content=\"2560\" \/>\n\t<meta property=\"og:image:height\" content=\"1920\" \/>\n\t<meta property=\"og:image:type\" content=\"image\/jpeg\" \/>\n<meta name=\"twitter:card\" content=\"summary_large_image\" \/>\n<meta name=\"twitter:label1\" content=\"Szacowany czas czytania\" \/>\n\t<meta name=\"twitter:data1\" content=\"1 minuta\" \/>\n<script type=\"application\/ld+json\" class=\"yoast-schema-graph\">{\"@context\":\"https:\\\/\\\/schema.org\",\"@graph\":[{\"@type\":\"WebPage\",\"@id\":\"https:\\\/\\\/phumaszyny.pl\\\/produkt\\\/tokarka-uniwersalna-ca6250c-2005r-1500mm-przelot-wrzeciona-80mm-podtrzymki\\\/\",\"url\":\"https:\\\/\\\/phumaszyny.pl\\\/produkt\\\/tokarka-uniwersalna-ca6250c-2005r-1500mm-przelot-wrzeciona-80mm-podtrzymki\\\/\",\"name\":\"Tokarka uniwersalna CA6250C 2005r 1500mm przelot wrzeciona 80mm podtrzymki Sprzedana! - PHU Maszyny\",\"isPartOf\":{\"@id\":\"https:\\\/\\\/phumaszyny.pl\\\/en\\\/#website\"},\"primaryImageOfPage\":{\"@id\":\"https:\\\/\\\/phumaszyny.pl\\\/produkt\\\/tokarka-uniwersalna-ca6250c-2005r-1500mm-przelot-wrzeciona-80mm-podtrzymki\\\/#primaryimage\"},\"image\":{\"@id\":\"https:\\\/\\\/phumaszyny.pl\\\/produkt\\\/tokarka-uniwersalna-ca6250c-2005r-1500mm-przelot-wrzeciona-80mm-podtrzymki\\\/#primaryimage\"},\"thumbnailUrl\":\"https:\\\/\\\/phumaszyny.pl\\\/wp-content\\\/uploads\\\/2026\\\/01\\\/20260116_123538-scaled.jpg\",\"datePublished\":\"2026-01-16T22:12:02+00:00\",\"dateModified\":\"2026-01-29T10:05:46+00:00\",\"breadcrumb\":{\"@id\":\"https:\\\/\\\/phumaszyny.pl\\\/produkt\\\/tokarka-uniwersalna-ca6250c-2005r-1500mm-przelot-wrzeciona-80mm-podtrzymki\\\/#breadcrumb\"},\"inLanguage\":\"pl-PL\",\"potentialAction\":[{\"@type\":\"ReadAction\",\"target\":[\"https:\\\/\\\/phumaszyny.pl\\\/produkt\\\/tokarka-uniwersalna-ca6250c-2005r-1500mm-przelot-wrzeciona-80mm-podtrzymki\\\/\"]}]},{\"@type\":\"ImageObject\",\"inLanguage\":\"pl-PL\",\"@id\":\"https:\\\/\\\/phumaszyny.pl\\\/produkt\\\/tokarka-uniwersalna-ca6250c-2005r-1500mm-przelot-wrzeciona-80mm-podtrzymki\\\/#primaryimage\",\"url\":\"https:\\\/\\\/phumaszyny.pl\\\/wp-content\\\/uploads\\\/2026\\\/01\\\/20260116_123538-scaled.jpg\",\"contentUrl\":\"https:\\\/\\\/phumaszyny.pl\\\/wp-content\\\/uploads\\\/2026\\\/01\\\/20260116_123538-scaled.jpg\",\"width\":2560,\"height\":1920},{\"@type\":\"BreadcrumbList\",\"@id\":\"https:\\\/\\\/phumaszyny.pl\\\/produkt\\\/tokarka-uniwersalna-ca6250c-2005r-1500mm-przelot-wrzeciona-80mm-podtrzymki\\\/#breadcrumb\",\"itemListElement\":[{\"@type\":\"ListItem\",\"position\":1,\"name\":\"Strona g\u0142\u00f3wna\",\"item\":\"https:\\\/\\\/phumaszyny.pl\\\/\"},{\"@type\":\"ListItem\",\"position\":2,\"name\":\"Sklep\",\"item\":\"https:\\\/\\\/phumaszyny.pl\\\/?page_id=120\"},{\"@type\":\"ListItem\",\"position\":3,\"name\":\"Tokarka uniwersalna CA6250C 2005r 1500mm przelot wrzeciona 80mm podtrzymki Sprzedana!\"}]},{\"@type\":\"WebSite\",\"@id\":\"https:\\\/\\\/phumaszyny.pl\\\/en\\\/#website\",\"url\":\"https:\\\/\\\/phumaszyny.pl\\\/en\\\/\",\"name\":\"PHU Maszyny\",\"description\":\"\",\"publisher\":{\"@id\":\"https:\\\/\\\/phumaszyny.pl\\\/en\\\/#\\\/schema\\\/person\\\/89b417042d67c2234d44e13e641d3dde\"},\"potentialAction\":[{\"@type\":\"SearchAction\",\"target\":{\"@type\":\"EntryPoint\",\"urlTemplate\":\"https:\\\/\\\/phumaszyny.pl\\\/en\\\/?s={search_term_string}\"},\"query-input\":{\"@type\":\"PropertyValueSpecification\",\"valueRequired\":true,\"valueName\":\"search_term_string\"}}],\"inLanguage\":\"pl-PL\"},{\"@type\":[\"Person\",\"Organization\"],\"@id\":\"https:\\\/\\\/phumaszyny.pl\\\/en\\\/#\\\/schema\\\/person\\\/89b417042d67c2234d44e13e641d3dde\",\"name\":\"phumaszyny\",\"image\":{\"@type\":\"ImageObject\",\"inLanguage\":\"pl-PL\",\"@id\":\"https:\\\/\\\/phumaszyny.pl\\\/wp-content\\\/uploads\\\/elementor\\\/screenshots\\\/Elementor-post-screenshot_313_2023-03-17-11-00-27_605626bb.png\",\"url\":\"https:\\\/\\\/phumaszyny.pl\\\/wp-content\\\/uploads\\\/elementor\\\/screenshots\\\/Elementor-post-screenshot_313_2023-03-17-11-00-27_605626bb.png\",\"contentUrl\":\"https:\\\/\\\/phumaszyny.pl\\\/wp-content\\\/uploads\\\/elementor\\\/screenshots\\\/Elementor-post-screenshot_313_2023-03-17-11-00-27_605626bb.png\",\"width\":1200,\"height\":323,\"caption\":\"phumaszyny\"},\"logo\":{\"@id\":\"https:\\\/\\\/phumaszyny.pl\\\/wp-content\\\/uploads\\\/elementor\\\/screenshots\\\/Elementor-post-screenshot_313_2023-03-17-11-00-27_605626bb.png\"},\"sameAs\":[\"http:\\\/\\\/www.phumaszyny.pl\"]}]}<\/script>\n<!-- \/ Yoast SEO plugin. -->","yoast_head_json":{"title":"Tokarka uniwersalna CA6250C 2005r 1500mm przelot wrzeciona 80mm podtrzymki Sprzedana! - PHU Maszyny","robots":{"index":"index","follow":"follow"},"canonical":"https:\/\/phumaszyny.pl\/pl\/produkt\/tokarka-uniwersalna-ca6250c-2005r-1500mm-przelot-wrzeciona-80mm-podtrzymki\/","og_locale":"pl_PL","og_type":"article","og_title":"Tokarka uniwersalna CA6250C 2005r 1500mm przelot wrzeciona 80mm podtrzymki Sprzedana! - PHU Maszyny","og_description":"dane techniczne \u2013 CA6250C rok produkcji 2005r Zakres obr\u00f3bki \u015arednica toczenia nad \u0142o\u017cem: 500 mm \u015arednica toczenia nad suportem: ok. 300 mm Maks. d\u0142ugo\u015b\u0107 toczenia: 1500 mm Szeroko\u015b\u0107 \u0142o\u017ca: ok. 400 mm Wrzeciono \u015arednica otworu wrzeciona: 80 mm Ko\u0144c\u00f3wka wrzeciona: D8 \/ ISO 702-III (lub r\u00f3wnowa\u017cna) Zakres pr\u0119dko\u015bci wrzeciona: ok. 9 \u2013 1600 obr.\/min (16\u201324 [&hellip;]","og_url":"https:\/\/phumaszyny.pl\/pl\/produkt\/tokarka-uniwersalna-ca6250c-2005r-1500mm-przelot-wrzeciona-80mm-podtrzymki\/","og_site_name":"PHU Maszyny","article_modified_time":"2026-01-29T10:05:46+00:00","og_image":[{"width":2560,"height":1920,"url":"https:\/\/phumaszyny.pl\/wp-content\/uploads\/2026\/01\/20260116_123538-scaled.jpg","type":"image\/jpeg"}],"twitter_card":"summary_large_image","twitter_misc":{"Szacowany czas czytania":"1 minuta"},"schema":{"@context":"https:\/\/schema.org","@graph":[{"@type":"WebPage","@id":"https:\/\/phumaszyny.pl\/produkt\/tokarka-uniwersalna-ca6250c-2005r-1500mm-przelot-wrzeciona-80mm-podtrzymki\/","url":"https:\/\/phumaszyny.pl\/produkt\/tokarka-uniwersalna-ca6250c-2005r-1500mm-przelot-wrzeciona-80mm-podtrzymki\/","name":"Tokarka uniwersalna CA6250C 2005r 1500mm przelot wrzeciona 80mm podtrzymki Sprzedana! - PHU Maszyny","isPartOf":{"@id":"https:\/\/phumaszyny.pl\/en\/#website"},"primaryImageOfPage":{"@id":"https:\/\/phumaszyny.pl\/produkt\/tokarka-uniwersalna-ca6250c-2005r-1500mm-przelot-wrzeciona-80mm-podtrzymki\/#primaryimage"},"image":{"@id":"https:\/\/phumaszyny.pl\/produkt\/tokarka-uniwersalna-ca6250c-2005r-1500mm-przelot-wrzeciona-80mm-podtrzymki\/#primaryimage"},"thumbnailUrl":"https:\/\/phumaszyny.pl\/wp-content\/uploads\/2026\/01\/20260116_123538-scaled.jpg","datePublished":"2026-01-16T22:12:02+00:00","dateModified":"2026-01-29T10:05:46+00:00","breadcrumb":{"@id":"https:\/\/phumaszyny.pl\/produkt\/tokarka-uniwersalna-ca6250c-2005r-1500mm-przelot-wrzeciona-80mm-podtrzymki\/#breadcrumb"},"inLanguage":"pl-PL","potentialAction":[{"@type":"ReadAction","target":["https:\/\/phumaszyny.pl\/produkt\/tokarka-uniwersalna-ca6250c-2005r-1500mm-przelot-wrzeciona-80mm-podtrzymki\/"]}]},{"@type":"ImageObject","inLanguage":"pl-PL","@id":"https:\/\/phumaszyny.pl\/produkt\/tokarka-uniwersalna-ca6250c-2005r-1500mm-przelot-wrzeciona-80mm-podtrzymki\/#primaryimage","url":"https:\/\/phumaszyny.pl\/wp-content\/uploads\/2026\/01\/20260116_123538-scaled.jpg","contentUrl":"https:\/\/phumaszyny.pl\/wp-content\/uploads\/2026\/01\/20260116_123538-scaled.jpg","width":2560,"height":1920},{"@type":"BreadcrumbList","@id":"https:\/\/phumaszyny.pl\/produkt\/tokarka-uniwersalna-ca6250c-2005r-1500mm-przelot-wrzeciona-80mm-podtrzymki\/#breadcrumb","itemListElement":[{"@type":"ListItem","position":1,"name":"Strona g\u0142\u00f3wna","item":"https:\/\/phumaszyny.pl\/"},{"@type":"ListItem","position":2,"name":"Sklep","item":"https:\/\/phumaszyny.pl\/?page_id=120"},{"@type":"ListItem","position":3,"name":"Tokarka uniwersalna CA6250C 2005r 1500mm przelot wrzeciona 80mm podtrzymki Sprzedana!"}]},{"@type":"WebSite","@id":"https:\/\/phumaszyny.pl\/en\/#website","url":"https:\/\/phumaszyny.pl\/en\/","name":"PHU Maszyny","description":"","publisher":{"@id":"https:\/\/phumaszyny.pl\/en\/#\/schema\/person\/89b417042d67c2234d44e13e641d3dde"},"potentialAction":[{"@type":"SearchAction","target":{"@type":"EntryPoint","urlTemplate":"https:\/\/phumaszyny.pl\/en\/?s={search_term_string}"},"query-input":{"@type":"PropertyValueSpecification","valueRequired":true,"valueName":"search_term_string"}}],"inLanguage":"pl-PL"},{"@type":["Person","Organization"],"@id":"https:\/\/phumaszyny.pl\/en\/#\/schema\/person\/89b417042d67c2234d44e13e641d3dde","name":"phumaszyny","image":{"@type":"ImageObject","inLanguage":"pl-PL","@id":"https:\/\/phumaszyny.pl\/wp-content\/uploads\/elementor\/screenshots\/Elementor-post-screenshot_313_2023-03-17-11-00-27_605626bb.png","url":"https:\/\/phumaszyny.pl\/wp-content\/uploads\/elementor\/screenshots\/Elementor-post-screenshot_313_2023-03-17-11-00-27_605626bb.png","contentUrl":"https:\/\/phumaszyny.pl\/wp-content\/uploads\/elementor\/screenshots\/Elementor-post-screenshot_313_2023-03-17-11-00-27_605626bb.png","width":1200,"height":323,"caption":"phumaszyny"},"logo":{"@id":"https:\/\/phumaszyny.pl\/wp-content\/uploads\/elementor\/screenshots\/Elementor-post-screenshot_313_2023-03-17-11-00-27_605626bb.png"},"sameAs":["http:\/\/www.phumaszyny.pl"]}]}},"_links":{"self":[{"href":"https:\/\/phumaszyny.pl\/pl\/wp-json\/wp\/v2\/product\/4109","targetHints":{"allow":["GET"]}}],"collection":[{"href":"https:\/\/phumaszyny.pl\/pl\/wp-json\/wp\/v2\/product"}],"about":[{"href":"https:\/\/phumaszyny.pl\/pl\/wp-json\/wp\/v2\/types\/product"}],"replies":[{"embeddable":true,"href":"https:\/\/phumaszyny.pl\/pl\/wp-json\/wp\/v2\/comments?post=4109"}],"version-history":[{"count":2,"href":"https:\/\/phumaszyny.pl\/pl\/wp-json\/wp\/v2\/product\/4109\/revisions"}],"predecessor-version":[{"id":4143,"href":"https:\/\/phumaszyny.pl\/pl\/wp-json\/wp\/v2\/product\/4109\/revisions\/4143"}],"wp:featuredmedia":[{"embeddable":true,"href":"https:\/\/phumaszyny.pl\/pl\/wp-json\/wp\/v2\/media\/4110"}],"wp:attachment":[{"href":"https:\/\/phumaszyny.pl\/pl\/wp-json\/wp\/v2\/media?parent=4109"}],"wp:term":[{"taxonomy":"product_brand","embeddable":true,"href":"https:\/\/phumaszyny.pl\/pl\/wp-json\/wp\/v2\/product_brand?post=4109"},{"taxonomy":"product_cat","embeddable":true,"href":"https:\/\/phumaszyny.pl\/pl\/wp-json\/wp\/v2\/product_cat?post=4109"},{"taxonomy":"product_tag","embeddable":true,"href":"https:\/\/phumaszyny.pl\/pl\/wp-json\/wp\/v2\/product_tag?post=4109"}],"curies":[{"name":"wp","href":"https:\/\/api.w.org\/{rel}","templated":true}]}}