{"id":4198,"date":"2026-04-08T08:30:47","date_gmt":"2026-04-08T06:30:47","guid":{"rendered":"https:\/\/phumaszyny.pl\/?post_type=product&#038;p=4198"},"modified":"2026-04-08T08:30:47","modified_gmt":"2026-04-08T06:30:47","slug":"wiertarka-kolumnowa-bimak-typ-35-me","status":"publish","type":"product","link":"https:\/\/phumaszyny.pl\/pl\/produkt\/wiertarka-kolumnowa-bimak-typ-35-me\/","title":{"rendered":"Wiertarka kolumnowa BIMAK typ 35 ME"},"content":{"rendered":"<p>Wiertarka kolumnowa BIMAK typ 35 ME \u2013 dane techniczne<br \/>\nProducent: BIMAK<br \/>\nModel: 35 ME (Speedtronic)<br \/>\nTyp maszyny: wiertarka kolumnowa \/ s\u0142upowa<br \/>\nSterowanie pr\u0119dko\u015bci\u0105: elektroniczne (Speedtronic)<br \/>\nPosuw: r\u0119czny<br \/>\nParametry obr\u00f3bcze<br \/>\nMaksymalna \u015brednica wiercenia w stali: 35 mm<br \/>\nGwintowanie: do M24 (zale\u017cnie od materia\u0142u)<br \/>\nSto\u017cek wrzeciona: MK4 (Morse\u2019a 4)<br \/>\nSkok tulei wrzeciona: ok. 160\u2013180 mm<br \/>\nWysi\u0119g (wrzeciono \u2013 kolumna): ok. 300\u2013350 mm<br \/>\nNap\u0119d i pr\u0119dko\u015bci<br \/>\nRegulacja obrot\u00f3w: p\u0142ynna (wariator Speedtronic)<br \/>\nZakres pr\u0119dko\u015bci wrzeciona: ok. 45 \u2013 1650 obr.\/min<br \/>\nKierunek obrot\u00f3w: prawo\/lewo<br \/>\nMoc silnika: ok. 1,5\u20132,2 kW<br \/>\nZasilanie: 400 V \/ 3 fazy \/ 50 Hz<br \/>\nSt\u00f3\u0142 roboczy<br \/>\nSt\u00f3\u0142 roboczy regulowany w pionie<br \/>\nObr\u00f3t i przesuw sto\u0142u wok\u00f3\u0142 kolumny<br \/>\nRowki teowe do mocowania detalu<br \/>\nPowierzchnia sto\u0142u: ok. 500 \u00d7 500 mm<br \/>\nBudowa maszyny<br \/>\nKonstrukcja: \u017celiwna, ci\u0119\u017cka przemys\u0142owa<br \/>\nKolumna szlifowana, wysokiej sztywno\u015bci<br \/>\nRegulowana wysoko\u015b\u0107 g\u0142owicy<br \/>\nOs\u0142ony bezpiecze\u0144stwa zgodne z normami CE<br \/>\nWymiary i masa<br \/>\nWysoko\u015b\u0107 ca\u0142kowita: ok. 1850\u20132000 mm<br \/>\nSzeroko\u015b\u0107: ok. 900\u2013950 mm<br \/>\nMasa maszyny: ok. 450\u2013600 kg<\/p>","protected":false},"excerpt":{"rendered":"<p>Wiertarka kolumnowa BIMAK typ 35 ME \u2013 dane techniczne Producent: BIMAK Model: 35 ME (Speedtronic) Typ maszyny: wiertarka kolumnowa \/ s\u0142upowa Sterowanie pr\u0119dko\u015bci\u0105: elektroniczne (Speedtronic) Posuw: r\u0119czny Parametry obr\u00f3bcze Maksymalna \u015brednica wiercenia w stali: 35 mm Gwintowanie: do M24 (zale\u017cnie od materia\u0142u) Sto\u017cek wrzeciona: MK4 (Morse\u2019a 4) Skok tulei wrzeciona: ok. 160\u2013180 mm Wysi\u0119g (wrzeciono [&hellip;]<\/p>\n","protected":false},"featured_media":4201,"comment_status":"open","ping_status":"closed","template":"","meta":{"_acf_changed":false},"product_brand":[],"product_cat":[32],"product_tag":[],"class_list":{"0":"post-4198","1":"product","2":"type-product","3":"status-publish","4":"has-post-thumbnail","6":"product_cat-wiertarki","8":"first","9":"instock","10":"sale","11":"taxable","12":"shipping-taxable","13":"purchasable","14":"product-type-simple"},"acf":[],"yoast_head":"<!-- This site is optimized with the Yoast SEO plugin v27.3 - https:\/\/yoast.com\/product\/yoast-seo-wordpress\/ -->\n<title>Wiertarka kolumnowa BIMAK typ 35 ME - PHU Maszyny<\/title>\n<meta name=\"robots\" content=\"index, follow\" \/>\n<link rel=\"canonical\" href=\"https:\/\/phumaszyny.pl\/pl\/produkt\/wiertarka-kolumnowa-bimak-typ-35-me\/\" \/>\n<meta property=\"og:locale\" content=\"pl_PL\" \/>\n<meta property=\"og:type\" content=\"article\" \/>\n<meta property=\"og:title\" content=\"Wiertarka kolumnowa BIMAK typ 35 ME - PHU Maszyny\" \/>\n<meta property=\"og:description\" content=\"Wiertarka kolumnowa BIMAK typ 35 ME \u2013 dane techniczne Producent: BIMAK Model: 35 ME (Speedtronic) Typ maszyny: wiertarka kolumnowa \/ s\u0142upowa Sterowanie pr\u0119dko\u015bci\u0105: elektroniczne (Speedtronic) Posuw: r\u0119czny Parametry obr\u00f3bcze Maksymalna \u015brednica wiercenia w stali: 35 mm Gwintowanie: do M24 (zale\u017cnie od materia\u0142u) Sto\u017cek wrzeciona: MK4 (Morse\u2019a 4) Skok tulei wrzeciona: ok. 160\u2013180 mm Wysi\u0119g (wrzeciono [&hellip;]\" \/>\n<meta property=\"og:url\" content=\"https:\/\/phumaszyny.pl\/pl\/produkt\/wiertarka-kolumnowa-bimak-typ-35-me\/\" \/>\n<meta property=\"og:site_name\" content=\"PHU Maszyny\" \/>\n<meta property=\"og:image\" content=\"https:\/\/phumaszyny.pl\/wp-content\/uploads\/2026\/04\/20260304_072224-scaled.jpg\" \/>\n\t<meta property=\"og:image:width\" content=\"1441\" \/>\n\t<meta property=\"og:image:height\" content=\"2560\" \/>\n\t<meta property=\"og:image:type\" content=\"image\/jpeg\" \/>\n<meta name=\"twitter:card\" content=\"summary_large_image\" \/>\n<meta name=\"twitter:label1\" content=\"Szacowany czas czytania\" \/>\n\t<meta name=\"twitter:data1\" content=\"1 minuta\" \/>\n<script type=\"application\/ld+json\" class=\"yoast-schema-graph\">{\"@context\":\"https:\\\/\\\/schema.org\",\"@graph\":[{\"@type\":\"WebPage\",\"@id\":\"https:\\\/\\\/phumaszyny.pl\\\/produkt\\\/wiertarka-kolumnowa-bimak-typ-35-me\\\/\",\"url\":\"https:\\\/\\\/phumaszyny.pl\\\/produkt\\\/wiertarka-kolumnowa-bimak-typ-35-me\\\/\",\"name\":\"Wiertarka kolumnowa BIMAK typ 35 ME - PHU Maszyny\",\"isPartOf\":{\"@id\":\"https:\\\/\\\/phumaszyny.pl\\\/en\\\/#website\"},\"primaryImageOfPage\":{\"@id\":\"https:\\\/\\\/phumaszyny.pl\\\/produkt\\\/wiertarka-kolumnowa-bimak-typ-35-me\\\/#primaryimage\"},\"image\":{\"@id\":\"https:\\\/\\\/phumaszyny.pl\\\/produkt\\\/wiertarka-kolumnowa-bimak-typ-35-me\\\/#primaryimage\"},\"thumbnailUrl\":\"https:\\\/\\\/phumaszyny.pl\\\/wp-content\\\/uploads\\\/2026\\\/04\\\/20260304_072224-scaled.jpg\",\"datePublished\":\"2026-04-08T06:30:47+00:00\",\"breadcrumb\":{\"@id\":\"https:\\\/\\\/phumaszyny.pl\\\/produkt\\\/wiertarka-kolumnowa-bimak-typ-35-me\\\/#breadcrumb\"},\"inLanguage\":\"pl-PL\",\"potentialAction\":[{\"@type\":\"ReadAction\",\"target\":[\"https:\\\/\\\/phumaszyny.pl\\\/produkt\\\/wiertarka-kolumnowa-bimak-typ-35-me\\\/\"]}]},{\"@type\":\"ImageObject\",\"inLanguage\":\"pl-PL\",\"@id\":\"https:\\\/\\\/phumaszyny.pl\\\/produkt\\\/wiertarka-kolumnowa-bimak-typ-35-me\\\/#primaryimage\",\"url\":\"https:\\\/\\\/phumaszyny.pl\\\/wp-content\\\/uploads\\\/2026\\\/04\\\/20260304_072224-scaled.jpg\",\"contentUrl\":\"https:\\\/\\\/phumaszyny.pl\\\/wp-content\\\/uploads\\\/2026\\\/04\\\/20260304_072224-scaled.jpg\",\"width\":1441,\"height\":2560},{\"@type\":\"BreadcrumbList\",\"@id\":\"https:\\\/\\\/phumaszyny.pl\\\/produkt\\\/wiertarka-kolumnowa-bimak-typ-35-me\\\/#breadcrumb\",\"itemListElement\":[{\"@type\":\"ListItem\",\"position\":1,\"name\":\"Strona g\u0142\u00f3wna\",\"item\":\"https:\\\/\\\/phumaszyny.pl\\\/\"},{\"@type\":\"ListItem\",\"position\":2,\"name\":\"Sklep\",\"item\":\"https:\\\/\\\/phumaszyny.pl\\\/?page_id=120\"},{\"@type\":\"ListItem\",\"position\":3,\"name\":\"Wiertarka kolumnowa BIMAK typ 35 ME\"}]},{\"@type\":\"WebSite\",\"@id\":\"https:\\\/\\\/phumaszyny.pl\\\/en\\\/#website\",\"url\":\"https:\\\/\\\/phumaszyny.pl\\\/en\\\/\",\"name\":\"PHU Maszyny\",\"description\":\"\",\"publisher\":{\"@id\":\"https:\\\/\\\/phumaszyny.pl\\\/en\\\/#\\\/schema\\\/person\\\/89b417042d67c2234d44e13e641d3dde\"},\"potentialAction\":[{\"@type\":\"SearchAction\",\"target\":{\"@type\":\"EntryPoint\",\"urlTemplate\":\"https:\\\/\\\/phumaszyny.pl\\\/en\\\/?s={search_term_string}\"},\"query-input\":{\"@type\":\"PropertyValueSpecification\",\"valueRequired\":true,\"valueName\":\"search_term_string\"}}],\"inLanguage\":\"pl-PL\"},{\"@type\":[\"Person\",\"Organization\"],\"@id\":\"https:\\\/\\\/phumaszyny.pl\\\/en\\\/#\\\/schema\\\/person\\\/89b417042d67c2234d44e13e641d3dde\",\"name\":\"phumaszyny\",\"image\":{\"@type\":\"ImageObject\",\"inLanguage\":\"pl-PL\",\"@id\":\"https:\\\/\\\/phumaszyny.pl\\\/wp-content\\\/uploads\\\/elementor\\\/screenshots\\\/Elementor-post-screenshot_313_2023-03-17-11-00-27_605626bb.png\",\"url\":\"https:\\\/\\\/phumaszyny.pl\\\/wp-content\\\/uploads\\\/elementor\\\/screenshots\\\/Elementor-post-screenshot_313_2023-03-17-11-00-27_605626bb.png\",\"contentUrl\":\"https:\\\/\\\/phumaszyny.pl\\\/wp-content\\\/uploads\\\/elementor\\\/screenshots\\\/Elementor-post-screenshot_313_2023-03-17-11-00-27_605626bb.png\",\"width\":1200,\"height\":323,\"caption\":\"phumaszyny\"},\"logo\":{\"@id\":\"https:\\\/\\\/phumaszyny.pl\\\/wp-content\\\/uploads\\\/elementor\\\/screenshots\\\/Elementor-post-screenshot_313_2023-03-17-11-00-27_605626bb.png\"},\"sameAs\":[\"http:\\\/\\\/www.phumaszyny.pl\"]}]}<\/script>\n<!-- \/ Yoast SEO plugin. -->","yoast_head_json":{"title":"Wiertarka kolumnowa BIMAK typ 35 ME - PHU Maszyny","robots":{"index":"index","follow":"follow"},"canonical":"https:\/\/phumaszyny.pl\/pl\/produkt\/wiertarka-kolumnowa-bimak-typ-35-me\/","og_locale":"pl_PL","og_type":"article","og_title":"Wiertarka kolumnowa BIMAK typ 35 ME - PHU Maszyny","og_description":"Wiertarka kolumnowa BIMAK typ 35 ME \u2013 dane techniczne Producent: BIMAK Model: 35 ME (Speedtronic) Typ maszyny: wiertarka kolumnowa \/ s\u0142upowa Sterowanie pr\u0119dko\u015bci\u0105: elektroniczne (Speedtronic) Posuw: r\u0119czny Parametry obr\u00f3bcze Maksymalna \u015brednica wiercenia w stali: 35 mm Gwintowanie: do M24 (zale\u017cnie od materia\u0142u) Sto\u017cek wrzeciona: MK4 (Morse\u2019a 4) Skok tulei wrzeciona: ok. 160\u2013180 mm Wysi\u0119g (wrzeciono [&hellip;]","og_url":"https:\/\/phumaszyny.pl\/pl\/produkt\/wiertarka-kolumnowa-bimak-typ-35-me\/","og_site_name":"PHU Maszyny","og_image":[{"width":1441,"height":2560,"url":"https:\/\/phumaszyny.pl\/wp-content\/uploads\/2026\/04\/20260304_072224-scaled.jpg","type":"image\/jpeg"}],"twitter_card":"summary_large_image","twitter_misc":{"Szacowany czas czytania":"1 minuta"},"schema":{"@context":"https:\/\/schema.org","@graph":[{"@type":"WebPage","@id":"https:\/\/phumaszyny.pl\/produkt\/wiertarka-kolumnowa-bimak-typ-35-me\/","url":"https:\/\/phumaszyny.pl\/produkt\/wiertarka-kolumnowa-bimak-typ-35-me\/","name":"Wiertarka kolumnowa BIMAK typ 35 ME - PHU Maszyny","isPartOf":{"@id":"https:\/\/phumaszyny.pl\/en\/#website"},"primaryImageOfPage":{"@id":"https:\/\/phumaszyny.pl\/produkt\/wiertarka-kolumnowa-bimak-typ-35-me\/#primaryimage"},"image":{"@id":"https:\/\/phumaszyny.pl\/produkt\/wiertarka-kolumnowa-bimak-typ-35-me\/#primaryimage"},"thumbnailUrl":"https:\/\/phumaszyny.pl\/wp-content\/uploads\/2026\/04\/20260304_072224-scaled.jpg","datePublished":"2026-04-08T06:30:47+00:00","breadcrumb":{"@id":"https:\/\/phumaszyny.pl\/produkt\/wiertarka-kolumnowa-bimak-typ-35-me\/#breadcrumb"},"inLanguage":"pl-PL","potentialAction":[{"@type":"ReadAction","target":["https:\/\/phumaszyny.pl\/produkt\/wiertarka-kolumnowa-bimak-typ-35-me\/"]}]},{"@type":"ImageObject","inLanguage":"pl-PL","@id":"https:\/\/phumaszyny.pl\/produkt\/wiertarka-kolumnowa-bimak-typ-35-me\/#primaryimage","url":"https:\/\/phumaszyny.pl\/wp-content\/uploads\/2026\/04\/20260304_072224-scaled.jpg","contentUrl":"https:\/\/phumaszyny.pl\/wp-content\/uploads\/2026\/04\/20260304_072224-scaled.jpg","width":1441,"height":2560},{"@type":"BreadcrumbList","@id":"https:\/\/phumaszyny.pl\/produkt\/wiertarka-kolumnowa-bimak-typ-35-me\/#breadcrumb","itemListElement":[{"@type":"ListItem","position":1,"name":"Strona g\u0142\u00f3wna","item":"https:\/\/phumaszyny.pl\/"},{"@type":"ListItem","position":2,"name":"Sklep","item":"https:\/\/phumaszyny.pl\/?page_id=120"},{"@type":"ListItem","position":3,"name":"Wiertarka kolumnowa BIMAK typ 35 ME"}]},{"@type":"WebSite","@id":"https:\/\/phumaszyny.pl\/en\/#website","url":"https:\/\/phumaszyny.pl\/en\/","name":"PHU Maszyny","description":"","publisher":{"@id":"https:\/\/phumaszyny.pl\/en\/#\/schema\/person\/89b417042d67c2234d44e13e641d3dde"},"potentialAction":[{"@type":"SearchAction","target":{"@type":"EntryPoint","urlTemplate":"https:\/\/phumaszyny.pl\/en\/?s={search_term_string}"},"query-input":{"@type":"PropertyValueSpecification","valueRequired":true,"valueName":"search_term_string"}}],"inLanguage":"pl-PL"},{"@type":["Person","Organization"],"@id":"https:\/\/phumaszyny.pl\/en\/#\/schema\/person\/89b417042d67c2234d44e13e641d3dde","name":"phumaszyny","image":{"@type":"ImageObject","inLanguage":"pl-PL","@id":"https:\/\/phumaszyny.pl\/wp-content\/uploads\/elementor\/screenshots\/Elementor-post-screenshot_313_2023-03-17-11-00-27_605626bb.png","url":"https:\/\/phumaszyny.pl\/wp-content\/uploads\/elementor\/screenshots\/Elementor-post-screenshot_313_2023-03-17-11-00-27_605626bb.png","contentUrl":"https:\/\/phumaszyny.pl\/wp-content\/uploads\/elementor\/screenshots\/Elementor-post-screenshot_313_2023-03-17-11-00-27_605626bb.png","width":1200,"height":323,"caption":"phumaszyny"},"logo":{"@id":"https:\/\/phumaszyny.pl\/wp-content\/uploads\/elementor\/screenshots\/Elementor-post-screenshot_313_2023-03-17-11-00-27_605626bb.png"},"sameAs":["http:\/\/www.phumaszyny.pl"]}]}},"_links":{"self":[{"href":"https:\/\/phumaszyny.pl\/pl\/wp-json\/wp\/v2\/product\/4198","targetHints":{"allow":["GET"]}}],"collection":[{"href":"https:\/\/phumaszyny.pl\/pl\/wp-json\/wp\/v2\/product"}],"about":[{"href":"https:\/\/phumaszyny.pl\/pl\/wp-json\/wp\/v2\/types\/product"}],"replies":[{"embeddable":true,"href":"https:\/\/phumaszyny.pl\/pl\/wp-json\/wp\/v2\/comments?post=4198"}],"version-history":[{"count":1,"href":"https:\/\/phumaszyny.pl\/pl\/wp-json\/wp\/v2\/product\/4198\/revisions"}],"predecessor-version":[{"id":4206,"href":"https:\/\/phumaszyny.pl\/pl\/wp-json\/wp\/v2\/product\/4198\/revisions\/4206"}],"wp:featuredmedia":[{"embeddable":true,"href":"https:\/\/phumaszyny.pl\/pl\/wp-json\/wp\/v2\/media\/4201"}],"wp:attachment":[{"href":"https:\/\/phumaszyny.pl\/pl\/wp-json\/wp\/v2\/media?parent=4198"}],"wp:term":[{"taxonomy":"product_brand","embeddable":true,"href":"https:\/\/phumaszyny.pl\/pl\/wp-json\/wp\/v2\/product_brand?post=4198"},{"taxonomy":"product_cat","embeddable":true,"href":"https:\/\/phumaszyny.pl\/pl\/wp-json\/wp\/v2\/product_cat?post=4198"},{"taxonomy":"product_tag","embeddable":true,"href":"https:\/\/phumaszyny.pl\/pl\/wp-json\/wp\/v2\/product_tag?post=4198"}],"curies":[{"name":"wp","href":"https:\/\/api.w.org\/{rel}","templated":true}]}}