{"id":4207,"date":"2026-04-08T08:42:24","date_gmt":"2026-04-08T06:42:24","guid":{"rendered":"https:\/\/phumaszyny.pl\/?post_type=product&#038;p=4207"},"modified":"2026-04-08T08:42:24","modified_gmt":"2026-04-08T06:42:24","slug":"wiertarko-frezarka-kolumnowa-zay7045v-rok-produkcji-2020r","status":"publish","type":"product","link":"https:\/\/phumaszyny.pl\/pl\/produkt\/wiertarko-frezarka-kolumnowa-zay7045v-rok-produkcji-2020r\/","title":{"rendered":"Wiertarko-frezarka kolumnowa ZAY7045V Rok produkcji 2020r"},"content":{"rendered":"<p>Typ maszyny: wiertarko-frezarka kolumnowa<br \/>\nModel: ZAY7045V<br \/>\nRok produkcji 2020r<br \/>\nParametry obr\u00f3bcze<br \/>\nMaksymalna \u015brednica wiercenia: 45 mm<br \/>\nMaksymalne frezowanie czo\u0142owe: 80 mm<br \/>\nMaksymalne frezowanie walcowo-czo\u0142owe: 32 mm<br \/>\nGwintowanie: do M20<br \/>\nWrzeciono<br \/>\nSto\u017cek wrzeciona: MK4 (MT4) \/ R8<br \/>\nWysuw wrzeciona: 130 mm<br \/>\nZakres pr\u0119dko\u015bci obrotowej: 100 \u2013 2800 obr.\/min<br \/>\nLiczba zakres\u00f3w pr\u0119dko\u015bci: 2<br \/>\nSt\u00f3\u0142 roboczy<br \/>\nWymiary sto\u0142u: 800 \u00d7 240 mm<br \/>\nPrzesuw wzd\u0142u\u017cny (o\u015b X): 500 mm<br \/>\nPrzesuw poprzeczny (o\u015b Y): 175 mm<br \/>\nGeometria maszyny<br \/>\nOdleg\u0142o\u015b\u0107 wrzeciono \u2013 kolumna: ok. 260 \u2013 285 mm<br \/>\nMaksymalna odleg\u0142o\u015b\u0107 wrzeciono \u2013 st\u00f3\u0142: ok. 400 \u2013 450 mm<br \/>\nObr\u00f3t g\u0142owicy w pionie: \u00b190\u00b0<br \/>\nObr\u00f3t g\u0142owicy w poziomie: 360\u00b0<br \/>\nNap\u0119d<br \/>\nMoc silnika: 1,5 kW<br \/>\nZasilanie: 400 V \/ 3-fazowe<br \/>\nCz\u0119stotliwo\u015b\u0107: 50 Hz<br \/>\nWymiary i masa<br \/>\nMasa maszyny: ok. 310 \u2013 325 kg<br \/>\nWymiary transportowe: ok. 770 \u00d7 880 \u00d7 1160 mm<\/p>\n<p>&nbsp;<\/p>","protected":false},"excerpt":{"rendered":"<p>Typ maszyny: wiertarko-frezarka kolumnowa Model: ZAY7045V Rok produkcji 2020r Parametry obr\u00f3bcze Maksymalna \u015brednica wiercenia: 45 mm Maksymalne frezowanie czo\u0142owe: 80 mm Maksymalne frezowanie walcowo-czo\u0142owe: 32 mm Gwintowanie: do M20 Wrzeciono Sto\u017cek wrzeciona: MK4 (MT4) \/ R8 Wysuw wrzeciona: 130 mm Zakres pr\u0119dko\u015bci obrotowej: 100 \u2013 2800 obr.\/min Liczba zakres\u00f3w pr\u0119dko\u015bci: 2 St\u00f3\u0142 roboczy Wymiary sto\u0142u: [&hellip;]<\/p>\n","protected":false},"featured_media":4208,"comment_status":"open","ping_status":"closed","template":"","meta":{"_acf_changed":false},"product_brand":[],"product_cat":[27],"product_tag":[],"class_list":{"0":"post-4207","1":"product","2":"type-product","3":"status-publish","4":"has-post-thumbnail","6":"product_cat-frezarki","8":"first","9":"instock","10":"sale","11":"taxable","12":"shipping-taxable","13":"purchasable","14":"product-type-simple"},"acf":[],"yoast_head":"<!-- This site is optimized with the Yoast SEO plugin v27.3 - https:\/\/yoast.com\/product\/yoast-seo-wordpress\/ -->\n<title>Wiertarko-frezarka kolumnowa ZAY7045V Rok produkcji 2020r - PHU Maszyny<\/title>\n<meta name=\"robots\" content=\"index, follow\" \/>\n<link rel=\"canonical\" href=\"https:\/\/phumaszyny.pl\/pl\/produkt\/wiertarko-frezarka-kolumnowa-zay7045v-rok-produkcji-2020r\/\" \/>\n<meta property=\"og:locale\" content=\"pl_PL\" \/>\n<meta property=\"og:type\" content=\"article\" \/>\n<meta property=\"og:title\" content=\"Wiertarko-frezarka kolumnowa ZAY7045V Rok produkcji 2020r - PHU Maszyny\" \/>\n<meta property=\"og:description\" content=\"Typ maszyny: wiertarko-frezarka kolumnowa Model: ZAY7045V Rok produkcji 2020r Parametry obr\u00f3bcze Maksymalna \u015brednica wiercenia: 45 mm Maksymalne frezowanie czo\u0142owe: 80 mm Maksymalne frezowanie walcowo-czo\u0142owe: 32 mm Gwintowanie: do M20 Wrzeciono Sto\u017cek wrzeciona: MK4 (MT4) \/ R8 Wysuw wrzeciona: 130 mm Zakres pr\u0119dko\u015bci obrotowej: 100 \u2013 2800 obr.\/min Liczba zakres\u00f3w pr\u0119dko\u015bci: 2 St\u00f3\u0142 roboczy Wymiary sto\u0142u: [&hellip;]\" \/>\n<meta property=\"og:url\" content=\"https:\/\/phumaszyny.pl\/pl\/produkt\/wiertarko-frezarka-kolumnowa-zay7045v-rok-produkcji-2020r\/\" \/>\n<meta property=\"og:site_name\" content=\"PHU Maszyny\" \/>\n<meta property=\"og:image\" content=\"https:\/\/phumaszyny.pl\/wp-content\/uploads\/2026\/04\/20260312_144243-scaled.jpg\" \/>\n\t<meta property=\"og:image:width\" content=\"1441\" \/>\n\t<meta property=\"og:image:height\" content=\"2560\" \/>\n\t<meta property=\"og:image:type\" content=\"image\/jpeg\" \/>\n<meta name=\"twitter:card\" content=\"summary_large_image\" \/>\n<meta name=\"twitter:label1\" content=\"Szacowany czas czytania\" \/>\n\t<meta name=\"twitter:data1\" content=\"1 minuta\" \/>\n<script type=\"application\/ld+json\" class=\"yoast-schema-graph\">{\"@context\":\"https:\\\/\\\/schema.org\",\"@graph\":[{\"@type\":\"WebPage\",\"@id\":\"https:\\\/\\\/phumaszyny.pl\\\/produkt\\\/wiertarko-frezarka-kolumnowa-zay7045v-rok-produkcji-2020r\\\/\",\"url\":\"https:\\\/\\\/phumaszyny.pl\\\/produkt\\\/wiertarko-frezarka-kolumnowa-zay7045v-rok-produkcji-2020r\\\/\",\"name\":\"Wiertarko-frezarka kolumnowa ZAY7045V Rok produkcji 2020r - PHU Maszyny\",\"isPartOf\":{\"@id\":\"https:\\\/\\\/phumaszyny.pl\\\/en\\\/#website\"},\"primaryImageOfPage\":{\"@id\":\"https:\\\/\\\/phumaszyny.pl\\\/produkt\\\/wiertarko-frezarka-kolumnowa-zay7045v-rok-produkcji-2020r\\\/#primaryimage\"},\"image\":{\"@id\":\"https:\\\/\\\/phumaszyny.pl\\\/produkt\\\/wiertarko-frezarka-kolumnowa-zay7045v-rok-produkcji-2020r\\\/#primaryimage\"},\"thumbnailUrl\":\"https:\\\/\\\/phumaszyny.pl\\\/wp-content\\\/uploads\\\/2026\\\/04\\\/20260312_144243-scaled.jpg\",\"datePublished\":\"2026-04-08T06:42:24+00:00\",\"breadcrumb\":{\"@id\":\"https:\\\/\\\/phumaszyny.pl\\\/produkt\\\/wiertarko-frezarka-kolumnowa-zay7045v-rok-produkcji-2020r\\\/#breadcrumb\"},\"inLanguage\":\"pl-PL\",\"potentialAction\":[{\"@type\":\"ReadAction\",\"target\":[\"https:\\\/\\\/phumaszyny.pl\\\/produkt\\\/wiertarko-frezarka-kolumnowa-zay7045v-rok-produkcji-2020r\\\/\"]}]},{\"@type\":\"ImageObject\",\"inLanguage\":\"pl-PL\",\"@id\":\"https:\\\/\\\/phumaszyny.pl\\\/produkt\\\/wiertarko-frezarka-kolumnowa-zay7045v-rok-produkcji-2020r\\\/#primaryimage\",\"url\":\"https:\\\/\\\/phumaszyny.pl\\\/wp-content\\\/uploads\\\/2026\\\/04\\\/20260312_144243-scaled.jpg\",\"contentUrl\":\"https:\\\/\\\/phumaszyny.pl\\\/wp-content\\\/uploads\\\/2026\\\/04\\\/20260312_144243-scaled.jpg\",\"width\":1441,\"height\":2560},{\"@type\":\"BreadcrumbList\",\"@id\":\"https:\\\/\\\/phumaszyny.pl\\\/produkt\\\/wiertarko-frezarka-kolumnowa-zay7045v-rok-produkcji-2020r\\\/#breadcrumb\",\"itemListElement\":[{\"@type\":\"ListItem\",\"position\":1,\"name\":\"Strona g\u0142\u00f3wna\",\"item\":\"https:\\\/\\\/phumaszyny.pl\\\/\"},{\"@type\":\"ListItem\",\"position\":2,\"name\":\"Sklep\",\"item\":\"https:\\\/\\\/phumaszyny.pl\\\/?page_id=120\"},{\"@type\":\"ListItem\",\"position\":3,\"name\":\"Wiertarko-frezarka kolumnowa ZAY7045V Rok produkcji 2020r\"}]},{\"@type\":\"WebSite\",\"@id\":\"https:\\\/\\\/phumaszyny.pl\\\/en\\\/#website\",\"url\":\"https:\\\/\\\/phumaszyny.pl\\\/en\\\/\",\"name\":\"PHU Maszyny\",\"description\":\"\",\"publisher\":{\"@id\":\"https:\\\/\\\/phumaszyny.pl\\\/en\\\/#\\\/schema\\\/person\\\/89b417042d67c2234d44e13e641d3dde\"},\"potentialAction\":[{\"@type\":\"SearchAction\",\"target\":{\"@type\":\"EntryPoint\",\"urlTemplate\":\"https:\\\/\\\/phumaszyny.pl\\\/en\\\/?s={search_term_string}\"},\"query-input\":{\"@type\":\"PropertyValueSpecification\",\"valueRequired\":true,\"valueName\":\"search_term_string\"}}],\"inLanguage\":\"pl-PL\"},{\"@type\":[\"Person\",\"Organization\"],\"@id\":\"https:\\\/\\\/phumaszyny.pl\\\/en\\\/#\\\/schema\\\/person\\\/89b417042d67c2234d44e13e641d3dde\",\"name\":\"phumaszyny\",\"image\":{\"@type\":\"ImageObject\",\"inLanguage\":\"pl-PL\",\"@id\":\"https:\\\/\\\/phumaszyny.pl\\\/wp-content\\\/uploads\\\/elementor\\\/screenshots\\\/Elementor-post-screenshot_313_2023-03-17-11-00-27_605626bb.png\",\"url\":\"https:\\\/\\\/phumaszyny.pl\\\/wp-content\\\/uploads\\\/elementor\\\/screenshots\\\/Elementor-post-screenshot_313_2023-03-17-11-00-27_605626bb.png\",\"contentUrl\":\"https:\\\/\\\/phumaszyny.pl\\\/wp-content\\\/uploads\\\/elementor\\\/screenshots\\\/Elementor-post-screenshot_313_2023-03-17-11-00-27_605626bb.png\",\"width\":1200,\"height\":323,\"caption\":\"phumaszyny\"},\"logo\":{\"@id\":\"https:\\\/\\\/phumaszyny.pl\\\/wp-content\\\/uploads\\\/elementor\\\/screenshots\\\/Elementor-post-screenshot_313_2023-03-17-11-00-27_605626bb.png\"},\"sameAs\":[\"http:\\\/\\\/www.phumaszyny.pl\"]}]}<\/script>\n<!-- \/ Yoast SEO plugin. -->","yoast_head_json":{"title":"Wiertarko-frezarka kolumnowa ZAY7045V Rok produkcji 2020r - PHU Maszyny","robots":{"index":"index","follow":"follow"},"canonical":"https:\/\/phumaszyny.pl\/pl\/produkt\/wiertarko-frezarka-kolumnowa-zay7045v-rok-produkcji-2020r\/","og_locale":"pl_PL","og_type":"article","og_title":"Wiertarko-frezarka kolumnowa ZAY7045V Rok produkcji 2020r - PHU Maszyny","og_description":"Typ maszyny: wiertarko-frezarka kolumnowa Model: ZAY7045V Rok produkcji 2020r Parametry obr\u00f3bcze Maksymalna \u015brednica wiercenia: 45 mm Maksymalne frezowanie czo\u0142owe: 80 mm Maksymalne frezowanie walcowo-czo\u0142owe: 32 mm Gwintowanie: do M20 Wrzeciono Sto\u017cek wrzeciona: MK4 (MT4) \/ R8 Wysuw wrzeciona: 130 mm Zakres pr\u0119dko\u015bci obrotowej: 100 \u2013 2800 obr.\/min Liczba zakres\u00f3w pr\u0119dko\u015bci: 2 St\u00f3\u0142 roboczy Wymiary sto\u0142u: [&hellip;]","og_url":"https:\/\/phumaszyny.pl\/pl\/produkt\/wiertarko-frezarka-kolumnowa-zay7045v-rok-produkcji-2020r\/","og_site_name":"PHU Maszyny","og_image":[{"width":1441,"height":2560,"url":"https:\/\/phumaszyny.pl\/wp-content\/uploads\/2026\/04\/20260312_144243-scaled.jpg","type":"image\/jpeg"}],"twitter_card":"summary_large_image","twitter_misc":{"Szacowany czas czytania":"1 minuta"},"schema":{"@context":"https:\/\/schema.org","@graph":[{"@type":"WebPage","@id":"https:\/\/phumaszyny.pl\/produkt\/wiertarko-frezarka-kolumnowa-zay7045v-rok-produkcji-2020r\/","url":"https:\/\/phumaszyny.pl\/produkt\/wiertarko-frezarka-kolumnowa-zay7045v-rok-produkcji-2020r\/","name":"Wiertarko-frezarka kolumnowa ZAY7045V Rok produkcji 2020r - PHU Maszyny","isPartOf":{"@id":"https:\/\/phumaszyny.pl\/en\/#website"},"primaryImageOfPage":{"@id":"https:\/\/phumaszyny.pl\/produkt\/wiertarko-frezarka-kolumnowa-zay7045v-rok-produkcji-2020r\/#primaryimage"},"image":{"@id":"https:\/\/phumaszyny.pl\/produkt\/wiertarko-frezarka-kolumnowa-zay7045v-rok-produkcji-2020r\/#primaryimage"},"thumbnailUrl":"https:\/\/phumaszyny.pl\/wp-content\/uploads\/2026\/04\/20260312_144243-scaled.jpg","datePublished":"2026-04-08T06:42:24+00:00","breadcrumb":{"@id":"https:\/\/phumaszyny.pl\/produkt\/wiertarko-frezarka-kolumnowa-zay7045v-rok-produkcji-2020r\/#breadcrumb"},"inLanguage":"pl-PL","potentialAction":[{"@type":"ReadAction","target":["https:\/\/phumaszyny.pl\/produkt\/wiertarko-frezarka-kolumnowa-zay7045v-rok-produkcji-2020r\/"]}]},{"@type":"ImageObject","inLanguage":"pl-PL","@id":"https:\/\/phumaszyny.pl\/produkt\/wiertarko-frezarka-kolumnowa-zay7045v-rok-produkcji-2020r\/#primaryimage","url":"https:\/\/phumaszyny.pl\/wp-content\/uploads\/2026\/04\/20260312_144243-scaled.jpg","contentUrl":"https:\/\/phumaszyny.pl\/wp-content\/uploads\/2026\/04\/20260312_144243-scaled.jpg","width":1441,"height":2560},{"@type":"BreadcrumbList","@id":"https:\/\/phumaszyny.pl\/produkt\/wiertarko-frezarka-kolumnowa-zay7045v-rok-produkcji-2020r\/#breadcrumb","itemListElement":[{"@type":"ListItem","position":1,"name":"Strona g\u0142\u00f3wna","item":"https:\/\/phumaszyny.pl\/"},{"@type":"ListItem","position":2,"name":"Sklep","item":"https:\/\/phumaszyny.pl\/?page_id=120"},{"@type":"ListItem","position":3,"name":"Wiertarko-frezarka kolumnowa ZAY7045V Rok produkcji 2020r"}]},{"@type":"WebSite","@id":"https:\/\/phumaszyny.pl\/en\/#website","url":"https:\/\/phumaszyny.pl\/en\/","name":"PHU Maszyny","description":"","publisher":{"@id":"https:\/\/phumaszyny.pl\/en\/#\/schema\/person\/89b417042d67c2234d44e13e641d3dde"},"potentialAction":[{"@type":"SearchAction","target":{"@type":"EntryPoint","urlTemplate":"https:\/\/phumaszyny.pl\/en\/?s={search_term_string}"},"query-input":{"@type":"PropertyValueSpecification","valueRequired":true,"valueName":"search_term_string"}}],"inLanguage":"pl-PL"},{"@type":["Person","Organization"],"@id":"https:\/\/phumaszyny.pl\/en\/#\/schema\/person\/89b417042d67c2234d44e13e641d3dde","name":"phumaszyny","image":{"@type":"ImageObject","inLanguage":"pl-PL","@id":"https:\/\/phumaszyny.pl\/wp-content\/uploads\/elementor\/screenshots\/Elementor-post-screenshot_313_2023-03-17-11-00-27_605626bb.png","url":"https:\/\/phumaszyny.pl\/wp-content\/uploads\/elementor\/screenshots\/Elementor-post-screenshot_313_2023-03-17-11-00-27_605626bb.png","contentUrl":"https:\/\/phumaszyny.pl\/wp-content\/uploads\/elementor\/screenshots\/Elementor-post-screenshot_313_2023-03-17-11-00-27_605626bb.png","width":1200,"height":323,"caption":"phumaszyny"},"logo":{"@id":"https:\/\/phumaszyny.pl\/wp-content\/uploads\/elementor\/screenshots\/Elementor-post-screenshot_313_2023-03-17-11-00-27_605626bb.png"},"sameAs":["http:\/\/www.phumaszyny.pl"]}]}},"_links":{"self":[{"href":"https:\/\/phumaszyny.pl\/pl\/wp-json\/wp\/v2\/product\/4207","targetHints":{"allow":["GET"]}}],"collection":[{"href":"https:\/\/phumaszyny.pl\/pl\/wp-json\/wp\/v2\/product"}],"about":[{"href":"https:\/\/phumaszyny.pl\/pl\/wp-json\/wp\/v2\/types\/product"}],"replies":[{"embeddable":true,"href":"https:\/\/phumaszyny.pl\/pl\/wp-json\/wp\/v2\/comments?post=4207"}],"version-history":[{"count":1,"href":"https:\/\/phumaszyny.pl\/pl\/wp-json\/wp\/v2\/product\/4207\/revisions"}],"predecessor-version":[{"id":4217,"href":"https:\/\/phumaszyny.pl\/pl\/wp-json\/wp\/v2\/product\/4207\/revisions\/4217"}],"wp:featuredmedia":[{"embeddable":true,"href":"https:\/\/phumaszyny.pl\/pl\/wp-json\/wp\/v2\/media\/4208"}],"wp:attachment":[{"href":"https:\/\/phumaszyny.pl\/pl\/wp-json\/wp\/v2\/media?parent=4207"}],"wp:term":[{"taxonomy":"product_brand","embeddable":true,"href":"https:\/\/phumaszyny.pl\/pl\/wp-json\/wp\/v2\/product_brand?post=4207"},{"taxonomy":"product_cat","embeddable":true,"href":"https:\/\/phumaszyny.pl\/pl\/wp-json\/wp\/v2\/product_cat?post=4207"},{"taxonomy":"product_tag","embeddable":true,"href":"https:\/\/phumaszyny.pl\/pl\/wp-json\/wp\/v2\/product_tag?post=4207"}],"curies":[{"name":"wp","href":"https:\/\/api.w.org\/{rel}","templated":true}]}}