{"id":4253,"date":"2026-05-05T07:59:57","date_gmt":"2026-05-05T05:59:57","guid":{"rendered":"https:\/\/phumaszyny.pl\/?post_type=product&#038;p=4253"},"modified":"2026-05-05T07:59:57","modified_gmt":"2026-05-05T05:59:57","slug":"szlifierka-cylindryczna-kondo-hi-gloss-450-h-ts-450-mm-japonska-precyzja","status":"publish","type":"product","link":"https:\/\/phumaszyny.pl\/pl\/produkt\/szlifierka-cylindryczna-kondo-hi-gloss-450-h-ts-450-mm-japonska-precyzja\/","title":{"rendered":"Szlifierka cylindryczna KONDO HI-GLOSS 450 H-TS | 450 mm | Japo\u0144ska precyzja"},"content":{"rendered":"<p>\ud83d\udfe2 Szlifierka cylindryczna KONDO HI-GLOSS 450 H-TS | 450 mm | Japo\u0144ska precyzja<\/p>\n<p>Na sprzeda\u017c wysokiej klasy szlifierka cylindryczna uniwersalna KONDO HI-GLOSS 450 H-TS \u2013 renomowanej japo\u0144skiej marki.<\/p>\n<p>Maszyna przeznaczona do precyzyjnego szlifowania wa\u0142k\u00f3w, detali cylindrycznych oraz prac narz\u0119dziowych.<\/p>\n<p>\ud83d\udd27 Najwa\u017cniejsze parametry:<\/p>\n<p>\u015arednica nad sto\u0142em: ~250 mm<\/p>\n<p>D\u0142ugo\u015b\u0107 szlifowania (mi\u0119dzy k\u0142ami): 450 mm<\/p>\n<p>\u015aciernica: \u00d8405 mm<\/p>\n<p>Pr\u0119dko\u015b\u0107 wrzeciona: do 2000 obr.\/min<\/p>\n<p>Zasilanie: 415 V<\/p>\n<p>Rok produkcji: 1981<\/p>\n<p>Produkcja: Japonia<\/p>\n<p>\u2699\ufe0f Wyposa\u017cenie:<\/p>\n<p>St\u00f3\u0142 hydrauliczny<\/p>\n<p>Automatyczny posuw<\/p>\n<p>Mo\u017cliwo\u015b\u0107 szlifowania wewn\u0119trznego<\/p>\n<p>Osprz\u0119t i przystawki (widoczne na zdj\u0119ciach)<\/p>\n<p>Uk\u0142ad ch\u0142odzenia wraz z separatorem wiur\u00f3w.<\/p>\n<p>\ud83d\udee0\ufe0f Stan:<\/p>\n<p>Maszyna kompletna, w dobrym stanie wizualnym I technicznym, do maszyny dokumentacja. Szlifierka pod\u0142\u0105czona, dost\u0119pny film z prezentacji maszyny.<\/p>\n<p>Dodatkowe oprzyrz\u0105dowanie w zestawie (na osobnych paletach).<\/p>","protected":false},"excerpt":{"rendered":"<p>\ud83d\udfe2 Szlifierka cylindryczna KONDO HI-GLOSS 450 H-TS | 450 mm | Japo\u0144ska precyzja Na sprzeda\u017c wysokiej klasy szlifierka cylindryczna uniwersalna KONDO HI-GLOSS 450 H-TS \u2013 renomowanej japo\u0144skiej marki. Maszyna przeznaczona do precyzyjnego szlifowania wa\u0142k\u00f3w, detali cylindrycznych oraz prac narz\u0119dziowych. \ud83d\udd27 Najwa\u017cniejsze parametry: \u015arednica nad sto\u0142em: ~250 mm D\u0142ugo\u015b\u0107 szlifowania (mi\u0119dzy k\u0142ami): 450 mm \u015aciernica: \u00d8405 [&hellip;]<\/p>\n","protected":false},"featured_media":4242,"comment_status":"open","ping_status":"closed","template":"","meta":{"_acf_changed":false},"product_brand":[],"product_cat":[33],"product_tag":[],"class_list":{"0":"post-4253","1":"product","2":"type-product","3":"status-publish","4":"has-post-thumbnail","6":"product_cat-szlifierki","8":"first","9":"instock","10":"taxable","11":"shipping-taxable","12":"product-type-simple"},"acf":[],"yoast_head":"<!-- This site is optimized with the Yoast SEO plugin v27.3 - https:\/\/yoast.com\/product\/yoast-seo-wordpress\/ -->\n<title>Szlifierka cylindryczna KONDO HI-GLOSS 450 H-TS | 450 mm | Japo\u0144ska precyzja - PHU Maszyny<\/title>\n<meta name=\"robots\" content=\"index, follow\" \/>\n<link rel=\"canonical\" href=\"https:\/\/phumaszyny.pl\/pl\/produkt\/szlifierka-cylindryczna-kondo-hi-gloss-450-h-ts-450-mm-japonska-precyzja\/\" \/>\n<meta property=\"og:locale\" content=\"pl_PL\" \/>\n<meta property=\"og:type\" content=\"article\" \/>\n<meta property=\"og:title\" content=\"Szlifierka cylindryczna KONDO HI-GLOSS 450 H-TS | 450 mm | Japo\u0144ska precyzja - PHU Maszyny\" \/>\n<meta property=\"og:description\" content=\"\ud83d\udfe2 Szlifierka cylindryczna KONDO HI-GLOSS 450 H-TS | 450 mm | Japo\u0144ska precyzja Na sprzeda\u017c wysokiej klasy szlifierka cylindryczna uniwersalna KONDO HI-GLOSS 450 H-TS \u2013 renomowanej japo\u0144skiej marki. Maszyna przeznaczona do precyzyjnego szlifowania wa\u0142k\u00f3w, detali cylindrycznych oraz prac narz\u0119dziowych. \ud83d\udd27 Najwa\u017cniejsze parametry: \u015arednica nad sto\u0142em: ~250 mm D\u0142ugo\u015b\u0107 szlifowania (mi\u0119dzy k\u0142ami): 450 mm \u015aciernica: \u00d8405 [&hellip;]\" \/>\n<meta property=\"og:url\" content=\"https:\/\/phumaszyny.pl\/pl\/produkt\/szlifierka-cylindryczna-kondo-hi-gloss-450-h-ts-450-mm-japonska-precyzja\/\" \/>\n<meta property=\"og:site_name\" content=\"PHU Maszyny\" \/>\n<meta property=\"og:image\" content=\"https:\/\/phumaszyny.pl\/wp-content\/uploads\/2026\/05\/20260505_073742-scaled.jpg\" \/>\n\t<meta property=\"og:image:width\" content=\"2560\" \/>\n\t<meta property=\"og:image:height\" content=\"1441\" \/>\n\t<meta property=\"og:image:type\" content=\"image\/jpeg\" \/>\n<meta name=\"twitter:card\" content=\"summary_large_image\" \/>\n<meta name=\"twitter:label1\" content=\"Szacowany czas czytania\" \/>\n\t<meta name=\"twitter:data1\" content=\"1 minuta\" \/>\n<script type=\"application\/ld+json\" class=\"yoast-schema-graph\">{\"@context\":\"https:\\\/\\\/schema.org\",\"@graph\":[{\"@type\":\"WebPage\",\"@id\":\"https:\\\/\\\/phumaszyny.pl\\\/produkt\\\/szlifierka-cylindryczna-kondo-hi-gloss-450-h-ts-450-mm-japonska-precyzja\\\/\",\"url\":\"https:\\\/\\\/phumaszyny.pl\\\/produkt\\\/szlifierka-cylindryczna-kondo-hi-gloss-450-h-ts-450-mm-japonska-precyzja\\\/\",\"name\":\"Szlifierka cylindryczna KONDO HI-GLOSS 450 H-TS | 450 mm | Japo\u0144ska precyzja - PHU Maszyny\",\"isPartOf\":{\"@id\":\"https:\\\/\\\/phumaszyny.pl\\\/en\\\/#website\"},\"primaryImageOfPage\":{\"@id\":\"https:\\\/\\\/phumaszyny.pl\\\/produkt\\\/szlifierka-cylindryczna-kondo-hi-gloss-450-h-ts-450-mm-japonska-precyzja\\\/#primaryimage\"},\"image\":{\"@id\":\"https:\\\/\\\/phumaszyny.pl\\\/produkt\\\/szlifierka-cylindryczna-kondo-hi-gloss-450-h-ts-450-mm-japonska-precyzja\\\/#primaryimage\"},\"thumbnailUrl\":\"https:\\\/\\\/phumaszyny.pl\\\/wp-content\\\/uploads\\\/2026\\\/05\\\/20260505_073742-scaled.jpg\",\"datePublished\":\"2026-05-05T05:59:57+00:00\",\"breadcrumb\":{\"@id\":\"https:\\\/\\\/phumaszyny.pl\\\/produkt\\\/szlifierka-cylindryczna-kondo-hi-gloss-450-h-ts-450-mm-japonska-precyzja\\\/#breadcrumb\"},\"inLanguage\":\"pl-PL\",\"potentialAction\":[{\"@type\":\"ReadAction\",\"target\":[\"https:\\\/\\\/phumaszyny.pl\\\/produkt\\\/szlifierka-cylindryczna-kondo-hi-gloss-450-h-ts-450-mm-japonska-precyzja\\\/\"]}]},{\"@type\":\"ImageObject\",\"inLanguage\":\"pl-PL\",\"@id\":\"https:\\\/\\\/phumaszyny.pl\\\/produkt\\\/szlifierka-cylindryczna-kondo-hi-gloss-450-h-ts-450-mm-japonska-precyzja\\\/#primaryimage\",\"url\":\"https:\\\/\\\/phumaszyny.pl\\\/wp-content\\\/uploads\\\/2026\\\/05\\\/20260505_073742-scaled.jpg\",\"contentUrl\":\"https:\\\/\\\/phumaszyny.pl\\\/wp-content\\\/uploads\\\/2026\\\/05\\\/20260505_073742-scaled.jpg\",\"width\":2560,\"height\":1441},{\"@type\":\"BreadcrumbList\",\"@id\":\"https:\\\/\\\/phumaszyny.pl\\\/produkt\\\/szlifierka-cylindryczna-kondo-hi-gloss-450-h-ts-450-mm-japonska-precyzja\\\/#breadcrumb\",\"itemListElement\":[{\"@type\":\"ListItem\",\"position\":1,\"name\":\"Strona g\u0142\u00f3wna\",\"item\":\"https:\\\/\\\/phumaszyny.pl\\\/\"},{\"@type\":\"ListItem\",\"position\":2,\"name\":\"Sklep\",\"item\":\"https:\\\/\\\/phumaszyny.pl\\\/?page_id=120\"},{\"@type\":\"ListItem\",\"position\":3,\"name\":\"Szlifierka cylindryczna KONDO HI-GLOSS 450 H-TS | 450 mm | Japo\u0144ska precyzja\"}]},{\"@type\":\"WebSite\",\"@id\":\"https:\\\/\\\/phumaszyny.pl\\\/en\\\/#website\",\"url\":\"https:\\\/\\\/phumaszyny.pl\\\/en\\\/\",\"name\":\"PHU Maszyny\",\"description\":\"\",\"publisher\":{\"@id\":\"https:\\\/\\\/phumaszyny.pl\\\/en\\\/#\\\/schema\\\/person\\\/89b417042d67c2234d44e13e641d3dde\"},\"potentialAction\":[{\"@type\":\"SearchAction\",\"target\":{\"@type\":\"EntryPoint\",\"urlTemplate\":\"https:\\\/\\\/phumaszyny.pl\\\/en\\\/?s={search_term_string}\"},\"query-input\":{\"@type\":\"PropertyValueSpecification\",\"valueRequired\":true,\"valueName\":\"search_term_string\"}}],\"inLanguage\":\"pl-PL\"},{\"@type\":[\"Person\",\"Organization\"],\"@id\":\"https:\\\/\\\/phumaszyny.pl\\\/en\\\/#\\\/schema\\\/person\\\/89b417042d67c2234d44e13e641d3dde\",\"name\":\"phumaszyny\",\"image\":{\"@type\":\"ImageObject\",\"inLanguage\":\"pl-PL\",\"@id\":\"https:\\\/\\\/phumaszyny.pl\\\/wp-content\\\/uploads\\\/elementor\\\/screenshots\\\/Elementor-post-screenshot_313_2023-03-17-11-00-27_605626bb.png\",\"url\":\"https:\\\/\\\/phumaszyny.pl\\\/wp-content\\\/uploads\\\/elementor\\\/screenshots\\\/Elementor-post-screenshot_313_2023-03-17-11-00-27_605626bb.png\",\"contentUrl\":\"https:\\\/\\\/phumaszyny.pl\\\/wp-content\\\/uploads\\\/elementor\\\/screenshots\\\/Elementor-post-screenshot_313_2023-03-17-11-00-27_605626bb.png\",\"width\":1200,\"height\":323,\"caption\":\"phumaszyny\"},\"logo\":{\"@id\":\"https:\\\/\\\/phumaszyny.pl\\\/wp-content\\\/uploads\\\/elementor\\\/screenshots\\\/Elementor-post-screenshot_313_2023-03-17-11-00-27_605626bb.png\"},\"sameAs\":[\"http:\\\/\\\/www.phumaszyny.pl\"]}]}<\/script>\n<!-- \/ Yoast SEO plugin. -->","yoast_head_json":{"title":"Szlifierka cylindryczna KONDO HI-GLOSS 450 H-TS | 450 mm | Japo\u0144ska precyzja - PHU Maszyny","robots":{"index":"index","follow":"follow"},"canonical":"https:\/\/phumaszyny.pl\/pl\/produkt\/szlifierka-cylindryczna-kondo-hi-gloss-450-h-ts-450-mm-japonska-precyzja\/","og_locale":"pl_PL","og_type":"article","og_title":"Szlifierka cylindryczna KONDO HI-GLOSS 450 H-TS | 450 mm | Japo\u0144ska precyzja - PHU Maszyny","og_description":"\ud83d\udfe2 Szlifierka cylindryczna KONDO HI-GLOSS 450 H-TS | 450 mm | Japo\u0144ska precyzja Na sprzeda\u017c wysokiej klasy szlifierka cylindryczna uniwersalna KONDO HI-GLOSS 450 H-TS \u2013 renomowanej japo\u0144skiej marki. Maszyna przeznaczona do precyzyjnego szlifowania wa\u0142k\u00f3w, detali cylindrycznych oraz prac narz\u0119dziowych. \ud83d\udd27 Najwa\u017cniejsze parametry: \u015arednica nad sto\u0142em: ~250 mm D\u0142ugo\u015b\u0107 szlifowania (mi\u0119dzy k\u0142ami): 450 mm \u015aciernica: \u00d8405 [&hellip;]","og_url":"https:\/\/phumaszyny.pl\/pl\/produkt\/szlifierka-cylindryczna-kondo-hi-gloss-450-h-ts-450-mm-japonska-precyzja\/","og_site_name":"PHU Maszyny","og_image":[{"width":2560,"height":1441,"url":"https:\/\/phumaszyny.pl\/wp-content\/uploads\/2026\/05\/20260505_073742-scaled.jpg","type":"image\/jpeg"}],"twitter_card":"summary_large_image","twitter_misc":{"Szacowany czas czytania":"1 minuta"},"schema":{"@context":"https:\/\/schema.org","@graph":[{"@type":"WebPage","@id":"https:\/\/phumaszyny.pl\/produkt\/szlifierka-cylindryczna-kondo-hi-gloss-450-h-ts-450-mm-japonska-precyzja\/","url":"https:\/\/phumaszyny.pl\/produkt\/szlifierka-cylindryczna-kondo-hi-gloss-450-h-ts-450-mm-japonska-precyzja\/","name":"Szlifierka cylindryczna KONDO HI-GLOSS 450 H-TS | 450 mm | Japo\u0144ska precyzja - PHU Maszyny","isPartOf":{"@id":"https:\/\/phumaszyny.pl\/en\/#website"},"primaryImageOfPage":{"@id":"https:\/\/phumaszyny.pl\/produkt\/szlifierka-cylindryczna-kondo-hi-gloss-450-h-ts-450-mm-japonska-precyzja\/#primaryimage"},"image":{"@id":"https:\/\/phumaszyny.pl\/produkt\/szlifierka-cylindryczna-kondo-hi-gloss-450-h-ts-450-mm-japonska-precyzja\/#primaryimage"},"thumbnailUrl":"https:\/\/phumaszyny.pl\/wp-content\/uploads\/2026\/05\/20260505_073742-scaled.jpg","datePublished":"2026-05-05T05:59:57+00:00","breadcrumb":{"@id":"https:\/\/phumaszyny.pl\/produkt\/szlifierka-cylindryczna-kondo-hi-gloss-450-h-ts-450-mm-japonska-precyzja\/#breadcrumb"},"inLanguage":"pl-PL","potentialAction":[{"@type":"ReadAction","target":["https:\/\/phumaszyny.pl\/produkt\/szlifierka-cylindryczna-kondo-hi-gloss-450-h-ts-450-mm-japonska-precyzja\/"]}]},{"@type":"ImageObject","inLanguage":"pl-PL","@id":"https:\/\/phumaszyny.pl\/produkt\/szlifierka-cylindryczna-kondo-hi-gloss-450-h-ts-450-mm-japonska-precyzja\/#primaryimage","url":"https:\/\/phumaszyny.pl\/wp-content\/uploads\/2026\/05\/20260505_073742-scaled.jpg","contentUrl":"https:\/\/phumaszyny.pl\/wp-content\/uploads\/2026\/05\/20260505_073742-scaled.jpg","width":2560,"height":1441},{"@type":"BreadcrumbList","@id":"https:\/\/phumaszyny.pl\/produkt\/szlifierka-cylindryczna-kondo-hi-gloss-450-h-ts-450-mm-japonska-precyzja\/#breadcrumb","itemListElement":[{"@type":"ListItem","position":1,"name":"Strona g\u0142\u00f3wna","item":"https:\/\/phumaszyny.pl\/"},{"@type":"ListItem","position":2,"name":"Sklep","item":"https:\/\/phumaszyny.pl\/?page_id=120"},{"@type":"ListItem","position":3,"name":"Szlifierka cylindryczna KONDO HI-GLOSS 450 H-TS | 450 mm | Japo\u0144ska precyzja"}]},{"@type":"WebSite","@id":"https:\/\/phumaszyny.pl\/en\/#website","url":"https:\/\/phumaszyny.pl\/en\/","name":"PHU Maszyny","description":"","publisher":{"@id":"https:\/\/phumaszyny.pl\/en\/#\/schema\/person\/89b417042d67c2234d44e13e641d3dde"},"potentialAction":[{"@type":"SearchAction","target":{"@type":"EntryPoint","urlTemplate":"https:\/\/phumaszyny.pl\/en\/?s={search_term_string}"},"query-input":{"@type":"PropertyValueSpecification","valueRequired":true,"valueName":"search_term_string"}}],"inLanguage":"pl-PL"},{"@type":["Person","Organization"],"@id":"https:\/\/phumaszyny.pl\/en\/#\/schema\/person\/89b417042d67c2234d44e13e641d3dde","name":"phumaszyny","image":{"@type":"ImageObject","inLanguage":"pl-PL","@id":"https:\/\/phumaszyny.pl\/wp-content\/uploads\/elementor\/screenshots\/Elementor-post-screenshot_313_2023-03-17-11-00-27_605626bb.png","url":"https:\/\/phumaszyny.pl\/wp-content\/uploads\/elementor\/screenshots\/Elementor-post-screenshot_313_2023-03-17-11-00-27_605626bb.png","contentUrl":"https:\/\/phumaszyny.pl\/wp-content\/uploads\/elementor\/screenshots\/Elementor-post-screenshot_313_2023-03-17-11-00-27_605626bb.png","width":1200,"height":323,"caption":"phumaszyny"},"logo":{"@id":"https:\/\/phumaszyny.pl\/wp-content\/uploads\/elementor\/screenshots\/Elementor-post-screenshot_313_2023-03-17-11-00-27_605626bb.png"},"sameAs":["http:\/\/www.phumaszyny.pl"]}]}},"_links":{"self":[{"href":"https:\/\/phumaszyny.pl\/pl\/wp-json\/wp\/v2\/product\/4253","targetHints":{"allow":["GET"]}}],"collection":[{"href":"https:\/\/phumaszyny.pl\/pl\/wp-json\/wp\/v2\/product"}],"about":[{"href":"https:\/\/phumaszyny.pl\/pl\/wp-json\/wp\/v2\/types\/product"}],"replies":[{"embeddable":true,"href":"https:\/\/phumaszyny.pl\/pl\/wp-json\/wp\/v2\/comments?post=4253"}],"version-history":[{"count":1,"href":"https:\/\/phumaszyny.pl\/pl\/wp-json\/wp\/v2\/product\/4253\/revisions"}],"predecessor-version":[{"id":4254,"href":"https:\/\/phumaszyny.pl\/pl\/wp-json\/wp\/v2\/product\/4253\/revisions\/4254"}],"wp:featuredmedia":[{"embeddable":true,"href":"https:\/\/phumaszyny.pl\/pl\/wp-json\/wp\/v2\/media\/4242"}],"wp:attachment":[{"href":"https:\/\/phumaszyny.pl\/pl\/wp-json\/wp\/v2\/media?parent=4253"}],"wp:term":[{"taxonomy":"product_brand","embeddable":true,"href":"https:\/\/phumaszyny.pl\/pl\/wp-json\/wp\/v2\/product_brand?post=4253"},{"taxonomy":"product_cat","embeddable":true,"href":"https:\/\/phumaszyny.pl\/pl\/wp-json\/wp\/v2\/product_cat?post=4253"},{"taxonomy":"product_tag","embeddable":true,"href":"https:\/\/phumaszyny.pl\/pl\/wp-json\/wp\/v2\/product_tag?post=4253"}],"curies":[{"name":"wp","href":"https:\/\/api.w.org\/{rel}","templated":true}]}}