{"id":4255,"date":"2026-05-05T08:05:28","date_gmt":"2026-05-05T06:05:28","guid":{"rendered":"https:\/\/phumaszyny.pl\/?post_type=product&#038;p=4255"},"modified":"2026-05-05T08:05:28","modified_gmt":"2026-05-05T06:05:28","slug":"tokarka-uniwersalna-tk500b-dlugosc-1500mm-przelot-wrzeciona-80mm-odczyty-wyposazenie","status":"publish","type":"product","link":"https:\/\/phumaszyny.pl\/pl\/produkt\/tokarka-uniwersalna-tk500b-dlugosc-1500mm-przelot-wrzeciona-80mm-odczyty-wyposazenie\/","title":{"rendered":"Tokarka uniwersalna TK500B d\u0142ugo\u015b\u0107 1500mm,  przelot wrzeciona 80mm, odczyty, wyposa\u017cenie"},"content":{"rendered":"<p>\ud83d\udd27 TK 500B (1500 mm) \u2013 dane techniczne<\/p>\n<p>\ud83e\uddf1 Parametry og\u00f3lne<\/p>\n<p>Maks. \u015brednica toczenia nad \u0142o\u017cem: 500 mm<\/p>\n<p>Maks. \u015brednica toczenia nad \u0142o\u017cem z wybraniem: 720 mm<\/p>\n<p>Dost\u0119pna szeroko\u015b\u0107 szczeliny (mostka): 210 mm<\/p>\n<p>Maks. d\u0142ugo\u015b\u0107 przedmiotu: 1500 mm<\/p>\n<p>Maks. d\u0142ugo\u015b\u0107 toczenia: 1400 mm<\/p>\n<p>Wysoko\u015b\u0107 od osi wrzeciona do \u0142o\u017ca: 250 mm<\/p>\n<p>Maks. \u015brednica toczenia nad saniami: 300 mm<\/p>\n<p>\u2699\ufe0f Wrzeciono<\/p>\n<p>Sto\u017cek wrzeciona: 1:20<\/p>\n<p>\u015arednica otworu wrzeciona: 80 mm<\/p>\n<p>Liczba pr\u0119dko\u015bci (prz\u00f3d): 24<\/p>\n<p>Zakres obrot\u00f3w:<\/p>\n<p>50 Hz: 10 \u2013 1400 obr\/min<\/p>\n<p>60 Hz: 12 \u2013 1680 obr\/min<\/p>\n<p>Liczba pr\u0119dko\u015bci (wstecz): 12<\/p>\n<p>Zakres obrot\u00f3w wstecz:<\/p>\n<p>50 Hz: 14 \u2013 1580 obr\/min<\/p>\n<p>60 Hz: 16.8 \u2013 1896 obr\/min<\/p>\n<p>\ud83d\udd04 Posuwy (automatyczne)<\/p>\n<p>Wzd\u0142u\u017cne:<\/p>\n<p>Normalny: 0.08 \u2013 1.6 mm\/obr<\/p>\n<p>Dok\u0142adny: 0.028 \u2013 0.72 mm\/obr<\/p>\n<p>Zgrubny: 1.76 \u2013 6.4 mm\/obr<\/p>\n<p>Poprzeczne:<\/p>\n<p>Normalny: 0.04 \u2013 0.8 mm\/obr<\/p>\n<p>Dok\u0142adny: 0.014 \u2013 0.05 mm\/obr<\/p>\n<p>Zgrubny: 0.88 \u2013 3.2 mm\/obr<\/p>\n<p>Szybkie posuwy:<\/p>\n<p>Wzd\u0142u\u017cny:<\/p>\n<p>50 Hz: 4 m\/min<\/p>\n<p>60 Hz: 4.8 m\/min<\/p>\n<p>Poprzeczny:<\/p>\n<p>50 Hz: 2 m\/min<\/p>\n<p>60 Hz: 2.4 m\/min<\/p>\n<p>\ud83d\udd29 Gwinty i zakresy<\/p>\n<p>Ilo\u015b\u0107 gwint\u00f3w metrycznych: 44<\/p>\n<p>Zakres gwint\u00f3w metrycznych: 1 \u2013 192 mm<\/p>\n<p>Ilo\u015b\u0107 modu\u0142\u00f3w calowych: 26<\/p>\n<p>Zakres modu\u0142\u00f3w calowych: 1\/2 \u2013 24 t.p.i.<\/p>\n<p>Ilo\u015b\u0107 modu\u0142\u00f3w metrycznych: 39<\/p>\n<p>Zakres modu\u0142\u00f3w metrycznych: 0.25 \u2013 48 mm<\/p>\n<p>Ilo\u015b\u0107 gwint\u00f3w rurowych: 38<\/p>\n<p>Zakres gwint\u00f3w rurowych: 1\/2 \u2013 96<\/p>\n<p>\ud83d\udee0\ufe0f Suport i narz\u0119dzia<\/p>\n<p>Maks. przesuw suportu poprzecznego: 320 mm<\/p>\n<p>Maks. przesuw sani g\u00f3rnych: 140 mm<\/p>\n<p>Maks. obr\u00f3t sanek g\u00f3rnych: \u00b190\u00b0<\/p>\n<p>Odleg\u0142o\u015b\u0107 pionowa (wrzeciono \u2013 narz\u0119dzie): 26 mm<\/p>\n<p>Przekr\u00f3j narz\u0119dzia: 25 \u00d7 25 mm<\/p>\n<p>\ud83d\udd27 Konik<\/p>\n<p>\u015arednica tulei konika: 75 mm<\/p>\n<p>Maks. wysuw tulei: 150 mm<\/p>\n<p>Sto\u017cek tulei: Morse No. 5<\/p>\n<p>\u2699\ufe0f \u015aruba poci\u0105gowa<\/p>\n<p>Skok \u015bruby: 12 mm<\/p>\n<p>\ud83d\udd0c Nap\u0119dy<\/p>\n<p>Silnik g\u0142\u00f3wny:<\/p>\n<p>Typ: Y132M-4 (lewy)<\/p>\n<p>Moc: 7.5 kW<\/p>\n<p>Pr\u0119dko\u015b\u0107:<\/p>\n<p>50 Hz: 1450 obr\/min<\/p>\n<p>60 Hz: 1740 obr\/min<\/p>\n<p>Pompa ch\u0142odzenia:<\/p>\n<p>Typ: AYB-25 TH<\/p>\n<p>Moc: 125 W<\/p>\n<p>Pr\u0119dko\u015b\u0107: 3000 obr\/min<\/p>\n<p>Silnik pompy smarowania:<\/p>\n<p>Typ: AO5624 TH<\/p>\n<p>Moc: 120 W<\/p>\n<p>Pr\u0119dko\u015b\u0107:<\/p>\n<p>50 Hz: 1360 obr\/min<\/p>\n<p>60 Hz: 1632 obr\/min<\/p>\n<p>Nap\u0119d szybkiego dosuwu:<\/p>\n<p>Moc: 250 W<\/p>\n<p>Pr\u0119dko\u015b\u0107:<\/p>\n<p>50 Hz: 1500 obr\/min<\/p>\n<p>60 Hz: 1800 obr\/min<\/p>\n<p>\ud83d\udd17 Pasy klinowe<\/p>\n<p>Przek\u0142adnia g\u0142\u00f3wna:<\/p>\n<p>Typy: B-2134 \/ B-2235 \/ B-2237<\/p>\n<p>Ilo\u015b\u0107: 4<\/p>\n<p>Pompa smarowania:<\/p>\n<p>Typ: 0\u20131000<\/p>\n<p>Ilo\u015b\u0107: 1<\/p>\n<p>\u2696\ufe0f Masa i gabaryty (dla 1500 mm)<\/p>\n<p>Masa netto: 2300 kg<\/p>\n<p>Wymiary (L \u00d7 W \u00d7 H):<\/p>\n<p>3168 \u00d7 1000 \u00d7 1267 mm<\/p>\n<p>3168 \u00d7 1037 \u00d7 1312 mm<\/p>\n<p>3168 \u00d7 1130 \u00d7 1367 mm<\/p>\n<p>\u2795 Dodatkowe<\/p>\n<p>Ilo\u015b\u0107 posuw\u00f3w (wzd\u0142u\u017cne\/poprzeczne): 64 \/ 64<\/p>\n<p>Maszyna pod\u0142\u0105czona jest w dobrym stanie technicznym, \u0142o\u017ce \u0142adne, odczyty cyfrowe, na wyposa\u017ceniu podtrzymki komplet, uchwyt za\u0142o\u017cony 250mm szcz\u0119ki lewe prawe, uchwyt3 niezale\u017cny \u015brednica 315mm nowy nie u\u017cywany uchwyt planszajba \u015brednica 630mm, kie\u0142 konika, tuleja redukcyjna do wrzeciona, dokumentacja.<\/p>","protected":false},"excerpt":{"rendered":"<p>\ud83d\udd27 TK 500B (1500 mm) \u2013 dane techniczne \ud83e\uddf1 Parametry og\u00f3lne Maks. \u015brednica toczenia nad \u0142o\u017cem: 500 mm Maks. \u015brednica toczenia nad \u0142o\u017cem z wybraniem: 720 mm Dost\u0119pna szeroko\u015b\u0107 szczeliny (mostka): 210 mm Maks. d\u0142ugo\u015b\u0107 przedmiotu: 1500 mm Maks. d\u0142ugo\u015b\u0107 toczenia: 1400 mm Wysoko\u015b\u0107 od osi wrzeciona do \u0142o\u017ca: 250 mm Maks. \u015brednica toczenia nad [&hellip;]<\/p>\n","protected":false},"featured_media":4256,"comment_status":"open","ping_status":"closed","template":"","meta":{"_acf_changed":false},"product_brand":[],"product_cat":[24],"product_tag":[],"class_list":{"0":"post-4255","1":"product","2":"type-product","3":"status-publish","4":"has-post-thumbnail","6":"product_cat-tokarki","8":"first","9":"instock","10":"taxable","11":"shipping-taxable","12":"product-type-simple"},"acf":[],"yoast_head":"<!-- This site is optimized with the Yoast SEO plugin v27.3 - https:\/\/yoast.com\/product\/yoast-seo-wordpress\/ -->\n<title>Tokarka uniwersalna TK500B d\u0142ugo\u015b\u0107 1500mm, przelot wrzeciona 80mm, odczyty, wyposa\u017cenie - PHU Maszyny<\/title>\n<meta name=\"robots\" content=\"index, follow\" \/>\n<link rel=\"canonical\" href=\"https:\/\/phumaszyny.pl\/pl\/produkt\/tokarka-uniwersalna-tk500b-dlugosc-1500mm-przelot-wrzeciona-80mm-odczyty-wyposazenie\/\" \/>\n<meta property=\"og:locale\" content=\"pl_PL\" \/>\n<meta property=\"og:type\" content=\"article\" \/>\n<meta property=\"og:title\" content=\"Tokarka uniwersalna TK500B d\u0142ugo\u015b\u0107 1500mm, przelot wrzeciona 80mm, odczyty, wyposa\u017cenie - PHU Maszyny\" \/>\n<meta property=\"og:description\" content=\"\ud83d\udd27 TK 500B (1500 mm) \u2013 dane techniczne \ud83e\uddf1 Parametry og\u00f3lne Maks. \u015brednica toczenia nad \u0142o\u017cem: 500 mm Maks. \u015brednica toczenia nad \u0142o\u017cem z wybraniem: 720 mm Dost\u0119pna szeroko\u015b\u0107 szczeliny (mostka): 210 mm Maks. d\u0142ugo\u015b\u0107 przedmiotu: 1500 mm Maks. d\u0142ugo\u015b\u0107 toczenia: 1400 mm Wysoko\u015b\u0107 od osi wrzeciona do \u0142o\u017ca: 250 mm Maks. \u015brednica toczenia nad [&hellip;]\" \/>\n<meta property=\"og:url\" content=\"https:\/\/phumaszyny.pl\/pl\/produkt\/tokarka-uniwersalna-tk500b-dlugosc-1500mm-przelot-wrzeciona-80mm-odczyty-wyposazenie\/\" \/>\n<meta property=\"og:site_name\" content=\"PHU Maszyny\" \/>\n<meta property=\"og:image\" content=\"https:\/\/phumaszyny.pl\/wp-content\/uploads\/2026\/05\/20260430_131815-scaled.jpg\" \/>\n\t<meta property=\"og:image:width\" content=\"2560\" \/>\n\t<meta property=\"og:image:height\" content=\"1441\" \/>\n\t<meta property=\"og:image:type\" content=\"image\/jpeg\" \/>\n<meta name=\"twitter:card\" content=\"summary_large_image\" \/>\n<meta name=\"twitter:label1\" content=\"Szacowany czas czytania\" \/>\n\t<meta name=\"twitter:data1\" content=\"2 minuty\" \/>\n<script type=\"application\/ld+json\" class=\"yoast-schema-graph\">{\"@context\":\"https:\\\/\\\/schema.org\",\"@graph\":[{\"@type\":\"WebPage\",\"@id\":\"https:\\\/\\\/phumaszyny.pl\\\/produkt\\\/tokarka-uniwersalna-tk500b-dlugosc-1500mm-przelot-wrzeciona-80mm-odczyty-wyposazenie\\\/\",\"url\":\"https:\\\/\\\/phumaszyny.pl\\\/produkt\\\/tokarka-uniwersalna-tk500b-dlugosc-1500mm-przelot-wrzeciona-80mm-odczyty-wyposazenie\\\/\",\"name\":\"Tokarka uniwersalna TK500B d\u0142ugo\u015b\u0107 1500mm, przelot wrzeciona 80mm, odczyty, wyposa\u017cenie - PHU Maszyny\",\"isPartOf\":{\"@id\":\"https:\\\/\\\/phumaszyny.pl\\\/en\\\/#website\"},\"primaryImageOfPage\":{\"@id\":\"https:\\\/\\\/phumaszyny.pl\\\/produkt\\\/tokarka-uniwersalna-tk500b-dlugosc-1500mm-przelot-wrzeciona-80mm-odczyty-wyposazenie\\\/#primaryimage\"},\"image\":{\"@id\":\"https:\\\/\\\/phumaszyny.pl\\\/produkt\\\/tokarka-uniwersalna-tk500b-dlugosc-1500mm-przelot-wrzeciona-80mm-odczyty-wyposazenie\\\/#primaryimage\"},\"thumbnailUrl\":\"https:\\\/\\\/phumaszyny.pl\\\/wp-content\\\/uploads\\\/2026\\\/05\\\/20260430_131815-scaled.jpg\",\"datePublished\":\"2026-05-05T06:05:28+00:00\",\"breadcrumb\":{\"@id\":\"https:\\\/\\\/phumaszyny.pl\\\/produkt\\\/tokarka-uniwersalna-tk500b-dlugosc-1500mm-przelot-wrzeciona-80mm-odczyty-wyposazenie\\\/#breadcrumb\"},\"inLanguage\":\"pl-PL\",\"potentialAction\":[{\"@type\":\"ReadAction\",\"target\":[\"https:\\\/\\\/phumaszyny.pl\\\/produkt\\\/tokarka-uniwersalna-tk500b-dlugosc-1500mm-przelot-wrzeciona-80mm-odczyty-wyposazenie\\\/\"]}]},{\"@type\":\"ImageObject\",\"inLanguage\":\"pl-PL\",\"@id\":\"https:\\\/\\\/phumaszyny.pl\\\/produkt\\\/tokarka-uniwersalna-tk500b-dlugosc-1500mm-przelot-wrzeciona-80mm-odczyty-wyposazenie\\\/#primaryimage\",\"url\":\"https:\\\/\\\/phumaszyny.pl\\\/wp-content\\\/uploads\\\/2026\\\/05\\\/20260430_131815-scaled.jpg\",\"contentUrl\":\"https:\\\/\\\/phumaszyny.pl\\\/wp-content\\\/uploads\\\/2026\\\/05\\\/20260430_131815-scaled.jpg\",\"width\":2560,\"height\":1441},{\"@type\":\"BreadcrumbList\",\"@id\":\"https:\\\/\\\/phumaszyny.pl\\\/produkt\\\/tokarka-uniwersalna-tk500b-dlugosc-1500mm-przelot-wrzeciona-80mm-odczyty-wyposazenie\\\/#breadcrumb\",\"itemListElement\":[{\"@type\":\"ListItem\",\"position\":1,\"name\":\"Strona g\u0142\u00f3wna\",\"item\":\"https:\\\/\\\/phumaszyny.pl\\\/\"},{\"@type\":\"ListItem\",\"position\":2,\"name\":\"Sklep\",\"item\":\"https:\\\/\\\/phumaszyny.pl\\\/?page_id=120\"},{\"@type\":\"ListItem\",\"position\":3,\"name\":\"Tokarka uniwersalna TK500B d\u0142ugo\u015b\u0107 1500mm, przelot wrzeciona 80mm, odczyty, wyposa\u017cenie\"}]},{\"@type\":\"WebSite\",\"@id\":\"https:\\\/\\\/phumaszyny.pl\\\/en\\\/#website\",\"url\":\"https:\\\/\\\/phumaszyny.pl\\\/en\\\/\",\"name\":\"PHU Maszyny\",\"description\":\"\",\"publisher\":{\"@id\":\"https:\\\/\\\/phumaszyny.pl\\\/en\\\/#\\\/schema\\\/person\\\/89b417042d67c2234d44e13e641d3dde\"},\"potentialAction\":[{\"@type\":\"SearchAction\",\"target\":{\"@type\":\"EntryPoint\",\"urlTemplate\":\"https:\\\/\\\/phumaszyny.pl\\\/en\\\/?s={search_term_string}\"},\"query-input\":{\"@type\":\"PropertyValueSpecification\",\"valueRequired\":true,\"valueName\":\"search_term_string\"}}],\"inLanguage\":\"pl-PL\"},{\"@type\":[\"Person\",\"Organization\"],\"@id\":\"https:\\\/\\\/phumaszyny.pl\\\/en\\\/#\\\/schema\\\/person\\\/89b417042d67c2234d44e13e641d3dde\",\"name\":\"phumaszyny\",\"image\":{\"@type\":\"ImageObject\",\"inLanguage\":\"pl-PL\",\"@id\":\"https:\\\/\\\/phumaszyny.pl\\\/wp-content\\\/uploads\\\/elementor\\\/screenshots\\\/Elementor-post-screenshot_313_2023-03-17-11-00-27_605626bb.png\",\"url\":\"https:\\\/\\\/phumaszyny.pl\\\/wp-content\\\/uploads\\\/elementor\\\/screenshots\\\/Elementor-post-screenshot_313_2023-03-17-11-00-27_605626bb.png\",\"contentUrl\":\"https:\\\/\\\/phumaszyny.pl\\\/wp-content\\\/uploads\\\/elementor\\\/screenshots\\\/Elementor-post-screenshot_313_2023-03-17-11-00-27_605626bb.png\",\"width\":1200,\"height\":323,\"caption\":\"phumaszyny\"},\"logo\":{\"@id\":\"https:\\\/\\\/phumaszyny.pl\\\/wp-content\\\/uploads\\\/elementor\\\/screenshots\\\/Elementor-post-screenshot_313_2023-03-17-11-00-27_605626bb.png\"},\"sameAs\":[\"http:\\\/\\\/www.phumaszyny.pl\"]}]}<\/script>\n<!-- \/ Yoast SEO plugin. -->","yoast_head_json":{"title":"Tokarka uniwersalna TK500B d\u0142ugo\u015b\u0107 1500mm, przelot wrzeciona 80mm, odczyty, wyposa\u017cenie - PHU Maszyny","robots":{"index":"index","follow":"follow"},"canonical":"https:\/\/phumaszyny.pl\/pl\/produkt\/tokarka-uniwersalna-tk500b-dlugosc-1500mm-przelot-wrzeciona-80mm-odczyty-wyposazenie\/","og_locale":"pl_PL","og_type":"article","og_title":"Tokarka uniwersalna TK500B d\u0142ugo\u015b\u0107 1500mm, przelot wrzeciona 80mm, odczyty, wyposa\u017cenie - PHU Maszyny","og_description":"\ud83d\udd27 TK 500B (1500 mm) \u2013 dane techniczne \ud83e\uddf1 Parametry og\u00f3lne Maks. \u015brednica toczenia nad \u0142o\u017cem: 500 mm Maks. \u015brednica toczenia nad \u0142o\u017cem z wybraniem: 720 mm Dost\u0119pna szeroko\u015b\u0107 szczeliny (mostka): 210 mm Maks. d\u0142ugo\u015b\u0107 przedmiotu: 1500 mm Maks. d\u0142ugo\u015b\u0107 toczenia: 1400 mm Wysoko\u015b\u0107 od osi wrzeciona do \u0142o\u017ca: 250 mm Maks. \u015brednica toczenia nad [&hellip;]","og_url":"https:\/\/phumaszyny.pl\/pl\/produkt\/tokarka-uniwersalna-tk500b-dlugosc-1500mm-przelot-wrzeciona-80mm-odczyty-wyposazenie\/","og_site_name":"PHU Maszyny","og_image":[{"width":2560,"height":1441,"url":"https:\/\/phumaszyny.pl\/wp-content\/uploads\/2026\/05\/20260430_131815-scaled.jpg","type":"image\/jpeg"}],"twitter_card":"summary_large_image","twitter_misc":{"Szacowany czas czytania":"2 minuty"},"schema":{"@context":"https:\/\/schema.org","@graph":[{"@type":"WebPage","@id":"https:\/\/phumaszyny.pl\/produkt\/tokarka-uniwersalna-tk500b-dlugosc-1500mm-przelot-wrzeciona-80mm-odczyty-wyposazenie\/","url":"https:\/\/phumaszyny.pl\/produkt\/tokarka-uniwersalna-tk500b-dlugosc-1500mm-przelot-wrzeciona-80mm-odczyty-wyposazenie\/","name":"Tokarka uniwersalna TK500B d\u0142ugo\u015b\u0107 1500mm, przelot wrzeciona 80mm, odczyty, wyposa\u017cenie - PHU Maszyny","isPartOf":{"@id":"https:\/\/phumaszyny.pl\/en\/#website"},"primaryImageOfPage":{"@id":"https:\/\/phumaszyny.pl\/produkt\/tokarka-uniwersalna-tk500b-dlugosc-1500mm-przelot-wrzeciona-80mm-odczyty-wyposazenie\/#primaryimage"},"image":{"@id":"https:\/\/phumaszyny.pl\/produkt\/tokarka-uniwersalna-tk500b-dlugosc-1500mm-przelot-wrzeciona-80mm-odczyty-wyposazenie\/#primaryimage"},"thumbnailUrl":"https:\/\/phumaszyny.pl\/wp-content\/uploads\/2026\/05\/20260430_131815-scaled.jpg","datePublished":"2026-05-05T06:05:28+00:00","breadcrumb":{"@id":"https:\/\/phumaszyny.pl\/produkt\/tokarka-uniwersalna-tk500b-dlugosc-1500mm-przelot-wrzeciona-80mm-odczyty-wyposazenie\/#breadcrumb"},"inLanguage":"pl-PL","potentialAction":[{"@type":"ReadAction","target":["https:\/\/phumaszyny.pl\/produkt\/tokarka-uniwersalna-tk500b-dlugosc-1500mm-przelot-wrzeciona-80mm-odczyty-wyposazenie\/"]}]},{"@type":"ImageObject","inLanguage":"pl-PL","@id":"https:\/\/phumaszyny.pl\/produkt\/tokarka-uniwersalna-tk500b-dlugosc-1500mm-przelot-wrzeciona-80mm-odczyty-wyposazenie\/#primaryimage","url":"https:\/\/phumaszyny.pl\/wp-content\/uploads\/2026\/05\/20260430_131815-scaled.jpg","contentUrl":"https:\/\/phumaszyny.pl\/wp-content\/uploads\/2026\/05\/20260430_131815-scaled.jpg","width":2560,"height":1441},{"@type":"BreadcrumbList","@id":"https:\/\/phumaszyny.pl\/produkt\/tokarka-uniwersalna-tk500b-dlugosc-1500mm-przelot-wrzeciona-80mm-odczyty-wyposazenie\/#breadcrumb","itemListElement":[{"@type":"ListItem","position":1,"name":"Strona g\u0142\u00f3wna","item":"https:\/\/phumaszyny.pl\/"},{"@type":"ListItem","position":2,"name":"Sklep","item":"https:\/\/phumaszyny.pl\/?page_id=120"},{"@type":"ListItem","position":3,"name":"Tokarka uniwersalna TK500B d\u0142ugo\u015b\u0107 1500mm, przelot wrzeciona 80mm, odczyty, wyposa\u017cenie"}]},{"@type":"WebSite","@id":"https:\/\/phumaszyny.pl\/en\/#website","url":"https:\/\/phumaszyny.pl\/en\/","name":"PHU Maszyny","description":"","publisher":{"@id":"https:\/\/phumaszyny.pl\/en\/#\/schema\/person\/89b417042d67c2234d44e13e641d3dde"},"potentialAction":[{"@type":"SearchAction","target":{"@type":"EntryPoint","urlTemplate":"https:\/\/phumaszyny.pl\/en\/?s={search_term_string}"},"query-input":{"@type":"PropertyValueSpecification","valueRequired":true,"valueName":"search_term_string"}}],"inLanguage":"pl-PL"},{"@type":["Person","Organization"],"@id":"https:\/\/phumaszyny.pl\/en\/#\/schema\/person\/89b417042d67c2234d44e13e641d3dde","name":"phumaszyny","image":{"@type":"ImageObject","inLanguage":"pl-PL","@id":"https:\/\/phumaszyny.pl\/wp-content\/uploads\/elementor\/screenshots\/Elementor-post-screenshot_313_2023-03-17-11-00-27_605626bb.png","url":"https:\/\/phumaszyny.pl\/wp-content\/uploads\/elementor\/screenshots\/Elementor-post-screenshot_313_2023-03-17-11-00-27_605626bb.png","contentUrl":"https:\/\/phumaszyny.pl\/wp-content\/uploads\/elementor\/screenshots\/Elementor-post-screenshot_313_2023-03-17-11-00-27_605626bb.png","width":1200,"height":323,"caption":"phumaszyny"},"logo":{"@id":"https:\/\/phumaszyny.pl\/wp-content\/uploads\/elementor\/screenshots\/Elementor-post-screenshot_313_2023-03-17-11-00-27_605626bb.png"},"sameAs":["http:\/\/www.phumaszyny.pl"]}]}},"_links":{"self":[{"href":"https:\/\/phumaszyny.pl\/pl\/wp-json\/wp\/v2\/product\/4255","targetHints":{"allow":["GET"]}}],"collection":[{"href":"https:\/\/phumaszyny.pl\/pl\/wp-json\/wp\/v2\/product"}],"about":[{"href":"https:\/\/phumaszyny.pl\/pl\/wp-json\/wp\/v2\/types\/product"}],"replies":[{"embeddable":true,"href":"https:\/\/phumaszyny.pl\/pl\/wp-json\/wp\/v2\/comments?post=4255"}],"version-history":[{"count":1,"href":"https:\/\/phumaszyny.pl\/pl\/wp-json\/wp\/v2\/product\/4255\/revisions"}],"predecessor-version":[{"id":4274,"href":"https:\/\/phumaszyny.pl\/pl\/wp-json\/wp\/v2\/product\/4255\/revisions\/4274"}],"wp:featuredmedia":[{"embeddable":true,"href":"https:\/\/phumaszyny.pl\/pl\/wp-json\/wp\/v2\/media\/4256"}],"wp:attachment":[{"href":"https:\/\/phumaszyny.pl\/pl\/wp-json\/wp\/v2\/media?parent=4255"}],"wp:term":[{"taxonomy":"product_brand","embeddable":true,"href":"https:\/\/phumaszyny.pl\/pl\/wp-json\/wp\/v2\/product_brand?post=4255"},{"taxonomy":"product_cat","embeddable":true,"href":"https:\/\/phumaszyny.pl\/pl\/wp-json\/wp\/v2\/product_cat?post=4255"},{"taxonomy":"product_tag","embeddable":true,"href":"https:\/\/phumaszyny.pl\/pl\/wp-json\/wp\/v2\/product_tag?post=4255"}],"curies":[{"name":"wp","href":"https:\/\/api.w.org\/{rel}","templated":true}]}}