{"id":663,"date":"2023-03-19T16:57:27","date_gmt":"2023-03-19T15:57:27","guid":{"rendered":"https:\/\/phumaszyny.pl\/?post_type=product&#038;p=663"},"modified":"2024-11-24T18:28:10","modified_gmt":"2024-11-24T17:28:10","slug":"frezarka-pionowa-tos-fcv-50-x2000xy630mm","status":"publish","type":"product","link":"https:\/\/phumaszyny.pl\/pl\/produkt\/frezarka-pionowa-tos-fcv-50-x2000xy630mm\/","title":{"rendered":"Frezarka Pionowa TOS FCV 50 X2000xY630mm Sprzedana!!!"},"content":{"rendered":"<p>Frezarka \u0142o\u017cowa TOS FCV 50<\/p>\n<p>Producent TOS<\/p>\n<p>Rok produkcji 1976<\/p>\n<p>Dane techniczne:<\/p>\n<ul>\n<li><b>D\u0142ugo\u015b\u0107 sto\u0142u roboczego:<\/b>\u00a02000\u00a0mm<\/li>\n<li><b>Szeroko\u015b\u0107 sto\u0142u roboczego:<\/b>\u00a0550\u00a0mm<\/li>\n<li><b>Maksymalne obci\u0105\u017cenie sto\u0142u (r\u00f3wnomierne):<\/b>\u00a0850\u00a0kg<\/li>\n<li><b>Moc nap\u0119du wrzeciona:<\/b>\u00a014\u00a0kW<\/li>\n<li><b>Liczba szybko\u015bci obrotowych wrzeciona pionowego:<\/b>\u00a012\u00a0szt<\/li>\n<li><b>Minimalna szybko\u015b\u0107 obrotowa wrzeciona pionowego:<\/b>\u00a045\u00a01\/min<\/li>\n<li><b>Maksymalna szybko\u015b\u0107 obrotowa wrzeciona pionowego:<\/b>\u00a01400\u00a01\/min<\/li>\n<li><b>Minimalna odleg\u0142o\u015b\u0107 wrzeciona od sto\u0142u:<\/b>\u00a045\u00a0mm<\/li>\n<li><b>Maksymalna odleg\u0142o\u015b\u0107 wrzeciona od sto\u0142u:<\/b>\u00a0640\u00a0mm<\/li>\n<li><b>Wysi\u0119g (odleg\u0142o\u015b\u0107 osi wrzeciona od korpusu):<\/b>\u00a080\u00a0mm<\/li>\n<li><b>D\u0142ugo\u015b\u0107 przesuwu w osi X (posuw mechaniczny):<\/b>\u00a01250\u00a0mm<\/li>\n<li><b>D\u0142ugo\u015b\u0107 przesuwu w osi Y (posuw mechaniczny):<\/b>\u00a0620\u00a0mm<\/li>\n<li><b>D\u0142ugo\u015b\u0107 przesuwu w osi Z (posuw mechaniczny):<\/b>\u00a0580\u00a0mm<\/li>\n<li><b>Maksymalna szybko\u015b\u0107 posuwy w osi X:<\/b>\u00a02000\u00a0mm\/s<\/li>\n<li><b>Maksymalna szybko\u015b\u0107 posuwy w osi Y:<\/b>\u00a0500\u00a0mm\/s<\/li>\n<li><b>Maksymalna szybko\u015b\u0107 posuwy w osi Z:<\/b>\u00a0500\u00a0mm\/s<\/li>\n<li><b>Ca\u0142kowite zapotrzebowanie na moc:<\/b>\u00a020 kW<\/li>\n<li><b>Liczba rowk\u00f3w T-owych w stole:<\/b>\u00a08\u00a0szt<\/li>\n<li><b>Wysoko\u015b\u0107 maszyny:<\/b>\u00a02400\u00a0mm<\/li>\n<li><b>D\u0142ugo\u015b\u0107 maszyny:<\/b>\u00a02980\u00a0mm<\/li>\n<li><b>Szeroko\u015b\u0107 maszyny:<\/b>\u00a02225\u00a0mm<\/li>\n<li><b>Waga maszyny:<\/b>\u00a06000kg<\/li>\n<\/ul>\n<p>Maszyna w dobrym stanie technicznym, zaci\u0105ganie narz\u0119dzia automatyczne,obroty wrzeciona z guzika, regulacja posuwu p\u0142ynna.<\/p>","protected":false},"excerpt":{"rendered":"<p>Frezarka \u0142o\u017cowa TOS FCV 50 Producent TOS Rok produkcji 1976 Dane techniczne: D\u0142ugo\u015b\u0107 sto\u0142u roboczego:\u00a02000\u00a0mm Szeroko\u015b\u0107 sto\u0142u roboczego:\u00a0550\u00a0mm Maksymalne obci\u0105\u017cenie sto\u0142u (r\u00f3wnomierne):\u00a0850\u00a0kg Moc nap\u0119du wrzeciona:\u00a014\u00a0kW Liczba szybko\u015bci obrotowych wrzeciona pionowego:\u00a012\u00a0szt Minimalna szybko\u015b\u0107 obrotowa wrzeciona pionowego:\u00a045\u00a01\/min Maksymalna szybko\u015b\u0107 obrotowa wrzeciona pionowego:\u00a01400\u00a01\/min Minimalna odleg\u0142o\u015b\u0107 wrzeciona od sto\u0142u:\u00a045\u00a0mm Maksymalna odleg\u0142o\u015b\u0107 wrzeciona od sto\u0142u:\u00a0640\u00a0mm Wysi\u0119g (odleg\u0142o\u015b\u0107 osi wrzeciona od [&hellip;]<\/p>\n","protected":false},"featured_media":1683,"comment_status":"open","ping_status":"closed","template":"","meta":{"_acf_changed":false},"product_brand":[],"product_cat":[27],"product_tag":[88,80,89,78],"class_list":{"0":"post-663","1":"product","2":"type-product","3":"status-publish","4":"has-post-thumbnail","6":"product_cat-frezarki","7":"product_tag-fc63v","8":"product_tag-frezarka","9":"product_tag-lozowa","10":"product_tag-tos","12":"first","13":"onbackorder","14":"taxable","15":"shipping-taxable","16":"purchasable","17":"product-type-simple"},"acf":[],"yoast_head":"<!-- This site is optimized with the Yoast SEO plugin v27.3 - https:\/\/yoast.com\/product\/yoast-seo-wordpress\/ -->\n<title>Frezarka Pionowa TOS FCV 50 X2000xY630mm Sprzedana!!! - PHU Maszyny<\/title>\n<meta name=\"robots\" content=\"index, follow\" \/>\n<link rel=\"canonical\" href=\"https:\/\/phumaszyny.pl\/pl\/produkt\/frezarka-pionowa-tos-fcv-50-x2000xy630mm\/\" \/>\n<meta property=\"og:locale\" content=\"pl_PL\" \/>\n<meta property=\"og:type\" content=\"article\" \/>\n<meta property=\"og:title\" content=\"Frezarka Pionowa TOS FCV 50 X2000xY630mm Sprzedana!!! - PHU Maszyny\" \/>\n<meta property=\"og:description\" content=\"Frezarka \u0142o\u017cowa TOS FCV 50 Producent TOS Rok produkcji 1976 Dane techniczne: D\u0142ugo\u015b\u0107 sto\u0142u roboczego:\u00a02000\u00a0mm Szeroko\u015b\u0107 sto\u0142u roboczego:\u00a0550\u00a0mm Maksymalne obci\u0105\u017cenie sto\u0142u (r\u00f3wnomierne):\u00a0850\u00a0kg Moc nap\u0119du wrzeciona:\u00a014\u00a0kW Liczba szybko\u015bci obrotowych wrzeciona pionowego:\u00a012\u00a0szt Minimalna szybko\u015b\u0107 obrotowa wrzeciona pionowego:\u00a045\u00a01\/min Maksymalna szybko\u015b\u0107 obrotowa wrzeciona pionowego:\u00a01400\u00a01\/min Minimalna odleg\u0142o\u015b\u0107 wrzeciona od sto\u0142u:\u00a045\u00a0mm Maksymalna odleg\u0142o\u015b\u0107 wrzeciona od sto\u0142u:\u00a0640\u00a0mm Wysi\u0119g (odleg\u0142o\u015b\u0107 osi wrzeciona od [&hellip;]\" \/>\n<meta property=\"og:url\" content=\"https:\/\/phumaszyny.pl\/pl\/produkt\/frezarka-pionowa-tos-fcv-50-x2000xy630mm\/\" \/>\n<meta property=\"og:site_name\" content=\"PHU Maszyny\" \/>\n<meta property=\"article:modified_time\" content=\"2024-11-24T17:28:10+00:00\" \/>\n<meta property=\"og:image\" content=\"https:\/\/phumaszyny.pl\/wp-content\/uploads\/2023\/03\/IMG_20230630_120339-scaled.jpg\" \/>\n\t<meta property=\"og:image:width\" content=\"1728\" \/>\n\t<meta property=\"og:image:height\" content=\"2560\" \/>\n\t<meta property=\"og:image:type\" content=\"image\/jpeg\" \/>\n<meta name=\"twitter:card\" content=\"summary_large_image\" \/>\n<meta name=\"twitter:label1\" content=\"Szacowany czas czytania\" \/>\n\t<meta name=\"twitter:data1\" content=\"2 minuty\" \/>\n<script type=\"application\/ld+json\" class=\"yoast-schema-graph\">{\"@context\":\"https:\\\/\\\/schema.org\",\"@graph\":[{\"@type\":\"WebPage\",\"@id\":\"https:\\\/\\\/phumaszyny.pl\\\/produkt\\\/frezarka-pionowa-tos-fcv-50-x2000xy630mm\\\/\",\"url\":\"https:\\\/\\\/phumaszyny.pl\\\/produkt\\\/frezarka-pionowa-tos-fcv-50-x2000xy630mm\\\/\",\"name\":\"Frezarka Pionowa TOS FCV 50 X2000xY630mm Sprzedana!!! - PHU Maszyny\",\"isPartOf\":{\"@id\":\"https:\\\/\\\/phumaszyny.pl\\\/en\\\/#website\"},\"primaryImageOfPage\":{\"@id\":\"https:\\\/\\\/phumaszyny.pl\\\/produkt\\\/frezarka-pionowa-tos-fcv-50-x2000xy630mm\\\/#primaryimage\"},\"image\":{\"@id\":\"https:\\\/\\\/phumaszyny.pl\\\/produkt\\\/frezarka-pionowa-tos-fcv-50-x2000xy630mm\\\/#primaryimage\"},\"thumbnailUrl\":\"https:\\\/\\\/phumaszyny.pl\\\/wp-content\\\/uploads\\\/2023\\\/03\\\/IMG_20230630_120339-scaled.jpg\",\"datePublished\":\"2023-03-19T15:57:27+00:00\",\"dateModified\":\"2024-11-24T17:28:10+00:00\",\"breadcrumb\":{\"@id\":\"https:\\\/\\\/phumaszyny.pl\\\/produkt\\\/frezarka-pionowa-tos-fcv-50-x2000xy630mm\\\/#breadcrumb\"},\"inLanguage\":\"pl-PL\",\"potentialAction\":[{\"@type\":\"ReadAction\",\"target\":[\"https:\\\/\\\/phumaszyny.pl\\\/produkt\\\/frezarka-pionowa-tos-fcv-50-x2000xy630mm\\\/\"]}]},{\"@type\":\"ImageObject\",\"inLanguage\":\"pl-PL\",\"@id\":\"https:\\\/\\\/phumaszyny.pl\\\/produkt\\\/frezarka-pionowa-tos-fcv-50-x2000xy630mm\\\/#primaryimage\",\"url\":\"https:\\\/\\\/phumaszyny.pl\\\/wp-content\\\/uploads\\\/2023\\\/03\\\/IMG_20230630_120339-scaled.jpg\",\"contentUrl\":\"https:\\\/\\\/phumaszyny.pl\\\/wp-content\\\/uploads\\\/2023\\\/03\\\/IMG_20230630_120339-scaled.jpg\",\"width\":1728,\"height\":2560},{\"@type\":\"BreadcrumbList\",\"@id\":\"https:\\\/\\\/phumaszyny.pl\\\/produkt\\\/frezarka-pionowa-tos-fcv-50-x2000xy630mm\\\/#breadcrumb\",\"itemListElement\":[{\"@type\":\"ListItem\",\"position\":1,\"name\":\"Strona g\u0142\u00f3wna\",\"item\":\"https:\\\/\\\/phumaszyny.pl\\\/\"},{\"@type\":\"ListItem\",\"position\":2,\"name\":\"Sklep\",\"item\":\"https:\\\/\\\/phumaszyny.pl\\\/?page_id=120\"},{\"@type\":\"ListItem\",\"position\":3,\"name\":\"Frezarka Pionowa TOS FCV 50 X2000xY630mm Sprzedana!!!\"}]},{\"@type\":\"WebSite\",\"@id\":\"https:\\\/\\\/phumaszyny.pl\\\/en\\\/#website\",\"url\":\"https:\\\/\\\/phumaszyny.pl\\\/en\\\/\",\"name\":\"PHU Maszyny\",\"description\":\"\",\"publisher\":{\"@id\":\"https:\\\/\\\/phumaszyny.pl\\\/en\\\/#\\\/schema\\\/person\\\/89b417042d67c2234d44e13e641d3dde\"},\"potentialAction\":[{\"@type\":\"SearchAction\",\"target\":{\"@type\":\"EntryPoint\",\"urlTemplate\":\"https:\\\/\\\/phumaszyny.pl\\\/en\\\/?s={search_term_string}\"},\"query-input\":{\"@type\":\"PropertyValueSpecification\",\"valueRequired\":true,\"valueName\":\"search_term_string\"}}],\"inLanguage\":\"pl-PL\"},{\"@type\":[\"Person\",\"Organization\"],\"@id\":\"https:\\\/\\\/phumaszyny.pl\\\/en\\\/#\\\/schema\\\/person\\\/89b417042d67c2234d44e13e641d3dde\",\"name\":\"phumaszyny\",\"image\":{\"@type\":\"ImageObject\",\"inLanguage\":\"pl-PL\",\"@id\":\"https:\\\/\\\/phumaszyny.pl\\\/wp-content\\\/uploads\\\/elementor\\\/screenshots\\\/Elementor-post-screenshot_313_2023-03-17-11-00-27_605626bb.png\",\"url\":\"https:\\\/\\\/phumaszyny.pl\\\/wp-content\\\/uploads\\\/elementor\\\/screenshots\\\/Elementor-post-screenshot_313_2023-03-17-11-00-27_605626bb.png\",\"contentUrl\":\"https:\\\/\\\/phumaszyny.pl\\\/wp-content\\\/uploads\\\/elementor\\\/screenshots\\\/Elementor-post-screenshot_313_2023-03-17-11-00-27_605626bb.png\",\"width\":1200,\"height\":323,\"caption\":\"phumaszyny\"},\"logo\":{\"@id\":\"https:\\\/\\\/phumaszyny.pl\\\/wp-content\\\/uploads\\\/elementor\\\/screenshots\\\/Elementor-post-screenshot_313_2023-03-17-11-00-27_605626bb.png\"},\"sameAs\":[\"http:\\\/\\\/www.phumaszyny.pl\"]}]}<\/script>\n<!-- \/ Yoast SEO plugin. -->","yoast_head_json":{"title":"Frezarka Pionowa TOS FCV 50 X2000xY630mm Sprzedana!!! - PHU Maszyny","robots":{"index":"index","follow":"follow"},"canonical":"https:\/\/phumaszyny.pl\/pl\/produkt\/frezarka-pionowa-tos-fcv-50-x2000xy630mm\/","og_locale":"pl_PL","og_type":"article","og_title":"Frezarka Pionowa TOS FCV 50 X2000xY630mm Sprzedana!!! - PHU Maszyny","og_description":"Frezarka \u0142o\u017cowa TOS FCV 50 Producent TOS Rok produkcji 1976 Dane techniczne: D\u0142ugo\u015b\u0107 sto\u0142u roboczego:\u00a02000\u00a0mm Szeroko\u015b\u0107 sto\u0142u roboczego:\u00a0550\u00a0mm Maksymalne obci\u0105\u017cenie sto\u0142u (r\u00f3wnomierne):\u00a0850\u00a0kg Moc nap\u0119du wrzeciona:\u00a014\u00a0kW Liczba szybko\u015bci obrotowych wrzeciona pionowego:\u00a012\u00a0szt Minimalna szybko\u015b\u0107 obrotowa wrzeciona pionowego:\u00a045\u00a01\/min Maksymalna szybko\u015b\u0107 obrotowa wrzeciona pionowego:\u00a01400\u00a01\/min Minimalna odleg\u0142o\u015b\u0107 wrzeciona od sto\u0142u:\u00a045\u00a0mm Maksymalna odleg\u0142o\u015b\u0107 wrzeciona od sto\u0142u:\u00a0640\u00a0mm Wysi\u0119g (odleg\u0142o\u015b\u0107 osi wrzeciona od [&hellip;]","og_url":"https:\/\/phumaszyny.pl\/pl\/produkt\/frezarka-pionowa-tos-fcv-50-x2000xy630mm\/","og_site_name":"PHU Maszyny","article_modified_time":"2024-11-24T17:28:10+00:00","og_image":[{"width":1728,"height":2560,"url":"https:\/\/phumaszyny.pl\/wp-content\/uploads\/2023\/03\/IMG_20230630_120339-scaled.jpg","type":"image\/jpeg"}],"twitter_card":"summary_large_image","twitter_misc":{"Szacowany czas czytania":"2 minuty"},"schema":{"@context":"https:\/\/schema.org","@graph":[{"@type":"WebPage","@id":"https:\/\/phumaszyny.pl\/produkt\/frezarka-pionowa-tos-fcv-50-x2000xy630mm\/","url":"https:\/\/phumaszyny.pl\/produkt\/frezarka-pionowa-tos-fcv-50-x2000xy630mm\/","name":"Frezarka Pionowa TOS FCV 50 X2000xY630mm Sprzedana!!! - PHU Maszyny","isPartOf":{"@id":"https:\/\/phumaszyny.pl\/en\/#website"},"primaryImageOfPage":{"@id":"https:\/\/phumaszyny.pl\/produkt\/frezarka-pionowa-tos-fcv-50-x2000xy630mm\/#primaryimage"},"image":{"@id":"https:\/\/phumaszyny.pl\/produkt\/frezarka-pionowa-tos-fcv-50-x2000xy630mm\/#primaryimage"},"thumbnailUrl":"https:\/\/phumaszyny.pl\/wp-content\/uploads\/2023\/03\/IMG_20230630_120339-scaled.jpg","datePublished":"2023-03-19T15:57:27+00:00","dateModified":"2024-11-24T17:28:10+00:00","breadcrumb":{"@id":"https:\/\/phumaszyny.pl\/produkt\/frezarka-pionowa-tos-fcv-50-x2000xy630mm\/#breadcrumb"},"inLanguage":"pl-PL","potentialAction":[{"@type":"ReadAction","target":["https:\/\/phumaszyny.pl\/produkt\/frezarka-pionowa-tos-fcv-50-x2000xy630mm\/"]}]},{"@type":"ImageObject","inLanguage":"pl-PL","@id":"https:\/\/phumaszyny.pl\/produkt\/frezarka-pionowa-tos-fcv-50-x2000xy630mm\/#primaryimage","url":"https:\/\/phumaszyny.pl\/wp-content\/uploads\/2023\/03\/IMG_20230630_120339-scaled.jpg","contentUrl":"https:\/\/phumaszyny.pl\/wp-content\/uploads\/2023\/03\/IMG_20230630_120339-scaled.jpg","width":1728,"height":2560},{"@type":"BreadcrumbList","@id":"https:\/\/phumaszyny.pl\/produkt\/frezarka-pionowa-tos-fcv-50-x2000xy630mm\/#breadcrumb","itemListElement":[{"@type":"ListItem","position":1,"name":"Strona g\u0142\u00f3wna","item":"https:\/\/phumaszyny.pl\/"},{"@type":"ListItem","position":2,"name":"Sklep","item":"https:\/\/phumaszyny.pl\/?page_id=120"},{"@type":"ListItem","position":3,"name":"Frezarka Pionowa TOS FCV 50 X2000xY630mm Sprzedana!!!"}]},{"@type":"WebSite","@id":"https:\/\/phumaszyny.pl\/en\/#website","url":"https:\/\/phumaszyny.pl\/en\/","name":"PHU Maszyny","description":"","publisher":{"@id":"https:\/\/phumaszyny.pl\/en\/#\/schema\/person\/89b417042d67c2234d44e13e641d3dde"},"potentialAction":[{"@type":"SearchAction","target":{"@type":"EntryPoint","urlTemplate":"https:\/\/phumaszyny.pl\/en\/?s={search_term_string}"},"query-input":{"@type":"PropertyValueSpecification","valueRequired":true,"valueName":"search_term_string"}}],"inLanguage":"pl-PL"},{"@type":["Person","Organization"],"@id":"https:\/\/phumaszyny.pl\/en\/#\/schema\/person\/89b417042d67c2234d44e13e641d3dde","name":"phumaszyny","image":{"@type":"ImageObject","inLanguage":"pl-PL","@id":"https:\/\/phumaszyny.pl\/wp-content\/uploads\/elementor\/screenshots\/Elementor-post-screenshot_313_2023-03-17-11-00-27_605626bb.png","url":"https:\/\/phumaszyny.pl\/wp-content\/uploads\/elementor\/screenshots\/Elementor-post-screenshot_313_2023-03-17-11-00-27_605626bb.png","contentUrl":"https:\/\/phumaszyny.pl\/wp-content\/uploads\/elementor\/screenshots\/Elementor-post-screenshot_313_2023-03-17-11-00-27_605626bb.png","width":1200,"height":323,"caption":"phumaszyny"},"logo":{"@id":"https:\/\/phumaszyny.pl\/wp-content\/uploads\/elementor\/screenshots\/Elementor-post-screenshot_313_2023-03-17-11-00-27_605626bb.png"},"sameAs":["http:\/\/www.phumaszyny.pl"]}]}},"_links":{"self":[{"href":"https:\/\/phumaszyny.pl\/pl\/wp-json\/wp\/v2\/product\/663","targetHints":{"allow":["GET"]}}],"collection":[{"href":"https:\/\/phumaszyny.pl\/pl\/wp-json\/wp\/v2\/product"}],"about":[{"href":"https:\/\/phumaszyny.pl\/pl\/wp-json\/wp\/v2\/types\/product"}],"replies":[{"embeddable":true,"href":"https:\/\/phumaszyny.pl\/pl\/wp-json\/wp\/v2\/comments?post=663"}],"version-history":[{"count":3,"href":"https:\/\/phumaszyny.pl\/pl\/wp-json\/wp\/v2\/product\/663\/revisions"}],"predecessor-version":[{"id":2928,"href":"https:\/\/phumaszyny.pl\/pl\/wp-json\/wp\/v2\/product\/663\/revisions\/2928"}],"wp:featuredmedia":[{"embeddable":true,"href":"https:\/\/phumaszyny.pl\/pl\/wp-json\/wp\/v2\/media\/1683"}],"wp:attachment":[{"href":"https:\/\/phumaszyny.pl\/pl\/wp-json\/wp\/v2\/media?parent=663"}],"wp:term":[{"taxonomy":"product_brand","embeddable":true,"href":"https:\/\/phumaszyny.pl\/pl\/wp-json\/wp\/v2\/product_brand?post=663"},{"taxonomy":"product_cat","embeddable":true,"href":"https:\/\/phumaszyny.pl\/pl\/wp-json\/wp\/v2\/product_cat?post=663"},{"taxonomy":"product_tag","embeddable":true,"href":"https:\/\/phumaszyny.pl\/pl\/wp-json\/wp\/v2\/product_tag?post=663"}],"curies":[{"name":"wp","href":"https:\/\/api.w.org\/{rel}","templated":true}]}}