{"id":774,"date":"2023-03-19T17:41:44","date_gmt":"2023-03-19T16:41:44","guid":{"rendered":"https:\/\/phumaszyny.pl\/?post_type=product&#038;p=774"},"modified":"2024-05-10T23:48:04","modified_gmt":"2024-05-10T21:48:04","slug":"szlifierka-do-otworow-stankoimport-3k227bwyposaze","status":"publish","type":"product","link":"https:\/\/phumaszyny.pl\/pl\/produkt\/szlifierka-do-otworow-stankoimport-3k227bwyposaze\/","title":{"rendered":"Szlifierka do otwor\u00f3w STANKOIMPORT 3K227B+wyposa\u017cenie sprzedane!!!"},"content":{"rendered":"<p>Dane techniczne szlifierki do otwor\u00f3w STANKOIMPORT 3K227B<\/p>\n<p>&nbsp;<\/p>\n<p>&#8211; maksymalna d\u0142ugo\u015b\u0107 szlifowanego przedmiotu : 125 mm<\/p>\n<p>&nbsp;<\/p>\n<p>&#8211; maksymalna \u015brednica szlifowanego przedmiotu : 400 mm<\/p>\n<p>&nbsp;<\/p>\n<p>&#8211; maksymalna \u015brednica szlifowanego przedmiotu zainstalowanego w obudowie : 250 mm<\/p>\n<p>&nbsp;<\/p>\n<p>&#8211; maksymalna \u015brednica szlifowanego otworu : 100 mm<\/p>\n<p>&nbsp;<\/p>\n<p>&#8211; minimalna \u015brednica szlifowanego otworu : 20 mm<\/p>\n<p>&nbsp;<\/p>\n<p>&#8211; zakres pr\u0119dko\u015bci obrotowej wrzeciona : 140-1400 rpm<\/p>\n<p>&nbsp;<\/p>\n<p>&#8211; wysoko\u015b\u0107 \u015bciernicy szlifierskiej : 20-50 mm<\/p>\n<p>&nbsp;<\/p>\n<p>&#8211; \u015brednica \u015bciernicy szlifierskiej : 20-80 mm<\/p>\n<p>&nbsp;<\/p>\n<p>&#8211; \u015brednica otworu \u015bciernicy : 6-20 mm<\/p>\n<p>&nbsp;<\/p>\n<p>&#8211; moc nap\u0119du wrzeciona : 4 kW<\/p>\n<p>&nbsp;<\/p>\n<p>&#8211; zainstalowana moc : 10 kW<\/p>\n<p>&nbsp;<\/p>\n<p>&#8211; wymiary (szer. x g\u0142.) : 2.6 x 1.9 m<\/p>\n<p>&nbsp;<\/p>\n<p>&#8211; waga maszyny : ok 4 t<\/p>\n<p>&nbsp;<\/p>\n<p style=\"text-align: left;\">maszyna w stanie bardzo dobrym. Pod\u0142\u0105czona.<\/p>","protected":false},"excerpt":{"rendered":"<p>Dane techniczne szlifierki do otwor\u00f3w STANKOIMPORT 3K227B &nbsp; &#8211; maksymalna d\u0142ugo\u015b\u0107 szlifowanego przedmiotu : 125 mm &nbsp; &#8211; maksymalna \u015brednica szlifowanego przedmiotu : 400 mm &nbsp; &#8211; maksymalna \u015brednica szlifowanego przedmiotu zainstalowanego w obudowie : 250 mm &nbsp; &#8211; maksymalna \u015brednica szlifowanego otworu : 100 mm &nbsp; &#8211; minimalna \u015brednica szlifowanego otworu : 20 mm [&hellip;]<\/p>\n","protected":false},"featured_media":781,"comment_status":"open","ping_status":"closed","template":"","meta":{"_acf_changed":false},"product_brand":[],"product_cat":[33],"product_tag":[99,90,98],"class_list":{"0":"post-774","1":"product","2":"type-product","3":"status-publish","4":"has-post-thumbnail","6":"product_cat-szlifierki","7":"product_tag-3k227b","8":"product_tag-stankoimport","9":"product_tag-szlifierka-do-walkow","11":"first","12":"outofstock","13":"taxable","14":"shipping-taxable","15":"product-type-simple"},"acf":[],"yoast_head":"<!-- This site is optimized with the Yoast SEO plugin v27.3 - https:\/\/yoast.com\/product\/yoast-seo-wordpress\/ -->\n<title>Szlifierka do otwor\u00f3w STANKOIMPORT 3K227B+wyposa\u017cenie sprzedane!!! - PHU Maszyny<\/title>\n<meta name=\"robots\" content=\"index, follow\" \/>\n<link rel=\"canonical\" href=\"https:\/\/phumaszyny.pl\/pl\/produkt\/szlifierka-do-otworow-stankoimport-3k227bwyposaze\/\" \/>\n<meta property=\"og:locale\" content=\"pl_PL\" \/>\n<meta property=\"og:type\" content=\"article\" \/>\n<meta property=\"og:title\" content=\"Szlifierka do otwor\u00f3w STANKOIMPORT 3K227B+wyposa\u017cenie sprzedane!!! - PHU Maszyny\" \/>\n<meta property=\"og:description\" content=\"Dane techniczne szlifierki do otwor\u00f3w STANKOIMPORT 3K227B &nbsp; &#8211; maksymalna d\u0142ugo\u015b\u0107 szlifowanego przedmiotu : 125 mm &nbsp; &#8211; maksymalna \u015brednica szlifowanego przedmiotu : 400 mm &nbsp; &#8211; maksymalna \u015brednica szlifowanego przedmiotu zainstalowanego w obudowie : 250 mm &nbsp; &#8211; maksymalna \u015brednica szlifowanego otworu : 100 mm &nbsp; &#8211; minimalna \u015brednica szlifowanego otworu : 20 mm [&hellip;]\" \/>\n<meta property=\"og:url\" content=\"https:\/\/phumaszyny.pl\/pl\/produkt\/szlifierka-do-otworow-stankoimport-3k227bwyposaze\/\" \/>\n<meta property=\"og:site_name\" content=\"PHU Maszyny\" \/>\n<meta property=\"article:modified_time\" content=\"2024-05-10T21:48:04+00:00\" \/>\n<meta property=\"og:image\" content=\"https:\/\/phumaszyny.pl\/wp-content\/uploads\/2023\/03\/IMG_20220921_093419-scaled.jpg\" \/>\n\t<meta property=\"og:image:width\" content=\"2560\" \/>\n\t<meta property=\"og:image:height\" content=\"1920\" \/>\n\t<meta property=\"og:image:type\" content=\"image\/jpeg\" \/>\n<meta name=\"twitter:card\" content=\"summary_large_image\" \/>\n<meta name=\"twitter:label1\" content=\"Szacowany czas czytania\" \/>\n\t<meta name=\"twitter:data1\" content=\"1 minuta\" \/>\n<script type=\"application\/ld+json\" class=\"yoast-schema-graph\">{\"@context\":\"https:\\\/\\\/schema.org\",\"@graph\":[{\"@type\":\"WebPage\",\"@id\":\"https:\\\/\\\/phumaszyny.pl\\\/produkt\\\/szlifierka-do-otworow-stankoimport-3k227bwyposaze\\\/\",\"url\":\"https:\\\/\\\/phumaszyny.pl\\\/produkt\\\/szlifierka-do-otworow-stankoimport-3k227bwyposaze\\\/\",\"name\":\"Szlifierka do otwor\u00f3w STANKOIMPORT 3K227B+wyposa\u017cenie sprzedane!!! - PHU Maszyny\",\"isPartOf\":{\"@id\":\"https:\\\/\\\/phumaszyny.pl\\\/en\\\/#website\"},\"primaryImageOfPage\":{\"@id\":\"https:\\\/\\\/phumaszyny.pl\\\/produkt\\\/szlifierka-do-otworow-stankoimport-3k227bwyposaze\\\/#primaryimage\"},\"image\":{\"@id\":\"https:\\\/\\\/phumaszyny.pl\\\/produkt\\\/szlifierka-do-otworow-stankoimport-3k227bwyposaze\\\/#primaryimage\"},\"thumbnailUrl\":\"https:\\\/\\\/phumaszyny.pl\\\/wp-content\\\/uploads\\\/2023\\\/03\\\/IMG_20220921_093419-scaled.jpg\",\"datePublished\":\"2023-03-19T16:41:44+00:00\",\"dateModified\":\"2024-05-10T21:48:04+00:00\",\"breadcrumb\":{\"@id\":\"https:\\\/\\\/phumaszyny.pl\\\/produkt\\\/szlifierka-do-otworow-stankoimport-3k227bwyposaze\\\/#breadcrumb\"},\"inLanguage\":\"pl-PL\",\"potentialAction\":[{\"@type\":\"ReadAction\",\"target\":[\"https:\\\/\\\/phumaszyny.pl\\\/produkt\\\/szlifierka-do-otworow-stankoimport-3k227bwyposaze\\\/\"]}]},{\"@type\":\"ImageObject\",\"inLanguage\":\"pl-PL\",\"@id\":\"https:\\\/\\\/phumaszyny.pl\\\/produkt\\\/szlifierka-do-otworow-stankoimport-3k227bwyposaze\\\/#primaryimage\",\"url\":\"https:\\\/\\\/phumaszyny.pl\\\/wp-content\\\/uploads\\\/2023\\\/03\\\/IMG_20220921_093419-scaled.jpg\",\"contentUrl\":\"https:\\\/\\\/phumaszyny.pl\\\/wp-content\\\/uploads\\\/2023\\\/03\\\/IMG_20220921_093419-scaled.jpg\",\"width\":2560,\"height\":1920},{\"@type\":\"BreadcrumbList\",\"@id\":\"https:\\\/\\\/phumaszyny.pl\\\/produkt\\\/szlifierka-do-otworow-stankoimport-3k227bwyposaze\\\/#breadcrumb\",\"itemListElement\":[{\"@type\":\"ListItem\",\"position\":1,\"name\":\"Strona g\u0142\u00f3wna\",\"item\":\"https:\\\/\\\/phumaszyny.pl\\\/\"},{\"@type\":\"ListItem\",\"position\":2,\"name\":\"Sklep\",\"item\":\"https:\\\/\\\/phumaszyny.pl\\\/?page_id=120\"},{\"@type\":\"ListItem\",\"position\":3,\"name\":\"Szlifierka do otwor\u00f3w STANKOIMPORT 3K227B+wyposa\u017cenie sprzedane!!!\"}]},{\"@type\":\"WebSite\",\"@id\":\"https:\\\/\\\/phumaszyny.pl\\\/en\\\/#website\",\"url\":\"https:\\\/\\\/phumaszyny.pl\\\/en\\\/\",\"name\":\"PHU Maszyny\",\"description\":\"\",\"publisher\":{\"@id\":\"https:\\\/\\\/phumaszyny.pl\\\/en\\\/#\\\/schema\\\/person\\\/89b417042d67c2234d44e13e641d3dde\"},\"potentialAction\":[{\"@type\":\"SearchAction\",\"target\":{\"@type\":\"EntryPoint\",\"urlTemplate\":\"https:\\\/\\\/phumaszyny.pl\\\/en\\\/?s={search_term_string}\"},\"query-input\":{\"@type\":\"PropertyValueSpecification\",\"valueRequired\":true,\"valueName\":\"search_term_string\"}}],\"inLanguage\":\"pl-PL\"},{\"@type\":[\"Person\",\"Organization\"],\"@id\":\"https:\\\/\\\/phumaszyny.pl\\\/en\\\/#\\\/schema\\\/person\\\/89b417042d67c2234d44e13e641d3dde\",\"name\":\"phumaszyny\",\"image\":{\"@type\":\"ImageObject\",\"inLanguage\":\"pl-PL\",\"@id\":\"https:\\\/\\\/phumaszyny.pl\\\/wp-content\\\/uploads\\\/elementor\\\/screenshots\\\/Elementor-post-screenshot_313_2023-03-17-11-00-27_605626bb.png\",\"url\":\"https:\\\/\\\/phumaszyny.pl\\\/wp-content\\\/uploads\\\/elementor\\\/screenshots\\\/Elementor-post-screenshot_313_2023-03-17-11-00-27_605626bb.png\",\"contentUrl\":\"https:\\\/\\\/phumaszyny.pl\\\/wp-content\\\/uploads\\\/elementor\\\/screenshots\\\/Elementor-post-screenshot_313_2023-03-17-11-00-27_605626bb.png\",\"width\":1200,\"height\":323,\"caption\":\"phumaszyny\"},\"logo\":{\"@id\":\"https:\\\/\\\/phumaszyny.pl\\\/wp-content\\\/uploads\\\/elementor\\\/screenshots\\\/Elementor-post-screenshot_313_2023-03-17-11-00-27_605626bb.png\"},\"sameAs\":[\"http:\\\/\\\/www.phumaszyny.pl\"]}]}<\/script>\n<!-- \/ Yoast SEO plugin. -->","yoast_head_json":{"title":"Szlifierka do otwor\u00f3w STANKOIMPORT 3K227B+wyposa\u017cenie sprzedane!!! - PHU Maszyny","robots":{"index":"index","follow":"follow"},"canonical":"https:\/\/phumaszyny.pl\/pl\/produkt\/szlifierka-do-otworow-stankoimport-3k227bwyposaze\/","og_locale":"pl_PL","og_type":"article","og_title":"Szlifierka do otwor\u00f3w STANKOIMPORT 3K227B+wyposa\u017cenie sprzedane!!! - PHU Maszyny","og_description":"Dane techniczne szlifierki do otwor\u00f3w STANKOIMPORT 3K227B &nbsp; &#8211; maksymalna d\u0142ugo\u015b\u0107 szlifowanego przedmiotu : 125 mm &nbsp; &#8211; maksymalna \u015brednica szlifowanego przedmiotu : 400 mm &nbsp; &#8211; maksymalna \u015brednica szlifowanego przedmiotu zainstalowanego w obudowie : 250 mm &nbsp; &#8211; maksymalna \u015brednica szlifowanego otworu : 100 mm &nbsp; &#8211; minimalna \u015brednica szlifowanego otworu : 20 mm [&hellip;]","og_url":"https:\/\/phumaszyny.pl\/pl\/produkt\/szlifierka-do-otworow-stankoimport-3k227bwyposaze\/","og_site_name":"PHU Maszyny","article_modified_time":"2024-05-10T21:48:04+00:00","og_image":[{"width":2560,"height":1920,"url":"https:\/\/phumaszyny.pl\/wp-content\/uploads\/2023\/03\/IMG_20220921_093419-scaled.jpg","type":"image\/jpeg"}],"twitter_card":"summary_large_image","twitter_misc":{"Szacowany czas czytania":"1 minuta"},"schema":{"@context":"https:\/\/schema.org","@graph":[{"@type":"WebPage","@id":"https:\/\/phumaszyny.pl\/produkt\/szlifierka-do-otworow-stankoimport-3k227bwyposaze\/","url":"https:\/\/phumaszyny.pl\/produkt\/szlifierka-do-otworow-stankoimport-3k227bwyposaze\/","name":"Szlifierka do otwor\u00f3w STANKOIMPORT 3K227B+wyposa\u017cenie sprzedane!!! - PHU Maszyny","isPartOf":{"@id":"https:\/\/phumaszyny.pl\/en\/#website"},"primaryImageOfPage":{"@id":"https:\/\/phumaszyny.pl\/produkt\/szlifierka-do-otworow-stankoimport-3k227bwyposaze\/#primaryimage"},"image":{"@id":"https:\/\/phumaszyny.pl\/produkt\/szlifierka-do-otworow-stankoimport-3k227bwyposaze\/#primaryimage"},"thumbnailUrl":"https:\/\/phumaszyny.pl\/wp-content\/uploads\/2023\/03\/IMG_20220921_093419-scaled.jpg","datePublished":"2023-03-19T16:41:44+00:00","dateModified":"2024-05-10T21:48:04+00:00","breadcrumb":{"@id":"https:\/\/phumaszyny.pl\/produkt\/szlifierka-do-otworow-stankoimport-3k227bwyposaze\/#breadcrumb"},"inLanguage":"pl-PL","potentialAction":[{"@type":"ReadAction","target":["https:\/\/phumaszyny.pl\/produkt\/szlifierka-do-otworow-stankoimport-3k227bwyposaze\/"]}]},{"@type":"ImageObject","inLanguage":"pl-PL","@id":"https:\/\/phumaszyny.pl\/produkt\/szlifierka-do-otworow-stankoimport-3k227bwyposaze\/#primaryimage","url":"https:\/\/phumaszyny.pl\/wp-content\/uploads\/2023\/03\/IMG_20220921_093419-scaled.jpg","contentUrl":"https:\/\/phumaszyny.pl\/wp-content\/uploads\/2023\/03\/IMG_20220921_093419-scaled.jpg","width":2560,"height":1920},{"@type":"BreadcrumbList","@id":"https:\/\/phumaszyny.pl\/produkt\/szlifierka-do-otworow-stankoimport-3k227bwyposaze\/#breadcrumb","itemListElement":[{"@type":"ListItem","position":1,"name":"Strona g\u0142\u00f3wna","item":"https:\/\/phumaszyny.pl\/"},{"@type":"ListItem","position":2,"name":"Sklep","item":"https:\/\/phumaszyny.pl\/?page_id=120"},{"@type":"ListItem","position":3,"name":"Szlifierka do otwor\u00f3w STANKOIMPORT 3K227B+wyposa\u017cenie sprzedane!!!"}]},{"@type":"WebSite","@id":"https:\/\/phumaszyny.pl\/en\/#website","url":"https:\/\/phumaszyny.pl\/en\/","name":"PHU Maszyny","description":"","publisher":{"@id":"https:\/\/phumaszyny.pl\/en\/#\/schema\/person\/89b417042d67c2234d44e13e641d3dde"},"potentialAction":[{"@type":"SearchAction","target":{"@type":"EntryPoint","urlTemplate":"https:\/\/phumaszyny.pl\/en\/?s={search_term_string}"},"query-input":{"@type":"PropertyValueSpecification","valueRequired":true,"valueName":"search_term_string"}}],"inLanguage":"pl-PL"},{"@type":["Person","Organization"],"@id":"https:\/\/phumaszyny.pl\/en\/#\/schema\/person\/89b417042d67c2234d44e13e641d3dde","name":"phumaszyny","image":{"@type":"ImageObject","inLanguage":"pl-PL","@id":"https:\/\/phumaszyny.pl\/wp-content\/uploads\/elementor\/screenshots\/Elementor-post-screenshot_313_2023-03-17-11-00-27_605626bb.png","url":"https:\/\/phumaszyny.pl\/wp-content\/uploads\/elementor\/screenshots\/Elementor-post-screenshot_313_2023-03-17-11-00-27_605626bb.png","contentUrl":"https:\/\/phumaszyny.pl\/wp-content\/uploads\/elementor\/screenshots\/Elementor-post-screenshot_313_2023-03-17-11-00-27_605626bb.png","width":1200,"height":323,"caption":"phumaszyny"},"logo":{"@id":"https:\/\/phumaszyny.pl\/wp-content\/uploads\/elementor\/screenshots\/Elementor-post-screenshot_313_2023-03-17-11-00-27_605626bb.png"},"sameAs":["http:\/\/www.phumaszyny.pl"]}]}},"_links":{"self":[{"href":"https:\/\/phumaszyny.pl\/pl\/wp-json\/wp\/v2\/product\/774","targetHints":{"allow":["GET"]}}],"collection":[{"href":"https:\/\/phumaszyny.pl\/pl\/wp-json\/wp\/v2\/product"}],"about":[{"href":"https:\/\/phumaszyny.pl\/pl\/wp-json\/wp\/v2\/types\/product"}],"replies":[{"embeddable":true,"href":"https:\/\/phumaszyny.pl\/pl\/wp-json\/wp\/v2\/comments?post=774"}],"version-history":[{"count":3,"href":"https:\/\/phumaszyny.pl\/pl\/wp-json\/wp\/v2\/product\/774\/revisions"}],"predecessor-version":[{"id":2701,"href":"https:\/\/phumaszyny.pl\/pl\/wp-json\/wp\/v2\/product\/774\/revisions\/2701"}],"wp:featuredmedia":[{"embeddable":true,"href":"https:\/\/phumaszyny.pl\/pl\/wp-json\/wp\/v2\/media\/781"}],"wp:attachment":[{"href":"https:\/\/phumaszyny.pl\/pl\/wp-json\/wp\/v2\/media?parent=774"}],"wp:term":[{"taxonomy":"product_brand","embeddable":true,"href":"https:\/\/phumaszyny.pl\/pl\/wp-json\/wp\/v2\/product_brand?post=774"},{"taxonomy":"product_cat","embeddable":true,"href":"https:\/\/phumaszyny.pl\/pl\/wp-json\/wp\/v2\/product_cat?post=774"},{"taxonomy":"product_tag","embeddable":true,"href":"https:\/\/phumaszyny.pl\/pl\/wp-json\/wp\/v2\/product_tag?post=774"}],"curies":[{"name":"wp","href":"https:\/\/api.w.org\/{rel}","templated":true}]}}