{"id":845,"date":"2023-03-19T17:55:56","date_gmt":"2023-03-19T16:55:56","guid":{"rendered":"https:\/\/phumaszyny.pl\/?post_type=product&#038;p=845"},"modified":"2024-08-22T23:04:01","modified_gmt":"2024-08-22T21:04:01","slug":"szlifierka-do-walkow-tos-bk-5-1000","status":"publish","type":"product","link":"https:\/\/phumaszyny.pl\/pl\/produkt\/szlifierka-do-walkow-tos-bk-5-1000\/","title":{"rendered":"Szlifierka do wa\u0142k\u00f3w TOS BK 5\/1000 sprzedana!!!"},"content":{"rendered":"<p>Szlifierka do wa\u0142k\u00f3w TOS<\/p>\n<p>Typ: BK 5\/1000<\/p>\n<p>Producent: TOS<\/p>\n<h2>Parametry techniczne:<\/h2>\n<p>\u015arednica szlifowania 315 mm<\/p>\n<p>Odleg\u0142o\u015b\u0107 ko\u0144c\u00f3wki 1000mm<\/p>\n<p>wymiary \u015bciernicy: \u015brednica \/ szeroko\u015b\u0107 mm 500\/203<\/p>\n<p>Sto\u017cek wrzeciona roboczego Morse&#8217;a 4<\/p>\n<p>Sto\u017cek tulei konika Morse&#8217;a 3<\/p>\n<p>obr\u00f3t wrzeciennika roboczego o 90 \u00b0<\/p>\n<p>obr\u00f3t wrzeciennika szlifierskiego o 30\u00b0<\/p>\n<p>ruch wzd\u0142u\u017cny sto\u0142u mm 1070<\/p>\n<p>ruch poprzeczny wrzeciennika szlifierskiego mm 140<\/p>\n<p>regulacja wrzeciennika szlifierskiego na suwaku mm 150<\/p>\n<p>pr\u0119dko\u015b\u0107 obrotowa wrzeciona obr\/min 25-600<\/p>\n<p>pr\u0119dko\u015b\u0107 sto\u0142u m \/ min 0,1-6<\/p>\n<p>automatyczny posuw poprzeczny wrzeciennika szlifierskiego<\/p>\n<p>w martwym ko\u0144cu sto\u0142u mm 0,003-0,03<\/p>\n<p>niezale\u017cny automatyczny posuw poprzeczny wrzeciennika szlifierskiego mm\/min 0,05-1,4<\/p>\n<p>\u0142\u0105czna moc silnika elektrycznego kW 6,1<\/p>\n<p>szeroko\u015b\u0107 maszyny mm 2100<\/p>\n<p>wysoko\u015b\u0107 maszyny mm 1420<\/p>\n<p>d\u0142ugo\u015b\u0107 maszyny mm 3410<\/p>\n<p>masa maszyny kg 3100<\/p>","protected":false},"excerpt":{"rendered":"<p>Szlifierka do wa\u0142k\u00f3w TOS Typ: BK 5\/1000 Producent: TOS Parametry techniczne: \u015arednica szlifowania 315 mm Odleg\u0142o\u015b\u0107 ko\u0144c\u00f3wki 1000mm wymiary \u015bciernicy: \u015brednica \/ szeroko\u015b\u0107 mm 500\/203 Sto\u017cek wrzeciona roboczego Morse&#8217;a 4 Sto\u017cek tulei konika Morse&#8217;a 3 obr\u00f3t wrzeciennika roboczego o 90 \u00b0 obr\u00f3t wrzeciennika szlifierskiego o 30\u00b0 ruch wzd\u0142u\u017cny sto\u0142u mm 1070 ruch poprzeczny wrzeciennika szlifierskiego [&hellip;]<\/p>\n","protected":false},"featured_media":846,"comment_status":"open","ping_status":"closed","template":"","meta":{"_acf_changed":false},"product_brand":[],"product_cat":[33],"product_tag":[],"class_list":{"0":"post-845","1":"product","2":"type-product","3":"status-publish","4":"has-post-thumbnail","6":"product_cat-szlifierki","8":"first","9":"instock","10":"taxable","11":"shipping-taxable","12":"purchasable","13":"product-type-simple"},"acf":[],"yoast_head":"<!-- This site is optimized with the Yoast SEO plugin v27.3 - https:\/\/yoast.com\/product\/yoast-seo-wordpress\/ -->\n<title>Szlifierka do wa\u0142k\u00f3w TOS BK 5\/1000 sprzedana!!! - PHU Maszyny<\/title>\n<meta name=\"robots\" content=\"index, follow\" \/>\n<link rel=\"canonical\" href=\"https:\/\/phumaszyny.pl\/pl\/produkt\/szlifierka-do-walkow-tos-bk-5-1000\/\" \/>\n<meta property=\"og:locale\" content=\"pl_PL\" \/>\n<meta property=\"og:type\" content=\"article\" \/>\n<meta property=\"og:title\" content=\"Szlifierka do wa\u0142k\u00f3w TOS BK 5\/1000 sprzedana!!! - PHU Maszyny\" \/>\n<meta property=\"og:description\" content=\"Szlifierka do wa\u0142k\u00f3w TOS Typ: BK 5\/1000 Producent: TOS Parametry techniczne: \u015arednica szlifowania 315 mm Odleg\u0142o\u015b\u0107 ko\u0144c\u00f3wki 1000mm wymiary \u015bciernicy: \u015brednica \/ szeroko\u015b\u0107 mm 500\/203 Sto\u017cek wrzeciona roboczego Morse&#8217;a 4 Sto\u017cek tulei konika Morse&#8217;a 3 obr\u00f3t wrzeciennika roboczego o 90 \u00b0 obr\u00f3t wrzeciennika szlifierskiego o 30\u00b0 ruch wzd\u0142u\u017cny sto\u0142u mm 1070 ruch poprzeczny wrzeciennika szlifierskiego [&hellip;]\" \/>\n<meta property=\"og:url\" content=\"https:\/\/phumaszyny.pl\/pl\/produkt\/szlifierka-do-walkow-tos-bk-5-1000\/\" \/>\n<meta property=\"og:site_name\" content=\"PHU Maszyny\" \/>\n<meta property=\"article:modified_time\" content=\"2024-08-22T21:04:01+00:00\" \/>\n<meta property=\"og:image\" content=\"https:\/\/phumaszyny.pl\/wp-content\/uploads\/2023\/03\/IMG_20220907_103037-scaled.jpg\" \/>\n\t<meta property=\"og:image:width\" content=\"2560\" \/>\n\t<meta property=\"og:image:height\" content=\"1728\" \/>\n\t<meta property=\"og:image:type\" content=\"image\/jpeg\" \/>\n<meta name=\"twitter:card\" content=\"summary_large_image\" \/>\n<meta name=\"twitter:label1\" content=\"Szacowany czas czytania\" \/>\n\t<meta name=\"twitter:data1\" content=\"1 minuta\" \/>\n<script type=\"application\/ld+json\" class=\"yoast-schema-graph\">{\"@context\":\"https:\\\/\\\/schema.org\",\"@graph\":[{\"@type\":\"WebPage\",\"@id\":\"https:\\\/\\\/phumaszyny.pl\\\/produkt\\\/szlifierka-do-walkow-tos-bk-5-1000\\\/\",\"url\":\"https:\\\/\\\/phumaszyny.pl\\\/produkt\\\/szlifierka-do-walkow-tos-bk-5-1000\\\/\",\"name\":\"Szlifierka do wa\u0142k\u00f3w TOS BK 5\\\/1000 sprzedana!!! - PHU Maszyny\",\"isPartOf\":{\"@id\":\"https:\\\/\\\/phumaszyny.pl\\\/en\\\/#website\"},\"primaryImageOfPage\":{\"@id\":\"https:\\\/\\\/phumaszyny.pl\\\/produkt\\\/szlifierka-do-walkow-tos-bk-5-1000\\\/#primaryimage\"},\"image\":{\"@id\":\"https:\\\/\\\/phumaszyny.pl\\\/produkt\\\/szlifierka-do-walkow-tos-bk-5-1000\\\/#primaryimage\"},\"thumbnailUrl\":\"https:\\\/\\\/phumaszyny.pl\\\/wp-content\\\/uploads\\\/2023\\\/03\\\/IMG_20220907_103037-scaled.jpg\",\"datePublished\":\"2023-03-19T16:55:56+00:00\",\"dateModified\":\"2024-08-22T21:04:01+00:00\",\"breadcrumb\":{\"@id\":\"https:\\\/\\\/phumaszyny.pl\\\/produkt\\\/szlifierka-do-walkow-tos-bk-5-1000\\\/#breadcrumb\"},\"inLanguage\":\"pl-PL\",\"potentialAction\":[{\"@type\":\"ReadAction\",\"target\":[\"https:\\\/\\\/phumaszyny.pl\\\/produkt\\\/szlifierka-do-walkow-tos-bk-5-1000\\\/\"]}]},{\"@type\":\"ImageObject\",\"inLanguage\":\"pl-PL\",\"@id\":\"https:\\\/\\\/phumaszyny.pl\\\/produkt\\\/szlifierka-do-walkow-tos-bk-5-1000\\\/#primaryimage\",\"url\":\"https:\\\/\\\/phumaszyny.pl\\\/wp-content\\\/uploads\\\/2023\\\/03\\\/IMG_20220907_103037-scaled.jpg\",\"contentUrl\":\"https:\\\/\\\/phumaszyny.pl\\\/wp-content\\\/uploads\\\/2023\\\/03\\\/IMG_20220907_103037-scaled.jpg\",\"width\":2560,\"height\":1728},{\"@type\":\"BreadcrumbList\",\"@id\":\"https:\\\/\\\/phumaszyny.pl\\\/produkt\\\/szlifierka-do-walkow-tos-bk-5-1000\\\/#breadcrumb\",\"itemListElement\":[{\"@type\":\"ListItem\",\"position\":1,\"name\":\"Strona g\u0142\u00f3wna\",\"item\":\"https:\\\/\\\/phumaszyny.pl\\\/\"},{\"@type\":\"ListItem\",\"position\":2,\"name\":\"Sklep\",\"item\":\"https:\\\/\\\/phumaszyny.pl\\\/?page_id=120\"},{\"@type\":\"ListItem\",\"position\":3,\"name\":\"Szlifierka do wa\u0142k\u00f3w TOS BK 5\\\/1000 sprzedana!!!\"}]},{\"@type\":\"WebSite\",\"@id\":\"https:\\\/\\\/phumaszyny.pl\\\/en\\\/#website\",\"url\":\"https:\\\/\\\/phumaszyny.pl\\\/en\\\/\",\"name\":\"PHU Maszyny\",\"description\":\"\",\"publisher\":{\"@id\":\"https:\\\/\\\/phumaszyny.pl\\\/en\\\/#\\\/schema\\\/person\\\/89b417042d67c2234d44e13e641d3dde\"},\"potentialAction\":[{\"@type\":\"SearchAction\",\"target\":{\"@type\":\"EntryPoint\",\"urlTemplate\":\"https:\\\/\\\/phumaszyny.pl\\\/en\\\/?s={search_term_string}\"},\"query-input\":{\"@type\":\"PropertyValueSpecification\",\"valueRequired\":true,\"valueName\":\"search_term_string\"}}],\"inLanguage\":\"pl-PL\"},{\"@type\":[\"Person\",\"Organization\"],\"@id\":\"https:\\\/\\\/phumaszyny.pl\\\/en\\\/#\\\/schema\\\/person\\\/89b417042d67c2234d44e13e641d3dde\",\"name\":\"phumaszyny\",\"image\":{\"@type\":\"ImageObject\",\"inLanguage\":\"pl-PL\",\"@id\":\"https:\\\/\\\/phumaszyny.pl\\\/wp-content\\\/uploads\\\/elementor\\\/screenshots\\\/Elementor-post-screenshot_313_2023-03-17-11-00-27_605626bb.png\",\"url\":\"https:\\\/\\\/phumaszyny.pl\\\/wp-content\\\/uploads\\\/elementor\\\/screenshots\\\/Elementor-post-screenshot_313_2023-03-17-11-00-27_605626bb.png\",\"contentUrl\":\"https:\\\/\\\/phumaszyny.pl\\\/wp-content\\\/uploads\\\/elementor\\\/screenshots\\\/Elementor-post-screenshot_313_2023-03-17-11-00-27_605626bb.png\",\"width\":1200,\"height\":323,\"caption\":\"phumaszyny\"},\"logo\":{\"@id\":\"https:\\\/\\\/phumaszyny.pl\\\/wp-content\\\/uploads\\\/elementor\\\/screenshots\\\/Elementor-post-screenshot_313_2023-03-17-11-00-27_605626bb.png\"},\"sameAs\":[\"http:\\\/\\\/www.phumaszyny.pl\"]}]}<\/script>\n<!-- \/ Yoast SEO plugin. -->","yoast_head_json":{"title":"Szlifierka do wa\u0142k\u00f3w TOS BK 5\/1000 sprzedana!!! - PHU Maszyny","robots":{"index":"index","follow":"follow"},"canonical":"https:\/\/phumaszyny.pl\/pl\/produkt\/szlifierka-do-walkow-tos-bk-5-1000\/","og_locale":"pl_PL","og_type":"article","og_title":"Szlifierka do wa\u0142k\u00f3w TOS BK 5\/1000 sprzedana!!! - PHU Maszyny","og_description":"Szlifierka do wa\u0142k\u00f3w TOS Typ: BK 5\/1000 Producent: TOS Parametry techniczne: \u015arednica szlifowania 315 mm Odleg\u0142o\u015b\u0107 ko\u0144c\u00f3wki 1000mm wymiary \u015bciernicy: \u015brednica \/ szeroko\u015b\u0107 mm 500\/203 Sto\u017cek wrzeciona roboczego Morse&#8217;a 4 Sto\u017cek tulei konika Morse&#8217;a 3 obr\u00f3t wrzeciennika roboczego o 90 \u00b0 obr\u00f3t wrzeciennika szlifierskiego o 30\u00b0 ruch wzd\u0142u\u017cny sto\u0142u mm 1070 ruch poprzeczny wrzeciennika szlifierskiego [&hellip;]","og_url":"https:\/\/phumaszyny.pl\/pl\/produkt\/szlifierka-do-walkow-tos-bk-5-1000\/","og_site_name":"PHU Maszyny","article_modified_time":"2024-08-22T21:04:01+00:00","og_image":[{"width":2560,"height":1728,"url":"https:\/\/phumaszyny.pl\/wp-content\/uploads\/2023\/03\/IMG_20220907_103037-scaled.jpg","type":"image\/jpeg"}],"twitter_card":"summary_large_image","twitter_misc":{"Szacowany czas czytania":"1 minuta"},"schema":{"@context":"https:\/\/schema.org","@graph":[{"@type":"WebPage","@id":"https:\/\/phumaszyny.pl\/produkt\/szlifierka-do-walkow-tos-bk-5-1000\/","url":"https:\/\/phumaszyny.pl\/produkt\/szlifierka-do-walkow-tos-bk-5-1000\/","name":"Szlifierka do wa\u0142k\u00f3w TOS BK 5\/1000 sprzedana!!! - PHU Maszyny","isPartOf":{"@id":"https:\/\/phumaszyny.pl\/en\/#website"},"primaryImageOfPage":{"@id":"https:\/\/phumaszyny.pl\/produkt\/szlifierka-do-walkow-tos-bk-5-1000\/#primaryimage"},"image":{"@id":"https:\/\/phumaszyny.pl\/produkt\/szlifierka-do-walkow-tos-bk-5-1000\/#primaryimage"},"thumbnailUrl":"https:\/\/phumaszyny.pl\/wp-content\/uploads\/2023\/03\/IMG_20220907_103037-scaled.jpg","datePublished":"2023-03-19T16:55:56+00:00","dateModified":"2024-08-22T21:04:01+00:00","breadcrumb":{"@id":"https:\/\/phumaszyny.pl\/produkt\/szlifierka-do-walkow-tos-bk-5-1000\/#breadcrumb"},"inLanguage":"pl-PL","potentialAction":[{"@type":"ReadAction","target":["https:\/\/phumaszyny.pl\/produkt\/szlifierka-do-walkow-tos-bk-5-1000\/"]}]},{"@type":"ImageObject","inLanguage":"pl-PL","@id":"https:\/\/phumaszyny.pl\/produkt\/szlifierka-do-walkow-tos-bk-5-1000\/#primaryimage","url":"https:\/\/phumaszyny.pl\/wp-content\/uploads\/2023\/03\/IMG_20220907_103037-scaled.jpg","contentUrl":"https:\/\/phumaszyny.pl\/wp-content\/uploads\/2023\/03\/IMG_20220907_103037-scaled.jpg","width":2560,"height":1728},{"@type":"BreadcrumbList","@id":"https:\/\/phumaszyny.pl\/produkt\/szlifierka-do-walkow-tos-bk-5-1000\/#breadcrumb","itemListElement":[{"@type":"ListItem","position":1,"name":"Strona g\u0142\u00f3wna","item":"https:\/\/phumaszyny.pl\/"},{"@type":"ListItem","position":2,"name":"Sklep","item":"https:\/\/phumaszyny.pl\/?page_id=120"},{"@type":"ListItem","position":3,"name":"Szlifierka do wa\u0142k\u00f3w TOS BK 5\/1000 sprzedana!!!"}]},{"@type":"WebSite","@id":"https:\/\/phumaszyny.pl\/en\/#website","url":"https:\/\/phumaszyny.pl\/en\/","name":"PHU Maszyny","description":"","publisher":{"@id":"https:\/\/phumaszyny.pl\/en\/#\/schema\/person\/89b417042d67c2234d44e13e641d3dde"},"potentialAction":[{"@type":"SearchAction","target":{"@type":"EntryPoint","urlTemplate":"https:\/\/phumaszyny.pl\/en\/?s={search_term_string}"},"query-input":{"@type":"PropertyValueSpecification","valueRequired":true,"valueName":"search_term_string"}}],"inLanguage":"pl-PL"},{"@type":["Person","Organization"],"@id":"https:\/\/phumaszyny.pl\/en\/#\/schema\/person\/89b417042d67c2234d44e13e641d3dde","name":"phumaszyny","image":{"@type":"ImageObject","inLanguage":"pl-PL","@id":"https:\/\/phumaszyny.pl\/wp-content\/uploads\/elementor\/screenshots\/Elementor-post-screenshot_313_2023-03-17-11-00-27_605626bb.png","url":"https:\/\/phumaszyny.pl\/wp-content\/uploads\/elementor\/screenshots\/Elementor-post-screenshot_313_2023-03-17-11-00-27_605626bb.png","contentUrl":"https:\/\/phumaszyny.pl\/wp-content\/uploads\/elementor\/screenshots\/Elementor-post-screenshot_313_2023-03-17-11-00-27_605626bb.png","width":1200,"height":323,"caption":"phumaszyny"},"logo":{"@id":"https:\/\/phumaszyny.pl\/wp-content\/uploads\/elementor\/screenshots\/Elementor-post-screenshot_313_2023-03-17-11-00-27_605626bb.png"},"sameAs":["http:\/\/www.phumaszyny.pl"]}]}},"_links":{"self":[{"href":"https:\/\/phumaszyny.pl\/pl\/wp-json\/wp\/v2\/product\/845","targetHints":{"allow":["GET"]}}],"collection":[{"href":"https:\/\/phumaszyny.pl\/pl\/wp-json\/wp\/v2\/product"}],"about":[{"href":"https:\/\/phumaszyny.pl\/pl\/wp-json\/wp\/v2\/types\/product"}],"replies":[{"embeddable":true,"href":"https:\/\/phumaszyny.pl\/pl\/wp-json\/wp\/v2\/comments?post=845"}],"version-history":[{"count":2,"href":"https:\/\/phumaszyny.pl\/pl\/wp-json\/wp\/v2\/product\/845\/revisions"}],"predecessor-version":[{"id":2915,"href":"https:\/\/phumaszyny.pl\/pl\/wp-json\/wp\/v2\/product\/845\/revisions\/2915"}],"wp:featuredmedia":[{"embeddable":true,"href":"https:\/\/phumaszyny.pl\/pl\/wp-json\/wp\/v2\/media\/846"}],"wp:attachment":[{"href":"https:\/\/phumaszyny.pl\/pl\/wp-json\/wp\/v2\/media?parent=845"}],"wp:term":[{"taxonomy":"product_brand","embeddable":true,"href":"https:\/\/phumaszyny.pl\/pl\/wp-json\/wp\/v2\/product_brand?post=845"},{"taxonomy":"product_cat","embeddable":true,"href":"https:\/\/phumaszyny.pl\/pl\/wp-json\/wp\/v2\/product_cat?post=845"},{"taxonomy":"product_tag","embeddable":true,"href":"https:\/\/phumaszyny.pl\/pl\/wp-json\/wp\/v2\/product_tag?post=845"}],"curies":[{"name":"wp","href":"https:\/\/api.w.org\/{rel}","templated":true}]}}